{"id":14922,"date":"2026-03-06T21:06:14","date_gmt":"2026-03-07T02:06:14","guid":{"rendered":"https:\/\/www.paintbooth.com\/?page_id=14922"},"modified":"2026-03-07T01:07:47","modified_gmt":"2026-03-07T06:07:47","slug":"modulo-de-cabina-de-accion","status":"publish","type":"page","link":"https:\/\/www.paintbooth.com\/es\/colectores-de-polvo\/modulo-de-cabina-de-accion\/","title":{"rendered":"M\u00f3dulo de cabina ACTion"},"content":{"rendered":"<style>\n.pb-dust-wrap{max-width:1200px;margin:0 auto;padding:32px 24px 64px;color:#1e2430}\n.pb-dust-breadcrumbs{font-size:13px;font-weight:600;color:#9b1232;margin-bottom:18px}\n.pb-dust-breadcrumbs a{color:#9b1232;text-decoration:none}\n.pb-dust-hero{display:grid;grid-template-columns:minmax(0,1.15fr) minmax(320px,.85fr);gap:36px;align-items:center;margin-bottom:36px}\n.pb-dust-kicker{display:inline-block;background:#e8f1fb;color:#0f5da8;font-size:12px;font-weight:700;letter-spacing:.06em;text-transform:uppercase;padding:8px 12px;border-radius:999px;margin-bottom:14px}\n.pb-dust-title{font-size:46px;line-height:1.05;margin:0 0 14px;font-weight:700;color:#1a1f2d}\n.pb-dust-subtitle{font-size:26px;line-height:1.2;margin:0 0 18px;font-weight:600;color:#24344c}\n.pb-dust-copy{font-size:18px;line-height:1.7;color:#44516a}\n.pb-dust-actions{display:flex;flex-wrap:wrap;gap:14px;margin-top:22px}\n.pb-dust-btn{display:inline-flex;align-items:center;justify-content:center;padding:14px 18px;border-radius:10px;text-decoration:none;font-weight:700}\n.pb-dust-btn-primary{background:#0f5da8;color:#fff}\n.pb-dust-btn-secondary{background:#111827;color:#fff}\n.pb-dust-visual{background:linear-gradient(180deg,#f4f8fc,#ffffff);border:1px solid #dbe7f4;border-radius:22px;padding:24px;box-shadow:0 18px 44px rgba(16,35,64,.08)}\n.pb-dust-visual img{display:block;width:100%;height:auto;max-height:520px;object-fit:contain}\n.pb-dust-section{margin:26px 0 0}\n.pb-dust-section h2{font-size:30px;line-height:1.15;margin:0 0 14px;color:#1a1f2d}\n.pb-dust-grid{display:grid;grid-template-columns:repeat(3,minmax(0,1fr));gap:18px;margin-top:18px}\n.pb-dust-card{background:#fff;border:1px solid #dbe7f4;border-radius:18px;padding:20px;box-shadow:0 12px 28px rgba(16,35,64,.06)}\n.pb-dust-card h3{font-size:20px;line-height:1.2;margin:0 0 10px;color:#13233f}\n.pb-dust-card p{font-size:15px;line-height:1.6;color:#4a5b75;margin:0 0 14px}\n.pb-dust-card a{color:#0f5da8;font-weight:700;text-decoration:none}\n.pb-dust-list{display:grid;grid-template-columns:repeat(2,minmax(0,1fr));gap:12px;margin-top:16px}\n.pb-dust-list li{list-style:none;background:#f6f9fc;border:1px solid #dbe7f4;border-radius:14px;padding:14px 16px;font-size:15px;line-height:1.5;color:#24344c}\n.pb-dust-body{background:#fff;border:1px solid #dbe7f4;border-radius:20px;padding:28px;box-shadow:0 12px 28px rgba(16,35,64,.05)}\n.pb-dust-body p{font-size:17px;line-height:1.75;color:#44516a;margin:0 0 16px}\n.pb-dust-cta{margin-top:28px;background:linear-gradient(135deg,#102544,#0f5da8);border-radius:22px;padding:28px;color:#fff}\n.pb-dust-cta h2{margin:0 0 10px;color:#fff}\n.pb-dust-cta p{margin:0 0 16px;font-size:17px;line-height:1.7;color:#eff6ff}\n.pb-dust-cta .pb-dust-actions{margin-top:0}\n@media (max-width:980px){\n  .pb-dust-grid{grid-template-columns:repeat(2,minmax(0,1fr))}\n  .pb-dust-hero{grid-template-columns:1fr}\n}\n@media (max-width:640px){\n  .pb-dust-wrap{padding:24px 18px 48px}\n  .pb-dust-title{font-size:34px}\n  .pb-dust-subtitle{font-size:22px}\n  .pb-dust-copy{font-size:16px}\n  .pb-dust-grid,.pb-dust-list{grid-template-columns:1fr}\n  .pb-dust-body{padding:22px}\n}\n<\/style>\n<div class=\"pb-dust-wrap\">\n<div class=\"pb-dust-breadcrumbs\"><a href=\"\/es\/colectores-de-polvo\/\">Colectores de polvo<\/a><\/div>\n<section class=\"pb-dust-hero\">\n<div>\n<div class=\"pb-dust-kicker\">Sistemas de recolecci\u00f3n de polvo<\/div>\n<h1 class=\"pb-dust-title\">M\u00f3dulo de cabina ACTion<\/h1>\n<p class=\"pb-dust-subtitle\">M\u00f3dulos de recolecci\u00f3n compactos para lijado, chorreado, desbarbado y recubrimiento en polvo.<\/p>\n<div class=\"pb-dust-copy\">\n<p>El m\u00f3dulo ACTion Booth est\u00e1 dise\u00f1ado para procesos localizados que producen polvo, en los que es importante contar con una captura fiable, un tama\u00f1o compacto y un mantenimiento sencillo.<\/p>\n<p>Es ideal para operaciones que requieren una recogida de polvo contenida sin dedicar espacio al suelo a un sistema central m\u00e1s grande.<\/p>\n<\/p><\/div>\n<div class=\"pb-dust-actions\">\n        <a class=\"pb-dust-btn pb-dust-btn-primary\" href=\"https:\/\/www.paintbooth.com\/es\/cita\/\">Solicite un presupuesto<\/a><br \/>\n        <a class=\"pb-dust-btn pb-dust-btn-secondary\" href=\"tel:18335526684\">Llame al 1-833-552-6684<\/a>\n      <\/div>\n<\/p><\/div>\n<div class=\"pb-dust-visual\">\n      <img decoding=\"async\" src=\"https:\/\/www.paintbooth.com\/wp-content\/uploads\/2026\/03\/action-booth-module.png\" alt=\"M\u00f3dulo colector de polvo ACTion Booth\" \/>\n    <\/div>\n<\/section>\n<section class=\"pb-dust-section\">\n<h2>Modelos disponibles<\/h2>\n<div class=\"pb-dust-grid\"><\/div>\n<\/section>\n<section class=\"pb-dust-section\">\n<div class=\"pb-dust-body\">\n<p>Las rejillas verticales, los controles plug-and-play y la limpieza autom\u00e1tica por impulsos garantizan un rendimiento de filtraci\u00f3n confiable en un paquete compacto.<\/p>\n<p>Si necesita ayuda para adaptar la configuraci\u00f3n de una cabina ACTion a su proceso, podemos ayudarle a dimensionar el m\u00f3dulo adecuado para su flujo de aire, carga de polvo y requisitos de instalaci\u00f3n.<\/p>\n<\/div>\n<\/section>\n<section class=\"pb-dust-cta\">\n<h2>\u00bfNecesita ayuda para elegir el colector de polvo adecuado?<\/h2>\n<p>Podemos ayudarle a encontrar el sistema, el flujo de aire y el paquete de filtros adecuados para su aplicaci\u00f3n.<\/p>\n<div class=\"pb-dust-actions\">\n      <a class=\"pb-dust-btn pb-dust-btn-primary\" href=\"https:\/\/www.paintbooth.com\/es\/cita\/\">Solicite un presupuesto<\/a><br \/>\n      <a class=\"pb-dust-btn pb-dust-btn-secondary\" href=\"tel:18335526684\">Llame al 1-833-552-6684<\/a>\n    <\/div>\n<\/section>\n<\/div>","protected":false},"excerpt":{"rendered":"<p>M\u00f3dulos compactos de captaci\u00f3n de polvo ACTion Booth para aplicaciones localizadas de lijado, chorreado, desbarbado y recubrimiento en polvo.<\/p>","protected":false},"author":9,"featured_media":15343,"parent":14916,"menu_order":0,"comment_status":"closed","ping_status":"closed","template":"elementor_header_footer","meta":{"footnotes":""},"class_list":["post-14922","page","type-page","status-publish","has-post-thumbnail","hentry"],"yoast_head":"<!-- This site is optimized with the Yoast SEO plugin v26.9 - https:\/\/yoast.com\/product\/yoast-seo-wordpress\/ -->\n<title>Action Booth Module | Paint Booth<\/title>\n<meta name=\"description\" content=\"Explore action booth module from Paint Booth. Review system details, application fit, and request a quote for a solution built around your workflow.\" \/>\n<meta name=\"robots\" content=\"index, follow, max-snippet:-1, max-image-preview:large, max-video-preview:-1\" \/>\n<link rel=\"canonical\" href=\"https:\/\/www.paintbooth.com\/es\/colectores-de-polvo\/modulo-de-cabina-de-accion\/\" \/>\n<meta property=\"og:locale\" content=\"es_MX\" \/>\n<meta property=\"og:type\" content=\"article\" \/>\n<meta property=\"og:title\" content=\"ACTion Booth Module Dust Collectors | Paintbooth.com\" \/>\n<meta property=\"og:description\" content=\"ACTion Booth Module dust collection systems for sanding, blasting, deburring, and powder coating applications from Paintbooth.com.\" \/>\n<meta property=\"og:url\" content=\"https:\/\/www.paintbooth.com\/es\/colectores-de-polvo\/modulo-de-cabina-de-accion\/\" \/>\n<meta property=\"og:site_name\" content=\"Paintbooth.com\" \/>\n<meta property=\"article:publisher\" content=\"https:\/\/www.facebook.com\/paintspraybooths\/\" \/>\n<meta property=\"article:modified_time\" content=\"2026-03-07T06:07:47+00:00\" \/>\n<meta property=\"og:image\" content=\"https:\/\/www.paintbooth.com\/wp-content\/uploads\/2026\/03\/ACTion-Booth-Dust-Collector.png\" \/>\n\t<meta property=\"og:image:width\" content=\"455\" \/>\n\t<meta property=\"og:image:height\" content=\"342\" \/>\n\t<meta property=\"og:image:type\" content=\"image\/png\" \/>\n<meta name=\"twitter:card\" content=\"summary_large_image\" \/>\n<meta name=\"twitter:title\" content=\"ACTion Booth Module Dust Collectors | Paintbooth.com\" \/>\n<meta name=\"twitter:description\" content=\"ACTion Booth Module dust collection systems for sanding, blasting, deburring, and powder coating applications from Paintbooth.com.\" \/>\n<meta name=\"twitter:site\" content=\"@PaintBooth\" \/>\n<script type=\"application\/ld+json\" class=\"yoast-schema-graph\">{\"@context\":\"https:\/\/schema.org\",\"@graph\":[{\"@type\":\"WebPage\",\"@id\":\"https:\/\/www.paintbooth.com\/dust-collectors\/action-booth-module\/\",\"url\":\"https:\/\/www.paintbooth.com\/dust-collectors\/action-booth-module\/\",\"name\":\"Action Booth Module | Paint Booth\",\"isPartOf\":{\"@id\":\"https:\/\/www.paintbooth.com\/#website\"},\"primaryImageOfPage\":{\"@id\":\"https:\/\/www.paintbooth.com\/dust-collectors\/action-booth-module\/#primaryimage\"},\"image\":{\"@id\":\"https:\/\/www.paintbooth.com\/dust-collectors\/action-booth-module\/#primaryimage\"},\"thumbnailUrl\":\"https:\/\/www.paintbooth.com\/wp-content\/uploads\/2026\/03\/ACTion-Booth-Dust-Collector.png\",\"datePublished\":\"2026-03-07T02:06:14+00:00\",\"dateModified\":\"2026-03-07T06:07:47+00:00\",\"description\":\"Explore action booth module from Paint Booth. Review system details, application fit, and request a quote for a solution built around your workflow.\",\"breadcrumb\":{\"@id\":\"https:\/\/www.paintbooth.com\/dust-collectors\/action-booth-module\/#breadcrumb\"},\"inLanguage\":\"es\",\"potentialAction\":[{\"@type\":\"ReadAction\",\"target\":[\"https:\/\/www.paintbooth.com\/dust-collectors\/action-booth-module\/\"]}]},{\"@type\":\"ImageObject\",\"inLanguage\":\"es\",\"@id\":\"https:\/\/www.paintbooth.com\/dust-collectors\/action-booth-module\/#primaryimage\",\"url\":\"https:\/\/www.paintbooth.com\/wp-content\/uploads\/2026\/03\/ACTion-Booth-Dust-Collector.png\",\"contentUrl\":\"https:\/\/www.paintbooth.com\/wp-content\/uploads\/2026\/03\/ACTion-Booth-Dust-Collector.png\",\"width\":455,\"height\":342,\"caption\":\"ACTion Booth dust collector\"},{\"@type\":\"BreadcrumbList\",\"@id\":\"https:\/\/www.paintbooth.com\/dust-collectors\/action-booth-module\/#breadcrumb\",\"itemListElement\":[{\"@type\":\"ListItem\",\"position\":1,\"name\":\"Home\",\"item\":\"https:\/\/www.paintbooth.com\/\"},{\"@type\":\"ListItem\",\"position\":2,\"name\":\"Dust Collectors\",\"item\":\"https:\/\/www.paintbooth.com\/dust-collectors\/\"},{\"@type\":\"ListItem\",\"position\":3,\"name\":\"ACTion Booth Module\"}]},{\"@type\":\"WebSite\",\"@id\":\"https:\/\/www.paintbooth.com\/#website\",\"url\":\"https:\/\/www.paintbooth.com\/\",\"name\":\"Paintbooth.com\",\"description\":\"Affordable Quality Paint Booths-Finishing Equipment\",\"potentialAction\":[{\"@type\":\"SearchAction\",\"target\":{\"@type\":\"EntryPoint\",\"urlTemplate\":\"https:\/\/www.paintbooth.com\/?s={search_term_string}\"},\"query-input\":{\"@type\":\"PropertyValueSpecification\",\"valueRequired\":true,\"valueName\":\"search_term_string\"}}],\"inLanguage\":\"es\"}]}<\/script>\n<!-- \/ Yoast SEO plugin. -->","yoast_head_json":{"title":"M\u00f3dulo de cabina de acci\u00f3n | Cabina de pintura","description":"Explore el m\u00f3dulo de cabina de acci\u00f3n de Paint Booth. Revise los detalles del sistema, la idoneidad de la aplicaci\u00f3n y solicite un presupuesto para una soluci\u00f3n adaptada a su flujo de trabajo.","robots":{"index":"index","follow":"follow","max-snippet":"max-snippet:-1","max-image-preview":"max-image-preview:large","max-video-preview":"max-video-preview:-1"},"canonical":"https:\/\/www.paintbooth.com\/es\/colectores-de-polvo\/modulo-de-cabina-de-accion\/","og_locale":"es_MX","og_type":"article","og_title":"ACTion Booth Module Dust Collectors | Paintbooth.com","og_description":"ACTion Booth Module dust collection systems for sanding, blasting, deburring, and powder coating applications from Paintbooth.com.","og_url":"https:\/\/www.paintbooth.com\/es\/colectores-de-polvo\/modulo-de-cabina-de-accion\/","og_site_name":"Paintbooth.com","article_publisher":"https:\/\/www.facebook.com\/paintspraybooths\/","article_modified_time":"2026-03-07T06:07:47+00:00","og_image":[{"width":455,"height":342,"url":"https:\/\/www.paintbooth.com\/wp-content\/uploads\/2026\/03\/ACTion-Booth-Dust-Collector.png","type":"image\/png"}],"twitter_card":"summary_large_image","twitter_title":"ACTion Booth Module Dust Collectors | Paintbooth.com","twitter_description":"ACTion Booth Module dust collection systems for sanding, blasting, deburring, and powder coating applications from Paintbooth.com.","twitter_site":"@PaintBooth","schema":{"@context":"https:\/\/schema.org","@graph":[{"@type":"WebPage","@id":"https:\/\/www.paintbooth.com\/dust-collectors\/action-booth-module\/","url":"https:\/\/www.paintbooth.com\/dust-collectors\/action-booth-module\/","name":"M\u00f3dulo de cabina de acci\u00f3n | Cabina de pintura","isPartOf":{"@id":"https:\/\/www.paintbooth.com\/#website"},"primaryImageOfPage":{"@id":"https:\/\/www.paintbooth.com\/dust-collectors\/action-booth-module\/#primaryimage"},"image":{"@id":"https:\/\/www.paintbooth.com\/dust-collectors\/action-booth-module\/#primaryimage"},"thumbnailUrl":"https:\/\/www.paintbooth.com\/wp-content\/uploads\/2026\/03\/ACTion-Booth-Dust-Collector.png","datePublished":"2026-03-07T02:06:14+00:00","dateModified":"2026-03-07T06:07:47+00:00","description":"Explore el m\u00f3dulo de cabina de acci\u00f3n de Paint Booth. Revise los detalles del sistema, la idoneidad de la aplicaci\u00f3n y solicite un presupuesto para una soluci\u00f3n adaptada a su flujo de trabajo.","breadcrumb":{"@id":"https:\/\/www.paintbooth.com\/dust-collectors\/action-booth-module\/#breadcrumb"},"inLanguage":"es","potentialAction":[{"@type":"ReadAction","target":["https:\/\/www.paintbooth.com\/dust-collectors\/action-booth-module\/"]}]},{"@type":"ImageObject","inLanguage":"es","@id":"https:\/\/www.paintbooth.com\/dust-collectors\/action-booth-module\/#primaryimage","url":"https:\/\/www.paintbooth.com\/wp-content\/uploads\/2026\/03\/ACTion-Booth-Dust-Collector.png","contentUrl":"https:\/\/www.paintbooth.com\/wp-content\/uploads\/2026\/03\/ACTion-Booth-Dust-Collector.png","width":455,"height":342,"caption":"ACTion Booth dust collector"},{"@type":"BreadcrumbList","@id":"https:\/\/www.paintbooth.com\/dust-collectors\/action-booth-module\/#breadcrumb","itemListElement":[{"@type":"ListItem","position":1,"name":"Home","item":"https:\/\/www.paintbooth.com\/"},{"@type":"ListItem","position":2,"name":"Dust Collectors","item":"https:\/\/www.paintbooth.com\/dust-collectors\/"},{"@type":"ListItem","position":3,"name":"ACTion Booth Module"}]},{"@type":"WebSite","@id":"https:\/\/www.paintbooth.com\/#website","url":"https:\/\/www.paintbooth.com\/","name":"Paintbooth.com","description":"Cabinas de pintura de calidad asequibles: equipos de acabado","potentialAction":[{"@type":"SearchAction","target":{"@type":"EntryPoint","urlTemplate":"https:\/\/www.paintbooth.com\/?s={search_term_string}"},"query-input":{"@type":"PropertyValueSpecification","valueRequired":true,"valueName":"search_term_string"}}],"inLanguage":"es"}]}},"_links":{"self":[{"href":"https:\/\/www.paintbooth.com\/es\/wp-json\/wp\/v2\/pages\/14922","targetHints":{"allow":["GET"]}}],"collection":[{"href":"https:\/\/www.paintbooth.com\/es\/wp-json\/wp\/v2\/pages"}],"about":[{"href":"https:\/\/www.paintbooth.com\/es\/wp-json\/wp\/v2\/types\/page"}],"author":[{"embeddable":true,"href":"https:\/\/www.paintbooth.com\/es\/wp-json\/wp\/v2\/users\/9"}],"replies":[{"embeddable":true,"href":"https:\/\/www.paintbooth.com\/es\/wp-json\/wp\/v2\/comments?post=14922"}],"version-history":[{"count":10,"href":"https:\/\/www.paintbooth.com\/es\/wp-json\/wp\/v2\/pages\/14922\/revisions"}],"predecessor-version":[{"id":15248,"href":"https:\/\/www.paintbooth.com\/es\/wp-json\/wp\/v2\/pages\/14922\/revisions\/15248"}],"up":[{"embeddable":true,"href":"https:\/\/www.paintbooth.com\/es\/wp-json\/wp\/v2\/pages\/14916"}],"wp:featuredmedia":[{"embeddable":true,"href":"https:\/\/www.paintbooth.com\/es\/wp-json\/wp\/v2\/media\/15343"}],"wp:attachment":[{"href":"https:\/\/www.paintbooth.com\/es\/wp-json\/wp\/v2\/media?parent=14922"}],"curies":[{"name":"wp","href":"https:\/\/api.w.org\/{rel}","templated":true}]}}