{"id":14981,"date":"2026-03-06T21:06:59","date_gmt":"2026-03-07T02:06:59","guid":{"rendered":"https:\/\/www.paintbooth.com\/?page_id=14981"},"modified":"2026-03-06T21:06:59","modified_gmt":"2026-03-07T02:06:59","slug":"acto-2-16-cartucho-colector-de-polvo","status":"publish","type":"page","link":"https:\/\/www.paintbooth.com\/es\/colectores-de-polvo\/colectores-de-polvo-de-cartucho\/acto-2-16-cartucho-colector-de-polvo\/","title":{"rendered":"ACT 2-16"},"content":{"rendered":"<style>\n.pb-dust-wrap{max-width:1200px;margin:0 auto;padding:32px 24px 64px;color:#1e2430}\n.pb-dust-breadcrumbs{font-size:13px;font-weight:600;color:#9b1232;margin-bottom:18px}\n.pb-dust-breadcrumbs a{color:#9b1232;text-decoration:none}\n.pb-dust-hero{display:grid;grid-template-columns:minmax(0,1.15fr) minmax(320px,.85fr);gap:36px;align-items:center;margin-bottom:36px}\n.pb-dust-kicker{display:inline-block;background:#e8f1fb;color:#0f5da8;font-size:12px;font-weight:700;letter-spacing:.06em;text-transform:uppercase;padding:8px 12px;border-radius:999px;margin-bottom:14px}\n.pb-dust-title{font-size:46px;line-height:1.05;margin:0 0 14px;font-weight:700;color:#1a1f2d}\n.pb-dust-subtitle{font-size:26px;line-height:1.2;margin:0 0 18px;font-weight:600;color:#24344c}\n.pb-dust-copy{font-size:18px;line-height:1.7;color:#44516a}\n.pb-dust-actions{display:flex;flex-wrap:wrap;gap:14px;margin-top:22px}\n.pb-dust-btn{display:inline-flex;align-items:center;justify-content:center;padding:14px 18px;border-radius:10px;text-decoration:none;font-weight:700}\n.pb-dust-btn-primary{background:#0f5da8;color:#fff}\n.pb-dust-btn-secondary{background:#111827;color:#fff}\n.pb-dust-visual{background:linear-gradient(180deg,#f4f8fc,#ffffff);border:1px solid #dbe7f4;border-radius:22px;padding:24px;box-shadow:0 18px 44px rgba(16,35,64,.08)}\n.pb-dust-visual img{display:block;width:100%;height:auto;max-height:520px;object-fit:contain}\n.pb-dust-section{margin:26px 0 0}\n.pb-dust-section h2{font-size:30px;line-height:1.15;margin:0 0 14px;color:#1a1f2d}\n.pb-dust-grid{display:grid;grid-template-columns:repeat(3,minmax(0,1fr));gap:18px;margin-top:18px}\n.pb-dust-card{background:#fff;border:1px solid #dbe7f4;border-radius:18px;padding:20px;box-shadow:0 12px 28px rgba(16,35,64,.06)}\n.pb-dust-card h3{font-size:20px;line-height:1.2;margin:0 0 10px;color:#13233f}\n.pb-dust-card p{font-size:15px;line-height:1.6;color:#4a5b75;margin:0 0 14px}\n.pb-dust-card a{color:#0f5da8;font-weight:700;text-decoration:none}\n.pb-dust-list{display:grid;grid-template-columns:repeat(2,minmax(0,1fr));gap:12px;margin-top:16px}\n.pb-dust-list li{list-style:none;background:#f6f9fc;border:1px solid #dbe7f4;border-radius:14px;padding:14px 16px;font-size:15px;line-height:1.5;color:#24344c}\n.pb-dust-body{background:#fff;border:1px solid #dbe7f4;border-radius:20px;padding:28px;box-shadow:0 12px 28px rgba(16,35,64,.05)}\n.pb-dust-body p{font-size:17px;line-height:1.75;color:#44516a;margin:0 0 16px}\n.pb-dust-cta{margin-top:28px;background:linear-gradient(135deg,#102544,#0f5da8);border-radius:22px;padding:28px;color:#fff}\n.pb-dust-cta h2{margin:0 0 10px;color:#fff}\n.pb-dust-cta p{margin:0 0 16px;font-size:17px;line-height:1.7;color:#eff6ff}\n.pb-dust-cta .pb-dust-actions{margin-top:0}\n@media (max-width:980px){\n  .pb-dust-grid{grid-template-columns:repeat(2,minmax(0,1fr))}\n  .pb-dust-hero{grid-template-columns:1fr}\n}\n@media (max-width:640px){\n  .pb-dust-wrap{padding:24px 18px 48px}\n  .pb-dust-title{font-size:34px}\n  .pb-dust-subtitle{font-size:22px}\n  .pb-dust-copy{font-size:16px}\n  .pb-dust-grid,.pb-dust-list{grid-template-columns:1fr}\n  .pb-dust-body{padding:22px}\n}\n<\/style>\n<div class=\"pb-dust-wrap\">\n<div class=\"pb-dust-breadcrumbs\"><a href=\"\/es\/colectores-de-polvo\/\">Colectores de polvo<\/a> \/ <a href=\"\/es\/colectores-de-polvo\/colectores-de-polvo-de-cartucho\/\">Colectores de polvo de cartucho<\/a><\/div>\n<section class=\"pb-dust-hero\">\n<div>\n<div class=\"pb-dust-kicker\">Colectores de polvo de cartucho<\/div>\n<h1 class=\"pb-dust-title\">ACT 2-16<\/h1>\n<p class=\"pb-dust-subtitle\">Aspectos destacados de la configuraci\u00f3n<\/p>\n<div class=\"pb-dust-copy\">\n<p>Aspectos destacados de la configuraci\u00f3n<\/p>\n<p>Aspectos destacados de la configuraci\u00f3n<\/p>\n<\/p><\/div>\n<div class=\"pb-dust-actions\">\n        <a class=\"pb-dust-btn pb-dust-btn-primary\" href=\"https:\/\/www.paintbooth.com\/es\/cita\/\">Solicite un presupuesto<\/a><br \/>\n        <a class=\"pb-dust-btn pb-dust-btn-secondary\" href=\"\/es\/colectores-de-polvo\/colectores-de-polvo-de-cartucho\/\">Volver a los colectores de polvo con cartucho<\/a>\n      <\/div>\n<\/p><\/div>\n<div class=\"pb-dust-visual\">\n      <img decoding=\"async\" src=\"https:\/\/www.paintbooth.com\/wp-content\/uploads\/2026\/03\/ACT-2-16-Installed.jpg\" alt=\"ACT 2-16\" \/>\n    <\/div>\n<\/section>\n<section class=\"pb-dust-section\">\n<h2>Aspectos destacados de la configuraci\u00f3n<\/h2>\n<ul class=\"pb-dust-list\">\n<li>Sistema autom\u00e1tico de limpieza por pulsos asistido por Venturi<\/li>\n<li>Puertas de filtro de liberaci\u00f3n r\u00e1pida ACTion-Lock\u2122<\/li>\n<li>F\u00e1cil acceso a los filtros<\/li>\n<\/ul>\n<\/section>\n<section class=\"pb-dust-section\">\n<div class=\"pb-dust-body\">\n<p>Aspectos destacados de la configuraci\u00f3n<\/p>\n<p>Aspectos destacados de la configuraci\u00f3n<\/p>\n<p>Ventajas del ACT 2-16<\/p>\n<p>El ACT 2-16 es una soluci\u00f3n eficiente y eficaz para una amplia gama de aplicaciones de recolecci\u00f3n de polvo, incluyendo metalurgia, control de humos y vapores de soldadura, chorro abrasivo, procesamiento de pl\u00e1sticos y mucho m\u00e1s. Se utiliza normalmente para recolectar polvo y residuos de m\u00faltiples \u00e1reas de una instalaci\u00f3n, como varias celdas de soldadura o procesos que requieren una recolecci\u00f3n centralizada de polvo o vapores.<\/p>\n<p>Este colector de polvo horizontal tipo cartucho cuenta con tecnolog\u00eda de flujo de aire descendente que maximiza el flujo de aire dentro del colector para mejorar la separaci\u00f3n del polvo. Con 377 metros cuadrados de medio filtrante, el ACT 2-16 ayuda a garantizar un rendimiento \u00f3ptimo del sistema y una recolecci\u00f3n de polvo confiable.<\/p>\n<p>El sistema de recolecci\u00f3n de polvo ACT 2-16 se dise\u00f1\u00f3 teniendo como prioridad el mantenimiento. Nuestros recolectores de polvo de cartucho son f\u00e1ciles de mantener gracias a las siguientes caracter\u00edsticas est\u00e1ndar:<\/p>\n<p>El ACT 2-16 tiene capacidad para diecis\u00e9is (16) filtros de cartucho y viene de serie con cartuchos de nanofibra A.C.T. Nano-Elite\u2122. Dise\u00f1ados para ofrecer un bajo costo total de propiedad, estos colectores de polvo utilizan filtros est\u00e1ndar de la industria, lo que se traduce en costos de reemplazo significativamente m\u00e1s bajos en comparaci\u00f3n con los sistemas que requieren filtros de tama\u00f1o personalizado o especiales. El costo de reemplazo de los filtros es un factor importante a tener en cuenta en el momento de la compra, y el ACT 2-16 est\u00e1 dise\u00f1ado para proporcionar un valor a largo plazo.<\/p>\n<\/div>\n<\/section>\n<section class=\"pb-dust-cta\">\n<h2>\u00bfNecesita informaci\u00f3n sobre precios o orientaci\u00f3n sobre la aplicaci\u00f3n?<\/h2>\n<p>Cu\u00e9ntenos sobre su aplicaci\u00f3n y le ayudaremos a configurar el colector, el paquete de filtros y el rango de flujo de aire adecuados.<\/p>\n<div class=\"pb-dust-actions\">\n      <a class=\"pb-dust-btn pb-dust-btn-primary\" href=\"https:\/\/www.paintbooth.com\/es\/cita\/\">Solicite un presupuesto<\/a><br \/>\n      <a class=\"pb-dust-btn pb-dust-btn-secondary\" href=\"tel:18335526684\">Llame al 1-833-552-6684<\/a>\n    <\/div>\n<\/section>\n<\/div>","protected":false},"excerpt":{"rendered":"<p>The ACT 2-16 is an efficient and effective solution for a wide range of dust collection applications, including metalworking, weld smoke and fume contro&#8230;<\/p>","protected":false},"author":9,"featured_media":14952,"parent":14924,"menu_order":0,"comment_status":"closed","ping_status":"closed","template":"elementor_header_footer","meta":{"footnotes":""},"class_list":["post-14981","page","type-page","status-publish","has-post-thumbnail","hentry"],"yoast_head":"<!-- This site is optimized with the Yoast SEO plugin v26.9 - https:\/\/yoast.com\/product\/yoast-seo-wordpress\/ -->\n<title>ACT 2-16 Cartridge Dust Collector | Paintbooth.com<\/title>\n<meta name=\"description\" content=\"The ACT 2-16 is an efficient and effective solution for a wide range of dust collection applications, including metalworking, weld smoke and fume...\" \/>\n<meta name=\"robots\" content=\"index, follow, max-snippet:-1, max-image-preview:large, max-video-preview:-1\" \/>\n<link rel=\"canonical\" href=\"https:\/\/www.paintbooth.com\/es\/colectores-de-polvo\/colectores-de-polvo-de-cartucho\/acto-2-16-cartucho-colector-de-polvo\/\" \/>\n<meta property=\"og:locale\" content=\"es_MX\" \/>\n<meta property=\"og:type\" content=\"article\" \/>\n<meta property=\"og:title\" content=\"ACT 2-16 Cartridge Dust Collector | Paintbooth.com\" \/>\n<meta property=\"og:description\" content=\"The ACT 2-16 is an efficient and effective solution for a wide range of dust collection applications, including metalworking, weld smoke and fume...\" \/>\n<meta property=\"og:url\" content=\"https:\/\/www.paintbooth.com\/es\/colectores-de-polvo\/colectores-de-polvo-de-cartucho\/acto-2-16-cartucho-colector-de-polvo\/\" \/>\n<meta property=\"og:site_name\" content=\"Paintbooth.com\" \/>\n<meta property=\"article:publisher\" content=\"https:\/\/www.facebook.com\/paintspraybooths\/\" \/>\n<meta property=\"og:image\" content=\"https:\/\/www.paintbooth.com\/wp-content\/uploads\/2026\/03\/ACT-2-16-Installed.jpg\" \/>\n\t<meta property=\"og:image:width\" content=\"948\" \/>\n\t<meta property=\"og:image:height\" content=\"968\" \/>\n\t<meta property=\"og:image:type\" content=\"image\/jpeg\" \/>\n<meta name=\"twitter:card\" content=\"summary_large_image\" \/>\n<meta name=\"twitter:title\" content=\"ACT 2-16 Cartridge Dust Collector | Paintbooth.com\" \/>\n<meta name=\"twitter:description\" content=\"The ACT 2-16 is an efficient and effective solution for a wide range of dust collection applications, including metalworking, weld smoke and fume...\" \/>\n<meta name=\"twitter:site\" content=\"@PaintBooth\" \/>\n<script type=\"application\/ld+json\" class=\"yoast-schema-graph\">{\"@context\":\"https:\/\/schema.org\",\"@graph\":[{\"@type\":\"WebPage\",\"@id\":\"https:\/\/www.paintbooth.com\/dust-collectors\/cartridge-dust-collectors\/act-2-16-cartridge-dust-collector\/\",\"url\":\"https:\/\/www.paintbooth.com\/dust-collectors\/cartridge-dust-collectors\/act-2-16-cartridge-dust-collector\/\",\"name\":\"ACT 2-16 Cartridge Dust Collector | Paintbooth.com\",\"isPartOf\":{\"@id\":\"https:\/\/www.paintbooth.com\/#website\"},\"primaryImageOfPage\":{\"@id\":\"https:\/\/www.paintbooth.com\/dust-collectors\/cartridge-dust-collectors\/act-2-16-cartridge-dust-collector\/#primaryimage\"},\"image\":{\"@id\":\"https:\/\/www.paintbooth.com\/dust-collectors\/cartridge-dust-collectors\/act-2-16-cartridge-dust-collector\/#primaryimage\"},\"thumbnailUrl\":\"https:\/\/www.paintbooth.com\/wp-content\/uploads\/2026\/03\/ACT-2-16-Installed.jpg\",\"datePublished\":\"2026-03-07T02:06:59+00:00\",\"description\":\"The ACT 2-16 is an efficient and effective solution for a wide range of dust collection applications, including metalworking, weld smoke and fume...\",\"breadcrumb\":{\"@id\":\"https:\/\/www.paintbooth.com\/dust-collectors\/cartridge-dust-collectors\/act-2-16-cartridge-dust-collector\/#breadcrumb\"},\"inLanguage\":\"es\",\"potentialAction\":[{\"@type\":\"ReadAction\",\"target\":[\"https:\/\/www.paintbooth.com\/dust-collectors\/cartridge-dust-collectors\/act-2-16-cartridge-dust-collector\/\"]}]},{\"@type\":\"ImageObject\",\"inLanguage\":\"es\",\"@id\":\"https:\/\/www.paintbooth.com\/dust-collectors\/cartridge-dust-collectors\/act-2-16-cartridge-dust-collector\/#primaryimage\",\"url\":\"https:\/\/www.paintbooth.com\/wp-content\/uploads\/2026\/03\/ACT-2-16-Installed.jpg\",\"contentUrl\":\"https:\/\/www.paintbooth.com\/wp-content\/uploads\/2026\/03\/ACT-2-16-Installed.jpg\",\"width\":948,\"height\":968,\"caption\":\"ACT 2-16\"},{\"@type\":\"BreadcrumbList\",\"@id\":\"https:\/\/www.paintbooth.com\/dust-collectors\/cartridge-dust-collectors\/act-2-16-cartridge-dust-collector\/#breadcrumb\",\"itemListElement\":[{\"@type\":\"ListItem\",\"position\":1,\"name\":\"Home\",\"item\":\"https:\/\/www.paintbooth.com\/\"},{\"@type\":\"ListItem\",\"position\":2,\"name\":\"Dust Collectors\",\"item\":\"https:\/\/www.paintbooth.com\/dust-collectors\/\"},{\"@type\":\"ListItem\",\"position\":3,\"name\":\"Cartridge Dust Collectors\",\"item\":\"https:\/\/www.paintbooth.com\/dust-collectors\/cartridge-dust-collectors\/\"},{\"@type\":\"ListItem\",\"position\":4,\"name\":\"ACT 2-16\"}]},{\"@type\":\"WebSite\",\"@id\":\"https:\/\/www.paintbooth.com\/#website\",\"url\":\"https:\/\/www.paintbooth.com\/\",\"name\":\"Paintbooth.com\",\"description\":\"Affordable Quality Paint Booths-Finishing Equipment\",\"potentialAction\":[{\"@type\":\"SearchAction\",\"target\":{\"@type\":\"EntryPoint\",\"urlTemplate\":\"https:\/\/www.paintbooth.com\/?s={search_term_string}\"},\"query-input\":{\"@type\":\"PropertyValueSpecification\",\"valueRequired\":true,\"valueName\":\"search_term_string\"}}],\"inLanguage\":\"es\"}]}<\/script>\n<!-- \/ Yoast SEO plugin. -->","yoast_head_json":{"title":"Colector de polvo de cartucho ACT 2-16 | Paintbooth.com","description":"El ACT 2-16 es una soluci\u00f3n eficiente y eficaz para una amplia gama de aplicaciones de recolecci\u00f3n de polvo, incluyendo metalurgia, humo y gases de soldadura...","robots":{"index":"index","follow":"follow","max-snippet":"max-snippet:-1","max-image-preview":"max-image-preview:large","max-video-preview":"max-video-preview:-1"},"canonical":"https:\/\/www.paintbooth.com\/es\/colectores-de-polvo\/colectores-de-polvo-de-cartucho\/acto-2-16-cartucho-colector-de-polvo\/","og_locale":"es_MX","og_type":"article","og_title":"ACT 2-16 Cartridge Dust Collector | Paintbooth.com","og_description":"The ACT 2-16 is an efficient and effective solution for a wide range of dust collection applications, including metalworking, weld smoke and fume...","og_url":"https:\/\/www.paintbooth.com\/es\/colectores-de-polvo\/colectores-de-polvo-de-cartucho\/acto-2-16-cartucho-colector-de-polvo\/","og_site_name":"Paintbooth.com","article_publisher":"https:\/\/www.facebook.com\/paintspraybooths\/","og_image":[{"width":948,"height":968,"url":"https:\/\/www.paintbooth.com\/wp-content\/uploads\/2026\/03\/ACT-2-16-Installed.jpg","type":"image\/jpeg"}],"twitter_card":"summary_large_image","twitter_title":"ACT 2-16 Cartridge Dust Collector | Paintbooth.com","twitter_description":"The ACT 2-16 is an efficient and effective solution for a wide range of dust collection applications, including metalworking, weld smoke and fume...","twitter_site":"@PaintBooth","schema":{"@context":"https:\/\/schema.org","@graph":[{"@type":"WebPage","@id":"https:\/\/www.paintbooth.com\/dust-collectors\/cartridge-dust-collectors\/act-2-16-cartridge-dust-collector\/","url":"https:\/\/www.paintbooth.com\/dust-collectors\/cartridge-dust-collectors\/act-2-16-cartridge-dust-collector\/","name":"Colector de polvo de cartucho ACT 2-16 | Paintbooth.com","isPartOf":{"@id":"https:\/\/www.paintbooth.com\/#website"},"primaryImageOfPage":{"@id":"https:\/\/www.paintbooth.com\/dust-collectors\/cartridge-dust-collectors\/act-2-16-cartridge-dust-collector\/#primaryimage"},"image":{"@id":"https:\/\/www.paintbooth.com\/dust-collectors\/cartridge-dust-collectors\/act-2-16-cartridge-dust-collector\/#primaryimage"},"thumbnailUrl":"https:\/\/www.paintbooth.com\/wp-content\/uploads\/2026\/03\/ACT-2-16-Installed.jpg","datePublished":"2026-03-07T02:06:59+00:00","description":"El ACT 2-16 es una soluci\u00f3n eficiente y eficaz para una amplia gama de aplicaciones de recolecci\u00f3n de polvo, incluyendo metalurgia, humo y gases de soldadura...","breadcrumb":{"@id":"https:\/\/www.paintbooth.com\/dust-collectors\/cartridge-dust-collectors\/act-2-16-cartridge-dust-collector\/#breadcrumb"},"inLanguage":"es","potentialAction":[{"@type":"ReadAction","target":["https:\/\/www.paintbooth.com\/dust-collectors\/cartridge-dust-collectors\/act-2-16-cartridge-dust-collector\/"]}]},{"@type":"ImageObject","inLanguage":"es","@id":"https:\/\/www.paintbooth.com\/dust-collectors\/cartridge-dust-collectors\/act-2-16-cartridge-dust-collector\/#primaryimage","url":"https:\/\/www.paintbooth.com\/wp-content\/uploads\/2026\/03\/ACT-2-16-Installed.jpg","contentUrl":"https:\/\/www.paintbooth.com\/wp-content\/uploads\/2026\/03\/ACT-2-16-Installed.jpg","width":948,"height":968,"caption":"ACT 2-16"},{"@type":"BreadcrumbList","@id":"https:\/\/www.paintbooth.com\/dust-collectors\/cartridge-dust-collectors\/act-2-16-cartridge-dust-collector\/#breadcrumb","itemListElement":[{"@type":"ListItem","position":1,"name":"Home","item":"https:\/\/www.paintbooth.com\/"},{"@type":"ListItem","position":2,"name":"Dust Collectors","item":"https:\/\/www.paintbooth.com\/dust-collectors\/"},{"@type":"ListItem","position":3,"name":"Cartridge Dust Collectors","item":"https:\/\/www.paintbooth.com\/dust-collectors\/cartridge-dust-collectors\/"},{"@type":"ListItem","position":4,"name":"ACT 2-16"}]},{"@type":"WebSite","@id":"https:\/\/www.paintbooth.com\/#website","url":"https:\/\/www.paintbooth.com\/","name":"Paintbooth.com","description":"Cabinas de pintura de calidad asequibles: equipos de acabado","potentialAction":[{"@type":"SearchAction","target":{"@type":"EntryPoint","urlTemplate":"https:\/\/www.paintbooth.com\/?s={search_term_string}"},"query-input":{"@type":"PropertyValueSpecification","valueRequired":true,"valueName":"search_term_string"}}],"inLanguage":"es"}]}},"_links":{"self":[{"href":"https:\/\/www.paintbooth.com\/es\/wp-json\/wp\/v2\/pages\/14981","targetHints":{"allow":["GET"]}}],"collection":[{"href":"https:\/\/www.paintbooth.com\/es\/wp-json\/wp\/v2\/pages"}],"about":[{"href":"https:\/\/www.paintbooth.com\/es\/wp-json\/wp\/v2\/types\/page"}],"author":[{"embeddable":true,"href":"https:\/\/www.paintbooth.com\/es\/wp-json\/wp\/v2\/users\/9"}],"replies":[{"embeddable":true,"href":"https:\/\/www.paintbooth.com\/es\/wp-json\/wp\/v2\/comments?post=14981"}],"version-history":[{"count":9,"href":"https:\/\/www.paintbooth.com\/es\/wp-json\/wp\/v2\/pages\/14981\/revisions"}],"predecessor-version":[{"id":15321,"href":"https:\/\/www.paintbooth.com\/es\/wp-json\/wp\/v2\/pages\/14981\/revisions\/15321"}],"up":[{"embeddable":true,"href":"https:\/\/www.paintbooth.com\/es\/wp-json\/wp\/v2\/pages\/14924"}],"wp:featuredmedia":[{"embeddable":true,"href":"https:\/\/www.paintbooth.com\/es\/wp-json\/wp\/v2\/media\/14952"}],"wp:attachment":[{"href":"https:\/\/www.paintbooth.com\/es\/wp-json\/wp\/v2\/media?parent=14981"}],"curies":[{"name":"wp","href":"https:\/\/api.w.org\/{rel}","templated":true}]}}