{"id":15004,"date":"2026-03-06T21:08:00","date_gmt":"2026-03-07T02:08:00","guid":{"rendered":"https:\/\/www.paintbooth.com\/?page_id=15004"},"modified":"2026-03-06T21:08:00","modified_gmt":"2026-03-07T02:08:00","slug":"weldpak-4","status":"publish","type":"page","link":"https:\/\/www.paintbooth.com\/es\/colectores-de-polvo\/colectores-de-polvo-weldpak\/weldpak-4\/","title":{"rendered":"WeldPak 4"},"content":{"rendered":"<style>\n.pb-dust-wrap{max-width:1200px;margin:0 auto;padding:32px 24px 64px;color:#1e2430}\n.pb-dust-breadcrumbs{font-size:13px;font-weight:600;color:#9b1232;margin-bottom:18px}\n.pb-dust-breadcrumbs a{color:#9b1232;text-decoration:none}\n.pb-dust-hero{display:grid;grid-template-columns:minmax(0,1.15fr) minmax(320px,.85fr);gap:36px;align-items:center;margin-bottom:36px}\n.pb-dust-kicker{display:inline-block;background:#e8f1fb;color:#0f5da8;font-size:12px;font-weight:700;letter-spacing:.06em;text-transform:uppercase;padding:8px 12px;border-radius:999px;margin-bottom:14px}\n.pb-dust-title{font-size:46px;line-height:1.05;margin:0 0 14px;font-weight:700;color:#1a1f2d}\n.pb-dust-subtitle{font-size:26px;line-height:1.2;margin:0 0 18px;font-weight:600;color:#24344c}\n.pb-dust-copy{font-size:18px;line-height:1.7;color:#44516a}\n.pb-dust-actions{display:flex;flex-wrap:wrap;gap:14px;margin-top:22px}\n.pb-dust-btn{display:inline-flex;align-items:center;justify-content:center;padding:14px 18px;border-radius:10px;text-decoration:none;font-weight:700}\n.pb-dust-btn-primary{background:#0f5da8;color:#fff}\n.pb-dust-btn-secondary{background:#111827;color:#fff}\n.pb-dust-visual{background:linear-gradient(180deg,#f4f8fc,#ffffff);border:1px solid #dbe7f4;border-radius:22px;padding:24px;box-shadow:0 18px 44px rgba(16,35,64,.08)}\n.pb-dust-visual img{display:block;width:100%;height:auto;max-height:520px;object-fit:contain}\n.pb-dust-section{margin:26px 0 0}\n.pb-dust-section h2{font-size:30px;line-height:1.15;margin:0 0 14px;color:#1a1f2d}\n.pb-dust-grid{display:grid;grid-template-columns:repeat(3,minmax(0,1fr));gap:18px;margin-top:18px}\n.pb-dust-card{background:#fff;border:1px solid #dbe7f4;border-radius:18px;padding:20px;box-shadow:0 12px 28px rgba(16,35,64,.06)}\n.pb-dust-card h3{font-size:20px;line-height:1.2;margin:0 0 10px;color:#13233f}\n.pb-dust-card p{font-size:15px;line-height:1.6;color:#4a5b75;margin:0 0 14px}\n.pb-dust-card a{color:#0f5da8;font-weight:700;text-decoration:none}\n.pb-dust-list{display:grid;grid-template-columns:repeat(2,minmax(0,1fr));gap:12px;margin-top:16px}\n.pb-dust-list li{list-style:none;background:#f6f9fc;border:1px solid #dbe7f4;border-radius:14px;padding:14px 16px;font-size:15px;line-height:1.5;color:#24344c}\n.pb-dust-body{background:#fff;border:1px solid #dbe7f4;border-radius:20px;padding:28px;box-shadow:0 12px 28px rgba(16,35,64,.05)}\n.pb-dust-body p{font-size:17px;line-height:1.75;color:#44516a;margin:0 0 16px}\n.pb-dust-cta{margin-top:28px;background:linear-gradient(135deg,#102544,#0f5da8);border-radius:22px;padding:28px;color:#fff}\n.pb-dust-cta h2{margin:0 0 10px;color:#fff}\n.pb-dust-cta p{margin:0 0 16px;font-size:17px;line-height:1.7;color:#eff6ff}\n.pb-dust-cta .pb-dust-actions{margin-top:0}\n@media (max-width:980px){\n  .pb-dust-grid{grid-template-columns:repeat(2,minmax(0,1fr))}\n  .pb-dust-hero{grid-template-columns:1fr}\n}\n@media (max-width:640px){\n  .pb-dust-wrap{padding:24px 18px 48px}\n  .pb-dust-title{font-size:34px}\n  .pb-dust-subtitle{font-size:22px}\n  .pb-dust-copy{font-size:16px}\n  .pb-dust-grid,.pb-dust-list{grid-template-columns:1fr}\n  .pb-dust-body{padding:22px}\n}\n<\/style>\n<div class=\"pb-dust-wrap\">\n<div class=\"pb-dust-breadcrumbs\"><a href=\"\/es\/colectores-de-polvo\/\">Colectores de polvo<\/a> \/ <a href=\"\/es\/colectores-de-polvo\/colectores-de-polvo-weldpak\/\">Colectores de polvo WeldPak<\/a><\/div>\n<section class=\"pb-dust-hero\">\n<div>\n<div class=\"pb-dust-kicker\">Colectores de polvo WeldPak<\/div>\n<h1 class=\"pb-dust-title\">WeldPak 4<\/h1>\n<p class=\"pb-dust-subtitle\">Aspectos destacados de la configuraci\u00f3n<\/p>\n<div class=\"pb-dust-copy\">\n<p>Aspectos destacados de la configuraci\u00f3n<\/p>\n<p>Aspectos destacados de la configuraci\u00f3n<\/p>\n<\/p><\/div>\n<div class=\"pb-dust-actions\">\n        <a class=\"pb-dust-btn pb-dust-btn-primary\" href=\"https:\/\/www.paintbooth.com\/es\/cita\/\">Solicite un presupuesto<\/a><br \/>\n        <a class=\"pb-dust-btn pb-dust-btn-secondary\" href=\"\/es\/colectores-de-polvo\/colectores-de-polvo-weldpak\/\">Volver a los colectores de polvo WeldPak<\/a>\n      <\/div>\n<\/p><\/div>\n<div class=\"pb-dust-visual\">\n      <img decoding=\"async\" src=\"https:\/\/www.paintbooth.com\/wp-content\/uploads\/2026\/03\/WeldPack-4-PNG.png\" alt=\"Colector de polvo para soldadura rob\u00f3tica WeldPak 4\" \/>\n    <\/div>\n<\/section>\n<section class=\"pb-dust-section\">\n<h2>Aspectos destacados de la configuraci\u00f3n<\/h2>\n<ul class=\"pb-dust-list\">\n<li>Capacidad de flujo de aire del WeldPak 4: 2000 CFM<\/li>\n<li>Tama\u00f1o del motor: 5 HP<\/li>\n<li>Filtraci\u00f3n con cartuchos Nano-Elite para la captura de humos y vapores de soldadura.<\/li>\n<li>Dimensiones compactas adecuadas para c\u00e9lulas de soldadura rob\u00f3tica.<\/li>\n<li>Controles precableados para una instalaci\u00f3n sencilla.<\/li>\n<\/ul>\n<\/section>\n<section class=\"pb-dust-section\">\n<div class=\"pb-dust-body\">\n<p>Aspectos destacados de la configuraci\u00f3n<\/p>\n<p>Aspectos destacados de la configuraci\u00f3n<\/p>\n<p>WeldPak 4: extracci\u00f3n de humos de soldadura rob\u00f3tica<\/p>\n<p>WeldPak 4 est\u00e1 dise\u00f1ado para aplicaciones de soldadura rob\u00f3tica en las que es necesario capturar de forma fiable el humo, los \u00f3xidos met\u00e1licos y las part\u00edculas finas en el punto de origen. La l\u00ednea WeldPak se caracteriza por su tama\u00f1o compacto, su construcci\u00f3n duradera y su gran rendimiento de filtraci\u00f3n para c\u00e9lulas de trabajo industriales.<\/p>\n<p>La l\u00ednea WeldPak utiliza filtraci\u00f3n por cartucho Nano-Elite, controles plug-and-play y un sistema cicl\u00f3nico integrado de captura de chispas para garantizar un funcionamiento fiable a largo plazo en entornos de soldadura.<\/p>\n<p>Si necesita ayuda para encontrar la configuraci\u00f3n de WeldPak adecuada para su aplicaci\u00f3n de soldadura, solicite un presupuesto y le ayudaremos a dimensionar correctamente el colector.<\/p>\n<\/div>\n<\/section>\n<section class=\"pb-dust-cta\">\n<h2>\u00bfNecesita informaci\u00f3n sobre precios o orientaci\u00f3n sobre la aplicaci\u00f3n?<\/h2>\n<p>Cu\u00e9ntenos sobre su aplicaci\u00f3n y le ayudaremos a configurar el colector, el paquete de filtros y el rango de flujo de aire adecuados.<\/p>\n<div class=\"pb-dust-actions\">\n      <a class=\"pb-dust-btn pb-dust-btn-primary\" href=\"https:\/\/www.paintbooth.com\/es\/cita\/\">Solicite un presupuesto<\/a><br \/>\n      <a class=\"pb-dust-btn pb-dust-btn-secondary\" href=\"tel:18335526684\">Llame al 1-833-552-6684<\/a>\n    <\/div>\n<\/section>\n<\/div>","protected":false},"excerpt":{"rendered":"<p>Colector de polvo para soldadura rob\u00f3tica WeldPak 4 con un flujo de aire de 2000 CFM y un motor de 5 HP.<\/p>","protected":false},"author":9,"featured_media":15109,"parent":14925,"menu_order":0,"comment_status":"closed","ping_status":"closed","template":"elementor_header_footer","meta":{"footnotes":""},"class_list":["post-15004","page","type-page","status-publish","has-post-thumbnail","hentry"],"yoast_head":"<!-- This site is optimized with the Yoast SEO plugin v26.9 - https:\/\/yoast.com\/product\/yoast-seo-wordpress\/ -->\n<title>WeldPak 4 Robotic Welding Dust Collector | Paintbooth.com<\/title>\n<meta name=\"description\" content=\"WeldPak 4 robotic welding dust collector with 2,000 CFM airflow and a 5 HP motor from Paintbooth.com.\" \/>\n<meta name=\"robots\" content=\"index, follow, max-snippet:-1, max-image-preview:large, max-video-preview:-1\" \/>\n<link rel=\"canonical\" href=\"https:\/\/www.paintbooth.com\/es\/colectores-de-polvo\/colectores-de-polvo-weldpak\/weldpak-4\/\" \/>\n<meta property=\"og:locale\" content=\"es_MX\" \/>\n<meta property=\"og:type\" content=\"article\" \/>\n<meta property=\"og:title\" content=\"WeldPak 4 Robotic Welding Dust Collector | Paintbooth.com\" \/>\n<meta property=\"og:description\" content=\"WeldPak 4 robotic welding dust collector with 2,000 CFM airflow and a 5 HP motor from Paintbooth.com.\" \/>\n<meta property=\"og:url\" content=\"https:\/\/www.paintbooth.com\/es\/colectores-de-polvo\/colectores-de-polvo-weldpak\/weldpak-4\/\" \/>\n<meta property=\"og:site_name\" content=\"Paintbooth.com\" \/>\n<meta property=\"article:publisher\" content=\"https:\/\/www.facebook.com\/paintspraybooths\/\" \/>\n<meta property=\"og:image\" content=\"https:\/\/www.paintbooth.com\/wp-content\/uploads\/2026\/03\/WeldPack-4-PNG.png\" \/>\n\t<meta property=\"og:image:width\" content=\"1200\" \/>\n\t<meta property=\"og:image:height\" content=\"1200\" \/>\n\t<meta property=\"og:image:type\" content=\"image\/png\" \/>\n<meta name=\"twitter:card\" content=\"summary_large_image\" \/>\n<meta name=\"twitter:title\" content=\"WeldPak 4 Robotic Welding Dust Collector | Paintbooth.com\" \/>\n<meta name=\"twitter:description\" content=\"WeldPak 4 robotic welding dust collector with 2,000 CFM airflow and a 5 HP motor from Paintbooth.com.\" \/>\n<meta name=\"twitter:site\" content=\"@PaintBooth\" \/>\n<script type=\"application\/ld+json\" class=\"yoast-schema-graph\">{\"@context\":\"https:\/\/schema.org\",\"@graph\":[{\"@type\":\"WebPage\",\"@id\":\"https:\/\/www.paintbooth.com\/dust-collectors\/weldpak-dust-collectors\/weldpak-4\/\",\"url\":\"https:\/\/www.paintbooth.com\/dust-collectors\/weldpak-dust-collectors\/weldpak-4\/\",\"name\":\"WeldPak 4 Robotic Welding Dust Collector | Paintbooth.com\",\"isPartOf\":{\"@id\":\"https:\/\/www.paintbooth.com\/#website\"},\"primaryImageOfPage\":{\"@id\":\"https:\/\/www.paintbooth.com\/dust-collectors\/weldpak-dust-collectors\/weldpak-4\/#primaryimage\"},\"image\":{\"@id\":\"https:\/\/www.paintbooth.com\/dust-collectors\/weldpak-dust-collectors\/weldpak-4\/#primaryimage\"},\"thumbnailUrl\":\"https:\/\/www.paintbooth.com\/wp-content\/uploads\/2026\/03\/WeldPack-4-PNG.png\",\"datePublished\":\"2026-03-07T02:08:00+00:00\",\"description\":\"WeldPak 4 robotic welding dust collector with 2,000 CFM airflow and a 5 HP motor from Paintbooth.com.\",\"breadcrumb\":{\"@id\":\"https:\/\/www.paintbooth.com\/dust-collectors\/weldpak-dust-collectors\/weldpak-4\/#breadcrumb\"},\"inLanguage\":\"es\",\"potentialAction\":[{\"@type\":\"ReadAction\",\"target\":[\"https:\/\/www.paintbooth.com\/dust-collectors\/weldpak-dust-collectors\/weldpak-4\/\"]}]},{\"@type\":\"ImageObject\",\"inLanguage\":\"es\",\"@id\":\"https:\/\/www.paintbooth.com\/dust-collectors\/weldpak-dust-collectors\/weldpak-4\/#primaryimage\",\"url\":\"https:\/\/www.paintbooth.com\/wp-content\/uploads\/2026\/03\/WeldPack-4-PNG.png\",\"contentUrl\":\"https:\/\/www.paintbooth.com\/wp-content\/uploads\/2026\/03\/WeldPack-4-PNG.png\",\"width\":1200,\"height\":1200,\"caption\":\"WeldPak 4 robotic welding dust collector\"},{\"@type\":\"BreadcrumbList\",\"@id\":\"https:\/\/www.paintbooth.com\/dust-collectors\/weldpak-dust-collectors\/weldpak-4\/#breadcrumb\",\"itemListElement\":[{\"@type\":\"ListItem\",\"position\":1,\"name\":\"Home\",\"item\":\"https:\/\/www.paintbooth.com\/\"},{\"@type\":\"ListItem\",\"position\":2,\"name\":\"Dust Collectors\",\"item\":\"https:\/\/www.paintbooth.com\/dust-collectors\/\"},{\"@type\":\"ListItem\",\"position\":3,\"name\":\"WeldPak Dust Collectors\",\"item\":\"https:\/\/www.paintbooth.com\/dust-collectors\/weldpak-dust-collectors\/\"},{\"@type\":\"ListItem\",\"position\":4,\"name\":\"WeldPak 4\"}]},{\"@type\":\"WebSite\",\"@id\":\"https:\/\/www.paintbooth.com\/#website\",\"url\":\"https:\/\/www.paintbooth.com\/\",\"name\":\"Paintbooth.com\",\"description\":\"Affordable Quality Paint Booths-Finishing Equipment\",\"potentialAction\":[{\"@type\":\"SearchAction\",\"target\":{\"@type\":\"EntryPoint\",\"urlTemplate\":\"https:\/\/www.paintbooth.com\/?s={search_term_string}\"},\"query-input\":{\"@type\":\"PropertyValueSpecification\",\"valueRequired\":true,\"valueName\":\"search_term_string\"}}],\"inLanguage\":\"es\"}]}<\/script>\n<!-- \/ Yoast SEO plugin. -->","yoast_head_json":{"title":"Colector de polvo para soldadura rob\u00f3tica WeldPak 4 | Paintbooth.com","description":"Colector de polvo para soldadura rob\u00f3tica WeldPak 4 con un flujo de aire de 2000 CFM y un motor de 5 HP de Paintbooth.com.","robots":{"index":"index","follow":"follow","max-snippet":"max-snippet:-1","max-image-preview":"max-image-preview:large","max-video-preview":"max-video-preview:-1"},"canonical":"https:\/\/www.paintbooth.com\/es\/colectores-de-polvo\/colectores-de-polvo-weldpak\/weldpak-4\/","og_locale":"es_MX","og_type":"article","og_title":"WeldPak 4 Robotic Welding Dust Collector | Paintbooth.com","og_description":"WeldPak 4 robotic welding dust collector with 2,000 CFM airflow and a 5 HP motor from Paintbooth.com.","og_url":"https:\/\/www.paintbooth.com\/es\/colectores-de-polvo\/colectores-de-polvo-weldpak\/weldpak-4\/","og_site_name":"Paintbooth.com","article_publisher":"https:\/\/www.facebook.com\/paintspraybooths\/","og_image":[{"width":1200,"height":1200,"url":"https:\/\/www.paintbooth.com\/wp-content\/uploads\/2026\/03\/WeldPack-4-PNG.png","type":"image\/png"}],"twitter_card":"summary_large_image","twitter_title":"WeldPak 4 Robotic Welding Dust Collector | Paintbooth.com","twitter_description":"WeldPak 4 robotic welding dust collector with 2,000 CFM airflow and a 5 HP motor from Paintbooth.com.","twitter_site":"@PaintBooth","schema":{"@context":"https:\/\/schema.org","@graph":[{"@type":"WebPage","@id":"https:\/\/www.paintbooth.com\/dust-collectors\/weldpak-dust-collectors\/weldpak-4\/","url":"https:\/\/www.paintbooth.com\/dust-collectors\/weldpak-dust-collectors\/weldpak-4\/","name":"Colector de polvo para soldadura rob\u00f3tica WeldPak 4 | Paintbooth.com","isPartOf":{"@id":"https:\/\/www.paintbooth.com\/#website"},"primaryImageOfPage":{"@id":"https:\/\/www.paintbooth.com\/dust-collectors\/weldpak-dust-collectors\/weldpak-4\/#primaryimage"},"image":{"@id":"https:\/\/www.paintbooth.com\/dust-collectors\/weldpak-dust-collectors\/weldpak-4\/#primaryimage"},"thumbnailUrl":"https:\/\/www.paintbooth.com\/wp-content\/uploads\/2026\/03\/WeldPack-4-PNG.png","datePublished":"2026-03-07T02:08:00+00:00","description":"Colector de polvo para soldadura rob\u00f3tica WeldPak 4 con un flujo de aire de 2000 CFM y un motor de 5 HP de Paintbooth.com.","breadcrumb":{"@id":"https:\/\/www.paintbooth.com\/dust-collectors\/weldpak-dust-collectors\/weldpak-4\/#breadcrumb"},"inLanguage":"es","potentialAction":[{"@type":"ReadAction","target":["https:\/\/www.paintbooth.com\/dust-collectors\/weldpak-dust-collectors\/weldpak-4\/"]}]},{"@type":"ImageObject","inLanguage":"es","@id":"https:\/\/www.paintbooth.com\/dust-collectors\/weldpak-dust-collectors\/weldpak-4\/#primaryimage","url":"https:\/\/www.paintbooth.com\/wp-content\/uploads\/2026\/03\/WeldPack-4-PNG.png","contentUrl":"https:\/\/www.paintbooth.com\/wp-content\/uploads\/2026\/03\/WeldPack-4-PNG.png","width":1200,"height":1200,"caption":"WeldPak 4 robotic welding dust collector"},{"@type":"BreadcrumbList","@id":"https:\/\/www.paintbooth.com\/dust-collectors\/weldpak-dust-collectors\/weldpak-4\/#breadcrumb","itemListElement":[{"@type":"ListItem","position":1,"name":"Home","item":"https:\/\/www.paintbooth.com\/"},{"@type":"ListItem","position":2,"name":"Dust Collectors","item":"https:\/\/www.paintbooth.com\/dust-collectors\/"},{"@type":"ListItem","position":3,"name":"WeldPak Dust Collectors","item":"https:\/\/www.paintbooth.com\/dust-collectors\/weldpak-dust-collectors\/"},{"@type":"ListItem","position":4,"name":"WeldPak 4"}]},{"@type":"WebSite","@id":"https:\/\/www.paintbooth.com\/#website","url":"https:\/\/www.paintbooth.com\/","name":"Paintbooth.com","description":"Cabinas de pintura de calidad asequibles: equipos de acabado","potentialAction":[{"@type":"SearchAction","target":{"@type":"EntryPoint","urlTemplate":"https:\/\/www.paintbooth.com\/?s={search_term_string}"},"query-input":{"@type":"PropertyValueSpecification","valueRequired":true,"valueName":"search_term_string"}}],"inLanguage":"es"}]}},"_links":{"self":[{"href":"https:\/\/www.paintbooth.com\/es\/wp-json\/wp\/v2\/pages\/15004","targetHints":{"allow":["GET"]}}],"collection":[{"href":"https:\/\/www.paintbooth.com\/es\/wp-json\/wp\/v2\/pages"}],"about":[{"href":"https:\/\/www.paintbooth.com\/es\/wp-json\/wp\/v2\/types\/page"}],"author":[{"embeddable":true,"href":"https:\/\/www.paintbooth.com\/es\/wp-json\/wp\/v2\/users\/9"}],"replies":[{"embeddable":true,"href":"https:\/\/www.paintbooth.com\/es\/wp-json\/wp\/v2\/comments?post=15004"}],"version-history":[{"count":9,"href":"https:\/\/www.paintbooth.com\/es\/wp-json\/wp\/v2\/pages\/15004\/revisions"}],"predecessor-version":[{"id":15340,"href":"https:\/\/www.paintbooth.com\/es\/wp-json\/wp\/v2\/pages\/15004\/revisions\/15340"}],"up":[{"embeddable":true,"href":"https:\/\/www.paintbooth.com\/es\/wp-json\/wp\/v2\/pages\/14925"}],"wp:featuredmedia":[{"embeddable":true,"href":"https:\/\/www.paintbooth.com\/es\/wp-json\/wp\/v2\/media\/15109"}],"wp:attachment":[{"href":"https:\/\/www.paintbooth.com\/es\/wp-json\/wp\/v2\/media?parent=15004"}],"curies":[{"name":"wp","href":"https:\/\/api.w.org\/{rel}","templated":true}]}}