{"id":252,"date":"2017-03-27T09:42:22","date_gmt":"2017-03-27T09:42:22","guid":{"rendered":"https:\/\/www.paintbooth.com\/?page_id=252"},"modified":"2026-03-23T05:55:53","modified_gmt":"2026-03-23T09:55:53","slug":"por-que-arrendar","status":"publish","type":"page","link":"https:\/\/www.paintbooth.com\/es\/por-que-arrendar\/","title":{"rendered":"\u00bfPor qu\u00e9 arrendar?"},"content":{"rendered":"<div data-elementor-type=\"wp-page\" data-elementor-id=\"252\" class=\"elementor elementor-252\" data-elementor-post-type=\"page\">\n\t\t\t\t<div class=\"elementor-element elementor-element-91abbac e-flex e-con-boxed e-con e-parent\" data-id=\"91abbac\" data-element_type=\"container\" data-settings=\"{&quot;background_background&quot;:&quot;classic&quot;}\">\n\t\t\t\t\t<div class=\"e-con-inner\">\n\t\t\t\t<div class=\"elementor-element elementor-element-340c18a elementor-invisible elementor-widget elementor-widget-heading\" data-id=\"340c18a\" data-element_type=\"widget\" data-settings=\"{&quot;_animation&quot;:&quot;fadeInUp&quot;}\" data-widget_type=\"heading.default\">\n\t\t\t\t<div class=\"elementor-widget-container\">\n\t\t\t\t\t<h1 class=\"elementor-heading-title elementor-size-default\">\u00bfPor qu\u00e9 arrendar?<\/h1>\t\t\t\t<\/div>\n\t\t\t\t<\/div>\n\t\t\t\t\t<\/div>\n\t\t\t\t<\/div>\n\t\t<div class=\"elementor-element elementor-element-534a681 e-flex e-con-boxed e-con e-parent\" data-id=\"534a681\" data-element_type=\"container\" data-settings=\"{&quot;background_background&quot;:&quot;classic&quot;}\">\n\t\t\t\t\t<div class=\"e-con-inner\">\n\t\t<div class=\"elementor-element elementor-element-b24576d e-con-full e-flex e-con e-child\" data-id=\"b24576d\" data-element_type=\"container\">\n\t\t<div class=\"elementor-element elementor-element-3baa27b e-con-full e-flex e-con e-child\" data-id=\"3baa27b\" data-element_type=\"container\">\n\t\t\t\t<div class=\"elementor-element elementor-element-7f0e06e readmoree elementor-widget elementor-widget-ucaddon_toggle_text_button\" data-id=\"7f0e06e\" data-element_type=\"widget\" data-widget_type=\"ucaddon_toggle_text_button.default\">\n\t\t\t\t<div class=\"elementor-widget-container\">\n\t\t\t\t\t\n<!-- start Toggle Text Button -->\n<style>\/* widget: Toggle Text Button *\/\n\n#uc_toggle_text_button_elementor_7f0e06e .read_more{\n  text-decoration:none;\n  font-size:14px;\n  color:white;\n  transition:0.3s;\n}\n\n<\/style>\n\n<div id=\"uc_toggle_text_button_elementor_7f0e06e\" class=\"toggle_text_button\"> \n  \n  <div class=\"short_txt\"><div class=\"et_pb_row et_pb_row_0\"><div class=\"et_pb_column et_pb_column_4_4 et_pb_column_0  et_pb_css_mix_blend_mode_passthrough et-last-child\"><div class=\"et_pb_module et_pb_text et_pb_text_0  et_pb_text_align_left et_pb_bg_layout_light\"><div class=\"et_pb_text_inner\"><h2 id=\"BenefitsofLeasing\">Ventajas del arrendamiento<\/h2><h3 id=\"Whenyouleasetoownyoucanhaveyournewequipmentsoonerwithoutaffectingyourcashflow\">Cuando usted arrienda con opci\u00f3n a compra, puede disponer de su nuevo equipo antes sin afectar su flujo de caja.<\/h3><p>\u00a0<\/p><p>Puede acceder a los modelos m\u00e1s nuevos con la \u00faltima tecnolog\u00eda para reemplazar su equipo obsoleto sin tener que pagar por adelantado. Puede impulsar su productividad deshaci\u00e9ndose de los sistemas ineficientes sin el dolor de cabeza que supone un gran gasto. Con un pago inicial asequible, el arrendamiento es una excelente alternativa a la compra de equipo y se puede realizar con cualquier presupuesto.<\/p><p>Lo mejor del arrendamiento con opci\u00f3n a compra es que su nuevo equipo es productivo y rentable de inmediato, por lo que se amortiza en menos tiempo. Con solo un pago inicial, dispondr\u00e1 de una capacidad de rendimiento ilimitada para su taller. No es necesario planificar un aumento del gasto, sino que puede centrarse en seguir siendo competitivo en su mercado.<\/p><\/div><\/div><\/div><\/div><div class=\"et_pb_row et_pb_row_1\"><div class=\"et_pb_column et_pb_column_4_4 et_pb_column_1  et_pb_css_mix_blend_mode_passthrough et-last-child\"><div class=\"et_pb_module et_pb_text et_pb_text_1  et_pb_text_align_left et_pb_bg_layout_light\"><div class=\"et_pb_text_inner\"><p>El arrendamiento con opci\u00f3n a compra no afecta a las l\u00edneas de cr\u00e9dito bancarias de las que disponga. Nuestros contratos de arrendamiento no se comunican a las instituciones de cr\u00e9dito personales, por lo que puede mantener separados sus pr\u00e9stamos comerciales y su cr\u00e9dito personal. Dado que el arrendamiento con opci\u00f3n a compra es una financiaci\u00f3n fuera de balance, su capacidad de endeudamiento no se ve mermada, ni tampoco sus l\u00edneas de cr\u00e9dito de capital circulante.<\/p><p>Otra ventaja de este m\u00e9todo es que los pagos del arrendamiento son 100 % deducibles de impuestos como gasto empresarial. Cada empresa tiene una situaci\u00f3n financiera \u00fanica, pero a menudo el arrendamiento con opci\u00f3n a compra es mucho m\u00e1s beneficioso que un pr\u00e9stamo bancario si se tienen en cuenta las tasas, el estado de su cr\u00e9dito y las opciones de deducci\u00f3n fiscal.<\/p><p><strong>Podemos redactar un contrato de arrendamiento que se adapte a sus necesidades con un plan de pago que satisfaga sus inquietudes financieras. Ll\u00e1menos hoy mismo o llene nuestro formulario de arrendamiento.\u00a0<a href=\"https:\/\/fpf.firstpacificfunding.com\/4DACTION\/kcW_HandleWebApp\/24c301e049a2077855d3e37ba719b09d\" target=\"_blank\" rel=\"noopener\">Haga clic aqu\u00ed<\/a><\/strong><\/p><\/div><\/div><\/div><\/div><\/div>   \n  <div class=\"long_txt\" style=\"display:none;\"><h6 id=\"ExecutiveSummary\">Resumen ejecutivo<\/h6><p>Las instalaciones de mantenimiento de vagones ferroviarios son una industria que mueve $7 mil millones al a\u00f1o, pero son susceptibles a la ca\u00edda de los mercados y al lento crecimiento econ\u00f3mico. Para seguir siendo competitivas, deben basarse en procesos optimizados y tiempos de respuesta r\u00e1pidos. Esto no deja margen para los cuellos de botella en los procesos. LPI colabor\u00f3 con una empresa ferroviaria nacional l\u00edder para eliminar un cuello de botella en la zona de pintura.\u00a0<a href=\"https:\/\/www.paintbooth.com\/es\/elevadores-de-personas\/\" target=\"_blank\" rel=\"noopener\">Elevador de cabina de pintura de 3 ejes de LPI<\/a>\u00a0Las opciones adicionales permitieron a la empresa ahorrar tiempo, aumentar la productividad y mejorar la seguridad de los trabajadores en el trabajo.<\/p><h6 id=\"CompanyCustomerBackground\">Antecedentes de la empresa\/cliente<\/h6><p>LPI colabor\u00f3 con el equipo de operaciones corporativas, que supervisa m\u00faltiples servicios e instalaciones de mantenimiento de vagones en Estados Unidos y M\u00e9xico. Sus instalaciones ofrecen servicios de mantenimiento que incluyen el servicio t\u00e9cnico, la reparaci\u00f3n, la reconstrucci\u00f3n y el reacondicionamiento de todo tipo de vagones y productos relacionados con el ferrocarril.<\/p><h6 id=\"CustomersChallenges\">Retos del cliente<\/h6><p>El cliente not\u00f3 que se estaban produciendo cuellos de botella en el proceso en el\u00a0<a href=\"https:\/\/www.paintbooth.com\/es\/elevadores-de-personas\/\" target=\"_blank\" rel=\"noopener\">cabina de pintura<\/a>\u00a0debido a los diferentes tipos de vagones y al aumento de la carga de trabajo que se procesaba. Cuando los vagones estaban listos para pintar, se colocaban en su sitio y se trasladaban a la siguiente fase del proceso. Una vez en esa zona, hab\u00eda que enmascararlos, prepararlos y pintarlos. En la zona de la cabina de pintura, los trabajadores utilizaban escaleras port\u00e1tiles, pasarelas y otros medios para acceder verticalmente a los vagones, lo que contribu\u00eda en gran medida al cuello de botella.<\/p><\/div>  \n  \n  <div style=\"text-align:center;\">  \n    <a href=\"javascript:void(0)\" class=\"read_more\">\n      <span class=\"btn_txt_before_click\"><\/span>\n      <span class=\"btn_txt_after_click\" style=\"display:none;\"><\/span>\n    <\/a>  \n  <\/div>  \n<\/div>\n<!-- end Toggle Text Button -->\t\t\t\t<\/div>\n\t\t\t\t<\/div>\n\t\t\t\t<div class=\"elementor-element elementor-element-eeb4094 whtcutl elementor-invisible elementor-widget elementor-widget-button\" data-id=\"eeb4094\" data-element_type=\"widget\" data-settings=\"{&quot;_animation&quot;:&quot;fadeInUp&quot;,&quot;_animation_delay&quot;:600}\" data-widget_type=\"button.default\">\n\t\t\t\t<div class=\"elementor-widget-container\">\n\t\t\t\t\t\t\t\t\t<div class=\"elementor-button-wrapper\">\n\t\t\t\t\t<a class=\"elementor-button elementor-button-link elementor-size-sm\" href=\"https:\/\/fpf.firstpacificfunding.com\/4DACTION\/kcW_HandleWebApp\/24c301e049a2077855d3e37ba719b09d\">\n\t\t\t\t\t\t<span class=\"elementor-button-content-wrapper\">\n\t\t\t\t\t\t<span class=\"elementor-button-icon\">\n\t\t\t\t<svg xmlns=\"http:\/\/www.w3.org\/2000\/svg\" width=\"16\" height=\"16\" viewbox=\"0 0 16 16\" fill=\"none\"><path d=\"M0.292893 14.2929C-0.0976311 14.6834 -0.0976311 15.3166 0.292893 15.7071C0.683418 16.0976 1.31658 16.0976 1.70711 15.7071L0.292893 14.2929ZM16 0.999999C16 0.447715 15.5523 -2.87362e-07 15 -5.40243e-07L6 2.60547e-07C5.44772 -7.66277e-08 5 0.447715 5 1C5 1.55228 5.44772 2 6 2L14 2L14 10C14 10.5523 14.4477 11 15 11C15.5523 11 16 10.5523 16 10L16 0.999999ZM1.70711 15.7071L15.7071 1.70711L14.2929 0.292893L0.292893 14.2929L1.70711 15.7071Z\" fill=\"white\"><\/path><\/svg>\t\t\t<\/span>\n\t\t\t\t\t\t\t\t\t<span class=\"elementor-button-text\">Solicitud de arrendamiento<\/span>\n\t\t\t\t\t<\/span>\n\t\t\t\t\t<\/a>\n\t\t\t\t<\/div>\n\t\t\t\t\t\t\t\t<\/div>\n\t\t\t\t<\/div>\n\t\t\t\t<\/div>\n\t\t\t\t<\/div>\n\t\t\t\t\t<\/div>\n\t\t\t\t<\/div>\n\t\t\t\t<\/div>","protected":false},"excerpt":{"rendered":"<p>Why Lease Benefits of Leasing When you lease to own, you can have your new equipment sooner without affecting your cash flow. \u00a0 You can have access to the newest models with the latest technology to replace your outdated equipment without having to pay up front. You can jumpstart your productivity by getting rid of [&hellip;]<\/p>","protected":false},"author":1,"featured_media":0,"parent":0,"menu_order":0,"comment_status":"closed","ping_status":"closed","template":"elementor_header_footer","meta":{"footnotes":""},"class_list":["post-252","page","type-page","status-publish","hentry"],"yoast_head":"<!-- This site is optimized with the Yoast SEO plugin v26.9 - https:\/\/yoast.com\/product\/yoast-seo-wordpress\/ -->\n<title>Why Lease - Paintbooth.com<\/title>\n<meta name=\"description\" content=\"When you lease you gain access to the newest models &amp; technology to replace outdated equipment without needing a large up front payment.\" \/>\n<meta name=\"robots\" content=\"index, follow, max-snippet:-1, max-image-preview:large, max-video-preview:-1\" \/>\n<link rel=\"canonical\" href=\"https:\/\/www.paintbooth.com\/es\/por-que-arrendar\/\" \/>\n<meta property=\"og:locale\" content=\"es_MX\" \/>\n<meta property=\"og:type\" content=\"article\" \/>\n<meta property=\"og:title\" content=\"Why Lease - Paintbooth.com\" \/>\n<meta property=\"og:description\" content=\"When you lease you gain access to the newest models &amp; technology to replace outdated equipment without needing a large up front payment.\" \/>\n<meta property=\"og:url\" content=\"https:\/\/www.paintbooth.com\/es\/por-que-arrendar\/\" \/>\n<meta property=\"og:site_name\" content=\"Paintbooth.com\" \/>\n<meta property=\"article:publisher\" content=\"https:\/\/www.facebook.com\/paintspraybooths\/\" \/>\n<meta property=\"article:modified_time\" content=\"2026-03-23T09:55:53+00:00\" \/>\n<meta name=\"twitter:card\" content=\"summary_large_image\" \/>\n<meta name=\"twitter:site\" content=\"@PaintBooth\" \/>\n<meta name=\"twitter:label1\" content=\"Tiempo de lectura\" \/>\n\t<meta name=\"twitter:data1\" content=\"3 minutos\" \/>\n<script type=\"application\/ld+json\" class=\"yoast-schema-graph\">{\"@context\":\"https:\/\/schema.org\",\"@graph\":[{\"@type\":\"WebPage\",\"@id\":\"https:\/\/www.paintbooth.com\/why-lease\/\",\"url\":\"https:\/\/www.paintbooth.com\/why-lease\/\",\"name\":\"Why Lease - Paintbooth.com\",\"isPartOf\":{\"@id\":\"https:\/\/www.paintbooth.com\/#website\"},\"datePublished\":\"2017-03-27T09:42:22+00:00\",\"dateModified\":\"2026-03-23T09:55:53+00:00\",\"description\":\"When you lease you gain access to the newest models & technology to replace outdated equipment without needing a large up front payment.\",\"breadcrumb\":{\"@id\":\"https:\/\/www.paintbooth.com\/why-lease\/#breadcrumb\"},\"inLanguage\":\"es\",\"potentialAction\":[{\"@type\":\"ReadAction\",\"target\":[\"https:\/\/www.paintbooth.com\/why-lease\/\"]}]},{\"@type\":\"BreadcrumbList\",\"@id\":\"https:\/\/www.paintbooth.com\/why-lease\/#breadcrumb\",\"itemListElement\":[{\"@type\":\"ListItem\",\"position\":1,\"name\":\"Home\",\"item\":\"https:\/\/www.paintbooth.com\/\"},{\"@type\":\"ListItem\",\"position\":2,\"name\":\"Why Lease\"}]},{\"@type\":\"WebSite\",\"@id\":\"https:\/\/www.paintbooth.com\/#website\",\"url\":\"https:\/\/www.paintbooth.com\/\",\"name\":\"Paintbooth.com\",\"description\":\"Affordable Quality Paint Booths-Finishing Equipment\",\"potentialAction\":[{\"@type\":\"SearchAction\",\"target\":{\"@type\":\"EntryPoint\",\"urlTemplate\":\"https:\/\/www.paintbooth.com\/?s={search_term_string}\"},\"query-input\":{\"@type\":\"PropertyValueSpecification\",\"valueRequired\":true,\"valueName\":\"search_term_string\"}}],\"inLanguage\":\"es\"}]}<\/script>\n<!-- \/ Yoast SEO plugin. -->","yoast_head_json":{"title":"\u00bfPor qu\u00e9 arrendar? - Paintbooth.com","description":"Al arrendar, usted obtiene acceso a los modelos y la tecnolog\u00eda m\u00e1s recientes para reemplazar equipos obsoletos sin necesidad de realizar un gran pago inicial.","robots":{"index":"index","follow":"follow","max-snippet":"max-snippet:-1","max-image-preview":"max-image-preview:large","max-video-preview":"max-video-preview:-1"},"canonical":"https:\/\/www.paintbooth.com\/es\/por-que-arrendar\/","og_locale":"es_MX","og_type":"article","og_title":"Why Lease - Paintbooth.com","og_description":"When you lease you gain access to the newest models & technology to replace outdated equipment without needing a large up front payment.","og_url":"https:\/\/www.paintbooth.com\/es\/por-que-arrendar\/","og_site_name":"Paintbooth.com","article_publisher":"https:\/\/www.facebook.com\/paintspraybooths\/","article_modified_time":"2026-03-23T09:55:53+00:00","twitter_card":"summary_large_image","twitter_site":"@PaintBooth","twitter_misc":{"Tiempo de lectura":"3 minutos"},"schema":{"@context":"https:\/\/schema.org","@graph":[{"@type":"WebPage","@id":"https:\/\/www.paintbooth.com\/why-lease\/","url":"https:\/\/www.paintbooth.com\/why-lease\/","name":"\u00bfPor qu\u00e9 arrendar? - Paintbooth.com","isPartOf":{"@id":"https:\/\/www.paintbooth.com\/#website"},"datePublished":"2017-03-27T09:42:22+00:00","dateModified":"2026-03-23T09:55:53+00:00","description":"Al arrendar, usted obtiene acceso a los modelos y la tecnolog\u00eda m\u00e1s recientes para reemplazar equipos obsoletos sin necesidad de realizar un gran pago inicial.","breadcrumb":{"@id":"https:\/\/www.paintbooth.com\/why-lease\/#breadcrumb"},"inLanguage":"es","potentialAction":[{"@type":"ReadAction","target":["https:\/\/www.paintbooth.com\/why-lease\/"]}]},{"@type":"BreadcrumbList","@id":"https:\/\/www.paintbooth.com\/why-lease\/#breadcrumb","itemListElement":[{"@type":"ListItem","position":1,"name":"Home","item":"https:\/\/www.paintbooth.com\/"},{"@type":"ListItem","position":2,"name":"Why Lease"}]},{"@type":"WebSite","@id":"https:\/\/www.paintbooth.com\/#website","url":"https:\/\/www.paintbooth.com\/","name":"Paintbooth.com","description":"Cabinas de pintura de calidad asequibles: equipos de acabado","potentialAction":[{"@type":"SearchAction","target":{"@type":"EntryPoint","urlTemplate":"https:\/\/www.paintbooth.com\/?s={search_term_string}"},"query-input":{"@type":"PropertyValueSpecification","valueRequired":true,"valueName":"search_term_string"}}],"inLanguage":"es"}]}},"_links":{"self":[{"href":"https:\/\/www.paintbooth.com\/es\/wp-json\/wp\/v2\/pages\/252","targetHints":{"allow":["GET"]}}],"collection":[{"href":"https:\/\/www.paintbooth.com\/es\/wp-json\/wp\/v2\/pages"}],"about":[{"href":"https:\/\/www.paintbooth.com\/es\/wp-json\/wp\/v2\/types\/page"}],"author":[{"embeddable":true,"href":"https:\/\/www.paintbooth.com\/es\/wp-json\/wp\/v2\/users\/1"}],"replies":[{"embeddable":true,"href":"https:\/\/www.paintbooth.com\/es\/wp-json\/wp\/v2\/comments?post=252"}],"version-history":[{"count":24,"href":"https:\/\/www.paintbooth.com\/es\/wp-json\/wp\/v2\/pages\/252\/revisions"}],"predecessor-version":[{"id":15762,"href":"https:\/\/www.paintbooth.com\/es\/wp-json\/wp\/v2\/pages\/252\/revisions\/15762"}],"wp:attachment":[{"href":"https:\/\/www.paintbooth.com\/es\/wp-json\/wp\/v2\/media?parent=252"}],"curies":[{"name":"wp","href":"https:\/\/api.w.org\/{rel}","templated":true}]}}