{"id":3217,"date":"2017-06-26T18:52:28","date_gmt":"2017-06-26T18:52:28","guid":{"rendered":"https:\/\/www.paintbooth.com\/?page_id=3217"},"modified":"2026-03-05T20:55:40","modified_gmt":"2026-03-06T01:55:40","slug":"luminarias-para-cabinas-de-pintura","status":"publish","type":"page","link":"https:\/\/www.paintbooth.com\/es\/luminarias-para-cabinas-de-pintura\/","title":{"rendered":"Luminarias para cabinas de pintura"},"content":{"rendered":"<div data-elementor-type=\"wp-page\" data-elementor-id=\"3217\" class=\"elementor elementor-3217\" data-elementor-post-type=\"page\">\n\t\t\t\t<div class=\"elementor-element elementor-element-bbd3aef e-flex e-con-boxed e-con e-parent\" data-id=\"bbd3aef\" data-element_type=\"container\" data-settings=\"{&quot;background_background&quot;:&quot;classic&quot;}\">\n\t\t\t\t\t<div class=\"e-con-inner\">\n\t\t\t\t<div class=\"elementor-element elementor-element-47cb7dc elementor-widget__width-initial elementor-invisible elementor-widget elementor-widget-heading\" data-id=\"47cb7dc\" data-element_type=\"widget\" data-settings=\"{&quot;_animation&quot;:&quot;fadeInUp&quot;}\" data-widget_type=\"heading.default\">\n\t\t\t\t<div class=\"elementor-widget-container\">\n\t\t\t\t\t<h1 class=\"elementor-heading-title elementor-size-default\">Luminarias para cabinas de pintura<\/h1>\t\t\t\t<\/div>\n\t\t\t\t<\/div>\n\t\t\t\t\t<\/div>\n\t\t\t\t<\/div>\n\t\t<div class=\"elementor-element elementor-element-a561b39 e-flex e-con-boxed e-con e-parent\" data-id=\"a561b39\" data-element_type=\"container\" data-settings=\"{&quot;background_background&quot;:&quot;classic&quot;}\">\n\t\t\t\t\t<div class=\"e-con-inner\">\n\t\t<div class=\"elementor-element elementor-element-db64cfe e-con-full e-flex e-con e-child\" data-id=\"db64cfe\" data-element_type=\"container\">\n\t\t<div class=\"elementor-element elementor-element-8c605de e-con-full e-flex e-con e-child\" data-id=\"8c605de\" data-element_type=\"container\">\n\t\t\t\t<div class=\"elementor-element elementor-element-17d50f7 whtcutl elementor-invisible elementor-widget elementor-widget-button\" data-id=\"17d50f7\" data-element_type=\"widget\" data-settings=\"{&quot;_animation&quot;:&quot;fadeInUp&quot;,&quot;_animation_delay&quot;:600}\" data-widget_type=\"button.default\">\n\t\t\t\t<div class=\"elementor-widget-container\">\n\t\t\t\t\t\t\t\t\t<div class=\"elementor-button-wrapper\">\n\t\t\t\t\t<a class=\"elementor-button elementor-button-link elementor-size-sm\" href=\"https:\/\/www.paintboothlights.com\/\" target=\"_blank\">\n\t\t\t\t\t\t<span class=\"elementor-button-content-wrapper\">\n\t\t\t\t\t\t<span class=\"elementor-button-icon\">\n\t\t\t\t<svg xmlns=\"http:\/\/www.w3.org\/2000\/svg\" width=\"16\" height=\"16\" viewbox=\"0 0 16 16\" fill=\"none\"><path d=\"M0.292893 14.2929C-0.0976311 14.6834 -0.0976311 15.3166 0.292893 15.7071C0.683418 16.0976 1.31658 16.0976 1.70711 15.7071L0.292893 14.2929ZM16 0.999999C16 0.447715 15.5523 -2.87362e-07 15 -5.40243e-07L6 2.60547e-07C5.44772 -7.66277e-08 5 0.447715 5 1C5 1.55228 5.44772 2 6 2L14 2L14 10C14 10.5523 14.4477 11 15 11C15.5523 11 16 10.5523 16 10L16 0.999999ZM1.70711 15.7071L15.7071 1.70711L14.2929 0.292893L0.292893 14.2929L1.70711 15.7071Z\" fill=\"white\"><\/path><\/svg>\t\t\t<\/span>\n\t\t\t\t\t\t\t\t\t<span class=\"elementor-button-text\">Haga clic aqu\u00ed para comprar luces para cabinas de pintura.<\/span>\n\t\t\t\t\t<\/span>\n\t\t\t\t\t<\/a>\n\t\t\t\t<\/div>\n\t\t\t\t\t\t\t\t<\/div>\n\t\t\t\t<\/div>\n\t\t\t\t<div class=\"elementor-element elementor-element-8d46de2 elementor-widget__width-initial elementor-invisible elementor-widget elementor-widget-heading\" data-id=\"8d46de2\" data-element_type=\"widget\" data-settings=\"{&quot;_animation&quot;:&quot;fadeInUp&quot;}\" data-widget_type=\"heading.default\">\n\t\t\t\t<div class=\"elementor-widget-container\">\n\t\t\t\t\t<p class=\"elementor-heading-title elementor-size-default\">Luminarias LED para cabinas de pintura<\/p>\t\t\t\t<\/div>\n\t\t\t\t<\/div>\n\t\t\t\t<div class=\"elementor-element elementor-element-4bff7f8 whtcutl elementor-invisible elementor-widget elementor-widget-button\" data-id=\"4bff7f8\" data-element_type=\"widget\" data-settings=\"{&quot;_animation&quot;:&quot;fadeInUp&quot;,&quot;_animation_delay&quot;:600}\" data-widget_type=\"button.default\">\n\t\t\t\t<div class=\"elementor-widget-container\">\n\t\t\t\t\t\t\t\t\t<div class=\"elementor-button-wrapper\">\n\t\t\t\t\t<a class=\"elementor-button elementor-button-link elementor-size-sm\" href=\"https:\/\/www.paintboothlights.com\/led-c1d2-recess-mount\/\">\n\t\t\t\t\t\t<span class=\"elementor-button-content-wrapper\">\n\t\t\t\t\t\t<span class=\"elementor-button-icon\">\n\t\t\t\t<svg xmlns=\"http:\/\/www.w3.org\/2000\/svg\" width=\"16\" height=\"16\" viewbox=\"0 0 16 16\" fill=\"none\"><path d=\"M0.292893 14.2929C-0.0976311 14.6834 -0.0976311 15.3166 0.292893 15.7071C0.683418 16.0976 1.31658 16.0976 1.70711 15.7071L0.292893 14.2929ZM16 0.999999C16 0.447715 15.5523 -2.87362e-07 15 -5.40243e-07L6 2.60547e-07C5.44772 -7.66277e-08 5 0.447715 5 1C5 1.55228 5.44772 2 6 2L14 2L14 10C14 10.5523 14.4477 11 15 11C15.5523 11 16 10.5523 16 10L16 0.999999ZM1.70711 15.7071L15.7071 1.70711L14.2929 0.292893L0.292893 14.2929L1.70711 15.7071Z\" fill=\"white\"><\/path><\/svg>\t\t\t<\/span>\n\t\t\t\t\t\t\t\t\t<span class=\"elementor-button-text\">M\u00e1s informaci\u00f3n sobre luminarias LED<\/span>\n\t\t\t\t\t<\/span>\n\t\t\t\t\t<\/a>\n\t\t\t\t<\/div>\n\t\t\t\t\t\t\t\t<\/div>\n\t\t\t\t<\/div>\n\t\t\t\t<div class=\"elementor-element elementor-element-3a25509 readmoree elementor-widget__width-initial elementor-widget elementor-widget-ucaddon_toggle_text_button\" data-id=\"3a25509\" data-element_type=\"widget\" data-widget_type=\"ucaddon_toggle_text_button.default\">\n\t\t\t\t<div class=\"elementor-widget-container\">\n\t\t\t\t\t\n<!-- start Toggle Text Button -->\n<style>\/* widget: Toggle Text Button *\/\n\n#uc_toggle_text_button_elementor_3a25509 .read_more{\n  text-decoration:none;\n  font-size:14px;\n  color:white;\n  transition:0.3s;\n}\n\n<\/style>\n\n<div id=\"uc_toggle_text_button_elementor_3a25509\" class=\"toggle_text_button\"> \n  \n  <div class=\"short_txt\"><p>Ninguna cabina de pintura est\u00e1 completa sin una iluminaci\u00f3n adecuada. Eche un vistazo a nuestras luminarias m\u00e1s populares: aunque hay muchas opciones en el mercado, estas series se han adaptado para ofrecerle la mejor relaci\u00f3n calidad-precio y la iluminaci\u00f3n m\u00e1s constante a lo largo del tiempo.<\/p><p>Uno de los culpables de las interrupciones por mantenimiento son las luminarias de la cabina de pintura. Sin una iluminaci\u00f3n adecuada, puede sufrir el costo financiero de tener que volver a realizar el trabajo.<\/p><p>Podemos mantener el color y los l\u00famenes de las bombillas de sus luminarias con un brillo constante. Podemos renovar sus antiguas luminarias T-12 o T-8 con la \u00faltima tecnolog\u00eda en cabinas: luces LED. Las luces LED para cabinas de pintura ser\u00e1n una mejora \u00fanica, ya que estas bombillas durar\u00e1n aproximadamente 50,000 horas.<\/p><p>La vida \u00fatil de las luces LED elimina las conjeturas a la hora de calcular cu\u00e1nto tiempo mantendr\u00e1 su luminaria un brillo constante. Menos mantenimiento significa que ya no habr\u00e1 cajas de bombillas viejas y polvorientas por todas partes en sus instalaciones y, lo que es m\u00e1s importante, las luces LED brillar\u00e1n con intensidad y mantendr\u00e1n el mismo color hasta que dejen de producir luz. Ahora solo tiene que mantener su cabina limpia y centrarse en pintar.<\/p><\/div>   \n  <div class=\"long_txt\" style=\"display:none;\"><p>Ninguna cabina de pintura est\u00e1 completa sin una iluminaci\u00f3n adecuada. Eche un vistazo a nuestras luminarias m\u00e1s populares: aunque hay muchas opciones en el mercado, estas series se han adaptado para ofrecerle la mejor relaci\u00f3n calidad-precio y la iluminaci\u00f3n m\u00e1s constante a lo largo del tiempo.<\/p><p>Uno de los culpables de las interrupciones por mantenimiento son las luminarias de la cabina de pintura. Sin una iluminaci\u00f3n adecuada, puede sufrir el costo financiero de tener que volver a realizar el trabajo.<\/p><p>Podemos mantener el color y los l\u00famenes de las bombillas de sus luminarias con un brillo constante. Podemos sustituir su antigua luminaria T-12 por una nueva T-8, o actualizarla con lo \u00faltimo en tecnolog\u00eda para cabinas: luces LED. Las luces LED para cabinas de pintura ser\u00e1n una actualizaci\u00f3n \u00fanica, ya que estas bombillas durar\u00e1n aproximadamente 50,000 horas.<\/p><p>La vida \u00fatil de las luces LED elimina las conjeturas a la hora de calcular cu\u00e1nto tiempo mantendr\u00e1 su luminaria un brillo constante. Menos mantenimiento significa que ya no habr\u00e1 cajas de bombillas viejas y polvorientas por todas partes en sus instalaciones y, lo que es m\u00e1s importante, las luces LED brillar\u00e1n con intensidad y mantendr\u00e1n el mismo color hasta que se apaguen. Ahora solo tiene que mantener limpio su taller y centrarse en pintar.<\/p><p>Tenga en cuenta que las luminarias LED tienen un menor costo de funcionamiento y duran unas 5000 horas. Si no solo est\u00e1 comprando bombillas de repuesto para las luminarias que ya tiene, las luces LED son una excelente opci\u00f3n a considerar, ya que requieren poco mantenimiento y ofrecen un alto rendimiento en su tienda.<\/p><p>Si no est\u00e1 seguro de las especificaciones que necesita para su cabina, como el nivel de CRI, los l\u00famenes y la clasificaci\u00f3n Kelvin, consulte a su proveedor de pintura o al fabricante de la cabina. Siempre puede llamarnos y le ayudaremos a iluminar su camino hacia una cabina bien iluminada. Llame al\u00a0<a href=\"tel:833-552-6684\">833-552-6684<\/a>\u00a0y hable hoy mismo con un especialista. \u00a1Estamos aqu\u00ed para ayudarle!<\/p><p>Consejos r\u00e1pidos:<\/p><ul><li>Una bombilla fluorescente pierde color y l\u00famenes cada d\u00eda, a diferencia de una bombilla incandescente, que seguir\u00e1 brillando con la misma intensidad que el primer d\u00eda en que se encendi\u00f3. Si solo sustituye una bombilla fundida cada vez en la l\u00e1mpara, el color y los l\u00famenes no coincidir\u00e1n, ya que las luces se van apagando con el tiempo, incluso si todas las bombillas son de la misma marca y tienen el mismo n\u00famero de referencia.<\/li><li>Compre siempre suficientes luces para reemplazar todas las bombillas fluorescentes, aunque solo se haya fundido una. Es imprescindible cambiar todas las bombillas al mismo tiempo y llevar un registro de cu\u00e1ndo las cambia.<\/li><li>Si reemplaza todas las l\u00e1mparas de una luminaria al mismo tiempo y todas las bombillas de su cabina de pintura una vez al a\u00f1o, evitar\u00e1 resultados de acabado inconsistentes. No puede enviar a sus pintores a una cueva y esperar que hagan un trabajo perfecto, \u00bfverdad? Una bombilla decente cuesta menos de $200 por una caja de 30. Considere el mantenimiento de la iluminaci\u00f3n como un control de calidad econ\u00f3mico para su productividad.<\/li><\/ul><\/div>  \n  \n  <div style=\"text-align:center;\">  \n    <a href=\"javascript:void(0)\" class=\"read_more\">\n      <span class=\"btn_txt_before_click\"><\/span>\n      <span class=\"btn_txt_after_click\" style=\"display:none;\"><\/span>\n    <\/a>  \n  <\/div>  \n<\/div>\n<!-- end Toggle Text Button -->\t\t\t\t<\/div>\n\t\t\t\t<\/div>\n\t\t\t\t<div class=\"elementor-element elementor-element-edd5085 elementor-widget__width-initial elementor-invisible elementor-widget elementor-widget-heading\" data-id=\"edd5085\" data-element_type=\"widget\" data-settings=\"{&quot;_animation&quot;:&quot;fadeInUp&quot;}\" data-widget_type=\"heading.default\">\n\t\t\t\t<div class=\"elementor-widget-container\">\n\t\t\t\t\t<p class=\"elementor-heading-title elementor-size-default\">Luminarias para cabina de pintura T8<\/p>\t\t\t\t<\/div>\n\t\t\t\t<\/div>\n\t\t\t\t<div class=\"elementor-element elementor-element-4c80df1 whtcutl elementor-invisible elementor-widget elementor-widget-button\" data-id=\"4c80df1\" data-element_type=\"widget\" data-settings=\"{&quot;_animation&quot;:&quot;fadeInUp&quot;,&quot;_animation_delay&quot;:600}\" data-widget_type=\"button.default\">\n\t\t\t\t<div class=\"elementor-widget-container\">\n\t\t\t\t\t\t\t\t\t<div class=\"elementor-button-wrapper\">\n\t\t\t\t\t<a class=\"elementor-button elementor-button-link elementor-size-sm\" href=\"https:\/\/paintbooth.formstack.com\/forms\/untitled_form\">\n\t\t\t\t\t\t<span class=\"elementor-button-content-wrapper\">\n\t\t\t\t\t\t<span class=\"elementor-button-icon\">\n\t\t\t\t<svg xmlns=\"http:\/\/www.w3.org\/2000\/svg\" width=\"16\" height=\"16\" viewbox=\"0 0 16 16\" fill=\"none\"><path d=\"M0.292893 14.2929C-0.0976311 14.6834 -0.0976311 15.3166 0.292893 15.7071C0.683418 16.0976 1.31658 16.0976 1.70711 15.7071L0.292893 14.2929ZM16 0.999999C16 0.447715 15.5523 -2.87362e-07 15 -5.40243e-07L6 2.60547e-07C5.44772 -7.66277e-08 5 0.447715 5 1C5 1.55228 5.44772 2 6 2L14 2L14 10C14 10.5523 14.4477 11 15 11C15.5523 11 16 10.5523 16 10L16 0.999999ZM1.70711 15.7071L15.7071 1.70711L14.2929 0.292893L0.292893 14.2929L1.70711 15.7071Z\" fill=\"white\"><\/path><\/svg>\t\t\t<\/span>\n\t\t\t\t\t\t\t\t\t<span class=\"elementor-button-text\">\u00a1Obtenga hoy mismo un presupuesto gratuito para la iluminaci\u00f3n de su cabina de pintura!<\/span>\n\t\t\t\t\t<\/span>\n\t\t\t\t\t<\/a>\n\t\t\t\t<\/div>\n\t\t\t\t\t\t\t\t<\/div>\n\t\t\t\t<\/div>\n\t\t\t\t<\/div>\n\t\t<div class=\"elementor-element elementor-element-1144c6c e-con-full e-flex e-con e-child\" data-id=\"1144c6c\" data-element_type=\"container\">\n\t\t\t\t<div class=\"elementor-element elementor-element-5375951 elementor-invisible elementor-widget elementor-widget-image\" data-id=\"5375951\" data-element_type=\"widget\" data-settings=\"{&quot;_animation&quot;:&quot;fadeInRight&quot;}\" data-widget_type=\"image.default\">\n\t\t\t\t<div class=\"elementor-widget-container\">\n\t\t\t\t\t\t\t\t\t\t\t\t\t\t\t<img fetchpriority=\"high\" decoding=\"async\" width=\"800\" height=\"800\" src=\"https:\/\/www.paintbooth.com\/wp-content\/uploads\/2024\/11\/LE485E-2-Row.png\" class=\"attachment-full size-full wp-image-13609\" alt=\"Luminaria LED de alta eficiencia para cabinas de pintura\" srcset=\"https:\/\/www.paintbooth.com\/wp-content\/uploads\/2024\/11\/LE485E-2-Row.png 800w, https:\/\/www.paintbooth.com\/wp-content\/uploads\/2024\/11\/LE485E-2-Row-300x300.png 300w, https:\/\/www.paintbooth.com\/wp-content\/uploads\/2024\/11\/LE485E-2-Row-150x150.png 150w, https:\/\/www.paintbooth.com\/wp-content\/uploads\/2024\/11\/LE485E-2-Row-768x768.png 768w\" sizes=\"(max-width: 800px) 100vw, 800px\" \/>\t\t\t\t\t\t\t\t\t\t\t\t\t\t\t<\/div>\n\t\t\t\t<\/div>\n\t\t\t\t<\/div>\n\t\t\t\t<\/div>\n\t\t\t\t\t<\/div>\n\t\t\t\t<\/div>\n\t\t\t\t<\/div>","protected":false},"excerpt":{"rendered":"<p>Luminarias para cabinas de pintura Haga clic aqu\u00ed para comprar luces para cabinas de pintura Luminarias LED para cabinas de pintura M\u00e1s informaci\u00f3n sobre las luminarias LED Ninguna cabina de pintura est\u00e1 completa sin una iluminaci\u00f3n adecuada. Eche un vistazo a nuestras luminarias m\u00e1s populares: aunque hay muchas opciones en el mercado, estas series se han adaptado para ofrecerle [\u2026]<\/p>","protected":false},"author":1,"featured_media":0,"parent":0,"menu_order":0,"comment_status":"closed","ping_status":"closed","template":"elementor_header_footer","meta":{"footnotes":""},"class_list":["post-3217","page","type-page","status-publish","hentry"],"yoast_head":"<!-- This site is optimized with the Yoast SEO plugin v26.9 - https:\/\/yoast.com\/product\/yoast-seo-wordpress\/ -->\n<title>Paint Booth Led Light Fixtures | Paint Booth<\/title>\n<meta name=\"description\" content=\"Explore paint booth led light fixtures from Paint Booth. Review system details, application fit, and request a quote for a solution built around your workflow.\" \/>\n<meta name=\"robots\" content=\"index, follow, max-snippet:-1, max-image-preview:large, max-video-preview:-1\" \/>\n<link rel=\"canonical\" href=\"https:\/\/www.paintbooth.com\/es\/luminarias-para-cabinas-de-pintura\/\" \/>\n<meta property=\"og:locale\" content=\"es_MX\" \/>\n<meta property=\"og:type\" content=\"article\" \/>\n<meta property=\"og:title\" content=\"Paint Booth Led Light Fixtures | Paint Booth\" \/>\n<meta property=\"og:description\" content=\"Explore paint booth led light fixtures from Paint Booth. Review system details, application fit, and request a quote for a solution built around your workflow.\" \/>\n<meta property=\"og:url\" content=\"https:\/\/www.paintbooth.com\/es\/luminarias-para-cabinas-de-pintura\/\" \/>\n<meta property=\"og:site_name\" content=\"Paintbooth.com\" \/>\n<meta property=\"article:publisher\" content=\"https:\/\/www.facebook.com\/paintspraybooths\/\" \/>\n<meta property=\"article:modified_time\" content=\"2026-03-06T01:55:40+00:00\" \/>\n<meta property=\"og:image\" content=\"https:\/\/www.paintbooth.com\/wp-content\/uploads\/2024\/11\/LE485E-2-Row.png\" \/>\n\t<meta property=\"og:image:width\" content=\"800\" \/>\n\t<meta property=\"og:image:height\" content=\"800\" \/>\n\t<meta property=\"og:image:type\" content=\"image\/png\" \/>\n<meta name=\"twitter:card\" content=\"summary_large_image\" \/>\n<meta name=\"twitter:site\" content=\"@PaintBooth\" \/>\n<meta name=\"twitter:label1\" content=\"Tiempo de lectura\" \/>\n\t<meta name=\"twitter:data1\" content=\"4 minutos\" \/>\n<script type=\"application\/ld+json\" class=\"yoast-schema-graph\">{\"@context\":\"https:\/\/schema.org\",\"@graph\":[{\"@type\":\"WebPage\",\"@id\":\"https:\/\/www.paintbooth.com\/paint-booth-lighting-fixtures\/\",\"url\":\"https:\/\/www.paintbooth.com\/paint-booth-lighting-fixtures\/\",\"name\":\"Paint Booth Led Light Fixtures | Paint Booth\",\"isPartOf\":{\"@id\":\"https:\/\/www.paintbooth.com\/#website\"},\"primaryImageOfPage\":{\"@id\":\"https:\/\/www.paintbooth.com\/paint-booth-lighting-fixtures\/#primaryimage\"},\"image\":{\"@id\":\"https:\/\/www.paintbooth.com\/paint-booth-lighting-fixtures\/#primaryimage\"},\"thumbnailUrl\":\"https:\/\/www.paintbooth.com\/wp-content\/uploads\/2024\/11\/LE485E-2-Row.png\",\"datePublished\":\"2017-06-26T18:52:28+00:00\",\"dateModified\":\"2026-03-06T01:55:40+00:00\",\"description\":\"Explore paint booth led light fixtures from Paint Booth. Review system details, application fit, and request a quote for a solution built around your workflow.\",\"breadcrumb\":{\"@id\":\"https:\/\/www.paintbooth.com\/paint-booth-lighting-fixtures\/#breadcrumb\"},\"inLanguage\":\"es\",\"potentialAction\":[{\"@type\":\"ReadAction\",\"target\":[\"https:\/\/www.paintbooth.com\/paint-booth-lighting-fixtures\/\"]}]},{\"@type\":\"ImageObject\",\"inLanguage\":\"es\",\"@id\":\"https:\/\/www.paintbooth.com\/paint-booth-lighting-fixtures\/#primaryimage\",\"url\":\"https:\/\/www.paintbooth.com\/wp-content\/uploads\/2024\/11\/LE485E-2-Row.png\",\"contentUrl\":\"https:\/\/www.paintbooth.com\/wp-content\/uploads\/2024\/11\/LE485E-2-Row.png\"},{\"@type\":\"BreadcrumbList\",\"@id\":\"https:\/\/www.paintbooth.com\/paint-booth-lighting-fixtures\/#breadcrumb\",\"itemListElement\":[{\"@type\":\"ListItem\",\"position\":1,\"name\":\"Home\",\"item\":\"https:\/\/www.paintbooth.com\/\"},{\"@type\":\"ListItem\",\"position\":2,\"name\":\"Paint Booth Lighting Fixtures\"}]},{\"@type\":\"WebSite\",\"@id\":\"https:\/\/www.paintbooth.com\/#website\",\"url\":\"https:\/\/www.paintbooth.com\/\",\"name\":\"Paintbooth.com\",\"description\":\"Affordable Quality Paint Booths-Finishing Equipment\",\"potentialAction\":[{\"@type\":\"SearchAction\",\"target\":{\"@type\":\"EntryPoint\",\"urlTemplate\":\"https:\/\/www.paintbooth.com\/?s={search_term_string}\"},\"query-input\":{\"@type\":\"PropertyValueSpecification\",\"valueRequired\":true,\"valueName\":\"search_term_string\"}}],\"inLanguage\":\"es\"}]}<\/script>\n<!-- \/ Yoast SEO plugin. -->","yoast_head_json":{"title":"Luminarias LED para cabinas de pintura | Cabina de pintura","description":"Explore los accesorios de iluminaci\u00f3n LED para cabinas de pintura de Paint Booth. Revise los detalles del sistema, la idoneidad de la aplicaci\u00f3n y solicite un presupuesto para una soluci\u00f3n adaptada a su flujo de trabajo.","robots":{"index":"index","follow":"follow","max-snippet":"max-snippet:-1","max-image-preview":"max-image-preview:large","max-video-preview":"max-video-preview:-1"},"canonical":"https:\/\/www.paintbooth.com\/es\/luminarias-para-cabinas-de-pintura\/","og_locale":"es_MX","og_type":"article","og_title":"Paint Booth Led Light Fixtures | Paint Booth","og_description":"Explore paint booth led light fixtures from Paint Booth. Review system details, application fit, and request a quote for a solution built around your workflow.","og_url":"https:\/\/www.paintbooth.com\/es\/luminarias-para-cabinas-de-pintura\/","og_site_name":"Paintbooth.com","article_publisher":"https:\/\/www.facebook.com\/paintspraybooths\/","article_modified_time":"2026-03-06T01:55:40+00:00","og_image":[{"width":800,"height":800,"url":"https:\/\/www.paintbooth.com\/wp-content\/uploads\/2024\/11\/LE485E-2-Row.png","type":"image\/png"}],"twitter_card":"summary_large_image","twitter_site":"@PaintBooth","twitter_misc":{"Tiempo de lectura":"4 minutos"},"schema":{"@context":"https:\/\/schema.org","@graph":[{"@type":"WebPage","@id":"https:\/\/www.paintbooth.com\/paint-booth-lighting-fixtures\/","url":"https:\/\/www.paintbooth.com\/paint-booth-lighting-fixtures\/","name":"Luminarias LED para cabinas de pintura | Cabina de pintura","isPartOf":{"@id":"https:\/\/www.paintbooth.com\/#website"},"primaryImageOfPage":{"@id":"https:\/\/www.paintbooth.com\/paint-booth-lighting-fixtures\/#primaryimage"},"image":{"@id":"https:\/\/www.paintbooth.com\/paint-booth-lighting-fixtures\/#primaryimage"},"thumbnailUrl":"https:\/\/www.paintbooth.com\/wp-content\/uploads\/2024\/11\/LE485E-2-Row.png","datePublished":"2017-06-26T18:52:28+00:00","dateModified":"2026-03-06T01:55:40+00:00","description":"Explore los accesorios de iluminaci\u00f3n LED para cabinas de pintura de Paint Booth. Revise los detalles del sistema, la idoneidad de la aplicaci\u00f3n y solicite un presupuesto para una soluci\u00f3n adaptada a su flujo de trabajo.","breadcrumb":{"@id":"https:\/\/www.paintbooth.com\/paint-booth-lighting-fixtures\/#breadcrumb"},"inLanguage":"es","potentialAction":[{"@type":"ReadAction","target":["https:\/\/www.paintbooth.com\/paint-booth-lighting-fixtures\/"]}]},{"@type":"ImageObject","inLanguage":"es","@id":"https:\/\/www.paintbooth.com\/paint-booth-lighting-fixtures\/#primaryimage","url":"https:\/\/www.paintbooth.com\/wp-content\/uploads\/2024\/11\/LE485E-2-Row.png","contentUrl":"https:\/\/www.paintbooth.com\/wp-content\/uploads\/2024\/11\/LE485E-2-Row.png"},{"@type":"BreadcrumbList","@id":"https:\/\/www.paintbooth.com\/paint-booth-lighting-fixtures\/#breadcrumb","itemListElement":[{"@type":"ListItem","position":1,"name":"Home","item":"https:\/\/www.paintbooth.com\/"},{"@type":"ListItem","position":2,"name":"Paint Booth Lighting Fixtures"}]},{"@type":"WebSite","@id":"https:\/\/www.paintbooth.com\/#website","url":"https:\/\/www.paintbooth.com\/","name":"Paintbooth.com","description":"Cabinas de pintura de calidad asequibles: equipos de acabado","potentialAction":[{"@type":"SearchAction","target":{"@type":"EntryPoint","urlTemplate":"https:\/\/www.paintbooth.com\/?s={search_term_string}"},"query-input":{"@type":"PropertyValueSpecification","valueRequired":true,"valueName":"search_term_string"}}],"inLanguage":"es"}]}},"_links":{"self":[{"href":"https:\/\/www.paintbooth.com\/es\/wp-json\/wp\/v2\/pages\/3217","targetHints":{"allow":["GET"]}}],"collection":[{"href":"https:\/\/www.paintbooth.com\/es\/wp-json\/wp\/v2\/pages"}],"about":[{"href":"https:\/\/www.paintbooth.com\/es\/wp-json\/wp\/v2\/types\/page"}],"author":[{"embeddable":true,"href":"https:\/\/www.paintbooth.com\/es\/wp-json\/wp\/v2\/users\/1"}],"replies":[{"embeddable":true,"href":"https:\/\/www.paintbooth.com\/es\/wp-json\/wp\/v2\/comments?post=3217"}],"version-history":[{"count":33,"href":"https:\/\/www.paintbooth.com\/es\/wp-json\/wp\/v2\/pages\/3217\/revisions"}],"predecessor-version":[{"id":14878,"href":"https:\/\/www.paintbooth.com\/es\/wp-json\/wp\/v2\/pages\/3217\/revisions\/14878"}],"wp:attachment":[{"href":"https:\/\/www.paintbooth.com\/es\/wp-json\/wp\/v2\/media?parent=3217"}],"curies":[{"name":"wp","href":"https:\/\/api.w.org\/{rel}","templated":true}]}}