{"id":3235,"date":"2017-06-26T18:55:56","date_gmt":"2017-06-26T18:55:56","guid":{"rendered":"https:\/\/www.paintbooth.com\/?page_id=3235"},"modified":"2024-11-19T07:33:06","modified_gmt":"2024-11-19T12:33:06","slug":"luminarias-led-delgadas-y-ligeras-para-cabinas-de-pintura","status":"publish","type":"page","link":"https:\/\/www.paintbooth.com\/es\/luminarias-led-delgadas-y-ligeras-para-cabinas-de-pintura\/","title":{"rendered":"Luminarias LED delgadas y ligeras para cabinas de pintura"},"content":{"rendered":"<div data-elementor-type=\"wp-page\" data-elementor-id=\"3235\" class=\"elementor elementor-3235\" data-elementor-post-type=\"page\">\n\t\t\t\t<div class=\"elementor-element elementor-element-4621294 e-flex e-con-boxed e-con e-parent\" data-id=\"4621294\" data-element_type=\"container\" data-settings=\"{&quot;background_background&quot;:&quot;classic&quot;}\">\n\t\t\t\t\t<div class=\"e-con-inner\">\n\t\t\t\t<div class=\"elementor-element elementor-element-62a8d4d elementor-widget__width-initial elementor-invisible elementor-widget elementor-widget-heading\" data-id=\"62a8d4d\" data-element_type=\"widget\" data-settings=\"{&quot;_animation&quot;:&quot;fadeInUp&quot;}\" data-widget_type=\"heading.default\">\n\t\t\t\t<div class=\"elementor-widget-container\">\n\t\t\t\t\t<h1 class=\"elementor-heading-title elementor-size-default\">Luminarias LED delgadas y ligeras para cabinas de pintura<\/h1>\t\t\t\t<\/div>\n\t\t\t\t<\/div>\n\t\t\t\t\t<\/div>\n\t\t\t\t<\/div>\n\t\t<div class=\"elementor-element elementor-element-26259ed e-flex e-con-boxed e-con e-parent\" data-id=\"26259ed\" data-element_type=\"container\" data-settings=\"{&quot;background_background&quot;:&quot;classic&quot;}\">\n\t\t\t\t\t<div class=\"e-con-inner\">\n\t\t<div class=\"elementor-element elementor-element-5cf5880 e-con-full e-flex e-con e-child\" data-id=\"5cf5880\" data-element_type=\"container\">\n\t\t<div class=\"elementor-element elementor-element-823257f e-con-full e-flex e-con e-child\" data-id=\"823257f\" data-element_type=\"container\">\n\t\t\t\t<div class=\"elementor-element elementor-element-2e1c7d1 whtcutl elementor-invisible elementor-widget elementor-widget-button\" data-id=\"2e1c7d1\" data-element_type=\"widget\" data-settings=\"{&quot;_animation&quot;:&quot;fadeInUp&quot;,&quot;_animation_delay&quot;:600}\" data-widget_type=\"button.default\">\n\t\t\t\t<div class=\"elementor-widget-container\">\n\t\t\t\t\t\t\t\t\t<div class=\"elementor-button-wrapper\">\n\t\t\t\t\t<a class=\"elementor-button elementor-button-link elementor-size-sm\" href=\"https:\/\/www.paintboothlights.com\/\" target=\"_blank\">\n\t\t\t\t\t\t<span class=\"elementor-button-content-wrapper\">\n\t\t\t\t\t\t<span class=\"elementor-button-icon\">\n\t\t\t\t<svg xmlns=\"http:\/\/www.w3.org\/2000\/svg\" width=\"16\" height=\"16\" viewbox=\"0 0 16 16\" fill=\"none\"><path d=\"M0.292893 14.2929C-0.0976311 14.6834 -0.0976311 15.3166 0.292893 15.7071C0.683418 16.0976 1.31658 16.0976 1.70711 15.7071L0.292893 14.2929ZM16 0.999999C16 0.447715 15.5523 -2.87362e-07 15 -5.40243e-07L6 2.60547e-07C5.44772 -7.66277e-08 5 0.447715 5 1C5 1.55228 5.44772 2 6 2L14 2L14 10C14 10.5523 14.4477 11 15 11C15.5523 11 16 10.5523 16 10L16 0.999999ZM1.70711 15.7071L15.7071 1.70711L14.2929 0.292893L0.292893 14.2929L1.70711 15.7071Z\" fill=\"white\"><\/path><\/svg>\t\t\t<\/span>\n\t\t\t\t\t\t\t\t\t<span class=\"elementor-button-text\">Haga clic aqu\u00ed para comprar luces para cabinas de pintura.<\/span>\n\t\t\t\t\t<\/span>\n\t\t\t\t\t<\/a>\n\t\t\t\t<\/div>\n\t\t\t\t\t\t\t\t<\/div>\n\t\t\t\t<\/div>\n\t\t\t\t<div class=\"elementor-element elementor-element-95af062 readmoree elementor-widget__width-initial elementor-widget elementor-widget-ucaddon_toggle_text_button\" data-id=\"95af062\" data-element_type=\"widget\" data-widget_type=\"ucaddon_toggle_text_button.default\">\n\t\t\t\t<div class=\"elementor-widget-container\">\n\t\t\t\t\t\n<!-- start Toggle Text Button -->\n<style>\/* widget: Toggle Text Button *\/\n\n#uc_toggle_text_button_elementor_95af062 .read_more{\n  text-decoration:none;\n  font-size:14px;\n  color:white;\n  transition:0.3s;\n}\n\n<\/style>\n\n<div id=\"uc_toggle_text_button_elementor_95af062\" class=\"toggle_text_button\"> \n  \n  <div class=\"short_txt\"><h2 id=\"ProductOverview\"><strong>Descripci\u00f3n general del producto<\/strong><\/h2><p>La serie Slim Light LED est\u00e1 disponible en modelos de 2, 4 y 6 l\u00e1mparas. La serie Slim Light LED cuenta con una carcasa de acero con recubrimiento de polvo blanco de 20 Ga. con un grosor de solo 2 \u00bc\u201d. La serie Slim LED est\u00e1 disponible como luminaria de 4\u2019 con opciones de 2, 4 y 6 l\u00e1mparas LED, se puede fabricar con balastos de factor de balasto bajo, est\u00e1ndar y alto, y est\u00e1 disponible con LED de 4000 y 5000K. Esta serie cuenta con un conjunto de lente con puerta frontal abatible con un interruptor de corte de pintura cuando se abre. Esta luminaria debe instalarse con el lado de la bisagra hacia arriba cuando se monta horizontalmente. L\u00e1mparas LED incluidas.<\/p><h3 id=\"Features\">Caracter\u00edsticas<\/h3><p>Construcci\u00f3n de acero calibre 20 con recubrimiento de polvo blanco.<br \/>que crea un acabado duradero y altamente reflectante.<br \/>Conjunto de lente frontal con bisagra para un acceso c\u00f3modo<br \/>Su profundidad de 2 1\/4\u201d minimiza el espacio necesario en la cabina de pintura para el accesorio.<br \/>40% + ahorro energ\u00e9tico en comparaci\u00f3n con las l\u00e1mparas fluorescentes F32 T8<br \/>50,000 horas<\/p><\/div>   \n  <div class=\"long_txt\" style=\"display:none;\"><h2 id=\"ProductOverview\"><strong>Descripci\u00f3n general del producto<\/strong><\/h2><p>La serie Slim Light LED est\u00e1 disponible en modelos de 2, 4 y 6 l\u00e1mparas. La serie Slim Light LED cuenta con una carcasa de acero con recubrimiento de polvo blanco de 20 Ga. con un grosor de solo 2 \u00bc\u201d. La serie Slim LED est\u00e1 disponible como luminaria de 4\u2019 con opciones de 2, 4 y 6 l\u00e1mparas LED, se puede fabricar con balastos de factor de balasto bajo, est\u00e1ndar y alto, y est\u00e1 disponible con LED de 4000 y 5000K. Esta serie cuenta con un conjunto de lente con puerta frontal abatible con un interruptor de corte de pintura cuando se abre. Esta luminaria debe instalarse con el lado de la bisagra hacia arriba cuando se monta horizontalmente. L\u00e1mparas LED incluidas.<\/p><h3 id=\"Features\">Caracter\u00edsticas<\/h3><p>Construcci\u00f3n de acero calibre 20 con recubrimiento de polvo blanco.<br \/>que crea un acabado duradero y altamente reflectante.<br \/>Conjunto de lente frontal con bisagra para un acceso c\u00f3modo<br \/>Su profundidad de 2 1\/4\u201d minimiza el espacio necesario en la cabina de pintura para el accesorio.<br \/>40% + ahorro energ\u00e9tico en comparaci\u00f3n con las l\u00e1mparas fluorescentes F32 T8<br \/>50,000 horas<\/p><h4 id=\"Lens\">Lente<\/h4><p>Vidrio templado transparente de 3\/16\u201d<\/p><h5 id=\"Performance\">Rendimiento<\/h5><p>L: Factor de lastre bajo Lastre de 25 a 75 vatios<br \/>(2800 \u2013 8700 l\u00famenes)<br \/>S: Factor de lastre est\u00e1ndar Lastre 29 \u2013 87 vatios<br \/>(3200 \u2013 9900 l\u00famenes)<br \/>H: Factor de lastre alto Lastre 37 \u2013 111 vatios<br \/>(3700 \u2013 12000 l\u00famenes)<br \/>120 \u2013 277 voltios<\/p><h6 id=\"Note\">Nota<\/h6><p>Los interruptores magn\u00e9ticos normalmente abiertos est\u00e1n dise\u00f1ados para activar un rel\u00e9.<br \/>(proporcionado por terceros) que desactiva el sistema de pintura. Debido al peque\u00f1o<br \/>capacidad del interruptor, se recomienda un rel\u00e9 de estado s\u00f3lido. Puede ser conveniente<br \/>por otros para utilizar una fuente de alimentaci\u00f3n independiente para segregar el rel\u00e9<br \/>(suministrado por terceros) de la fuente de alimentaci\u00f3n de iluminaci\u00f3n.<br \/>\u00a1El interruptor magn\u00e9tico NO est\u00e1 dise\u00f1ado para controlar directamente el funcionamiento de la luz!<br \/>El interruptor magn\u00e9tico tiene una potencia nominal de 10 vatios resistivos a un m\u00e1ximo de 300 VCA.<\/p><h6 id=\"MoreInformation\">M\u00e1s informaci\u00f3n<\/h6><p>Precauci\u00f3n<\/p><p>La sobrecarga de los circuitos del interruptor provocar\u00e1 fallas.<br \/>Recomendamos contar con un electricista\/ingeniero certificado.<br \/>Revise las cargas para asegurarse de que no se produzca una sobrecarga del interruptor.<\/p><h6 id=\"ULClassListings\">UL \/ Listados de clases<\/h6><p>Clase I Divisi\u00f3n 2<br \/>Clase II, Divisi\u00f3n 2<br \/>Serie: LED delgado y ligero<\/p><p>390420-LED<br \/>390440-LED<br \/>390460-LED<br \/>Opciones: LED delgado \u2013 Fuente<\/p><p>H: Alto factor de lastre<br \/>L: Factor de lastre bajo<br \/>S: Factor de lastre est\u00e1ndar<br \/>Opciones: LED delgado \u2013 CCT<\/p><p>4: 4000 K<br \/>5: 5000 K<br \/>Serie Slim Light<\/p><p>5902: L\u00e1tigo de 3 hilos de 8 pies incluido<\/p><\/div>  \n  \n  <div style=\"text-align:center;\">  \n    <a href=\"javascript:void(0)\" class=\"read_more\">\n      <span class=\"btn_txt_before_click\"><span  class=\"uc_style_toggle_text_button_elementor_button_text\" style=\"color:#0168C9;\">Leer m\u00e1s<\/span><\/span>\n      <span class=\"btn_txt_after_click\" style=\"display:none;\"><span  class=\"uc_style_toggle_text_button_elementor_button_text_close\" style=\"color:#0168C9;\">Leer menos<\/span><\/span>\n    <\/a>  \n  <\/div>  \n<\/div>\n<!-- end Toggle Text Button -->\t\t\t\t<\/div>\n\t\t\t\t<\/div>\n\t\t\t\t<div class=\"elementor-element elementor-element-32d98a2 whtcutl elementor-invisible elementor-widget elementor-widget-button\" data-id=\"32d98a2\" data-element_type=\"widget\" data-settings=\"{&quot;_animation&quot;:&quot;fadeInUp&quot;,&quot;_animation_delay&quot;:600}\" data-widget_type=\"button.default\">\n\t\t\t\t<div class=\"elementor-widget-container\">\n\t\t\t\t\t\t\t\t\t<div class=\"elementor-button-wrapper\">\n\t\t\t\t\t<a class=\"elementor-button elementor-button-link elementor-size-sm\" href=\"https:\/\/paintbooth.formstack.com\/forms\/untitled_form\">\n\t\t\t\t\t\t<span class=\"elementor-button-content-wrapper\">\n\t\t\t\t\t\t<span class=\"elementor-button-icon\">\n\t\t\t\t<svg xmlns=\"http:\/\/www.w3.org\/2000\/svg\" width=\"16\" height=\"16\" viewbox=\"0 0 16 16\" fill=\"none\"><path d=\"M0.292893 14.2929C-0.0976311 14.6834 -0.0976311 15.3166 0.292893 15.7071C0.683418 16.0976 1.31658 16.0976 1.70711 15.7071L0.292893 14.2929ZM16 0.999999C16 0.447715 15.5523 -2.87362e-07 15 -5.40243e-07L6 2.60547e-07C5.44772 -7.66277e-08 5 0.447715 5 1C5 1.55228 5.44772 2 6 2L14 2L14 10C14 10.5523 14.4477 11 15 11C15.5523 11 16 10.5523 16 10L16 0.999999ZM1.70711 15.7071L15.7071 1.70711L14.2929 0.292893L0.292893 14.2929L1.70711 15.7071Z\" fill=\"white\"><\/path><\/svg>\t\t\t<\/span>\n\t\t\t\t\t\t\t\t\t<span class=\"elementor-button-text\">Solicite un presupuesto gratuito para luminarias<\/span>\n\t\t\t\t\t<\/span>\n\t\t\t\t\t<\/a>\n\t\t\t\t<\/div>\n\t\t\t\t\t\t\t\t<\/div>\n\t\t\t\t<\/div>\n\t\t\t\t<\/div>\n\t\t<div class=\"elementor-element elementor-element-bb7f647 e-con-full e-flex e-con e-child\" data-id=\"bb7f647\" data-element_type=\"container\">\n\t\t\t\t<div class=\"elementor-element elementor-element-7eca1fe elementor-invisible elementor-widget elementor-widget-image\" data-id=\"7eca1fe\" data-element_type=\"widget\" data-settings=\"{&quot;_animation&quot;:&quot;fadeInRight&quot;}\" data-widget_type=\"image.default\">\n\t\t\t\t<div class=\"elementor-widget-container\">\n\t\t\t\t\t\t\t\t\t\t\t\t\t\t\t<img fetchpriority=\"high\" decoding=\"async\" width=\"800\" height=\"800\" src=\"https:\/\/www.paintbooth.com\/wp-content\/uploads\/2024\/11\/LE485E-2-Row.png\" class=\"attachment-full size-full wp-image-13609\" alt=\"Luminaria LED de alta eficiencia para cabinas de pintura\" srcset=\"https:\/\/www.paintbooth.com\/wp-content\/uploads\/2024\/11\/LE485E-2-Row.png 800w, https:\/\/www.paintbooth.com\/wp-content\/uploads\/2024\/11\/LE485E-2-Row-300x300.png 300w, https:\/\/www.paintbooth.com\/wp-content\/uploads\/2024\/11\/LE485E-2-Row-150x150.png 150w, https:\/\/www.paintbooth.com\/wp-content\/uploads\/2024\/11\/LE485E-2-Row-768x768.png 768w\" sizes=\"(max-width: 800px) 100vw, 800px\" \/>\t\t\t\t\t\t\t\t\t\t\t\t\t\t\t<\/div>\n\t\t\t\t<\/div>\n\t\t\t\t<\/div>\n\t\t\t\t<\/div>\n\t\t\t\t\t<\/div>\n\t\t\t\t<\/div>\n\t\t\t\t<\/div>","protected":false},"excerpt":{"rendered":"<p>Slim Light LED Series Paint Booth Light Fixtures Click Here to Buy Paint Booth Lights Product Overview The Slim Light LED Series is available in 2, 4 and 6-Lamp models. The Slim Light LED Series features a 20 Ga. white powder coat steel housing that is only 2 \u00bc\u201d thick. The Slim LED Series is [&hellip;]<\/p>","protected":false},"author":1,"featured_media":0,"parent":0,"menu_order":0,"comment_status":"closed","ping_status":"closed","template":"elementor_header_footer","meta":{"footnotes":""},"class_list":["post-3235","page","type-page","status-publish","hentry"],"yoast_head":"<!-- This site is optimized with the Yoast SEO plugin v26.9 - https:\/\/yoast.com\/product\/yoast-seo-wordpress\/ -->\n<title>Paint Booth Lights | Paint Booth<\/title>\n<meta name=\"description\" content=\"Explore paint booth lights from Paint Booth. Review system details, application fit, and request a quote for a solution built around your workflow.\" \/>\n<meta name=\"robots\" content=\"index, follow, max-snippet:-1, max-image-preview:large, max-video-preview:-1\" \/>\n<link rel=\"canonical\" href=\"https:\/\/www.paintbooth.com\/es\/luminarias-led-delgadas-y-ligeras-para-cabinas-de-pintura\/\" \/>\n<meta property=\"og:locale\" content=\"es_MX\" \/>\n<meta property=\"og:type\" content=\"article\" \/>\n<meta property=\"og:title\" content=\"Paint Booth Lights | Paint Booth\" \/>\n<meta property=\"og:description\" content=\"Explore paint booth lights from Paint Booth. Review system details, application fit, and request a quote for a solution built around your workflow.\" \/>\n<meta property=\"og:url\" content=\"https:\/\/www.paintbooth.com\/es\/luminarias-led-delgadas-y-ligeras-para-cabinas-de-pintura\/\" \/>\n<meta property=\"og:site_name\" content=\"Paintbooth.com\" \/>\n<meta property=\"article:publisher\" content=\"https:\/\/www.facebook.com\/paintspraybooths\/\" \/>\n<meta property=\"article:modified_time\" content=\"2024-11-19T12:33:06+00:00\" \/>\n<meta property=\"og:image\" content=\"https:\/\/www.paintbooth.com\/wp-content\/uploads\/2024\/11\/LE485E-2-Row.png\" \/>\n\t<meta property=\"og:image:width\" content=\"800\" \/>\n\t<meta property=\"og:image:height\" content=\"800\" \/>\n\t<meta property=\"og:image:type\" content=\"image\/png\" \/>\n<meta name=\"twitter:card\" content=\"summary_large_image\" \/>\n<meta name=\"twitter:site\" content=\"@PaintBooth\" \/>\n<meta name=\"twitter:label1\" content=\"Tiempo de lectura\" \/>\n\t<meta name=\"twitter:data1\" content=\"3 minutos\" \/>\n<script type=\"application\/ld+json\" class=\"yoast-schema-graph\">{\"@context\":\"https:\/\/schema.org\",\"@graph\":[{\"@type\":\"WebPage\",\"@id\":\"https:\/\/www.paintbooth.com\/slim-light-led-series-paint-booth-light-fixtures\/\",\"url\":\"https:\/\/www.paintbooth.com\/slim-light-led-series-paint-booth-light-fixtures\/\",\"name\":\"Paint Booth Lights | Paint Booth\",\"isPartOf\":{\"@id\":\"https:\/\/www.paintbooth.com\/#website\"},\"primaryImageOfPage\":{\"@id\":\"https:\/\/www.paintbooth.com\/slim-light-led-series-paint-booth-light-fixtures\/#primaryimage\"},\"image\":{\"@id\":\"https:\/\/www.paintbooth.com\/slim-light-led-series-paint-booth-light-fixtures\/#primaryimage\"},\"thumbnailUrl\":\"https:\/\/www.paintbooth.com\/wp-content\/uploads\/2024\/11\/LE485E-2-Row.png\",\"datePublished\":\"2017-06-26T18:55:56+00:00\",\"dateModified\":\"2024-11-19T12:33:06+00:00\",\"description\":\"Explore paint booth lights from Paint Booth. Review system details, application fit, and request a quote for a solution built around your workflow.\",\"breadcrumb\":{\"@id\":\"https:\/\/www.paintbooth.com\/slim-light-led-series-paint-booth-light-fixtures\/#breadcrumb\"},\"inLanguage\":\"es\",\"potentialAction\":[{\"@type\":\"ReadAction\",\"target\":[\"https:\/\/www.paintbooth.com\/slim-light-led-series-paint-booth-light-fixtures\/\"]}]},{\"@type\":\"ImageObject\",\"inLanguage\":\"es\",\"@id\":\"https:\/\/www.paintbooth.com\/slim-light-led-series-paint-booth-light-fixtures\/#primaryimage\",\"url\":\"https:\/\/www.paintbooth.com\/wp-content\/uploads\/2024\/11\/LE485E-2-Row.png\",\"contentUrl\":\"https:\/\/www.paintbooth.com\/wp-content\/uploads\/2024\/11\/LE485E-2-Row.png\"},{\"@type\":\"BreadcrumbList\",\"@id\":\"https:\/\/www.paintbooth.com\/slim-light-led-series-paint-booth-light-fixtures\/#breadcrumb\",\"itemListElement\":[{\"@type\":\"ListItem\",\"position\":1,\"name\":\"Home\",\"item\":\"https:\/\/www.paintbooth.com\/\"},{\"@type\":\"ListItem\",\"position\":2,\"name\":\"Slim Light LED Series Paint Booth Light Fixtures\"}]},{\"@type\":\"WebSite\",\"@id\":\"https:\/\/www.paintbooth.com\/#website\",\"url\":\"https:\/\/www.paintbooth.com\/\",\"name\":\"Paintbooth.com\",\"description\":\"Affordable Quality Paint Booths-Finishing Equipment\",\"potentialAction\":[{\"@type\":\"SearchAction\",\"target\":{\"@type\":\"EntryPoint\",\"urlTemplate\":\"https:\/\/www.paintbooth.com\/?s={search_term_string}\"},\"query-input\":{\"@type\":\"PropertyValueSpecification\",\"valueRequired\":true,\"valueName\":\"search_term_string\"}}],\"inLanguage\":\"es\"}]}<\/script>\n<!-- \/ Yoast SEO plugin. -->","yoast_head_json":{"title":"Luces para cabinas de pintura | Cabinas de pintura","description":"Explore las luces para cabinas de pintura de Paint Booth. Revise los detalles del sistema, la idoneidad de la aplicaci\u00f3n y solicite un presupuesto para una soluci\u00f3n adaptada a su flujo de trabajo.","robots":{"index":"index","follow":"follow","max-snippet":"max-snippet:-1","max-image-preview":"max-image-preview:large","max-video-preview":"max-video-preview:-1"},"canonical":"https:\/\/www.paintbooth.com\/es\/luminarias-led-delgadas-y-ligeras-para-cabinas-de-pintura\/","og_locale":"es_MX","og_type":"article","og_title":"Paint Booth Lights | Paint Booth","og_description":"Explore paint booth lights from Paint Booth. Review system details, application fit, and request a quote for a solution built around your workflow.","og_url":"https:\/\/www.paintbooth.com\/es\/luminarias-led-delgadas-y-ligeras-para-cabinas-de-pintura\/","og_site_name":"Paintbooth.com","article_publisher":"https:\/\/www.facebook.com\/paintspraybooths\/","article_modified_time":"2024-11-19T12:33:06+00:00","og_image":[{"width":800,"height":800,"url":"https:\/\/www.paintbooth.com\/wp-content\/uploads\/2024\/11\/LE485E-2-Row.png","type":"image\/png"}],"twitter_card":"summary_large_image","twitter_site":"@PaintBooth","twitter_misc":{"Tiempo de lectura":"3 minutos"},"schema":{"@context":"https:\/\/schema.org","@graph":[{"@type":"WebPage","@id":"https:\/\/www.paintbooth.com\/slim-light-led-series-paint-booth-light-fixtures\/","url":"https:\/\/www.paintbooth.com\/slim-light-led-series-paint-booth-light-fixtures\/","name":"Luces para cabinas de pintura | Cabinas de pintura","isPartOf":{"@id":"https:\/\/www.paintbooth.com\/#website"},"primaryImageOfPage":{"@id":"https:\/\/www.paintbooth.com\/slim-light-led-series-paint-booth-light-fixtures\/#primaryimage"},"image":{"@id":"https:\/\/www.paintbooth.com\/slim-light-led-series-paint-booth-light-fixtures\/#primaryimage"},"thumbnailUrl":"https:\/\/www.paintbooth.com\/wp-content\/uploads\/2024\/11\/LE485E-2-Row.png","datePublished":"2017-06-26T18:55:56+00:00","dateModified":"2024-11-19T12:33:06+00:00","description":"Explore las luces para cabinas de pintura de Paint Booth. Revise los detalles del sistema, la idoneidad de la aplicaci\u00f3n y solicite un presupuesto para una soluci\u00f3n adaptada a su flujo de trabajo.","breadcrumb":{"@id":"https:\/\/www.paintbooth.com\/slim-light-led-series-paint-booth-light-fixtures\/#breadcrumb"},"inLanguage":"es","potentialAction":[{"@type":"ReadAction","target":["https:\/\/www.paintbooth.com\/slim-light-led-series-paint-booth-light-fixtures\/"]}]},{"@type":"ImageObject","inLanguage":"es","@id":"https:\/\/www.paintbooth.com\/slim-light-led-series-paint-booth-light-fixtures\/#primaryimage","url":"https:\/\/www.paintbooth.com\/wp-content\/uploads\/2024\/11\/LE485E-2-Row.png","contentUrl":"https:\/\/www.paintbooth.com\/wp-content\/uploads\/2024\/11\/LE485E-2-Row.png"},{"@type":"BreadcrumbList","@id":"https:\/\/www.paintbooth.com\/slim-light-led-series-paint-booth-light-fixtures\/#breadcrumb","itemListElement":[{"@type":"ListItem","position":1,"name":"Home","item":"https:\/\/www.paintbooth.com\/"},{"@type":"ListItem","position":2,"name":"Slim Light LED Series Paint Booth Light Fixtures"}]},{"@type":"WebSite","@id":"https:\/\/www.paintbooth.com\/#website","url":"https:\/\/www.paintbooth.com\/","name":"Paintbooth.com","description":"Cabinas de pintura de calidad asequibles: equipos de acabado","potentialAction":[{"@type":"SearchAction","target":{"@type":"EntryPoint","urlTemplate":"https:\/\/www.paintbooth.com\/?s={search_term_string}"},"query-input":{"@type":"PropertyValueSpecification","valueRequired":true,"valueName":"search_term_string"}}],"inLanguage":"es"}]}},"_links":{"self":[{"href":"https:\/\/www.paintbooth.com\/es\/wp-json\/wp\/v2\/pages\/3235","targetHints":{"allow":["GET"]}}],"collection":[{"href":"https:\/\/www.paintbooth.com\/es\/wp-json\/wp\/v2\/pages"}],"about":[{"href":"https:\/\/www.paintbooth.com\/es\/wp-json\/wp\/v2\/types\/page"}],"author":[{"embeddable":true,"href":"https:\/\/www.paintbooth.com\/es\/wp-json\/wp\/v2\/users\/1"}],"replies":[{"embeddable":true,"href":"https:\/\/www.paintbooth.com\/es\/wp-json\/wp\/v2\/comments?post=3235"}],"version-history":[{"count":26,"href":"https:\/\/www.paintbooth.com\/es\/wp-json\/wp\/v2\/pages\/3235\/revisions"}],"predecessor-version":[{"id":13624,"href":"https:\/\/www.paintbooth.com\/es\/wp-json\/wp\/v2\/pages\/3235\/revisions\/13624"}],"wp:attachment":[{"href":"https:\/\/www.paintbooth.com\/es\/wp-json\/wp\/v2\/media?parent=3235"}],"curies":[{"name":"wp","href":"https:\/\/api.w.org\/{rel}","templated":true}]}}