{"id":3247,"date":"2017-06-26T19:05:33","date_gmt":"2017-06-26T19:05:33","guid":{"rendered":"https:\/\/www.paintbooth.com\/?page_id=3247"},"modified":"2024-11-19T07:15:21","modified_gmt":"2024-11-19T12:15:21","slug":"luminarias-para-cabina-de-pintura-ldpi-t8","status":"publish","type":"page","link":"https:\/\/www.paintbooth.com\/es\/luminarias-para-cabina-de-pintura-ldpi-t8\/","title":{"rendered":"Luminarias para cabinas de pintura LDPI"},"content":{"rendered":"<div data-elementor-type=\"wp-page\" data-elementor-id=\"3247\" class=\"elementor elementor-3247\" data-elementor-post-type=\"page\">\n\t\t\t\t<div class=\"elementor-element elementor-element-4a651de e-flex e-con-boxed e-con e-parent\" data-id=\"4a651de\" data-element_type=\"container\" data-settings=\"{&quot;background_background&quot;:&quot;classic&quot;}\">\n\t\t\t\t\t<div class=\"e-con-inner\">\n\t\t\t\t<div class=\"elementor-element elementor-element-968ba10 elementor-widget__width-initial elementor-invisible elementor-widget elementor-widget-heading\" data-id=\"968ba10\" data-element_type=\"widget\" data-settings=\"{&quot;_animation&quot;:&quot;fadeInUp&quot;}\" data-widget_type=\"heading.default\">\n\t\t\t\t<div class=\"elementor-widget-container\">\n\t\t\t\t\t<h1 class=\"elementor-heading-title elementor-size-default\">Luminarias para cabinas de pintura LDPI<\/h1>\t\t\t\t<\/div>\n\t\t\t\t<\/div>\n\t\t\t\t\t<\/div>\n\t\t\t\t<\/div>\n\t\t<div class=\"elementor-element elementor-element-1209bd7 e-flex e-con-boxed e-con e-parent\" data-id=\"1209bd7\" data-element_type=\"container\" data-settings=\"{&quot;background_background&quot;:&quot;classic&quot;}\">\n\t\t\t\t\t<div class=\"e-con-inner\">\n\t\t<div class=\"elementor-element elementor-element-a813dde e-con-full e-flex e-con e-child\" data-id=\"a813dde\" data-element_type=\"container\">\n\t\t<div class=\"elementor-element elementor-element-dc8ae6c e-con-full e-flex e-con e-child\" data-id=\"dc8ae6c\" data-element_type=\"container\">\n\t\t\t\t<div class=\"elementor-element elementor-element-bd046a8 whtcutl elementor-invisible elementor-widget elementor-widget-button\" data-id=\"bd046a8\" data-element_type=\"widget\" data-settings=\"{&quot;_animation&quot;:&quot;fadeInUp&quot;,&quot;_animation_delay&quot;:600}\" data-widget_type=\"button.default\">\n\t\t\t\t<div class=\"elementor-widget-container\">\n\t\t\t\t\t\t\t\t\t<div class=\"elementor-button-wrapper\">\n\t\t\t\t\t<a class=\"elementor-button elementor-button-link elementor-size-sm\" href=\"https:\/\/www.paintboothlights.com\/\" target=\"_blank\">\n\t\t\t\t\t\t<span class=\"elementor-button-content-wrapper\">\n\t\t\t\t\t\t<span class=\"elementor-button-icon\">\n\t\t\t\t<svg xmlns=\"http:\/\/www.w3.org\/2000\/svg\" width=\"16\" height=\"16\" viewbox=\"0 0 16 16\" fill=\"none\"><path d=\"M0.292893 14.2929C-0.0976311 14.6834 -0.0976311 15.3166 0.292893 15.7071C0.683418 16.0976 1.31658 16.0976 1.70711 15.7071L0.292893 14.2929ZM16 0.999999C16 0.447715 15.5523 -2.87362e-07 15 -5.40243e-07L6 2.60547e-07C5.44772 -7.66277e-08 5 0.447715 5 1C5 1.55228 5.44772 2 6 2L14 2L14 10C14 10.5523 14.4477 11 15 11C15.5523 11 16 10.5523 16 10L16 0.999999ZM1.70711 15.7071L15.7071 1.70711L14.2929 0.292893L0.292893 14.2929L1.70711 15.7071Z\" fill=\"white\"><\/path><\/svg>\t\t\t<\/span>\n\t\t\t\t\t\t\t\t\t<span class=\"elementor-button-text\">Haga clic aqu\u00ed para comprar luces para cabinas de pintura.<\/span>\n\t\t\t\t\t<\/span>\n\t\t\t\t\t<\/a>\n\t\t\t\t<\/div>\n\t\t\t\t\t\t\t\t<\/div>\n\t\t\t\t<\/div>\n\t\t\t\t<div class=\"elementor-element elementor-element-cc883f7 readmoree elementor-widget__width-initial elementor-widget elementor-widget-ucaddon_toggle_text_button\" data-id=\"cc883f7\" data-element_type=\"widget\" data-widget_type=\"ucaddon_toggle_text_button.default\">\n\t\t\t\t<div class=\"elementor-widget-container\">\n\t\t\t\t\t\n<!-- start Toggle Text Button -->\n<style>\/* widget: Toggle Text Button *\/\n\n#uc_toggle_text_button_elementor_cc883f7 .read_more{\n  text-decoration:none;\n  font-size:14px;\n  color:white;\n  transition:0.3s;\n}\n\n<\/style>\n\n<div id=\"uc_toggle_text_button_elementor_cc883f7\" class=\"toggle_text_button\"> \n  \n  <div class=\"short_txt\"><h2 id=\"ProductOverview\"><strong>Descripci\u00f3n general del producto<\/strong><\/h2><p>Esta l\u00e1mpara de acceso frontal de 1,2 metros est\u00e1 disponible en modelos de 2, 4 o 6 l\u00e1mparas.<br \/>Utiliza l\u00e1mparas T5, T5HO, T8 o T8HLO (no incluidas).<br \/>. Disponible en 120, 277 y 347 voltios. M\u00faltiples voltajes disponibles, consulte con la f\u00e1brica.<br \/>. Disponible en alta potencia lum\u00ednica.<br \/>. Acceso frontal\/interior para facilitar el cambio de l\u00e1mparas.<br \/>. Listado para ubicaciones con dep\u00f3sitos de residuos de pintura f\u00e1cilmente inflamables.<br \/>. Su dise\u00f1o compacto (profundidad de montaje de 2 1\/4\u2033) permite su instalaci\u00f3n en paneles aislantes.<br \/>. Construcci\u00f3n de acero de calibre 20, con acabado de esmalte blanco al horno.,<br \/>crea un accesorio duradero y altamente reflectante<br \/>. El panel de la puerta con bisagras de vidrio templado de seguridad transparente garantiza una larga vida \u00fatil.,<br \/>Sello duradero contra el vapor y el polvo.<br \/>. Para aplicaciones en cabinas de pulverizaci\u00f3n.<br \/>. Portal\u00e1mparas con resorte para reducir los golpes y las vibraciones.<br \/>. Incorpora un balasto electr\u00f3nico para un mayor ahorro energ\u00e9tico.<br \/>. El dise\u00f1o de montaje en panel ofrece un m\u00e9todo de instalaci\u00f3n sencillo pero eficaz.<br \/>. Cuenta con un interruptor de enclavamiento que se debe cablear de tal manera que se desactive.<br \/>equipo de pintura en aerosol cuando se abre el panel de la puerta de acceso frontal<\/p><\/div>   \n  <div class=\"long_txt\" style=\"display:none;\"><h2 id=\"ProductOverview\"><strong>Descripci\u00f3n general del producto<\/strong><\/h2><p>Esta l\u00e1mpara de acceso frontal de 1,2 metros est\u00e1 disponible en modelos de 2, 4 o 6 l\u00e1mparas.<br \/>Disponible en 32 vatios T8<br \/>. Disponible en 120, 277 y 347 voltios. M\u00faltiples voltajes disponibles, consulte con la f\u00e1brica.<br \/>. Disponible en alta potencia lum\u00ednica.<br \/>. Acceso frontal\/interior para facilitar el cambio de l\u00e1mparas.<br \/>. Listado para ubicaciones con dep\u00f3sitos de residuos de pintura f\u00e1cilmente inflamables.<br \/>. Su dise\u00f1o compacto (profundidad de montaje de 2 1\/4\u2033) permite su instalaci\u00f3n en paneles aislantes.<br \/>. Construcci\u00f3n de acero de calibre 20, con acabado de esmalte blanco al horno.,<br \/>crea un accesorio duradero y altamente reflectante<br \/>. El panel de la puerta con bisagras de vidrio templado de seguridad transparente garantiza una larga vida \u00fatil.,<br \/>Sello duradero contra el vapor y el polvo.<br \/>. Para aplicaciones en cabinas de pulverizaci\u00f3n.<br \/>. Portal\u00e1mparas con resorte para reducir los golpes y las vibraciones.<br \/>. Cuenta con un balasto electr\u00f3nico T8 para un mayor ahorro energ\u00e9tico.<br \/>. El dise\u00f1o de montaje en panel ofrece un m\u00e9todo de instalaci\u00f3n sencillo pero eficaz.<br \/>. Cuenta con un interruptor de enclavamiento que se debe cablear de tal manera que se desactive.<br \/>equipo de pintura en aerosol cuando se abre el panel de la puerta de acceso frontal<\/p><h3 id=\"ULClassListings\">UL \/ Listados de clases<\/h3><p>. Aplicaci\u00f3n: Clase I Divisi\u00f3n 2; Clase II Divisi\u00f3n 2; Cabina de pintura.<br \/>.Certificado ETL y certificado ETL-C en Canad\u00e1.<br \/>.Clase I, Divisi\u00f3n 2, Grupos A, B, C y D<br \/>.Clase II, Divisi\u00f3n 2, Grupos F y G<br \/>.Cumple con los requisitos de la norma NFPA-33 para acceso interior.<br \/>. Bombillas vendidas por separado.<\/p><h4 id=\"OPTIONS\">OPCIONES:<\/h4><p>Todas las opciones se solicitan por separado.<br \/>EM: Balasto de respaldo con bater\u00eda de emergencia<br \/>5902: L\u00e1tigo de 8 pies y 5 cables<br \/>Soporte para esquina\/cadera #4714 (disponible SOLO para el accesorio 390440J-3546)<\/p><\/div>  \n  \n  <div style=\"text-align:center;\">  \n    <a href=\"javascript:void(0)\" class=\"read_more\">\n      <span class=\"btn_txt_before_click\"><span  class=\"uc_style_toggle_text_button_elementor_button_text\" style=\"color:#0168C9;\">Leer m\u00e1s<\/span><\/span>\n      <span class=\"btn_txt_after_click\" style=\"display:none;\"><span  class=\"uc_style_toggle_text_button_elementor_button_text_close\" style=\"color:#0168C9;\">Leer menos<\/span><\/span>\n    <\/a>  \n  <\/div>  \n<\/div>\n<!-- end Toggle Text Button -->\t\t\t\t<\/div>\n\t\t\t\t<\/div>\n\t\t\t\t<div class=\"elementor-element elementor-element-646610e whtcutl elementor-invisible elementor-widget elementor-widget-button\" data-id=\"646610e\" data-element_type=\"widget\" data-settings=\"{&quot;_animation&quot;:&quot;fadeInUp&quot;,&quot;_animation_delay&quot;:600}\" data-widget_type=\"button.default\">\n\t\t\t\t<div class=\"elementor-widget-container\">\n\t\t\t\t\t\t\t\t\t<div class=\"elementor-button-wrapper\">\n\t\t\t\t\t<a class=\"elementor-button elementor-button-link elementor-size-sm\" href=\"https:\/\/paintbooth.formstack.com\/forms\/untitled_form\">\n\t\t\t\t\t\t<span class=\"elementor-button-content-wrapper\">\n\t\t\t\t\t\t<span class=\"elementor-button-icon\">\n\t\t\t\t<svg xmlns=\"http:\/\/www.w3.org\/2000\/svg\" width=\"16\" height=\"16\" viewbox=\"0 0 16 16\" fill=\"none\"><path d=\"M0.292893 14.2929C-0.0976311 14.6834 -0.0976311 15.3166 0.292893 15.7071C0.683418 16.0976 1.31658 16.0976 1.70711 15.7071L0.292893 14.2929ZM16 0.999999C16 0.447715 15.5523 -2.87362e-07 15 -5.40243e-07L6 2.60547e-07C5.44772 -7.66277e-08 5 0.447715 5 1C5 1.55228 5.44772 2 6 2L14 2L14 10C14 10.5523 14.4477 11 15 11C15.5523 11 16 10.5523 16 10L16 0.999999ZM1.70711 15.7071L15.7071 1.70711L14.2929 0.292893L0.292893 14.2929L1.70711 15.7071Z\" fill=\"white\"><\/path><\/svg>\t\t\t<\/span>\n\t\t\t\t\t\t\t\t\t<span class=\"elementor-button-text\">Solicite un presupuesto gratuito para luminarias<\/span>\n\t\t\t\t\t<\/span>\n\t\t\t\t\t<\/a>\n\t\t\t\t<\/div>\n\t\t\t\t\t\t\t\t<\/div>\n\t\t\t\t<\/div>\n\t\t\t\t<\/div>\n\t\t<div class=\"elementor-element elementor-element-20e3bb1 e-con-full e-flex e-con e-child\" data-id=\"20e3bb1\" data-element_type=\"container\">\n\t\t\t\t<div class=\"elementor-element elementor-element-a9ffd3d elementor-invisible elementor-widget elementor-widget-image\" data-id=\"a9ffd3d\" data-element_type=\"widget\" data-settings=\"{&quot;_animation&quot;:&quot;fadeInRight&quot;}\" data-widget_type=\"image.default\">\n\t\t\t\t<div class=\"elementor-widget-container\">\n\t\t\t\t\t\t\t\t\t\t\t\t\t\t\t<img fetchpriority=\"high\" decoding=\"async\" width=\"768\" height=\"492\" src=\"https:\/\/www.paintbooth.com\/wp-content\/uploads\/2024\/05\/The-Slim-Light-LED-Series-from-LDPI-768x492-1.jpg\" class=\"attachment-full size-full wp-image-7278\" alt=\"Luminaria fluorescente para cabina de pintura con cubierta protectora\" srcset=\"https:\/\/www.paintbooth.com\/wp-content\/uploads\/2024\/05\/The-Slim-Light-LED-Series-from-LDPI-768x492-1.jpg 768w, https:\/\/www.paintbooth.com\/wp-content\/uploads\/2024\/05\/The-Slim-Light-LED-Series-from-LDPI-768x492-1-300x192.jpg 300w\" sizes=\"(max-width: 768px) 100vw, 768px\" \/>\t\t\t\t\t\t\t\t\t\t\t\t\t\t\t<\/div>\n\t\t\t\t<\/div>\n\t\t\t\t<\/div>\n\t\t\t\t<\/div>\n\t\t\t\t\t<\/div>\n\t\t\t\t<\/div>\n\t\t\t\t<\/div>","protected":false},"excerpt":{"rendered":"<p>LDPI Paint Booth Light Fixtures Click Here to Buy Paint Booth Lights Product Overview This 4-foot front access lamp fixture is available in 2, 4 or 6-Lamp models.Uses T5, T5HO, T8 or T8HLO lamps (not included). Available in 120, 277, &amp; 347 volts \u2013 Multiple voltages available, consult factory. Available in high light output. Front [&hellip;]<\/p>","protected":false},"author":1,"featured_media":0,"parent":0,"menu_order":0,"comment_status":"closed","ping_status":"closed","template":"elementor_header_footer","meta":{"footnotes":""},"class_list":["post-3247","page","type-page","status-publish","hentry"],"yoast_head":"<!-- This site is optimized with the Yoast SEO plugin v26.9 - https:\/\/yoast.com\/product\/yoast-seo-wordpress\/ -->\n<title>Ldpi Paint Booth Light Fixtures | Paint Booth<\/title>\n<meta name=\"description\" content=\"Explore ldpi paint booth light fixtures from Paint Booth. Review system details, application fit, and request a quote for a solution built around your workflow.\" \/>\n<meta name=\"robots\" content=\"index, follow, max-snippet:-1, max-image-preview:large, max-video-preview:-1\" \/>\n<link rel=\"canonical\" href=\"https:\/\/www.paintbooth.com\/es\/luminarias-para-cabina-de-pintura-ldpi-t8\/\" \/>\n<meta property=\"og:locale\" content=\"es_MX\" \/>\n<meta property=\"og:type\" content=\"article\" \/>\n<meta property=\"og:title\" content=\"Ldpi Paint Booth Light Fixtures | Paint Booth\" \/>\n<meta property=\"og:description\" content=\"Explore ldpi paint booth light fixtures from Paint Booth. Review system details, application fit, and request a quote for a solution built around your workflow.\" \/>\n<meta property=\"og:url\" content=\"https:\/\/www.paintbooth.com\/es\/luminarias-para-cabina-de-pintura-ldpi-t8\/\" \/>\n<meta property=\"og:site_name\" content=\"Paintbooth.com\" \/>\n<meta property=\"article:publisher\" content=\"https:\/\/www.facebook.com\/paintspraybooths\/\" \/>\n<meta property=\"article:modified_time\" content=\"2024-11-19T12:15:21+00:00\" \/>\n<meta property=\"og:image\" content=\"https:\/\/www.paintbooth.com\/wp-content\/uploads\/2024\/05\/The-Slim-Light-LED-Series-from-LDPI-768x492-1.jpg\" \/>\n\t<meta property=\"og:image:width\" content=\"768\" \/>\n\t<meta property=\"og:image:height\" content=\"492\" \/>\n\t<meta property=\"og:image:type\" content=\"image\/jpeg\" \/>\n<meta name=\"twitter:card\" content=\"summary_large_image\" \/>\n<meta name=\"twitter:site\" content=\"@PaintBooth\" \/>\n<meta name=\"twitter:label1\" content=\"Tiempo de lectura\" \/>\n\t<meta name=\"twitter:data1\" content=\"2 minutos\" \/>\n<script type=\"application\/ld+json\" class=\"yoast-schema-graph\">{\"@context\":\"https:\/\/schema.org\",\"@graph\":[{\"@type\":\"WebPage\",\"@id\":\"https:\/\/www.paintbooth.com\/ldpi-t8-paint-booth-light-fixtures\/\",\"url\":\"https:\/\/www.paintbooth.com\/ldpi-t8-paint-booth-light-fixtures\/\",\"name\":\"Ldpi Paint Booth Light Fixtures | Paint Booth\",\"isPartOf\":{\"@id\":\"https:\/\/www.paintbooth.com\/#website\"},\"primaryImageOfPage\":{\"@id\":\"https:\/\/www.paintbooth.com\/ldpi-t8-paint-booth-light-fixtures\/#primaryimage\"},\"image\":{\"@id\":\"https:\/\/www.paintbooth.com\/ldpi-t8-paint-booth-light-fixtures\/#primaryimage\"},\"thumbnailUrl\":\"https:\/\/www.paintbooth.com\/wp-content\/uploads\/2024\/05\/The-Slim-Light-LED-Series-from-LDPI-768x492-1.jpg\",\"datePublished\":\"2017-06-26T19:05:33+00:00\",\"dateModified\":\"2024-11-19T12:15:21+00:00\",\"description\":\"Explore ldpi paint booth light fixtures from Paint Booth. Review system details, application fit, and request a quote for a solution built around your workflow.\",\"breadcrumb\":{\"@id\":\"https:\/\/www.paintbooth.com\/ldpi-t8-paint-booth-light-fixtures\/#breadcrumb\"},\"inLanguage\":\"es\",\"potentialAction\":[{\"@type\":\"ReadAction\",\"target\":[\"https:\/\/www.paintbooth.com\/ldpi-t8-paint-booth-light-fixtures\/\"]}]},{\"@type\":\"ImageObject\",\"inLanguage\":\"es\",\"@id\":\"https:\/\/www.paintbooth.com\/ldpi-t8-paint-booth-light-fixtures\/#primaryimage\",\"url\":\"https:\/\/www.paintbooth.com\/wp-content\/uploads\/2024\/05\/The-Slim-Light-LED-Series-from-LDPI-768x492-1.jpg\",\"contentUrl\":\"https:\/\/www.paintbooth.com\/wp-content\/uploads\/2024\/05\/The-Slim-Light-LED-Series-from-LDPI-768x492-1.jpg\"},{\"@type\":\"BreadcrumbList\",\"@id\":\"https:\/\/www.paintbooth.com\/ldpi-t8-paint-booth-light-fixtures\/#breadcrumb\",\"itemListElement\":[{\"@type\":\"ListItem\",\"position\":1,\"name\":\"Home\",\"item\":\"https:\/\/www.paintbooth.com\/\"},{\"@type\":\"ListItem\",\"position\":2,\"name\":\"LDPI Paint Booth Light Fixtures\"}]},{\"@type\":\"WebSite\",\"@id\":\"https:\/\/www.paintbooth.com\/#website\",\"url\":\"https:\/\/www.paintbooth.com\/\",\"name\":\"Paintbooth.com\",\"description\":\"Affordable Quality Paint Booths-Finishing Equipment\",\"potentialAction\":[{\"@type\":\"SearchAction\",\"target\":{\"@type\":\"EntryPoint\",\"urlTemplate\":\"https:\/\/www.paintbooth.com\/?s={search_term_string}\"},\"query-input\":{\"@type\":\"PropertyValueSpecification\",\"valueRequired\":true,\"valueName\":\"search_term_string\"}}],\"inLanguage\":\"es\"}]}<\/script>\n<!-- \/ Yoast SEO plugin. -->","yoast_head_json":{"title":"L\u00e1mparas para cabinas de pintura Ldpi | Cabina de pintura","description":"Explore las luminarias ldpi para cabinas de pintura de Paint Booth. Revise los detalles del sistema, la idoneidad de la aplicaci\u00f3n y solicite un presupuesto para una soluci\u00f3n adaptada a su flujo de trabajo.","robots":{"index":"index","follow":"follow","max-snippet":"max-snippet:-1","max-image-preview":"max-image-preview:large","max-video-preview":"max-video-preview:-1"},"canonical":"https:\/\/www.paintbooth.com\/es\/luminarias-para-cabina-de-pintura-ldpi-t8\/","og_locale":"es_MX","og_type":"article","og_title":"Ldpi Paint Booth Light Fixtures | Paint Booth","og_description":"Explore ldpi paint booth light fixtures from Paint Booth. Review system details, application fit, and request a quote for a solution built around your workflow.","og_url":"https:\/\/www.paintbooth.com\/es\/luminarias-para-cabina-de-pintura-ldpi-t8\/","og_site_name":"Paintbooth.com","article_publisher":"https:\/\/www.facebook.com\/paintspraybooths\/","article_modified_time":"2024-11-19T12:15:21+00:00","og_image":[{"width":768,"height":492,"url":"https:\/\/www.paintbooth.com\/wp-content\/uploads\/2024\/05\/The-Slim-Light-LED-Series-from-LDPI-768x492-1.jpg","type":"image\/jpeg"}],"twitter_card":"summary_large_image","twitter_site":"@PaintBooth","twitter_misc":{"Tiempo de lectura":"2 minutos"},"schema":{"@context":"https:\/\/schema.org","@graph":[{"@type":"WebPage","@id":"https:\/\/www.paintbooth.com\/ldpi-t8-paint-booth-light-fixtures\/","url":"https:\/\/www.paintbooth.com\/ldpi-t8-paint-booth-light-fixtures\/","name":"L\u00e1mparas para cabinas de pintura Ldpi | Cabina de pintura","isPartOf":{"@id":"https:\/\/www.paintbooth.com\/#website"},"primaryImageOfPage":{"@id":"https:\/\/www.paintbooth.com\/ldpi-t8-paint-booth-light-fixtures\/#primaryimage"},"image":{"@id":"https:\/\/www.paintbooth.com\/ldpi-t8-paint-booth-light-fixtures\/#primaryimage"},"thumbnailUrl":"https:\/\/www.paintbooth.com\/wp-content\/uploads\/2024\/05\/The-Slim-Light-LED-Series-from-LDPI-768x492-1.jpg","datePublished":"2017-06-26T19:05:33+00:00","dateModified":"2024-11-19T12:15:21+00:00","description":"Explore las luminarias ldpi para cabinas de pintura de Paint Booth. Revise los detalles del sistema, la idoneidad de la aplicaci\u00f3n y solicite un presupuesto para una soluci\u00f3n adaptada a su flujo de trabajo.","breadcrumb":{"@id":"https:\/\/www.paintbooth.com\/ldpi-t8-paint-booth-light-fixtures\/#breadcrumb"},"inLanguage":"es","potentialAction":[{"@type":"ReadAction","target":["https:\/\/www.paintbooth.com\/ldpi-t8-paint-booth-light-fixtures\/"]}]},{"@type":"ImageObject","inLanguage":"es","@id":"https:\/\/www.paintbooth.com\/ldpi-t8-paint-booth-light-fixtures\/#primaryimage","url":"https:\/\/www.paintbooth.com\/wp-content\/uploads\/2024\/05\/The-Slim-Light-LED-Series-from-LDPI-768x492-1.jpg","contentUrl":"https:\/\/www.paintbooth.com\/wp-content\/uploads\/2024\/05\/The-Slim-Light-LED-Series-from-LDPI-768x492-1.jpg"},{"@type":"BreadcrumbList","@id":"https:\/\/www.paintbooth.com\/ldpi-t8-paint-booth-light-fixtures\/#breadcrumb","itemListElement":[{"@type":"ListItem","position":1,"name":"Home","item":"https:\/\/www.paintbooth.com\/"},{"@type":"ListItem","position":2,"name":"LDPI Paint Booth Light Fixtures"}]},{"@type":"WebSite","@id":"https:\/\/www.paintbooth.com\/#website","url":"https:\/\/www.paintbooth.com\/","name":"Paintbooth.com","description":"Cabinas de pintura de calidad asequibles: equipos de acabado","potentialAction":[{"@type":"SearchAction","target":{"@type":"EntryPoint","urlTemplate":"https:\/\/www.paintbooth.com\/?s={search_term_string}"},"query-input":{"@type":"PropertyValueSpecification","valueRequired":true,"valueName":"search_term_string"}}],"inLanguage":"es"}]}},"_links":{"self":[{"href":"https:\/\/www.paintbooth.com\/es\/wp-json\/wp\/v2\/pages\/3247","targetHints":{"allow":["GET"]}}],"collection":[{"href":"https:\/\/www.paintbooth.com\/es\/wp-json\/wp\/v2\/pages"}],"about":[{"href":"https:\/\/www.paintbooth.com\/es\/wp-json\/wp\/v2\/types\/page"}],"author":[{"embeddable":true,"href":"https:\/\/www.paintbooth.com\/es\/wp-json\/wp\/v2\/users\/1"}],"replies":[{"embeddable":true,"href":"https:\/\/www.paintbooth.com\/es\/wp-json\/wp\/v2\/comments?post=3247"}],"version-history":[{"count":26,"href":"https:\/\/www.paintbooth.com\/es\/wp-json\/wp\/v2\/pages\/3247\/revisions"}],"predecessor-version":[{"id":13607,"href":"https:\/\/www.paintbooth.com\/es\/wp-json\/wp\/v2\/pages\/3247\/revisions\/13607"}],"wp:attachment":[{"href":"https:\/\/www.paintbooth.com\/es\/wp-json\/wp\/v2\/media?parent=3247"}],"curies":[{"name":"wp","href":"https:\/\/api.w.org\/{rel}","templated":true}]}}