{"id":3309,"date":"2017-07-14T10:46:03","date_gmt":"2017-07-14T10:46:03","guid":{"rendered":"https:\/\/www.paintbooth.com\/?page_id=3309"},"modified":"2024-07-31T12:13:07","modified_gmt":"2024-07-31T16:13:07","slug":"estacion-de-preparacion-de-acabado-limitada","status":"publish","type":"page","link":"https:\/\/www.paintbooth.com\/es\/estacion-de-preparacion-de-acabado-limitada\/","title":{"rendered":"Estaci\u00f3n de preparaci\u00f3n de acabado limitada"},"content":{"rendered":"<div data-elementor-type=\"wp-page\" data-elementor-id=\"3309\" class=\"elementor elementor-3309\" data-elementor-post-type=\"page\">\n\t\t\t\t<div class=\"elementor-element elementor-element-211238f e-flex e-con-boxed e-con e-parent\" data-id=\"211238f\" data-element_type=\"container\" data-settings=\"{&quot;background_background&quot;:&quot;classic&quot;}\">\n\t\t\t\t\t<div class=\"e-con-inner\">\n\t\t\t\t<div class=\"elementor-element elementor-element-7b3039c elementor-widget__width-initial elementor-invisible elementor-widget elementor-widget-heading\" data-id=\"7b3039c\" data-element_type=\"widget\" data-settings=\"{&quot;_animation&quot;:&quot;fadeInUp&quot;}\" data-widget_type=\"heading.default\">\n\t\t\t\t<div class=\"elementor-widget-container\">\n\t\t\t\t\t<h1 class=\"elementor-heading-title elementor-size-default\">Estaci\u00f3n de preparaci\u00f3n de acabado limitada<\/h1>\t\t\t\t<\/div>\n\t\t\t\t<\/div>\n\t\t\t\t\t<\/div>\n\t\t\t\t<\/div>\n\t\t<div class=\"elementor-element elementor-element-3a126ea e-flex e-con-boxed e-con e-parent\" data-id=\"3a126ea\" data-element_type=\"container\" data-settings=\"{&quot;background_background&quot;:&quot;classic&quot;}\">\n\t\t\t\t\t<div class=\"e-con-inner\">\n\t\t<div class=\"elementor-element elementor-element-ea8b524 e-con-full e-flex e-con e-child\" data-id=\"ea8b524\" data-element_type=\"container\">\n\t\t<div class=\"elementor-element elementor-element-80eb50a e-con-full e-flex e-con e-child\" data-id=\"80eb50a\" data-element_type=\"container\">\n\t\t\t\t<div class=\"elementor-element elementor-element-5a55248 readmoree elementor-widget__width-initial elementor-widget elementor-widget-ucaddon_toggle_text_button\" data-id=\"5a55248\" data-element_type=\"widget\" data-widget_type=\"ucaddon_toggle_text_button.default\">\n\t\t\t\t<div class=\"elementor-widget-container\">\n\t\t\t\t\t\n<!-- start Toggle Text Button -->\n<style>\/* widget: Toggle Text Button *\/\n\n#uc_toggle_text_button_elementor_5a55248 .read_more{\n  text-decoration:none;\n  font-size:14px;\n  color:white;\n  transition:0.3s;\n}\n\n<\/style>\n\n<div id=\"uc_toggle_text_button_elementor_5a55248\" class=\"toggle_text_button\"> \n  \n  <div class=\"short_txt\"><h2 id=\"ProductDescription\"><strong>Descripci\u00f3n del producto<\/strong><\/h2><p>La estaci\u00f3n de preparaci\u00f3n de acabado limitada aspira aire fresco del ventilador de presurizaci\u00f3n (modelos sin calefacci\u00f3n). A continuaci\u00f3n, este aire se impulsa hacia la estaci\u00f3n de preparaci\u00f3n a trav\u00e9s de filtros de alta calidad situados en el techo. El aire se aspira a trav\u00e9s del \u00e1rea de trabajo de la estaci\u00f3n de preparaci\u00f3n hacia una zona de escape filtrada situada en el extremo opuesto de la plataforma de preparaci\u00f3n y, a continuaci\u00f3n, se expulsa a trav\u00e9s del ventilador de escape y la chimenea.<\/p><p>Con este dise\u00f1o, puede agregar f\u00e1cilmente una unidad de aire caliente. Para proporcionar un control preciso del ambiente de su taller.<\/p><h3 id=\"LightingSpecifications\">Especificaciones de iluminaci\u00f3n<\/h3><p>La iluminaci\u00f3n la proporcionan ocho (8) l\u00e1mparas fluorescentes de cuatro tubos, 48 pulgadas de largo y 32 vatios, ubicadas en los paneles del techo. Cada una est\u00e1 sellada detr\u00e1s de un vidrio de seguridad templado transparente. Todas las l\u00e1mparas cuentan con la certificaci\u00f3n UL. Las bombillas no est\u00e1n incluidas.<\/p><\/div>   \n  <div class=\"long_txt\" style=\"display:none;\"><\/div>  \n  \n  <div style=\"text-align:center;\">  \n    <a href=\"javascript:void(0)\" class=\"read_more\">\n      <span class=\"btn_txt_before_click\"><\/span>\n      <span class=\"btn_txt_after_click\" style=\"display:none;\"><\/span>\n    <\/a>  \n  <\/div>  \n<\/div>\n<!-- end Toggle Text Button -->\t\t\t\t<\/div>\n\t\t\t\t<\/div>\n\t\t\t\t<\/div>\n\t\t<div class=\"elementor-element elementor-element-4c50f1a e-con-full e-flex e-con e-child\" data-id=\"4c50f1a\" data-element_type=\"container\">\n\t\t\t\t<div class=\"elementor-element elementor-element-5c3d563 slidergal elementor-widget elementor-widget-ucaddon_portfolio_carousel\" data-id=\"5c3d563\" data-element_type=\"widget\" data-widget_type=\"ucaddon_portfolio_carousel.default\">\n\t\t\t\t<div class=\"elementor-widget-container\">\n\t\t\t\t\t\n<!-- start Portfolio Carousel -->\n\t\t<link id='font-awesome-css' href='https:\/\/www.paintbooth.com\/wp-content\/plugins\/unlimited-elements-for-elementor-premium\/assets_libraries\/font-awesome6\/fontawesome-all.min.css' type='text\/css' rel='stylesheet' >\n\t\t<link id='font-awesome-4-shim-css' href='https:\/\/www.paintbooth.com\/wp-content\/plugins\/unlimited-elements-for-elementor-premium\/assets_libraries\/font-awesome6\/fontawesome-v4-shims.min.css' type='text\/css' rel='stylesheet' >\n\t\t<link id='owl-carousel-css' href='https:\/\/www.paintbooth.com\/wp-content\/plugins\/unlimited-elements-for-elementor-premium\/assets_libraries\/owl-carousel-new\/assets\/owl.carousel.css' type='text\/css' rel='stylesheet' >\n\n<style>\/* widget: Portfolio Carousel *\/\n\n#uc_portfolio_carousel_elementor_5c3d563{\n  min-height:1px;\n}\n\n#uc_portfolio_carousel_elementor_5c3d563 .uc_box_content\n{\n  text-align:left;\n}\n\n#uc_portfolio_carousel_elementor_5c3d563 *{\n\n\tbox-sizing: border-box;\n}\n\n#uc_portfolio_carousel_elementor_5c3d563  .uc_three_column_carousel_box{\n\toverflow: hidden;\n\tposition: relative;\n}\n\n#uc_portfolio_carousel_elementor_5c3d563 .uc_image_box{\n\tposition: relative;\n\tbackground-size: cover;\n\tbackground-repeat: no-repeat;\n\tbackground-position: center center;\n\tz-index: 1;\n\tposition: relative;\n\toverflow: hidden;\n\ttransform: scale(1, 1);\n\t-webkit-transform: scale(1, 1);\n\t\n\t-webkit-backface-visibility: hidden;\n    -webkit-transition: all .8s cubic-bezier(.2,.55,.1,.7);\n    -moz-transition: all .8s cubic-bezier(.2,.55,.1,.7);\n    transition: all .8s cubic-bezier(.2,.55,.1,.7);\n}\n#uc_portfolio_carousel_elementor_5c3d563 .uc_three_column_carousel_box:hover .uc_image_box{\n\ttransform: scale(1.1, 1.1);\n\t-webkit-transform: scale(1.1, 1.1);\n}\n#uc_portfolio_carousel_elementor_5c3d563 .uc_box_content{\n\tposition: absolute;\n    top: 0;\n    left: 0;\n    right:0;\n\tz-index: 10;\n\topacity: 0;\n\twidth: 100%;\n\ttransition: all ease-in-out 0.3s;\n}\n#uc_portfolio_carousel_elementor_5c3d563  .uc_three_column_carousel_box:hover .uc_box_content{\n\topacity: 1;\t\n}\n.uc_title{\n\t\tfont-size: 25px;\n}\n.uc_sub_title{\n\tfont-size: 12px;\n}\n#uc_portfolio_carousel_elementor_5c3d563 .uc_overlay{\n\tposition: absolute;\n\tleft: 0;\n\ttop: 0;\n\twidth: 100%;\n\theight: 100%;\n\tz-index: 9;\n\topacity: 0;\n\ttransition: all ease-in-out 0.3s;\n\t-webkit-transition: all ease-in-out 0.3s;\n}\n#uc_portfolio_carousel_elementor_5c3d563 .uc_three_column_carousel_box:hover .uc_overlay{\n\topacity: 1;\n}\n\n\n#uc_portfolio_carousel_elementor_5c3d563 .owl-nav .owl-prev{\n    position:absolute;\n    left:30px;\n    display:inline-block;\n    text-align:center;\n    transform: translateY(-50%);\n    transition:0.3s;\n}\n#uc_portfolio_carousel_elementor_5c3d563 .owl-nav .owl-next{\n  position:absolute;\n    right:30px;\n  display:inline-block;\n  text-align:center;\n  transform: translateY(-50%);\n  transition:0.3s;\n}\n\n\n\t\n\n\n#uc_portfolio_carousel_elementor_5c3d563 .owl-dots {\n  overflow:hidden;\n}\n\n#uc_portfolio_carousel_elementor_5c3d563 .owl-dot {\n  display:inline-block;\n  transition: all .3s;  \n}\n\n\n\n@media screen and (max-width: 780px) {\n  #uc_portfolio_carousel_elementor_5c3d563 .owl-nav .owl-prev{\n    left:px;\n\n}\n#uc_portfolio_carousel_elementor_5c3d563 .owl-nav .owl-next{\n    right:px;\n\n}\n}\n\n@media screen and (max-width: 420px) {\n  #uc_portfolio_carousel_elementor_5c3d563 .owl-nav .owl-prev{\n    left:10px;\n\n}\n#uc_portfolio_carousel_elementor_5c3d563 .owl-nav .owl-next{\n    right:10px;\n\n}\n}\n\n<\/style>\n\n<div  class=\"uc_three_column_carousel\" style=\"direction:ltr;\" >\n  <div class=\"uc_three_column_carousel_holder owl-carousel owl-theme\" id=\"uc_portfolio_carousel_elementor_5c3d563\"   >\n    <div class=\"uc_three_column_carousel_box\">\n  <a href=\"#\" >\n    <div class=\"uc_image_box\" style=\"background-image: url(https:\/\/www.paintbooth.com\/wp-content\/uploads\/2024\/05\/limited-finishing-prep-station-768x617-1.jpg);\"><\/div>\n    <div class=\"uc_box_content\">\n      <div class=\"uc_title\"><\/div>\n      <div class=\"uc_sub_title\" ><\/div>\n    <\/div>\n    <div class=\"uc_overlay\" ><\/div>\n  <\/a>\n<\/div>\n<div class=\"uc_three_column_carousel_box\">\n  <a href=\"#\" >\n    <div class=\"uc_image_box\" style=\"background-image: url(https:\/\/www.paintbooth.com\/wp-content\/uploads\/2024\/07\/Prep-Station.jpg);\"><\/div>\n    <div class=\"uc_box_content\">\n      <div class=\"uc_title\"><\/div>\n      <div class=\"uc_sub_title\" ><\/div>\n    <\/div>\n    <div class=\"uc_overlay\" ><\/div>\n  <\/a>\n<\/div>\n<div class=\"uc_three_column_carousel_box\">\n  <a href=\"#\" >\n    <div class=\"uc_image_box\" style=\"background-image: url(https:\/\/www.paintbooth.com\/wp-content\/uploads\/2024\/07\/Limited-Finishing-PREP-STATION-Photo-2.webp);\"><\/div>\n    <div class=\"uc_box_content\">\n      <div class=\"uc_title\"><\/div>\n      <div class=\"uc_sub_title\" ><\/div>\n    <\/div>\n    <div class=\"uc_overlay\" ><\/div>\n  <\/a>\n<\/div>\n\n  <\/div>\n<\/div>\n<!-- end Portfolio Carousel -->\t\t\t\t<\/div>\n\t\t\t\t<\/div>\n\t\t\t\t<\/div>\n\t\t\t\t<\/div>\n\t\t\t\t\t<\/div>\n\t\t\t\t<\/div>\n\t\t<div class=\"elementor-element elementor-element-1f6ae05 e-flex e-con-boxed e-con e-parent\" data-id=\"1f6ae05\" data-element_type=\"container\" data-settings=\"{&quot;background_background&quot;:&quot;classic&quot;}\">\n\t\t\t\t\t<div class=\"e-con-inner\">\n\t\t<div class=\"elementor-element elementor-element-af69e59 e-con-full e-flex e-con e-child\" data-id=\"af69e59\" data-element_type=\"container\">\n\t\t\t\t<div class=\"elementor-element elementor-element-6f7ebf0 readmoree elementor-widget elementor-widget-ucaddon_toggle_text_button\" data-id=\"6f7ebf0\" data-element_type=\"widget\" data-widget_type=\"ucaddon_toggle_text_button.default\">\n\t\t\t\t<div class=\"elementor-widget-container\">\n\t\t\t\t\t\n<!-- start Toggle Text Button -->\n<style>\/* widget: Toggle Text Button *\/\n\n#uc_toggle_text_button_elementor_6f7ebf0 .read_more{\n  text-decoration:none;\n  font-size:14px;\n  color:white;\n  transition:0.3s;\n}\n\n<\/style>\n\n<div id=\"uc_toggle_text_button_elementor_6f7ebf0\" class=\"toggle_text_button\"> \n  \n  <div class=\"short_txt\"><h4 id=\"SuperiorQualityStandards\">Est\u00e1ndares de calidad superiores<\/h4><p>La c\u00e1mara de admisi\u00f3n y la pared de la c\u00e1mara de escape est\u00e1n fabricadas con paneles de acero galvanizado de calibre 18. Est\u00e1n rebordeadas para mayor resistencia y preperforadas para facilitar el montaje con tuercas y tornillos. La c\u00e1mara de admisi\u00f3n se puede suspender con una altura m\u00e1xima de 10\u2032 o una altura m\u00ednima de 7\u2032. Para solicitar las paredes cortina es necesario indicar la altura real de instalaci\u00f3n.<\/p><p>El aire de admisi\u00f3n presurizado es suministrado por (1) ventilador axial tubular de 18 pulgadas de di\u00e1metro con un motor trif\u00e1sico de 11\/2 HP. El escape es proporcionado por (1) ventilador axial tubular de 18 pulgadas de di\u00e1metro con un motor trif\u00e1sico de 11\/2 HP.<\/p><p>Se incluyen los filtros, tornillos y tuercas, y selladores necesarios para el montaje mec\u00e1nico. No se suministra la varilla roscada para suspender la c\u00e1mara de admisi\u00f3n.<\/p><\/div>   \n  <div class=\"long_txt\" style=\"display:none;\"><h4 id=\"SuperiorQualityStandards\">Est\u00e1ndares de calidad superiores<\/h4><p>La c\u00e1mara de admisi\u00f3n y la pared de la c\u00e1mara de escape est\u00e1n fabricadas con paneles de acero galvanizado de calibre 18. Est\u00e1n rebordeadas para mayor resistencia y preperforadas para facilitar el montaje con tuercas y tornillos. La c\u00e1mara de admisi\u00f3n se puede suspender con una altura m\u00e1xima de 10\u2032 o una altura m\u00ednima de 7\u2032. Para solicitar las paredes cortina es necesario indicar la altura real de instalaci\u00f3n.<\/p><p>El aire de admisi\u00f3n presurizado es suministrado por (1) ventilador axial tubular de 18 pulgadas de di\u00e1metro con un motor trif\u00e1sico de 11\/2 HP. El escape es proporcionado por (1) ventilador axial tubular de 18 pulgadas de di\u00e1metro con un motor trif\u00e1sico de 11\/2 HP.<\/p><p>Se incluyen los filtros, tornillos y tuercas, y selladores necesarios para el montaje mec\u00e1nico. No se suministra la varilla roscada para suspender la c\u00e1mara de admisi\u00f3n.<\/p><h5 id=\"PrepStation\">Estaci\u00f3n de preparaci\u00f3n<\/h5><p>Dimensiones interiores: 4,27 m de ancho x 3,05 m de alto x 7,32 m de largo<br \/>Incluye 8 luces.<\/p><h6 id=\"OptionalEquipment\">Equipo opcional<\/h6><p>Recubrimiento en polvo<br \/>Panel de control<br \/>Monof\u00e1sico sin calefacci\u00f3n<br \/>Calentamiento monof\u00e1sico<br \/>Kit de escape<br \/>A\u00f1adir 1 pulgada de longitud<br \/>Kit de patas para c\u00e1mara de admisi\u00f3n<\/p><\/div>  \n  \n  <div style=\"text-align:center;\">  \n    <a href=\"javascript:void(0)\" class=\"read_more\">\n      <span class=\"btn_txt_before_click\"><span  class=\"uc_style_toggle_text_button_elementor_button_text\" style=\"color:#0168C9;\">Leer m\u00e1s<\/span><\/span>\n      <span class=\"btn_txt_after_click\" style=\"display:none;\"><span  class=\"uc_style_toggle_text_button_elementor_button_text_close\" style=\"color:#0168C9;\">Leer menos<\/span><\/span>\n    <\/a>  \n  <\/div>  \n<\/div>\n<!-- end Toggle Text Button -->\t\t\t\t<\/div>\n\t\t\t\t<\/div>\n\t\t\t\t<\/div>\n\t\t\t\t\t<\/div>\n\t\t\t\t<\/div>\n\t\t<div class=\"elementor-element elementor-element-99b0666 e-flex e-con-boxed e-con e-parent\" data-id=\"99b0666\" data-element_type=\"container\" data-settings=\"{&quot;background_background&quot;:&quot;classic&quot;}\">\n\t\t\t\t\t<div class=\"e-con-inner\">\n\t\t<div class=\"elementor-element elementor-element-86ad4b4 e-con-full e-flex e-con e-child\" data-id=\"86ad4b4\" data-element_type=\"container\">\n\t\t<div class=\"elementor-element elementor-element-b08de0d e-flex e-con-boxed e-con e-child\" data-id=\"b08de0d\" data-element_type=\"container\">\n\t\t\t\t\t<div class=\"e-con-inner\">\n\t\t\t\t<div class=\"elementor-element elementor-element-e02b2ba animated-slow elementor-invisible elementor-widget elementor-widget-image\" data-id=\"e02b2ba\" data-element_type=\"widget\" data-settings=\"{&quot;_animation&quot;:&quot;fadeIn&quot;}\" data-widget_type=\"image.default\">\n\t\t\t\t<div class=\"elementor-widget-container\">\n\t\t\t\t\t\t\t\t\t\t\t\t\t\t\t\t<a href=\"http:\/\/www.paintbooth.com\/wp-content\/uploads\/2024\/05\/Automotive-Prep-Station-1.jpg\" data-elementor-open-lightbox=\"yes\" data-elementor-lightbox-title=\"Paint Booth Technical Drawing\" data-e-action-hash=\"#elementor-action%3Aaction%3Dlightbox%26settings%3DeyJpZCI6NzAyOSwidXJsIjoiaHR0cHM6XC9cL3d3dy5wYWludGJvb3RoLmNvbVwvd3AtY29udGVudFwvdXBsb2Fkc1wvMjAyNFwvMDVcL0F1dG9tb3RpdmUtUHJlcC1TdGF0aW9uLTEuanBnIn0%3D\">\n\t\t\t\t\t\t\t<img fetchpriority=\"high\" decoding=\"async\" width=\"2560\" height=\"1656\" src=\"https:\/\/www.paintbooth.com\/wp-content\/uploads\/2024\/05\/Automotive-Prep-Station-1.jpg\" class=\"attachment-full size-full wp-image-7029\" alt=\"Dibujo t\u00e9cnico de la cabina de pintura con dimensiones.\" srcset=\"https:\/\/www.paintbooth.com\/wp-content\/uploads\/2024\/05\/Automotive-Prep-Station-1.jpg 2560w, https:\/\/www.paintbooth.com\/wp-content\/uploads\/2024\/05\/Automotive-Prep-Station-1-300x194.jpg 300w, https:\/\/www.paintbooth.com\/wp-content\/uploads\/2024\/05\/Automotive-Prep-Station-1-1024x662.jpg 1024w, https:\/\/www.paintbooth.com\/wp-content\/uploads\/2024\/05\/Automotive-Prep-Station-1-768x497.jpg 768w, https:\/\/www.paintbooth.com\/wp-content\/uploads\/2024\/05\/Automotive-Prep-Station-1-1536x994.jpg 1536w, https:\/\/www.paintbooth.com\/wp-content\/uploads\/2024\/05\/Automotive-Prep-Station-1-2048x1325.jpg 2048w\" sizes=\"(max-width: 2560px) 100vw, 2560px\" \/>\t\t\t\t\t\t\t\t<\/a>\n\t\t\t\t\t\t\t\t\t\t\t\t\t\t\t<\/div>\n\t\t\t\t<\/div>\n\t\t\t\t\t<\/div>\n\t\t\t\t<\/div>\n\t\t<div class=\"elementor-element elementor-element-4fab903 e-flex e-con-boxed e-con e-child\" data-id=\"4fab903\" data-element_type=\"container\">\n\t\t\t\t\t<div class=\"e-con-inner\">\n\t\t\t\t\t<\/div>\n\t\t\t\t<\/div>\n\t\t\t\t<\/div>\n\t\t\t\t\t<\/div>\n\t\t\t\t<\/div>\n\t\t\t\t<\/div>","protected":false},"excerpt":{"rendered":"<p>Limited Finishing Prep Station Product Description The Limited Finishing Prep Station draws fresh air from the pressurization fan (non heated models). This air is then forced down into the prep station through premium filters located in the ceiling. The air is drawn through the prep stations work area into a filtered exhaust area at the [&hellip;]<\/p>","protected":false},"author":1,"featured_media":0,"parent":0,"menu_order":0,"comment_status":"closed","ping_status":"closed","template":"elementor_header_footer","meta":{"footnotes":""},"class_list":["post-3309","page","type-page","status-publish","hentry"],"yoast_head":"<!-- This site is optimized with the Yoast SEO plugin v26.9 - https:\/\/yoast.com\/product\/yoast-seo-wordpress\/ -->\n<title>Limited Finishing Prep Station | Paint Booth<\/title>\n<meta name=\"description\" content=\"Explore limited finishing prep station from Paint Booth. Review system details, application fit, and request a quote for a solution built around your workflow.\" \/>\n<meta name=\"robots\" content=\"index, follow, max-snippet:-1, max-image-preview:large, max-video-preview:-1\" \/>\n<link rel=\"canonical\" href=\"https:\/\/www.paintbooth.com\/es\/estacion-de-preparacion-de-acabado-limitada\/\" \/>\n<meta property=\"og:locale\" content=\"es_MX\" \/>\n<meta property=\"og:type\" content=\"article\" \/>\n<meta property=\"og:title\" content=\"Limited Finishing Prep Station | Paint Booth\" \/>\n<meta property=\"og:description\" content=\"Explore limited finishing prep station from Paint Booth. Review system details, application fit, and request a quote for a solution built around your workflow.\" \/>\n<meta property=\"og:url\" content=\"https:\/\/www.paintbooth.com\/es\/estacion-de-preparacion-de-acabado-limitada\/\" \/>\n<meta property=\"og:site_name\" content=\"Paintbooth.com\" \/>\n<meta property=\"article:publisher\" content=\"https:\/\/www.facebook.com\/paintspraybooths\/\" \/>\n<meta property=\"article:modified_time\" content=\"2024-07-31T16:13:07+00:00\" \/>\n<meta property=\"og:image\" content=\"https:\/\/www.paintbooth.com\/wp-content\/uploads\/2024\/05\/Automotive-Prep-Station-1.jpg\" \/>\n\t<meta property=\"og:image:width\" content=\"2560\" \/>\n\t<meta property=\"og:image:height\" content=\"1656\" \/>\n\t<meta property=\"og:image:type\" content=\"image\/jpeg\" \/>\n<meta name=\"twitter:card\" content=\"summary_large_image\" \/>\n<meta name=\"twitter:site\" content=\"@PaintBooth\" \/>\n<meta name=\"twitter:label1\" content=\"Tiempo de lectura\" \/>\n\t<meta name=\"twitter:data1\" content=\"2 minutos\" \/>\n<script type=\"application\/ld+json\" class=\"yoast-schema-graph\">{\"@context\":\"https:\/\/schema.org\",\"@graph\":[{\"@type\":\"WebPage\",\"@id\":\"https:\/\/www.paintbooth.com\/limited-finishing-prep-station\/\",\"url\":\"https:\/\/www.paintbooth.com\/limited-finishing-prep-station\/\",\"name\":\"Limited Finishing Prep Station | Paint Booth\",\"isPartOf\":{\"@id\":\"https:\/\/www.paintbooth.com\/#website\"},\"primaryImageOfPage\":{\"@id\":\"https:\/\/www.paintbooth.com\/limited-finishing-prep-station\/#primaryimage\"},\"image\":{\"@id\":\"https:\/\/www.paintbooth.com\/limited-finishing-prep-station\/#primaryimage\"},\"thumbnailUrl\":\"https:\/\/www.paintbooth.com\/wp-content\/uploads\/2024\/05\/Automotive-Prep-Station-1.jpg\",\"datePublished\":\"2017-07-14T10:46:03+00:00\",\"dateModified\":\"2024-07-31T16:13:07+00:00\",\"description\":\"Explore limited finishing prep station from Paint Booth. Review system details, application fit, and request a quote for a solution built around your workflow.\",\"breadcrumb\":{\"@id\":\"https:\/\/www.paintbooth.com\/limited-finishing-prep-station\/#breadcrumb\"},\"inLanguage\":\"es\",\"potentialAction\":[{\"@type\":\"ReadAction\",\"target\":[\"https:\/\/www.paintbooth.com\/limited-finishing-prep-station\/\"]}]},{\"@type\":\"ImageObject\",\"inLanguage\":\"es\",\"@id\":\"https:\/\/www.paintbooth.com\/limited-finishing-prep-station\/#primaryimage\",\"url\":\"https:\/\/www.paintbooth.com\/wp-content\/uploads\/2024\/05\/Automotive-Prep-Station-1.jpg\",\"contentUrl\":\"https:\/\/www.paintbooth.com\/wp-content\/uploads\/2024\/05\/Automotive-Prep-Station-1.jpg\"},{\"@type\":\"BreadcrumbList\",\"@id\":\"https:\/\/www.paintbooth.com\/limited-finishing-prep-station\/#breadcrumb\",\"itemListElement\":[{\"@type\":\"ListItem\",\"position\":1,\"name\":\"Home\",\"item\":\"https:\/\/www.paintbooth.com\/\"},{\"@type\":\"ListItem\",\"position\":2,\"name\":\"Limited Finishing Prep Station\"}]},{\"@type\":\"WebSite\",\"@id\":\"https:\/\/www.paintbooth.com\/#website\",\"url\":\"https:\/\/www.paintbooth.com\/\",\"name\":\"Paintbooth.com\",\"description\":\"Affordable Quality Paint Booths-Finishing Equipment\",\"potentialAction\":[{\"@type\":\"SearchAction\",\"target\":{\"@type\":\"EntryPoint\",\"urlTemplate\":\"https:\/\/www.paintbooth.com\/?s={search_term_string}\"},\"query-input\":{\"@type\":\"PropertyValueSpecification\",\"valueRequired\":true,\"valueName\":\"search_term_string\"}}],\"inLanguage\":\"es\"}]}<\/script>\n<!-- \/ Yoast SEO plugin. -->","yoast_head_json":{"title":"Estaci\u00f3n de preparaci\u00f3n de acabado limitada | Cabina de pintura","description":"Explore la estaci\u00f3n de preparaci\u00f3n de acabado limitada de Paint Booth. Revise los detalles del sistema, la idoneidad de la aplicaci\u00f3n y solicite un presupuesto para una soluci\u00f3n adaptada a su flujo de trabajo.","robots":{"index":"index","follow":"follow","max-snippet":"max-snippet:-1","max-image-preview":"max-image-preview:large","max-video-preview":"max-video-preview:-1"},"canonical":"https:\/\/www.paintbooth.com\/es\/estacion-de-preparacion-de-acabado-limitada\/","og_locale":"es_MX","og_type":"article","og_title":"Limited Finishing Prep Station | Paint Booth","og_description":"Explore limited finishing prep station from Paint Booth. Review system details, application fit, and request a quote for a solution built around your workflow.","og_url":"https:\/\/www.paintbooth.com\/es\/estacion-de-preparacion-de-acabado-limitada\/","og_site_name":"Paintbooth.com","article_publisher":"https:\/\/www.facebook.com\/paintspraybooths\/","article_modified_time":"2024-07-31T16:13:07+00:00","og_image":[{"width":2560,"height":1656,"url":"https:\/\/www.paintbooth.com\/wp-content\/uploads\/2024\/05\/Automotive-Prep-Station-1.jpg","type":"image\/jpeg"}],"twitter_card":"summary_large_image","twitter_site":"@PaintBooth","twitter_misc":{"Tiempo de lectura":"2 minutos"},"schema":{"@context":"https:\/\/schema.org","@graph":[{"@type":"WebPage","@id":"https:\/\/www.paintbooth.com\/limited-finishing-prep-station\/","url":"https:\/\/www.paintbooth.com\/limited-finishing-prep-station\/","name":"Estaci\u00f3n de preparaci\u00f3n de acabado limitada | Cabina de pintura","isPartOf":{"@id":"https:\/\/www.paintbooth.com\/#website"},"primaryImageOfPage":{"@id":"https:\/\/www.paintbooth.com\/limited-finishing-prep-station\/#primaryimage"},"image":{"@id":"https:\/\/www.paintbooth.com\/limited-finishing-prep-station\/#primaryimage"},"thumbnailUrl":"https:\/\/www.paintbooth.com\/wp-content\/uploads\/2024\/05\/Automotive-Prep-Station-1.jpg","datePublished":"2017-07-14T10:46:03+00:00","dateModified":"2024-07-31T16:13:07+00:00","description":"Explore la estaci\u00f3n de preparaci\u00f3n de acabado limitada de Paint Booth. Revise los detalles del sistema, la idoneidad de la aplicaci\u00f3n y solicite un presupuesto para una soluci\u00f3n adaptada a su flujo de trabajo.","breadcrumb":{"@id":"https:\/\/www.paintbooth.com\/limited-finishing-prep-station\/#breadcrumb"},"inLanguage":"es","potentialAction":[{"@type":"ReadAction","target":["https:\/\/www.paintbooth.com\/limited-finishing-prep-station\/"]}]},{"@type":"ImageObject","inLanguage":"es","@id":"https:\/\/www.paintbooth.com\/limited-finishing-prep-station\/#primaryimage","url":"https:\/\/www.paintbooth.com\/wp-content\/uploads\/2024\/05\/Automotive-Prep-Station-1.jpg","contentUrl":"https:\/\/www.paintbooth.com\/wp-content\/uploads\/2024\/05\/Automotive-Prep-Station-1.jpg"},{"@type":"BreadcrumbList","@id":"https:\/\/www.paintbooth.com\/limited-finishing-prep-station\/#breadcrumb","itemListElement":[{"@type":"ListItem","position":1,"name":"Home","item":"https:\/\/www.paintbooth.com\/"},{"@type":"ListItem","position":2,"name":"Limited Finishing Prep Station"}]},{"@type":"WebSite","@id":"https:\/\/www.paintbooth.com\/#website","url":"https:\/\/www.paintbooth.com\/","name":"Paintbooth.com","description":"Cabinas de pintura de calidad asequibles: equipos de acabado","potentialAction":[{"@type":"SearchAction","target":{"@type":"EntryPoint","urlTemplate":"https:\/\/www.paintbooth.com\/?s={search_term_string}"},"query-input":{"@type":"PropertyValueSpecification","valueRequired":true,"valueName":"search_term_string"}}],"inLanguage":"es"}]}},"_links":{"self":[{"href":"https:\/\/www.paintbooth.com\/es\/wp-json\/wp\/v2\/pages\/3309","targetHints":{"allow":["GET"]}}],"collection":[{"href":"https:\/\/www.paintbooth.com\/es\/wp-json\/wp\/v2\/pages"}],"about":[{"href":"https:\/\/www.paintbooth.com\/es\/wp-json\/wp\/v2\/types\/page"}],"author":[{"embeddable":true,"href":"https:\/\/www.paintbooth.com\/es\/wp-json\/wp\/v2\/users\/1"}],"replies":[{"embeddable":true,"href":"https:\/\/www.paintbooth.com\/es\/wp-json\/wp\/v2\/comments?post=3309"}],"version-history":[{"count":20,"href":"https:\/\/www.paintbooth.com\/es\/wp-json\/wp\/v2\/pages\/3309\/revisions"}],"predecessor-version":[{"id":12507,"href":"https:\/\/www.paintbooth.com\/es\/wp-json\/wp\/v2\/pages\/3309\/revisions\/12507"}],"wp:attachment":[{"href":"https:\/\/www.paintbooth.com\/es\/wp-json\/wp\/v2\/media?parent=3309"}],"curies":[{"name":"wp","href":"https:\/\/api.w.org\/{rel}","templated":true}]}}