{"id":3314,"date":"2017-07-14T10:35:42","date_gmt":"2017-07-14T10:35:42","guid":{"rendered":"https:\/\/www.paintbooth.com\/?page_id=3314"},"modified":"2026-03-05T20:55:34","modified_gmt":"2026-03-06T01:55:34","slug":"almacen-para-mezclar-pintura-con-recubrimiento-en-polvo","status":"publish","type":"page","link":"https:\/\/www.paintbooth.com\/es\/almacen-para-mezclar-pintura-con-recubrimiento-en-polvo\/","title":{"rendered":"Sala de mezcla y almacenamiento de pintura con recubrimiento en polvo"},"content":{"rendered":"<div data-elementor-type=\"wp-page\" data-elementor-id=\"3314\" class=\"elementor elementor-3314\" data-elementor-post-type=\"page\">\n\t\t\t\t<div class=\"elementor-element elementor-element-25154ef e-flex e-con-boxed e-con e-parent\" data-id=\"25154ef\" data-element_type=\"container\" data-settings=\"{&quot;background_background&quot;:&quot;classic&quot;}\">\n\t\t\t\t\t<div class=\"e-con-inner\">\n\t\t\t\t<div class=\"elementor-element elementor-element-22ba612 elementor-widget__width-initial elementor-invisible elementor-widget elementor-widget-heading\" data-id=\"22ba612\" data-element_type=\"widget\" data-settings=\"{&quot;_animation&quot;:&quot;fadeInUp&quot;}\" data-widget_type=\"heading.default\">\n\t\t\t\t<div class=\"elementor-widget-container\">\n\t\t\t\t\t<h1 class=\"elementor-heading-title elementor-size-default\">Sala de mezcla y almacenamiento de pintura con recubrimiento en polvo<\/h1>\t\t\t\t<\/div>\n\t\t\t\t<\/div>\n\t\t\t\t\t<\/div>\n\t\t\t\t<\/div>\n\t\t<div class=\"elementor-element elementor-element-f9fc5d4 e-flex e-con-boxed e-con e-parent\" data-id=\"f9fc5d4\" data-element_type=\"container\">\n\t\t\t\t\t<div class=\"e-con-inner\">\n\t\t<div class=\"elementor-element elementor-element-e352efc e-con-full e-flex e-con e-child\" data-id=\"e352efc\" data-element_type=\"container\">\n\t\t<div class=\"elementor-element elementor-element-1dbfbe0 e-flex e-con-boxed e-con e-child\" data-id=\"1dbfbe0\" data-element_type=\"container\">\n\t\t\t\t\t<div class=\"e-con-inner\">\n\t\t\t\t<div class=\"elementor-element elementor-element-3e49778 elementor-widget__width-initial elementor-invisible elementor-widget elementor-widget-heading\" data-id=\"3e49778\" data-element_type=\"widget\" data-settings=\"{&quot;_animation&quot;:&quot;fadeInUp&quot;}\" data-widget_type=\"heading.default\">\n\t\t\t\t<div class=\"elementor-widget-container\">\n\t\t\t\t\t<h2 class=\"elementor-heading-title elementor-size-default\">Sala de mezcla y almacenamiento de pintura con recubrimiento en polvo<\/h2>\t\t\t\t<\/div>\n\t\t\t\t<\/div>\n\t\t\t\t<div class=\"elementor-element elementor-element-7fb8f0b readmoree elementor-widget__width-initial elementor-widget elementor-widget-ucaddon_toggle_text_button\" data-id=\"7fb8f0b\" data-element_type=\"widget\" data-widget_type=\"ucaddon_toggle_text_button.default\">\n\t\t\t\t<div class=\"elementor-widget-container\">\n\t\t\t\t\t\n<!-- start Toggle Text Button -->\n<style>\/* widget: Toggle Text Button *\/\n\n#uc_toggle_text_button_elementor_7fb8f0b .read_more{\n  text-decoration:none;\n  font-size:14px;\n  color:white;\n  transition:0.3s;\n}\n\n<\/style>\n\n<div id=\"uc_toggle_text_button_elementor_7fb8f0b\" class=\"toggle_text_button\"> \n  \n  <div class=\"short_txt\"><div class=\"et_pb_module et_pb_text et_pb_text_0 et_pb_text_align_left et_pb_bg_layout_light\"><div class=\"et_pb_text_inner\"><p>Nuestras salas de mezcla y almacenamiento de pintura con recubrimiento en polvo incluyen el paquete de conductos de escape para un techo de 5,2 metros de altura, un panel de control con certificaci\u00f3n ETL con arrancadores de motor e interruptores de encendido y apagado, \u00a1y tambi\u00e9n tienen RECUBRIMIENTO EN POLVO!<\/p><p>El aire entra a trav\u00e9s de filtros situados en el techo, desciende por la zona de trabajo y llega a la caja de escape situada cerca del piso, en el extremo opuesto de la sala. El aire de escape se aspira a trav\u00e9s de los filtros de escape y se descarga hacia arriba a trav\u00e9s de la chimenea de escape.<\/p><h2 id=\"LightingFeatures\"><span style=\"color: #0168c9;\">Caracter\u00edsticas de iluminaci\u00f3n<\/span><\/h2><p>La iluminaci\u00f3n de la sala de mezcla de pinturas brillantes se proporciona mediante luminarias fluorescentes de 48 pulgadas, cuatro tubos y 32 vatios, ubicadas en los paneles del techo. Cada luminaria est\u00e1 sellada con una junta de caucho detr\u00e1s de un vidrio de seguridad templado transparente. Todas las luminarias est\u00e1n homologadas por UL y aprobadas para su uso y ubicaci\u00f3n previstos. Las bombillas no est\u00e1n incluidas.<\/p><\/div><\/div><\/div>   \n  <div class=\"long_txt\" style=\"display:none;\"><div class=\"et_pb_module et_pb_text et_pb_text_0 et_pb_text_align_left et_pb_bg_layout_light\"><div class=\"et_pb_text_inner\"><p>Nuestras salas de mezcla y almacenamiento de pintura con recubrimiento en polvo incluyen el paquete de conductos de escape para un techo de 5,2 metros de altura, un panel de control con certificaci\u00f3n ETL con arrancadores de motor e interruptores de encendido y apagado, \u00a1y tambi\u00e9n tienen RECUBRIMIENTO EN POLVO!<\/p><p>El aire entra a trav\u00e9s de filtros situados en el techo, desciende por la zona de trabajo y llega a la caja de escape situada cerca del piso, en el extremo opuesto de la sala. El aire de escape se aspira a trav\u00e9s de los filtros de escape y se descarga hacia arriba a trav\u00e9s de la chimenea de escape.<\/p><h2 id=\"LightingFeatures\"><span style=\"color: #0168c9;\">Caracter\u00edsticas de iluminaci\u00f3n<\/span><\/h2><p>La iluminaci\u00f3n de la sala de mezcla de pinturas brillantes se proporciona mediante luminarias fluorescentes de 48 pulgadas, cuatro tubos y 32 vatios, ubicadas en los paneles del techo. Cada luminaria est\u00e1 sellada con una junta de caucho detr\u00e1s de un vidrio de seguridad templado transparente. Todas las luminarias est\u00e1n homologadas por UL y aprobadas para su uso y ubicaci\u00f3n previstos. Las bombillas no est\u00e1n incluidas.<\/p><h3 id=\"QualityConstructionFeaturesandQualityStandards\"><span style=\"color: #0168c9;\">Caracter\u00edsticas de construcci\u00f3n de calidad y est\u00e1ndares de calidad<\/span><\/h3><p>Todas las salas de mezcla de pintura est\u00e1n fabricadas con acero galvanizado de calibre 18 de alta calidad. La puerta de acceso para el personal est\u00e1 preinstalada en un marco de acero galvanizado de alta resistencia para facilitar su instalaci\u00f3n. Las puertas para el personal cuentan con pestillos Brixon. Tambi\u00e9n se incluye una ventana de observaci\u00f3n de 14\u201d x 48\u201d en todas las puertas de las salas de mezcla de pintura.<\/p><p>El sistema de escape es impulsado por un ventilador axial con tubo de 12 pulgadas de di\u00e1metro.<\/p><p>Se incluye todo el hardware, los filtros y los selladores necesarios para la instalaci\u00f3n de la cabina.<\/p><\/div><\/div><\/div>  \n  \n  <div style=\"text-align:center;\">  \n    <a href=\"javascript:void(0)\" class=\"read_more\">\n      <span class=\"btn_txt_before_click\"><span  class=\"uc_style_toggle_text_button_elementor_button_text\" style=\"color:#0168C9;\">Leer m\u00e1s<\/span><\/span>\n      <span class=\"btn_txt_after_click\" style=\"display:none;\"><span  class=\"uc_style_toggle_text_button_elementor_button_text_close\" style=\"color:#0168C9;\">Leer menos<\/span><\/span>\n    <\/a>  \n  <\/div>  \n<\/div>\n<!-- end Toggle Text Button -->\t\t\t\t<\/div>\n\t\t\t\t<\/div>\n\t\t\t\t\t<\/div>\n\t\t\t\t<\/div>\n\t\t<div class=\"elementor-element elementor-element-5dfdb94 e-flex e-con-boxed e-con e-child\" data-id=\"5dfdb94\" data-element_type=\"container\">\n\t\t\t\t\t<div class=\"e-con-inner\">\n\t\t\t\t<div class=\"elementor-element elementor-element-d5f3fa1 elementor-invisible elementor-widget elementor-widget-image\" data-id=\"d5f3fa1\" data-element_type=\"widget\" data-settings=\"{&quot;_animation&quot;:&quot;fadeInLeft&quot;}\" data-widget_type=\"image.default\">\n\t\t\t\t<div class=\"elementor-widget-container\">\n\t\t\t\t\t\t\t\t\t\t\t\t\t\t\t<img fetchpriority=\"high\" decoding=\"async\" width=\"1000\" height=\"883\" src=\"https:\/\/www.paintbooth.com\/wp-content\/uploads\/2024\/05\/Paint-Mix-Room-05.webp\" class=\"attachment-full size-full wp-image-9063\" alt=\"Cabina de mezcla de pintura de alta calidad con puerta abierta, que muestra un interior organizado.\" srcset=\"https:\/\/www.paintbooth.com\/wp-content\/uploads\/2024\/05\/Paint-Mix-Room-05.webp 1000w, https:\/\/www.paintbooth.com\/wp-content\/uploads\/2024\/05\/Paint-Mix-Room-05-300x265.webp 300w, https:\/\/www.paintbooth.com\/wp-content\/uploads\/2024\/05\/Paint-Mix-Room-05-768x678.webp 768w\" sizes=\"(max-width: 1000px) 100vw, 1000px\" \/>\t\t\t\t\t\t\t\t\t\t\t\t\t\t\t<\/div>\n\t\t\t\t<\/div>\n\t\t\t\t\t<\/div>\n\t\t\t\t<\/div>\n\t\t\t\t<\/div>\n\t\t\t\t\t<\/div>\n\t\t\t\t<\/div>\n\t\t<div class=\"elementor-element elementor-element-7abdea0 e-flex e-con-boxed e-con e-parent\" data-id=\"7abdea0\" data-element_type=\"container\">\n\t\t\t\t\t<div class=\"e-con-inner\">\n\t\t<div class=\"elementor-element elementor-element-2a2d0e8 e-con-full e-flex e-con e-child\" data-id=\"2a2d0e8\" data-element_type=\"container\">\n\t\t<div class=\"elementor-element elementor-element-9d8be79 e-con-full e-flex e-con e-child\" data-id=\"9d8be79\" data-element_type=\"container\">\n\t\t\t\t<div class=\"elementor-element elementor-element-0f91960 readmoree elementor-widget elementor-widget-ucaddon_toggle_text_button\" data-id=\"0f91960\" data-element_type=\"widget\" data-widget_type=\"ucaddon_toggle_text_button.default\">\n\t\t\t\t<div class=\"elementor-widget-container\">\n\t\t\t\t\t\n<!-- start Toggle Text Button -->\n<style>\/* widget: Toggle Text Button *\/\n\n#uc_toggle_text_button_elementor_0f91960 .read_more{\n  text-decoration:none;\n  font-size:14px;\n  color:white;\n  transition:0.3s;\n}\n\n<\/style>\n\n<div id=\"uc_toggle_text_button_elementor_0f91960\" class=\"toggle_text_button\"> \n  \n  <div class=\"short_txt\"><h4 id=\"PowderCoatedPaintMixingStorageRoomDimensions\"><strong><span style=\"color: #0168c9;\">Dimensiones de la sala de mezcla y almacenamiento de pintura con recubrimiento en polvo<\/span><\/strong><\/h4><p><strong>PMR-0808:<\/strong><\/p><p>Dimensiones interiores: 2,44 m de ancho x 2,44 m de alto x 2,44 m de largo<br \/>Dimensiones exteriores: 2,54 m de ancho x 2,49 m de alto x 3,20 m de largo<br \/>Puerta de acceso: 1<\/p><p><strong>PMR-1008:<\/strong><\/p><p>Dimensiones interiores: 2,44 m de ancho x 2,44 m de alto x 3,05 m de largo<br \/>Dimensiones exteriores: 2,54 m de ancho x 2,49 m de alto x 3,81 m de largo<br \/>Puerta de acceso: 1<\/p><p><strong>PMR-0812:<\/strong><\/p><p>Dimensiones interiores: 2,44 m de ancho x 2,44 m de alto x 3,66 m de largo<br \/>Dimensiones exteriores: 2,54 m de ancho x 2,49 m de alto x 4,42 m de largo<br \/>Puerta de acceso: 1<\/p><\/div>   \n  <div class=\"long_txt\" style=\"display:none;\"><h4 id=\"PowderCoatedPaintMixingStorageRoomDimensions\"><strong><span style=\"color: #0168c9;\">Dimensiones de la sala de mezcla y almacenamiento de pintura con recubrimiento en polvo<\/span><\/strong><\/h4><p><strong>PMR-0808:<\/strong><\/p><p>Dimensiones interiores: 2,44 m de ancho x 2,44 m de alto x 2,44 m de largo<br \/>Dimensiones exteriores: 2,54 m de ancho x 2,49 m de alto x 3,20 m de largo<br \/>Puerta de acceso: 1<\/p><p><strong>PMR-1008:<\/strong><\/p><p>Dimensiones interiores: 2,44 m de ancho x 2,44 m de alto x 3,05 m de largo<br \/>Dimensiones exteriores: 2,54 m de ancho x 2,49 m de alto x 3,81 m de largo<br \/>Puerta de acceso: 1<\/p><p><strong>PMR-0812:<\/strong><\/p><p>Dimensiones interiores: 2,44 m de ancho x 2,44 m de alto x 3,66 m de largo<br \/>Dimensiones exteriores: 2,54 m de ancho x 2,49 m de alto x 4,42 m de largo<br \/>Puerta de acceso: 1<\/p><p><strong>PMR-0815:<\/strong><\/p><p>Dimensiones interiores: 2,44 m de ancho x 2,44 m de alto x 4,57 m de largo<br \/>Dimensiones exteriores: 2,54 m de ancho x 2,49 m de alto x 5,33 m de largo<br \/>Puerta de acceso: 1<\/p><p><strong>PMR-1015:<\/strong><\/p><p>Dimensiones interiores: 3,05 m de ancho x 2,44 m de alto x 4,57 m de largo<br \/>Dimensiones exteriores: 3,15 m de ancho x 2,49 m de alto x 5,33 m de largo<br \/>Puerta de acceso: 1<\/p><p>Hay muchas opciones disponibles y otros tama\u00f1os, solo ll\u00e1menos al 1-833-552-6684.<\/p><\/div>  \n  \n  <div style=\"text-align:center;\">  \n    <a href=\"javascript:void(0)\" class=\"read_more\">\n      <span class=\"btn_txt_before_click\"><span  class=\"uc_style_toggle_text_button_elementor_button_text\" style=\"color:#0168C9;\">Leer m\u00e1s<\/span><\/span>\n      <span class=\"btn_txt_after_click\" style=\"display:none;\"><span  class=\"uc_style_toggle_text_button_elementor_button_text_close\" style=\"color:#0168C9;\">Leer menos<\/span><\/span>\n    <\/a>  \n  <\/div>  \n<\/div>\n<!-- end Toggle Text Button -->\t\t\t\t<\/div>\n\t\t\t\t<\/div>\n\t\t\t\t<\/div>\n\t\t\t\t<\/div>\n\t\t\t\t\t<\/div>\n\t\t\t\t<\/div>\n\t\t\t\t<\/div>","protected":false},"excerpt":{"rendered":"<p>Powder Coated Paint Mixing &#038; Storage Room Powder Coated Paint Mixing &#038; Storage Room Our Powder Coated Paint Mixing &amp; Storage Rooms include the exhaust duct work package for a 17\u2019 high roof, ETL Listed control panel with motor starters and on-off switches and they are also POWDER COATED! The air flows in through filters [&hellip;]<\/p>","protected":false},"author":1,"featured_media":0,"parent":0,"menu_order":0,"comment_status":"closed","ping_status":"closed","template":"elementor_header_footer","meta":{"footnotes":""},"class_list":["post-3314","page","type-page","status-publish","hentry"],"yoast_head":"<!-- This site is optimized with the Yoast SEO plugin v26.9 - https:\/\/yoast.com\/product\/yoast-seo-wordpress\/ -->\n<title>Powder Coated Paint Mixing &amp; Storage Room | Paint Booth<\/title>\n<meta name=\"description\" content=\"Explore powder coated paint mixing &amp; storage room from Paint Booth. Review system details, application fit, and request a quote for a solution built around your workflow.\" \/>\n<meta name=\"robots\" content=\"index, follow, max-snippet:-1, max-image-preview:large, max-video-preview:-1\" \/>\n<link rel=\"canonical\" href=\"https:\/\/www.paintbooth.com\/es\/almacen-para-mezclar-pintura-con-recubrimiento-en-polvo\/\" \/>\n<meta property=\"og:locale\" content=\"es_MX\" \/>\n<meta property=\"og:type\" content=\"article\" \/>\n<meta property=\"og:title\" content=\"Powder Coated Paint Mixing &amp; Storage Room | Paint Booth\" \/>\n<meta property=\"og:description\" content=\"Explore powder coated paint mixing &amp; storage room from Paint Booth. Review system details, application fit, and request a quote for a solution built around your workflow.\" \/>\n<meta property=\"og:url\" content=\"https:\/\/www.paintbooth.com\/es\/almacen-para-mezclar-pintura-con-recubrimiento-en-polvo\/\" \/>\n<meta property=\"og:site_name\" content=\"Paintbooth.com\" \/>\n<meta property=\"article:publisher\" content=\"https:\/\/www.facebook.com\/paintspraybooths\/\" \/>\n<meta property=\"article:modified_time\" content=\"2026-03-06T01:55:34+00:00\" \/>\n<meta property=\"og:image\" content=\"https:\/\/www.paintbooth.com\/wp-content\/uploads\/2024\/05\/Paint-Mix-Room-05.webp\" \/>\n\t<meta property=\"og:image:width\" content=\"1000\" \/>\n\t<meta property=\"og:image:height\" content=\"883\" \/>\n\t<meta property=\"og:image:type\" content=\"image\/webp\" \/>\n<meta name=\"twitter:card\" content=\"summary_large_image\" \/>\n<meta name=\"twitter:site\" content=\"@PaintBooth\" \/>\n<meta name=\"twitter:label1\" content=\"Tiempo de lectura\" \/>\n\t<meta name=\"twitter:data1\" content=\"3 minutos\" \/>\n<script type=\"application\/ld+json\" class=\"yoast-schema-graph\">{\"@context\":\"https:\/\/schema.org\",\"@graph\":[{\"@type\":\"WebPage\",\"@id\":\"https:\/\/www.paintbooth.com\/powder-coated-paint-mixing-storage-room\/\",\"url\":\"https:\/\/www.paintbooth.com\/powder-coated-paint-mixing-storage-room\/\",\"name\":\"Powder Coated Paint Mixing & Storage Room | Paint Booth\",\"isPartOf\":{\"@id\":\"https:\/\/www.paintbooth.com\/#website\"},\"primaryImageOfPage\":{\"@id\":\"https:\/\/www.paintbooth.com\/powder-coated-paint-mixing-storage-room\/#primaryimage\"},\"image\":{\"@id\":\"https:\/\/www.paintbooth.com\/powder-coated-paint-mixing-storage-room\/#primaryimage\"},\"thumbnailUrl\":\"https:\/\/www.paintbooth.com\/wp-content\/uploads\/2024\/05\/Paint-Mix-Room-05.webp\",\"datePublished\":\"2017-07-14T10:35:42+00:00\",\"dateModified\":\"2026-03-06T01:55:34+00:00\",\"description\":\"Explore powder coated paint mixing & storage room from Paint Booth. Review system details, application fit, and request a quote for a solution built around your workflow.\",\"breadcrumb\":{\"@id\":\"https:\/\/www.paintbooth.com\/powder-coated-paint-mixing-storage-room\/#breadcrumb\"},\"inLanguage\":\"es\",\"potentialAction\":[{\"@type\":\"ReadAction\",\"target\":[\"https:\/\/www.paintbooth.com\/powder-coated-paint-mixing-storage-room\/\"]}]},{\"@type\":\"ImageObject\",\"inLanguage\":\"es\",\"@id\":\"https:\/\/www.paintbooth.com\/powder-coated-paint-mixing-storage-room\/#primaryimage\",\"url\":\"https:\/\/www.paintbooth.com\/wp-content\/uploads\/2024\/05\/Paint-Mix-Room-05.webp\",\"contentUrl\":\"https:\/\/www.paintbooth.com\/wp-content\/uploads\/2024\/05\/Paint-Mix-Room-05.webp\"},{\"@type\":\"BreadcrumbList\",\"@id\":\"https:\/\/www.paintbooth.com\/powder-coated-paint-mixing-storage-room\/#breadcrumb\",\"itemListElement\":[{\"@type\":\"ListItem\",\"position\":1,\"name\":\"Home\",\"item\":\"https:\/\/www.paintbooth.com\/\"},{\"@type\":\"ListItem\",\"position\":2,\"name\":\"Powder Coated Paint Mixing &#038; Storage Room\"}]},{\"@type\":\"WebSite\",\"@id\":\"https:\/\/www.paintbooth.com\/#website\",\"url\":\"https:\/\/www.paintbooth.com\/\",\"name\":\"Paintbooth.com\",\"description\":\"Affordable Quality Paint Booths-Finishing Equipment\",\"potentialAction\":[{\"@type\":\"SearchAction\",\"target\":{\"@type\":\"EntryPoint\",\"urlTemplate\":\"https:\/\/www.paintbooth.com\/?s={search_term_string}\"},\"query-input\":{\"@type\":\"PropertyValueSpecification\",\"valueRequired\":true,\"valueName\":\"search_term_string\"}}],\"inLanguage\":\"es\"}]}<\/script>\n<!-- \/ Yoast SEO plugin. -->","yoast_head_json":{"title":"Sala de mezcla y almacenamiento de pintura con recubrimiento en polvo | Cabina de pintura","description":"Explore la sala de mezcla y almacenamiento de pintura con recubrimiento en polvo de Paint Booth. Revise los detalles del sistema, la idoneidad de la aplicaci\u00f3n y solicite un presupuesto para una soluci\u00f3n adaptada a su flujo de trabajo.","robots":{"index":"index","follow":"follow","max-snippet":"max-snippet:-1","max-image-preview":"max-image-preview:large","max-video-preview":"max-video-preview:-1"},"canonical":"https:\/\/www.paintbooth.com\/es\/almacen-para-mezclar-pintura-con-recubrimiento-en-polvo\/","og_locale":"es_MX","og_type":"article","og_title":"Powder Coated Paint Mixing & Storage Room | Paint Booth","og_description":"Explore powder coated paint mixing & storage room from Paint Booth. Review system details, application fit, and request a quote for a solution built around your workflow.","og_url":"https:\/\/www.paintbooth.com\/es\/almacen-para-mezclar-pintura-con-recubrimiento-en-polvo\/","og_site_name":"Paintbooth.com","article_publisher":"https:\/\/www.facebook.com\/paintspraybooths\/","article_modified_time":"2026-03-06T01:55:34+00:00","og_image":[{"width":1000,"height":883,"url":"https:\/\/www.paintbooth.com\/wp-content\/uploads\/2024\/05\/Paint-Mix-Room-05.webp","type":"image\/webp"}],"twitter_card":"summary_large_image","twitter_site":"@PaintBooth","twitter_misc":{"Tiempo de lectura":"3 minutos"},"schema":{"@context":"https:\/\/schema.org","@graph":[{"@type":"WebPage","@id":"https:\/\/www.paintbooth.com\/powder-coated-paint-mixing-storage-room\/","url":"https:\/\/www.paintbooth.com\/powder-coated-paint-mixing-storage-room\/","name":"Sala de mezcla y almacenamiento de pintura con recubrimiento en polvo | Cabina de pintura","isPartOf":{"@id":"https:\/\/www.paintbooth.com\/#website"},"primaryImageOfPage":{"@id":"https:\/\/www.paintbooth.com\/powder-coated-paint-mixing-storage-room\/#primaryimage"},"image":{"@id":"https:\/\/www.paintbooth.com\/powder-coated-paint-mixing-storage-room\/#primaryimage"},"thumbnailUrl":"https:\/\/www.paintbooth.com\/wp-content\/uploads\/2024\/05\/Paint-Mix-Room-05.webp","datePublished":"2017-07-14T10:35:42+00:00","dateModified":"2026-03-06T01:55:34+00:00","description":"Explore la sala de mezcla y almacenamiento de pintura con recubrimiento en polvo de Paint Booth. Revise los detalles del sistema, la idoneidad de la aplicaci\u00f3n y solicite un presupuesto para una soluci\u00f3n adaptada a su flujo de trabajo.","breadcrumb":{"@id":"https:\/\/www.paintbooth.com\/powder-coated-paint-mixing-storage-room\/#breadcrumb"},"inLanguage":"es","potentialAction":[{"@type":"ReadAction","target":["https:\/\/www.paintbooth.com\/powder-coated-paint-mixing-storage-room\/"]}]},{"@type":"ImageObject","inLanguage":"es","@id":"https:\/\/www.paintbooth.com\/powder-coated-paint-mixing-storage-room\/#primaryimage","url":"https:\/\/www.paintbooth.com\/wp-content\/uploads\/2024\/05\/Paint-Mix-Room-05.webp","contentUrl":"https:\/\/www.paintbooth.com\/wp-content\/uploads\/2024\/05\/Paint-Mix-Room-05.webp"},{"@type":"BreadcrumbList","@id":"https:\/\/www.paintbooth.com\/powder-coated-paint-mixing-storage-room\/#breadcrumb","itemListElement":[{"@type":"ListItem","position":1,"name":"Home","item":"https:\/\/www.paintbooth.com\/"},{"@type":"ListItem","position":2,"name":"Powder Coated Paint Mixing &#038; Storage Room"}]},{"@type":"WebSite","@id":"https:\/\/www.paintbooth.com\/#website","url":"https:\/\/www.paintbooth.com\/","name":"Paintbooth.com","description":"Cabinas de pintura de calidad asequibles: equipos de acabado","potentialAction":[{"@type":"SearchAction","target":{"@type":"EntryPoint","urlTemplate":"https:\/\/www.paintbooth.com\/?s={search_term_string}"},"query-input":{"@type":"PropertyValueSpecification","valueRequired":true,"valueName":"search_term_string"}}],"inLanguage":"es"}]}},"_links":{"self":[{"href":"https:\/\/www.paintbooth.com\/es\/wp-json\/wp\/v2\/pages\/3314","targetHints":{"allow":["GET"]}}],"collection":[{"href":"https:\/\/www.paintbooth.com\/es\/wp-json\/wp\/v2\/pages"}],"about":[{"href":"https:\/\/www.paintbooth.com\/es\/wp-json\/wp\/v2\/types\/page"}],"author":[{"embeddable":true,"href":"https:\/\/www.paintbooth.com\/es\/wp-json\/wp\/v2\/users\/1"}],"replies":[{"embeddable":true,"href":"https:\/\/www.paintbooth.com\/es\/wp-json\/wp\/v2\/comments?post=3314"}],"version-history":[{"count":21,"href":"https:\/\/www.paintbooth.com\/es\/wp-json\/wp\/v2\/pages\/3314\/revisions"}],"predecessor-version":[{"id":14876,"href":"https:\/\/www.paintbooth.com\/es\/wp-json\/wp\/v2\/pages\/3314\/revisions\/14876"}],"wp:attachment":[{"href":"https:\/\/www.paintbooth.com\/es\/wp-json\/wp\/v2\/media?parent=3314"}],"curies":[{"name":"wp","href":"https:\/\/api.w.org\/{rel}","templated":true}]}}