{"id":3328,"date":"2017-07-13T15:16:51","date_gmt":"2017-07-13T15:16:51","guid":{"rendered":"https:\/\/www.paintbooth.com\/?page_id=3328"},"modified":"2026-03-05T20:55:37","modified_gmt":"2026-03-06T01:55:37","slug":"almacen-estandar-para-mezclar-pinturas","status":"publish","type":"page","link":"https:\/\/www.paintbooth.com\/es\/almacen-estandar-para-mezclar-pinturas\/","title":{"rendered":"Sala est\u00e1ndar para mezcla y almacenamiento de pintura"},"content":{"rendered":"<div data-elementor-type=\"wp-page\" data-elementor-id=\"3328\" class=\"elementor elementor-3328\" data-elementor-post-type=\"page\">\n\t\t\t\t<div class=\"elementor-element elementor-element-8501348 e-flex e-con-boxed e-con e-parent\" data-id=\"8501348\" data-element_type=\"container\" data-settings=\"{&quot;background_background&quot;:&quot;classic&quot;}\">\n\t\t\t\t\t<div class=\"e-con-inner\">\n\t\t\t\t<div class=\"elementor-element elementor-element-b3e848a elementor-widget__width-initial elementor-invisible elementor-widget elementor-widget-heading\" data-id=\"b3e848a\" data-element_type=\"widget\" data-settings=\"{&quot;_animation&quot;:&quot;fadeInUp&quot;}\" data-widget_type=\"heading.default\">\n\t\t\t\t<div class=\"elementor-widget-container\">\n\t\t\t\t\t<h1 class=\"elementor-heading-title elementor-size-default\">Sala est\u00e1ndar para mezcla y almacenamiento de pintura<\/h1>\t\t\t\t<\/div>\n\t\t\t\t<\/div>\n\t\t\t\t\t<\/div>\n\t\t\t\t<\/div>\n\t\t<div class=\"elementor-element elementor-element-a111644 e-flex e-con-boxed e-con e-parent\" data-id=\"a111644\" data-element_type=\"container\">\n\t\t\t\t\t<div class=\"e-con-inner\">\n\t\t<div class=\"elementor-element elementor-element-2eb63fe e-con-full e-flex e-con e-child\" data-id=\"2eb63fe\" data-element_type=\"container\">\n\t\t<div class=\"elementor-element elementor-element-a1c8525 e-con-full e-flex e-con e-child\" data-id=\"a1c8525\" data-element_type=\"container\">\n\t\t\t\t<div class=\"elementor-element elementor-element-ce129a8 elementor-invisible elementor-widget elementor-widget-heading\" data-id=\"ce129a8\" data-element_type=\"widget\" data-settings=\"{&quot;_animation&quot;:&quot;fadeInUp&quot;}\" data-widget_type=\"heading.default\">\n\t\t\t\t<div class=\"elementor-widget-container\">\n\t\t\t\t\t<h2 class=\"elementor-heading-title elementor-size-default\">\u00a1Sencillo, r\u00e1pido y f\u00e1cil de instalar!<\/h2>\t\t\t\t<\/div>\n\t\t\t\t<\/div>\n\t\t\t\t<div class=\"elementor-element elementor-element-1e3892e readmoree elementor-widget elementor-widget-ucaddon_toggle_text_button\" data-id=\"1e3892e\" data-element_type=\"widget\" data-widget_type=\"ucaddon_toggle_text_button.default\">\n\t\t\t\t<div class=\"elementor-widget-container\">\n\t\t\t\t\t\n<!-- start Toggle Text Button -->\n<style>\/* widget: Toggle Text Button *\/\n\n#uc_toggle_text_button_elementor_1e3892e .read_more{\n  text-decoration:none;\n  font-size:14px;\n  color:white;\n  transition:0.3s;\n}\n\n<\/style>\n\n<div id=\"uc_toggle_text_button_elementor_1e3892e\" class=\"toggle_text_button\"> \n  \n  <div class=\"short_txt\"><p>En la sala est\u00e1ndar de mezcla y almacenamiento de pintura, el aire entra a trav\u00e9s de filtros situados en el techo (ubicados en el techo hacia un extremo de la sala de mezcla), desciende por la zona de trabajo y entra en los filtros de escape situados cerca del piso, en el extremo opuesto de la sala. El aire de escape se aspira a trav\u00e9s de la c\u00e1mara de escape y se descarga hacia arriba a trav\u00e9s de la chimenea de escape.<\/p><h3 id=\"LightingFeatures\"><span style=\"color: #0168c9;\">Caracter\u00edsticas de iluminaci\u00f3n<\/span><\/h3><p>La iluminaci\u00f3n brillante de la sala de mezclas se proporciona mediante luminarias fluorescentes de cuatro tubos, 48 pulgadas y 32 vatios, instaladas en los paneles del techo. Cada una de ellas est\u00e1 sellada detr\u00e1s de un vidrio de seguridad templado transparente. Todas las luminarias cuentan con la certificaci\u00f3n UL y est\u00e1n homologadas para su uso y ubicaci\u00f3n previstos. Las bombillas no est\u00e1n incluidas.<\/p><\/div>   \n  <div class=\"long_txt\" style=\"display:none;\"><p>En la sala est\u00e1ndar de mezcla y almacenamiento de pintura, el aire entra a trav\u00e9s de filtros situados en el techo (ubicados en el techo hacia un extremo de la sala de mezcla), desciende por la zona de trabajo y entra en los filtros de escape situados cerca del piso, en el extremo opuesto de la sala. El aire de escape se aspira a trav\u00e9s de la c\u00e1mara de escape y se descarga hacia arriba a trav\u00e9s de la chimenea de escape.<\/p><h3 id=\"LightingFeatures\"><span style=\"color: #0168c9;\">Caracter\u00edsticas de iluminaci\u00f3n<\/span><\/h3><p>La iluminaci\u00f3n brillante de la sala de mezclas se proporciona mediante luminarias fluorescentes de cuatro tubos, 48 pulgadas y 32 vatios, instaladas en los paneles del techo. Cada una de ellas est\u00e1 sellada detr\u00e1s de un vidrio de seguridad templado transparente. Todas las luminarias cuentan con la certificaci\u00f3n UL y est\u00e1n homologadas para su uso y ubicaci\u00f3n previstos. Las bombillas no est\u00e1n incluidas.<\/p><h4 id=\"StandardPaintMixingStorageRoomConstructionFeaturesandQualityStandards\"><span style=\"color: #0168c9;\">Caracter\u00edsticas y normas de calidad para la construcci\u00f3n de salas est\u00e1ndar de mezcla y almacenamiento de pintura<\/span><\/h4><p>Todas las salas de mezcla de pintura est\u00e1n fabricadas con acero de calibre 18 de alta calidad. La puerta de acceso para el personal est\u00e1 preinstalada en un marco de acero galvanizado de alta resistencia para facilitar su instalaci\u00f3n. Se proporcionan pestillos Brixon para la apertura de la puerta del personal. Tambi\u00e9n se incluye una ventana de observaci\u00f3n de 14\u201d x 48\u201d en todas las puertas de personal de las salas de mezcla de pintura.<\/p><p>El sistema de escape es impulsado por un ventilador axial con tubo de 12 pulgadas de di\u00e1metro.<\/p><p>Se incluyen todos los herrajes, filtros y selladores necesarios para la instalaci\u00f3n de la cabina. Se puede adquirir por separado un panel de control que incluye arrancadores de motor y otros componentes el\u00e9ctricos.<\/p><\/div>  \n  \n  <div style=\"text-align:center;\">  \n    <a href=\"javascript:void(0)\" class=\"read_more\">\n      <span class=\"btn_txt_before_click\"><span  class=\"uc_style_toggle_text_button_elementor_button_text\" style=\"color:#0168C9;\">Leer m\u00e1s<\/span><\/span>\n      <span class=\"btn_txt_after_click\" style=\"display:none;\"><span  class=\"uc_style_toggle_text_button_elementor_button_text_close\" style=\"color:#0168C9;\">Leer menos<\/span><\/span>\n    <\/a>  \n  <\/div>  \n<\/div>\n<!-- end Toggle Text Button -->\t\t\t\t<\/div>\n\t\t\t\t<\/div>\n\t\t\t\t<\/div>\n\t\t\t\t<\/div>\n\t\t\t\t\t<\/div>\n\t\t\t\t<\/div>\n\t\t<div class=\"elementor-element elementor-element-db14932 e-flex e-con-boxed e-con e-parent\" data-id=\"db14932\" data-element_type=\"container\">\n\t\t\t\t\t<div class=\"e-con-inner\">\n\t\t<div class=\"elementor-element elementor-element-11a5776 e-con-full e-flex e-con e-child\" data-id=\"11a5776\" data-element_type=\"container\">\n\t\t<div class=\"elementor-element elementor-element-e0e7d6f e-con-full e-flex e-con e-child\" data-id=\"e0e7d6f\" data-element_type=\"container\">\n\t\t\t\t<div class=\"elementor-element elementor-element-f9055d2 readmoree elementor-widget elementor-widget-ucaddon_toggle_text_button\" data-id=\"f9055d2\" data-element_type=\"widget\" data-widget_type=\"ucaddon_toggle_text_button.default\">\n\t\t\t\t<div class=\"elementor-widget-container\">\n\t\t\t\t\t\n<!-- start Toggle Text Button -->\n<style>\/* widget: Toggle Text Button *\/\n\n#uc_toggle_text_button_elementor_f9055d2 .read_more{\n  text-decoration:none;\n  font-size:14px;\n  color:white;\n  transition:0.3s;\n}\n\n<\/style>\n\n<div id=\"uc_toggle_text_button_elementor_f9055d2\" class=\"toggle_text_button\"> \n  \n  <div class=\"short_txt\"><h5 id=\"Models\"><strong><span style=\"color: #0168c9;\">Modelos<\/span><\/strong><\/h5><p><strong><em>PMR-0808:<\/em><\/strong><\/p><ul><li>Dimensiones interiores: 2,44 m de ancho x 2,44 m de alto x 2,44 m de largo<\/li><li>Dimensiones exteriores: 2,54 m de ancho x 2,49 m de alto x 3,20 m de largo<\/li><li>Puerta de acceso: 1<\/li><li>A\u00f1adir recubrimiento en polvo<\/li><\/ul><p><strong><em>PMR-1008:<\/em><\/strong><\/p><ul><li>Dimensiones interiores: 2,44 m de ancho x 2,44 m de alto x 3,05 m de largo<\/li><li>Dimensiones exteriores: 2,54 m de ancho x 2,49 m de alto x 3,81 m de largo<\/li><li>Puerta de acceso: 1<\/li><li>A\u00f1adir recubrimiento en polvo<\/li><\/ul><p><strong><em>PMR-0812:<\/em><\/strong><\/p><ul><li>Dimensiones interiores: 2,44 m de ancho x 2,44 m de alto x 3,66 m de largo<\/li><li>Dimensiones exteriores: 2,54 m de ancho x 2,49 m de alto x 4,42 m de largo<\/li><li>Puerta de acceso: 1<\/li><li>A\u00f1adir recubrimiento en polvo<\/li><\/ul><\/div>   \n  <div class=\"long_txt\" style=\"display:none;\"><h5 id=\"Models\"><strong><span style=\"color: #0168c9;\">Modelos<\/span><\/strong><\/h5><p><strong><em>PMR-0808:<\/em><\/strong><\/p><ul><li>Dimensiones interiores: 2,44 m de ancho x 2,44 m de alto x 2,44 m de largo<\/li><li>Dimensiones exteriores: 2,54 m de ancho x 2,49 m de alto x 3,20 m de largo<\/li><li>Puerta de acceso: 1<\/li><li>A\u00f1adir recubrimiento en polvo<\/li><\/ul><p><strong><em>PMR-1008:<\/em><\/strong><\/p><ul><li>Dimensiones interiores: 2,44 m de ancho x 2,44 m de alto x 3,05 m de largo<\/li><li>Dimensiones exteriores: 2,54 m de ancho x 2,49 m de alto x 3,81 m de largo<\/li><li>Puerta de acceso: 1<\/li><li>A\u00f1adir recubrimiento en polvo<\/li><\/ul><p><strong><em>PMR-0812:<\/em><\/strong><\/p><ul><li>Dimensiones interiores: 2,44 m de ancho x 2,44 m de alto x 3,66 m de largo<\/li><li>Dimensiones exteriores: 2,54 m de ancho x 2,49 m de alto x 4,42 m de largo<\/li><li>Puerta de acceso: 1<\/li><li>A\u00f1adir recubrimiento en polvo<\/li><\/ul><p><strong><em>PMR-0815:<\/em><\/strong><\/p><ul><li>Dimensiones interiores: 2,44 m de ancho x 2,44 m de alto x 4,57 m de largo<\/li><li>Dimensiones exteriores: 2,54 m de ancho x 2,49 m de alto x 5,33 m de largo<\/li><li>Puerta de acceso: 1<\/li><li>A\u00f1adir recubrimiento en polvo<\/li><\/ul><p><strong><em>PMR-1015:<\/em><\/strong><\/p><ul><li>Dimensiones interiores: 3,05 m de ancho x 2,44 m de alto x 4,57 m de largo<\/li><li>Dimensiones exteriores: 3,15 m de ancho x 2,49 m de alto x 5,33 m de largo<\/li><li>Puerta de acceso: 1<\/li><li>A\u00f1adir recubrimiento en polvo<\/li><\/ul><h6 id=\"OptionalExhaustDuctPackagefora15HighRoof\">Paquete opcional de conducto de escape para techo alto de 15 pies<\/h6><p>Hay muchas opciones disponibles y otros tama\u00f1os, solo ll\u00e1menos al 1-833-552-6684.<\/p><\/div>  \n  \n  <div style=\"text-align:center;\">  \n    <a href=\"javascript:void(0)\" class=\"read_more\">\n      <span class=\"btn_txt_before_click\"><span  class=\"uc_style_toggle_text_button_elementor_button_text\" style=\"color:#0168C9;\">Leer m\u00e1s<\/span><\/span>\n      <span class=\"btn_txt_after_click\" style=\"display:none;\"><span  class=\"uc_style_toggle_text_button_elementor_button_text_close\" style=\"color:#0168C9;\">Leer menos<\/span><\/span>\n    <\/a>  \n  <\/div>  \n<\/div>\n<!-- end Toggle Text Button -->\t\t\t\t<\/div>\n\t\t\t\t<\/div>\n\t\t\t\t<\/div>\n\t\t\t\t<\/div>\n\t\t\t\t\t<\/div>\n\t\t\t\t<\/div>\n\t\t\t\t<\/div>","protected":false},"excerpt":{"rendered":"<p>Sala est\u00e1ndar para mezcla y almacenamiento de pintura \u00a1Sencilla, r\u00e1pida y f\u00e1cil de instalar! En la sala est\u00e1ndar para mezcla y almacenamiento de pintura, el aire entra a trav\u00e9s de los filtros del techo (situados en el techo hacia un extremo de la sala de mezcla), baja por la zona de trabajo y entra en los filtros de escape situados cerca del piso en el [\u2026]<\/p>","protected":false},"author":1,"featured_media":0,"parent":0,"menu_order":0,"comment_status":"closed","ping_status":"closed","template":"elementor_header_footer","meta":{"footnotes":""},"class_list":["post-3328","page","type-page","status-publish","hentry"],"yoast_head":"<!-- This site is optimized with the Yoast SEO plugin v26.9 - https:\/\/yoast.com\/product\/yoast-seo-wordpress\/ -->\n<title>Standard Paint Mixing &amp; Storage Room | Paint Booth<\/title>\n<meta name=\"description\" content=\"Explore standard paint mixing &amp; storage room from Paint Booth. Review system details, application fit, and request a quote for a solution built around your workflow.\" \/>\n<meta name=\"robots\" content=\"index, follow, max-snippet:-1, max-image-preview:large, max-video-preview:-1\" \/>\n<link rel=\"canonical\" href=\"https:\/\/www.paintbooth.com\/es\/almacen-estandar-para-mezclar-pinturas\/\" \/>\n<meta property=\"og:locale\" content=\"es_MX\" \/>\n<meta property=\"og:type\" content=\"article\" \/>\n<meta property=\"og:title\" content=\"Standard Paint Mixing &amp; Storage Room | Paint Booth\" \/>\n<meta property=\"og:description\" content=\"Explore standard paint mixing &amp; storage room from Paint Booth. Review system details, application fit, and request a quote for a solution built around your workflow.\" \/>\n<meta property=\"og:url\" content=\"https:\/\/www.paintbooth.com\/es\/almacen-estandar-para-mezclar-pinturas\/\" \/>\n<meta property=\"og:site_name\" content=\"Paintbooth.com\" \/>\n<meta property=\"article:publisher\" content=\"https:\/\/www.facebook.com\/paintspraybooths\/\" \/>\n<meta property=\"article:modified_time\" content=\"2026-03-06T01:55:37+00:00\" \/>\n<meta name=\"twitter:card\" content=\"summary_large_image\" \/>\n<meta name=\"twitter:site\" content=\"@PaintBooth\" \/>\n<meta name=\"twitter:label1\" content=\"Tiempo de lectura\" \/>\n\t<meta name=\"twitter:data1\" content=\"3 minutos\" \/>\n<script type=\"application\/ld+json\" class=\"yoast-schema-graph\">{\"@context\":\"https:\/\/schema.org\",\"@graph\":[{\"@type\":\"WebPage\",\"@id\":\"https:\/\/www.paintbooth.com\/standard-paint-mixing-storage-room\/\",\"url\":\"https:\/\/www.paintbooth.com\/standard-paint-mixing-storage-room\/\",\"name\":\"Standard Paint Mixing & Storage Room | Paint Booth\",\"isPartOf\":{\"@id\":\"https:\/\/www.paintbooth.com\/#website\"},\"datePublished\":\"2017-07-13T15:16:51+00:00\",\"dateModified\":\"2026-03-06T01:55:37+00:00\",\"description\":\"Explore standard paint mixing & storage room from Paint Booth. Review system details, application fit, and request a quote for a solution built around your workflow.\",\"breadcrumb\":{\"@id\":\"https:\/\/www.paintbooth.com\/standard-paint-mixing-storage-room\/#breadcrumb\"},\"inLanguage\":\"es\",\"potentialAction\":[{\"@type\":\"ReadAction\",\"target\":[\"https:\/\/www.paintbooth.com\/standard-paint-mixing-storage-room\/\"]}]},{\"@type\":\"BreadcrumbList\",\"@id\":\"https:\/\/www.paintbooth.com\/standard-paint-mixing-storage-room\/#breadcrumb\",\"itemListElement\":[{\"@type\":\"ListItem\",\"position\":1,\"name\":\"Home\",\"item\":\"https:\/\/www.paintbooth.com\/\"},{\"@type\":\"ListItem\",\"position\":2,\"name\":\"Standard Paint Mixing &#038; Storage Room\"}]},{\"@type\":\"WebSite\",\"@id\":\"https:\/\/www.paintbooth.com\/#website\",\"url\":\"https:\/\/www.paintbooth.com\/\",\"name\":\"Paintbooth.com\",\"description\":\"Affordable Quality Paint Booths-Finishing Equipment\",\"potentialAction\":[{\"@type\":\"SearchAction\",\"target\":{\"@type\":\"EntryPoint\",\"urlTemplate\":\"https:\/\/www.paintbooth.com\/?s={search_term_string}\"},\"query-input\":{\"@type\":\"PropertyValueSpecification\",\"valueRequired\":true,\"valueName\":\"search_term_string\"}}],\"inLanguage\":\"es\"}]}<\/script>\n<!-- \/ Yoast SEO plugin. -->","yoast_head_json":{"title":"Sala est\u00e1ndar de mezcla y almacenamiento de pintura | Cabina de pintura","description":"Explore la sala est\u00e1ndar de mezcla y almacenamiento de pintura de Paint Booth. Revise los detalles del sistema, la idoneidad de la aplicaci\u00f3n y solicite un presupuesto para una soluci\u00f3n adaptada a su flujo de trabajo.","robots":{"index":"index","follow":"follow","max-snippet":"max-snippet:-1","max-image-preview":"max-image-preview:large","max-video-preview":"max-video-preview:-1"},"canonical":"https:\/\/www.paintbooth.com\/es\/almacen-estandar-para-mezclar-pinturas\/","og_locale":"es_MX","og_type":"article","og_title":"Standard Paint Mixing & Storage Room | Paint Booth","og_description":"Explore standard paint mixing & storage room from Paint Booth. Review system details, application fit, and request a quote for a solution built around your workflow.","og_url":"https:\/\/www.paintbooth.com\/es\/almacen-estandar-para-mezclar-pinturas\/","og_site_name":"Paintbooth.com","article_publisher":"https:\/\/www.facebook.com\/paintspraybooths\/","article_modified_time":"2026-03-06T01:55:37+00:00","twitter_card":"summary_large_image","twitter_site":"@PaintBooth","twitter_misc":{"Tiempo de lectura":"3 minutos"},"schema":{"@context":"https:\/\/schema.org","@graph":[{"@type":"WebPage","@id":"https:\/\/www.paintbooth.com\/standard-paint-mixing-storage-room\/","url":"https:\/\/www.paintbooth.com\/standard-paint-mixing-storage-room\/","name":"Sala est\u00e1ndar de mezcla y almacenamiento de pintura | Cabina de pintura","isPartOf":{"@id":"https:\/\/www.paintbooth.com\/#website"},"datePublished":"2017-07-13T15:16:51+00:00","dateModified":"2026-03-06T01:55:37+00:00","description":"Explore la sala est\u00e1ndar de mezcla y almacenamiento de pintura de Paint Booth. Revise los detalles del sistema, la idoneidad de la aplicaci\u00f3n y solicite un presupuesto para una soluci\u00f3n adaptada a su flujo de trabajo.","breadcrumb":{"@id":"https:\/\/www.paintbooth.com\/standard-paint-mixing-storage-room\/#breadcrumb"},"inLanguage":"es","potentialAction":[{"@type":"ReadAction","target":["https:\/\/www.paintbooth.com\/standard-paint-mixing-storage-room\/"]}]},{"@type":"BreadcrumbList","@id":"https:\/\/www.paintbooth.com\/standard-paint-mixing-storage-room\/#breadcrumb","itemListElement":[{"@type":"ListItem","position":1,"name":"Home","item":"https:\/\/www.paintbooth.com\/"},{"@type":"ListItem","position":2,"name":"Standard Paint Mixing &#038; Storage Room"}]},{"@type":"WebSite","@id":"https:\/\/www.paintbooth.com\/#website","url":"https:\/\/www.paintbooth.com\/","name":"Paintbooth.com","description":"Cabinas de pintura de calidad asequibles: equipos de acabado","potentialAction":[{"@type":"SearchAction","target":{"@type":"EntryPoint","urlTemplate":"https:\/\/www.paintbooth.com\/?s={search_term_string}"},"query-input":{"@type":"PropertyValueSpecification","valueRequired":true,"valueName":"search_term_string"}}],"inLanguage":"es"}]}},"_links":{"self":[{"href":"https:\/\/www.paintbooth.com\/es\/wp-json\/wp\/v2\/pages\/3328","targetHints":{"allow":["GET"]}}],"collection":[{"href":"https:\/\/www.paintbooth.com\/es\/wp-json\/wp\/v2\/pages"}],"about":[{"href":"https:\/\/www.paintbooth.com\/es\/wp-json\/wp\/v2\/types\/page"}],"author":[{"embeddable":true,"href":"https:\/\/www.paintbooth.com\/es\/wp-json\/wp\/v2\/users\/1"}],"replies":[{"embeddable":true,"href":"https:\/\/www.paintbooth.com\/es\/wp-json\/wp\/v2\/comments?post=3328"}],"version-history":[{"count":21,"href":"https:\/\/www.paintbooth.com\/es\/wp-json\/wp\/v2\/pages\/3328\/revisions"}],"predecessor-version":[{"id":14877,"href":"https:\/\/www.paintbooth.com\/es\/wp-json\/wp\/v2\/pages\/3328\/revisions\/14877"}],"wp:attachment":[{"href":"https:\/\/www.paintbooth.com\/es\/wp-json\/wp\/v2\/media?parent=3328"}],"curies":[{"name":"wp","href":"https:\/\/api.w.org\/{rel}","templated":true}]}}