{"id":4384,"date":"2023-05-01T02:34:51","date_gmt":"2023-05-01T06:34:51","guid":{"rendered":"https:\/\/www.paintbooth.com\/?page_id=4384"},"modified":"2026-03-24T06:43:13","modified_gmt":"2026-03-24T10:43:13","slug":"elevador-de-cabina-de-pintura-en-polvo-de-un-solo-eje","status":"publish","type":"page","link":"https:\/\/www.paintbooth.com\/es\/elevadores-de-personas\/elevador-de-cabina-de-pintura-en-polvo-de-un-solo-eje\/","title":{"rendered":"Elevador de cabina de pintura\/polvo de un solo eje"},"content":{"rendered":"<div data-elementor-type=\"wp-page\" data-elementor-id=\"4384\" class=\"elementor elementor-4384\" data-elementor-post-type=\"page\">\n\t\t\t\t<div class=\"elementor-element elementor-element-3e849eb e-flex e-con-boxed e-con e-parent\" data-id=\"3e849eb\" data-element_type=\"container\" data-settings=\"{&quot;background_background&quot;:&quot;classic&quot;}\">\n\t\t\t\t\t<div class=\"e-con-inner\">\n\t\t\t\t<div class=\"elementor-element elementor-element-5392118 elementor-invisible elementor-widget elementor-widget-heading\" data-id=\"5392118\" data-element_type=\"widget\" data-settings=\"{&quot;_animation&quot;:&quot;fadeInUp&quot;}\" data-widget_type=\"heading.default\">\n\t\t\t\t<div class=\"elementor-widget-container\">\n\t\t\t\t\t<h1 class=\"elementor-heading-title elementor-size-default\">Elevador de cabina de pintura\/polvo de un solo eje<\/h1>\t\t\t\t<\/div>\n\t\t\t\t<\/div>\n\t\t\t\t\t<\/div>\n\t\t\t\t<\/div>\n\t\t<div class=\"elementor-element elementor-element-02e54c9 e-flex e-con-boxed e-con e-parent\" data-id=\"02e54c9\" data-element_type=\"container\" data-settings=\"{&quot;background_background&quot;:&quot;classic&quot;}\">\n\t\t\t\t\t<div class=\"e-con-inner\">\n\t\t<div class=\"elementor-element elementor-element-7a66dc6 e-con-full e-flex e-con e-child\" data-id=\"7a66dc6\" data-element_type=\"container\">\n\t\t<div class=\"elementor-element elementor-element-228c2ab e-con-full e-flex e-con e-child\" data-id=\"228c2ab\" data-element_type=\"container\">\n\t\t\t\t<div class=\"elementor-element elementor-element-ceaabb2 elementor-widget__width-initial elementor-invisible elementor-widget elementor-widget-text-editor\" data-id=\"ceaabb2\" data-element_type=\"widget\" data-settings=\"{&quot;_animation&quot;:&quot;fadeInUp&quot;,&quot;_animation_delay&quot;:200}\" data-widget_type=\"text-editor.default\">\n\t\t\t\t<div class=\"elementor-widget-container\">\n\t\t\t\t\t\t\t\t\t<p><span style=\"color: #000000;\"><strong>Elevador para cabina de pintura accionado a distancia mediante aire<\/strong><\/span><\/p><ul class=\"list technical-details\"><li>Accionado a distancia mediante aire o sistema hidr\u00e1ulico.<\/li><li>Neum\u00e1tico (puntos de conexi\u00f3n de aire sin lubricaci\u00f3n en la plataforma)<\/li><li>Recorrido vertical: hasta 8,5 m (altura de trabajo).<\/li><li>Capacidad de la plataforma: 500 libras.<\/li><li>Parada de emergencia<\/li><li>Puntos de fijaci\u00f3n del arn\u00e9s<\/li><li>Escalones de entrada anchos<\/li><li>Controlado con la mano o el pie<\/li><li>Recorrido del eje con junta (prevenci\u00f3n de contaminaci\u00f3n)<\/li><\/ul>\t\t\t\t\t\t\t\t<\/div>\n\t\t\t\t<\/div>\n\t\t\t\t<div class=\"elementor-element elementor-element-4314f95 elementor-widget elementor-widget-accordion\" data-id=\"4314f95\" data-element_type=\"widget\" data-widget_type=\"accordion.default\">\n\t\t\t\t<div class=\"elementor-widget-container\">\n\t\t\t\t\t\t\t<div class=\"elementor-accordion\">\n\t\t\t\t\t\t\t<div class=\"elementor-accordion-item\">\n\t\t\t\t\t<h2 id=\"elementor-tab-title-7031\" class=\"elementor-tab-title\" data-tab=\"1\" role=\"button\" aria-controls=\"elementor-tab-content-7031\" aria-expanded=\"false\">\n\t\t\t\t\t\t\t\t\t\t\t\t\t<span class=\"elementor-accordion-icon elementor-accordion-icon-right\" aria-hidden=\"true\">\n\t\t\t\t\t\t\t\t\t\t\t\t\t\t\t<span class=\"elementor-accordion-icon-closed\"><svg class=\"e-font-icon-svg e-fas-plus\" viewbox=\"0 0 448 512\" xmlns=\"http:\/\/www.w3.org\/2000\/svg\"><path d=\"M416 208H272V64c0-17.67-14.33-32-32-32h-32c-17.67 0-32 14.33-32 32v144H32c-17.67 0-32 14.33-32 32v32c0 17.67 14.33 32 32 32h144v144c0 17.67 14.33 32 32 32h32c17.67 0 32-14.33 32-32V304h144c17.67 0 32-14.33 32-32v-32c0-17.67-14.33-32-32-32z\"><\/path><\/svg><\/span>\n\t\t\t\t\t\t\t\t<span class=\"elementor-accordion-icon-opened\"><svg class=\"e-font-icon-svg e-fas-minus\" viewbox=\"0 0 448 512\" xmlns=\"http:\/\/www.w3.org\/2000\/svg\"><path d=\"M416 208H32c-17.67 0-32 14.33-32 32v32c0 17.67 14.33 32 32 32h384c17.67 0 32-14.33 32-32v-32c0-17.67-14.33-32-32-32z\"><\/path><\/svg><\/span>\n\t\t\t\t\t\t\t\t\t\t\t\t\t\t<\/span>\n\t\t\t\t\t\t\t\t\t\t\t\t<a class=\"elementor-accordion-title\" tabindex=\"0\">Solicitudes<\/a>\n\t\t\t\t\t<\/h2>\n\t\t\t\t\t<div id=\"elementor-tab-content-7031\" class=\"elementor-tab-content elementor-clearfix\" data-tab=\"1\" role=\"region\" aria-labelledby=\"elementor-tab-title-7031\"><ul class=\"list application-list\"><li>Acabado de pintura<\/li><li>Prevenci\u00f3n de ca\u00eddas \/ Seguridad<\/li><\/ul><\/div>\n\t\t\t\t<\/div>\n\t\t\t\t\t\t\t\t<\/div>\n\t\t\t\t\t\t<\/div>\n\t\t\t\t<\/div>\n\t\t\t\t<\/div>\n\t\t<div class=\"elementor-element elementor-element-51e10bb e-con-full e-flex e-con e-child\" data-id=\"51e10bb\" data-element_type=\"container\">\n\t\t\t\t<div class=\"elementor-element elementor-element-977ae90 elementor-pagination-position-outside elementor-widget elementor-widget-image-carousel\" data-id=\"977ae90\" data-element_type=\"widget\" data-settings=\"{&quot;slides_to_show&quot;:&quot;1&quot;,&quot;navigation&quot;:&quot;dots&quot;,&quot;autoplay&quot;:&quot;yes&quot;,&quot;pause_on_hover&quot;:&quot;yes&quot;,&quot;pause_on_interaction&quot;:&quot;yes&quot;,&quot;autoplay_speed&quot;:5000,&quot;infinite&quot;:&quot;yes&quot;,&quot;effect&quot;:&quot;slide&quot;,&quot;speed&quot;:500}\" data-widget_type=\"image-carousel.default\">\n\t\t\t\t<div class=\"elementor-widget-container\">\n\t\t\t\t\t\t\t<div class=\"elementor-image-carousel-wrapper swiper\" role=\"region\" aria-roledescription=\"carousel\" aria-label=\"Carrusel de im\u00e1genes\" dir=\"ltr\">\n\t\t\t<div class=\"elementor-image-carousel swiper-wrapper\" aria-live=\"off\">\n\t\t\t\t\t\t\t\t<div class=\"swiper-slide\" role=\"group\" aria-roledescription=\"slide\" aria-label=\"1 de 2\"><figure class=\"swiper-slide-inner\"><img decoding=\"async\" class=\"swiper-slide-image\" src=\"https:\/\/www.paintbooth.com\/wp-content\/uploads\/2024\/05\/single_axis_paint_powder_booth_lift_1-e1715861205961.jpg\" alt=\"Elevador de personal azul en una cabina de pintura industrial\" \/><\/figure><\/div><div class=\"swiper-slide\" role=\"group\" aria-roledescription=\"slide\" aria-label=\"2 de 2\"><figure class=\"swiper-slide-inner\"><img decoding=\"async\" class=\"swiper-slide-image\" src=\"https:\/\/www.paintbooth.com\/wp-content\/uploads\/2024\/05\/single_axis_paint_powder_booth_lift_2-e1715861176374.jpg\" alt=\"Sistemas de elevaci\u00f3n hidr\u00e1ulica azules en un entorno industrial\" \/><\/figure><\/div>\t\t\t<\/div>\n\t\t\t\t\t\t\t\n\t\t\t\t\t\t\t\t\t<div class=\"swiper-pagination\"><\/div>\n\t\t\t\t\t\t\t\t\t<\/div>\n\t\t\t\t\t\t<\/div>\n\t\t\t\t<\/div>\n\t\t\t\t<\/div>\n\t\t\t\t<\/div>\n\t\t\t\t\t<\/div>\n\t\t\t\t<\/div>\n\t\t<div class=\"elementor-element elementor-element-9d2c958 e-flex e-con-boxed e-con e-parent\" data-id=\"9d2c958\" data-element_type=\"container\" data-settings=\"{&quot;background_background&quot;:&quot;classic&quot;}\">\n\t\t\t\t\t<div class=\"e-con-inner\">\n\t\t<div class=\"elementor-element elementor-element-610a25a e-con-full e-flex e-con e-child\" data-id=\"610a25a\" data-element_type=\"container\">\n\t\t<div class=\"elementor-element elementor-element-4ef2b96 e-con-full e-flex e-con e-child\" data-id=\"4ef2b96\" data-element_type=\"container\">\n\t\t\t\t<div class=\"elementor-element elementor-element-52386cf elementor-widget elementor-widget-video\" data-id=\"52386cf\" data-element_type=\"widget\" data-settings=\"{&quot;youtube_url&quot;:&quot;https:\\\/\\\/www.youtube.com\\\/watch?v=DxhoBufAxy4&quot;,&quot;video_type&quot;:&quot;youtube&quot;,&quot;controls&quot;:&quot;yes&quot;}\" data-widget_type=\"video.default\">\n\t\t\t\t<div class=\"elementor-widget-container\">\n\t\t\t\t\t\t\t<div class=\"elementor-wrapper elementor-open-inline\">\n\t\t\t<div class=\"elementor-video\"><\/div>\t\t<\/div>\n\t\t\t\t\t\t<\/div>\n\t\t\t\t<\/div>\n\t\t\t\t<\/div>\n\t\t<div class=\"elementor-element elementor-element-907bfd1 e-con-full e-flex e-con e-child\" data-id=\"907bfd1\" data-element_type=\"container\">\n\t\t\t\t<div class=\"elementor-element elementor-element-d27b192 elementor-widget elementor-widget-accordion\" data-id=\"d27b192\" data-element_type=\"widget\" data-widget_type=\"accordion.default\">\n\t\t\t\t<div class=\"elementor-widget-container\">\n\t\t\t\t\t\t\t<div class=\"elementor-accordion\">\n\t\t\t\t\t\t\t<div class=\"elementor-accordion-item\">\n\t\t\t\t\t<h2 id=\"elementor-tab-title-2201\" class=\"elementor-tab-title\" data-tab=\"1\" role=\"button\" aria-controls=\"elementor-tab-content-2201\" aria-expanded=\"false\">\n\t\t\t\t\t\t\t\t\t\t\t\t\t<span class=\"elementor-accordion-icon elementor-accordion-icon-right\" aria-hidden=\"true\">\n\t\t\t\t\t\t\t\t\t\t\t\t\t\t\t<span class=\"elementor-accordion-icon-closed\"><svg class=\"e-font-icon-svg e-fas-plus\" viewbox=\"0 0 448 512\" xmlns=\"http:\/\/www.w3.org\/2000\/svg\"><path d=\"M416 208H272V64c0-17.67-14.33-32-32-32h-32c-17.67 0-32 14.33-32 32v144H32c-17.67 0-32 14.33-32 32v32c0 17.67 14.33 32 32 32h144v144c0 17.67 14.33 32 32 32h32c17.67 0 32-14.33 32-32V304h144c17.67 0 32-14.33 32-32v-32c0-17.67-14.33-32-32-32z\"><\/path><\/svg><\/span>\n\t\t\t\t\t\t\t\t<span class=\"elementor-accordion-icon-opened\"><svg class=\"e-font-icon-svg e-fas-minus\" viewbox=\"0 0 448 512\" xmlns=\"http:\/\/www.w3.org\/2000\/svg\"><path d=\"M416 208H32c-17.67 0-32 14.33-32 32v32c0 17.67 14.33 32 32 32h384c17.67 0 32-14.33 32-32v-32c0-17.67-14.33-32-32-32z\"><\/path><\/svg><\/span>\n\t\t\t\t\t\t\t\t\t\t\t\t\t\t<\/span>\n\t\t\t\t\t\t\t\t\t\t\t\t<a class=\"elementor-accordion-title\" tabindex=\"0\">Solicitudes<\/a>\n\t\t\t\t\t<\/h2>\n\t\t\t\t\t<div id=\"elementor-tab-content-2201\" class=\"elementor-tab-content elementor-clearfix\" data-tab=\"1\" role=\"region\" aria-labelledby=\"elementor-tab-title-2201\"><ul class=\"list application-list\"><li>Acabado de pintura<\/li><li>Prevenci\u00f3n de ca\u00eddas \/ Seguridad<\/li><\/ul><\/div>\n\t\t\t\t<\/div>\n\t\t\t\t\t\t\t\t<\/div>\n\t\t\t\t\t\t<\/div>\n\t\t\t\t<\/div>\n\t\t\t\t<\/div>\n\t\t\t\t<\/div>\n\t\t\t\t\t<\/div>\n\t\t\t\t<\/div>\n\t\t<div class=\"elementor-element elementor-element-b11432c e-flex e-con-boxed e-con e-parent\" data-id=\"b11432c\" data-element_type=\"container\" data-settings=\"{&quot;background_background&quot;:&quot;classic&quot;}\">\n\t\t\t\t\t<div class=\"e-con-inner\">\n\t\t<div class=\"elementor-element elementor-element-1c0d04b e-con-full e-flex e-con e-child\" data-id=\"1c0d04b\" data-element_type=\"container\">\n\t\t<div class=\"elementor-element elementor-element-98ec0e6 e-con-full e-flex e-con e-child\" data-id=\"98ec0e6\" data-element_type=\"container\">\n\t\t\t\t<div class=\"elementor-element elementor-element-8bbbf01 elementor-invisible elementor-widget elementor-widget-heading\" data-id=\"8bbbf01\" data-element_type=\"widget\" data-settings=\"{&quot;_animation&quot;:&quot;fadeInUp&quot;}\" data-widget_type=\"heading.default\">\n\t\t\t\t<div class=\"elementor-widget-container\">\n\t\t\t\t\t<h2 class=\"elementor-heading-title elementor-size-default\">Elevadores de personas<\/h2>\t\t\t\t<\/div>\n\t\t\t\t<\/div>\n\t\t\t\t<div class=\"elementor-element elementor-element-6547e0e disflex elementor-invisible elementor-widget elementor-widget-text-editor\" data-id=\"6547e0e\" data-element_type=\"widget\" data-settings=\"{&quot;_animation&quot;:&quot;fadeInUp&quot;,&quot;_animation_delay&quot;:200}\" data-widget_type=\"text-editor.default\">\n\t\t\t\t<div class=\"elementor-widget-container\">\n\t\t\t\t\t\t\t\t\t<p><a href=\"https:\/\/www.paintbooth.com\/es\/elevadores-de-personas\/\">Elevadores de personas<\/a><\/p><p><a href=\"https:\/\/www.paintbooth.com\/es\/elevadores-de-personas\/elevador-de-mastil-de-2-ejes\/\">Elevador de m\u00e1stil de 2 ejes<\/a><\/p><p><a href=\"https:\/\/www.paintbooth.com\/es\/elevadores-de-personas\/elevador-de-cabina-de-pintura-de-3-ejes\/\">Elevador de cabina de pintura de 3 ejes<\/a><\/p><p><a href=\"https:\/\/www.paintbooth.com\/es\/elevadores-de-personas\/elevador-de-mastil-de-4-ejes\/\">Elevador de m\u00e1stil de 4 ejes<\/a><\/p><p><a href=\"https:\/\/www.paintbooth.com\/es\/elevadores-de-personas\/plataforma-elevadora-para-cabina-de-pintura-aeroespacial\/\" aria-current=\"page\">Elevador para cabina de pintura aeroespacial<\/a><\/p><p><a href=\"https:\/\/www.paintbooth.com\/es\/elevadores-de-personas\/elevador-neumatico-autopropulsado\/\">Elevador neum\u00e1tico autopropulsado Boost<\/a><\/p><p><a href=\"https:\/\/www.paintbooth.com\/es\/elevadores-de-personas\/elevador-de-mastil-de-alcance-extendido\/\">Elevador de m\u00e1stil de alcance extendido<\/a><\/p><p><a href=\"https:\/\/www.paintbooth.com\/es\/elevadores-de-personas\/elevadores-de-mastil-de-altura-vertical-extendida\/\">Elevadores de m\u00e1stil de altura vertical extendida<\/a><\/p><p><a href=\"https:\/\/www.paintbooth.com\/es\/elevadores-de-personas\/elevador-de-pintura-con-alto-contenido-en-solidos\/\">Eliminaci\u00f3n de pintura con alto contenido en s\u00f3lidos<\/a><\/p><p><a href=\"https:\/\/www.paintbooth.com\/es\/elevadores-de-personas\/plataforma-de-trabajo-horizontal-montada-en-la-pared\/\">Plataforma de trabajo horizontal \u2013 Montaje en pared<\/a><\/p><p><a href=\"https:\/\/www.paintbooth.com\/es\/elevadores-de-personas\/plataforma-aerea-guiada-por-rieles\/\">Plataforma a\u00e9rea guiada por rieles<\/a><\/p><p><a href=\"https:\/\/www.paintbooth.com\/es\/elevadores-de-personas\/elevador-de-cabina-de-pintura-en-polvo-de-un-solo-eje\/\">Elevador de cabina de pintura\/polvo de un solo eje<\/a><\/p><p><a href=\"https:\/\/www.paintbooth.com\/es\/elevadores-de-personas\/pasarela-ajustable-verticalmente\/\">Pasarela ajustable verticalmente<\/a><\/p>\t\t\t\t\t\t\t\t<\/div>\n\t\t\t\t<\/div>\n\t\t\t\t<\/div>\n\t\t\t\t<\/div>\n\t\t\t\t\t<\/div>\n\t\t\t\t<\/div>\n\t\t\t\t<\/div>","protected":false},"excerpt":{"rendered":"<p>Elevador para cabina de pintura\/polvo de un solo eje Elevador para cabina de pintura con alimentaci\u00f3n remota por aire Alimentaci\u00f3n remota por aire o hidr\u00e1ulica Neum\u00e1tico (puntos de conexi\u00f3n de aire sin aceite en la plataforma) Recorrido vertical: hasta 8,5 m (altura de trabajo) Capacidad de la plataforma: 227 kg. Parada de emergencia Puntos de fijaci\u00f3n del arn\u00e9s Escalones de entrada anchos Control manual o con el pie Recorrido del eje con junta (prevenci\u00f3n de contaminaci\u00f3n) Aplicaciones Acabado de pintura Ca\u00edda [\u2026]<\/p>","protected":false},"author":4,"featured_media":0,"parent":84,"menu_order":0,"comment_status":"closed","ping_status":"closed","template":"elementor_header_footer","meta":{"footnotes":""},"class_list":["post-4384","page","type-page","status-publish","hentry"],"yoast_head":"<!-- This site is optimized with the Yoast SEO plugin v26.9 - https:\/\/yoast.com\/product\/yoast-seo-wordpress\/ -->\n<title>Single Axis Paint\/Powder Booth Lift | Paint Booth<\/title>\n<meta name=\"description\" content=\"Explore single axis paint\/powder booth lift from Paint Booth. Review system details, application fit, and request a quote for a solution built around your workflow.\" \/>\n<meta name=\"robots\" content=\"index, follow, max-snippet:-1, max-image-preview:large, max-video-preview:-1\" \/>\n<link rel=\"canonical\" href=\"https:\/\/www.paintbooth.com\/es\/elevadores-de-personas\/elevador-de-cabina-de-pintura-en-polvo-de-un-solo-eje\/\" \/>\n<meta property=\"og:locale\" content=\"es_MX\" \/>\n<meta property=\"og:type\" content=\"article\" \/>\n<meta property=\"og:title\" content=\"Single Axis Paint\/Powder Booth Lift | Paint Booth\" \/>\n<meta property=\"og:description\" content=\"Explore single axis paint\/powder booth lift from Paint Booth. Review system details, application fit, and request a quote for a solution built around your workflow.\" \/>\n<meta property=\"og:url\" content=\"https:\/\/www.paintbooth.com\/es\/elevadores-de-personas\/elevador-de-cabina-de-pintura-en-polvo-de-un-solo-eje\/\" \/>\n<meta property=\"og:site_name\" content=\"Paintbooth.com\" \/>\n<meta property=\"article:publisher\" content=\"https:\/\/www.facebook.com\/paintspraybooths\/\" \/>\n<meta property=\"article:modified_time\" content=\"2026-03-24T10:43:13+00:00\" \/>\n<meta property=\"og:image\" content=\"https:\/\/www.paintbooth.com\/wp-content\/uploads\/2024\/05\/single_axis_paint_powder_booth_lift_1-e1715861205961.jpg\" \/>\n<meta name=\"twitter:card\" content=\"summary_large_image\" \/>\n<meta name=\"twitter:site\" content=\"@PaintBooth\" \/>\n<meta name=\"twitter:label1\" content=\"Tiempo de lectura\" \/>\n\t<meta name=\"twitter:data1\" content=\"2 minutos\" \/>\n<script type=\"application\/ld+json\" class=\"yoast-schema-graph\">{\"@context\":\"https:\/\/schema.org\",\"@graph\":[{\"@type\":\"WebPage\",\"@id\":\"https:\/\/www.paintbooth.com\/man-lifts\/single-axis-paint-powder-booth-lift\/\",\"url\":\"https:\/\/www.paintbooth.com\/man-lifts\/single-axis-paint-powder-booth-lift\/\",\"name\":\"Single Axis Paint\/Powder Booth Lift | Paint Booth\",\"isPartOf\":{\"@id\":\"https:\/\/www.paintbooth.com\/#website\"},\"primaryImageOfPage\":{\"@id\":\"https:\/\/www.paintbooth.com\/man-lifts\/single-axis-paint-powder-booth-lift\/#primaryimage\"},\"image\":{\"@id\":\"https:\/\/www.paintbooth.com\/man-lifts\/single-axis-paint-powder-booth-lift\/#primaryimage\"},\"thumbnailUrl\":\"https:\/\/www.paintbooth.com\/wp-content\/uploads\/2024\/05\/single_axis_paint_powder_booth_lift_1-e1715861205961.jpg\",\"datePublished\":\"2023-05-01T06:34:51+00:00\",\"dateModified\":\"2026-03-24T10:43:13+00:00\",\"description\":\"Explore single axis paint\/powder booth lift from Paint Booth. Review system details, application fit, and request a quote for a solution built around your workflow.\",\"breadcrumb\":{\"@id\":\"https:\/\/www.paintbooth.com\/man-lifts\/single-axis-paint-powder-booth-lift\/#breadcrumb\"},\"inLanguage\":\"es\",\"potentialAction\":[{\"@type\":\"ReadAction\",\"target\":[\"https:\/\/www.paintbooth.com\/man-lifts\/single-axis-paint-powder-booth-lift\/\"]}]},{\"@type\":\"ImageObject\",\"inLanguage\":\"es\",\"@id\":\"https:\/\/www.paintbooth.com\/man-lifts\/single-axis-paint-powder-booth-lift\/#primaryimage\",\"url\":\"https:\/\/www.paintbooth.com\/wp-content\/uploads\/2024\/05\/single_axis_paint_powder_booth_lift_1-e1715861205961.jpg\",\"contentUrl\":\"https:\/\/www.paintbooth.com\/wp-content\/uploads\/2024\/05\/single_axis_paint_powder_booth_lift_1-e1715861205961.jpg\"},{\"@type\":\"BreadcrumbList\",\"@id\":\"https:\/\/www.paintbooth.com\/man-lifts\/single-axis-paint-powder-booth-lift\/#breadcrumb\",\"itemListElement\":[{\"@type\":\"ListItem\",\"position\":1,\"name\":\"Home\",\"item\":\"https:\/\/www.paintbooth.com\/\"},{\"@type\":\"ListItem\",\"position\":2,\"name\":\"Man Lifts\",\"item\":\"https:\/\/www.paintbooth.com\/man-lifts\/\"},{\"@type\":\"ListItem\",\"position\":3,\"name\":\"Single Axis Paint\/Powder Booth Lift\"}]},{\"@type\":\"WebSite\",\"@id\":\"https:\/\/www.paintbooth.com\/#website\",\"url\":\"https:\/\/www.paintbooth.com\/\",\"name\":\"Paintbooth.com\",\"description\":\"Affordable Quality Paint Booths-Finishing Equipment\",\"potentialAction\":[{\"@type\":\"SearchAction\",\"target\":{\"@type\":\"EntryPoint\",\"urlTemplate\":\"https:\/\/www.paintbooth.com\/?s={search_term_string}\"},\"query-input\":{\"@type\":\"PropertyValueSpecification\",\"valueRequired\":true,\"valueName\":\"search_term_string\"}}],\"inLanguage\":\"es\"}]}<\/script>\n<!-- \/ Yoast SEO plugin. -->","yoast_head_json":{"title":"Elevador de cabina de pintura\/polvo de un solo eje | Cabina de pintura","description":"Explore la cabina de pintura\/polvo de un solo eje de Paint Booth. Revise los detalles del sistema, la idoneidad de la aplicaci\u00f3n y solicite un presupuesto para una soluci\u00f3n adaptada a su flujo de trabajo.","robots":{"index":"index","follow":"follow","max-snippet":"max-snippet:-1","max-image-preview":"max-image-preview:large","max-video-preview":"max-video-preview:-1"},"canonical":"https:\/\/www.paintbooth.com\/es\/elevadores-de-personas\/elevador-de-cabina-de-pintura-en-polvo-de-un-solo-eje\/","og_locale":"es_MX","og_type":"article","og_title":"Single Axis Paint\/Powder Booth Lift | Paint Booth","og_description":"Explore single axis paint\/powder booth lift from Paint Booth. Review system details, application fit, and request a quote for a solution built around your workflow.","og_url":"https:\/\/www.paintbooth.com\/es\/elevadores-de-personas\/elevador-de-cabina-de-pintura-en-polvo-de-un-solo-eje\/","og_site_name":"Paintbooth.com","article_publisher":"https:\/\/www.facebook.com\/paintspraybooths\/","article_modified_time":"2026-03-24T10:43:13+00:00","og_image":[{"url":"https:\/\/www.paintbooth.com\/wp-content\/uploads\/2024\/05\/single_axis_paint_powder_booth_lift_1-e1715861205961.jpg","type":"","width":"","height":""}],"twitter_card":"summary_large_image","twitter_site":"@PaintBooth","twitter_misc":{"Tiempo de lectura":"2 minutos"},"schema":{"@context":"https:\/\/schema.org","@graph":[{"@type":"WebPage","@id":"https:\/\/www.paintbooth.com\/man-lifts\/single-axis-paint-powder-booth-lift\/","url":"https:\/\/www.paintbooth.com\/man-lifts\/single-axis-paint-powder-booth-lift\/","name":"Elevador de cabina de pintura\/polvo de un solo eje | Cabina de pintura","isPartOf":{"@id":"https:\/\/www.paintbooth.com\/#website"},"primaryImageOfPage":{"@id":"https:\/\/www.paintbooth.com\/man-lifts\/single-axis-paint-powder-booth-lift\/#primaryimage"},"image":{"@id":"https:\/\/www.paintbooth.com\/man-lifts\/single-axis-paint-powder-booth-lift\/#primaryimage"},"thumbnailUrl":"https:\/\/www.paintbooth.com\/wp-content\/uploads\/2024\/05\/single_axis_paint_powder_booth_lift_1-e1715861205961.jpg","datePublished":"2023-05-01T06:34:51+00:00","dateModified":"2026-03-24T10:43:13+00:00","description":"Explore la cabina de pintura\/polvo de un solo eje de Paint Booth. Revise los detalles del sistema, la idoneidad de la aplicaci\u00f3n y solicite un presupuesto para una soluci\u00f3n adaptada a su flujo de trabajo.","breadcrumb":{"@id":"https:\/\/www.paintbooth.com\/man-lifts\/single-axis-paint-powder-booth-lift\/#breadcrumb"},"inLanguage":"es","potentialAction":[{"@type":"ReadAction","target":["https:\/\/www.paintbooth.com\/man-lifts\/single-axis-paint-powder-booth-lift\/"]}]},{"@type":"ImageObject","inLanguage":"es","@id":"https:\/\/www.paintbooth.com\/man-lifts\/single-axis-paint-powder-booth-lift\/#primaryimage","url":"https:\/\/www.paintbooth.com\/wp-content\/uploads\/2024\/05\/single_axis_paint_powder_booth_lift_1-e1715861205961.jpg","contentUrl":"https:\/\/www.paintbooth.com\/wp-content\/uploads\/2024\/05\/single_axis_paint_powder_booth_lift_1-e1715861205961.jpg"},{"@type":"BreadcrumbList","@id":"https:\/\/www.paintbooth.com\/man-lifts\/single-axis-paint-powder-booth-lift\/#breadcrumb","itemListElement":[{"@type":"ListItem","position":1,"name":"Home","item":"https:\/\/www.paintbooth.com\/"},{"@type":"ListItem","position":2,"name":"Man Lifts","item":"https:\/\/www.paintbooth.com\/man-lifts\/"},{"@type":"ListItem","position":3,"name":"Single Axis Paint\/Powder Booth Lift"}]},{"@type":"WebSite","@id":"https:\/\/www.paintbooth.com\/#website","url":"https:\/\/www.paintbooth.com\/","name":"Paintbooth.com","description":"Cabinas de pintura de calidad asequibles: equipos de acabado","potentialAction":[{"@type":"SearchAction","target":{"@type":"EntryPoint","urlTemplate":"https:\/\/www.paintbooth.com\/?s={search_term_string}"},"query-input":{"@type":"PropertyValueSpecification","valueRequired":true,"valueName":"search_term_string"}}],"inLanguage":"es"}]}},"_links":{"self":[{"href":"https:\/\/www.paintbooth.com\/es\/wp-json\/wp\/v2\/pages\/4384","targetHints":{"allow":["GET"]}}],"collection":[{"href":"https:\/\/www.paintbooth.com\/es\/wp-json\/wp\/v2\/pages"}],"about":[{"href":"https:\/\/www.paintbooth.com\/es\/wp-json\/wp\/v2\/types\/page"}],"author":[{"embeddable":true,"href":"https:\/\/www.paintbooth.com\/es\/wp-json\/wp\/v2\/users\/4"}],"replies":[{"embeddable":true,"href":"https:\/\/www.paintbooth.com\/es\/wp-json\/wp\/v2\/comments?post=4384"}],"version-history":[{"count":20,"href":"https:\/\/www.paintbooth.com\/es\/wp-json\/wp\/v2\/pages\/4384\/revisions"}],"predecessor-version":[{"id":9701,"href":"https:\/\/www.paintbooth.com\/es\/wp-json\/wp\/v2\/pages\/4384\/revisions\/9701"}],"up":[{"embeddable":true,"href":"https:\/\/www.paintbooth.com\/es\/wp-json\/wp\/v2\/pages\/84"}],"wp:attachment":[{"href":"https:\/\/www.paintbooth.com\/es\/wp-json\/wp\/v2\/media?parent=4384"}],"curies":[{"name":"wp","href":"https:\/\/api.w.org\/{rel}","templated":true}]}}