{"id":4395,"date":"2023-05-01T03:05:00","date_gmt":"2023-05-01T07:05:00","guid":{"rendered":"https:\/\/www.paintbooth.com\/?page_id=4395"},"modified":"2026-03-24T06:43:11","modified_gmt":"2026-03-24T10:43:11","slug":"plataforma-elevadora-para-cabina-de-pintura-aeroespacial","status":"publish","type":"page","link":"https:\/\/www.paintbooth.com\/es\/elevadores-de-personas\/plataforma-elevadora-para-cabina-de-pintura-aeroespacial\/","title":{"rendered":"Elevador para cabina de pintura aeroespacial"},"content":{"rendered":"<div data-elementor-type=\"wp-page\" data-elementor-id=\"4395\" class=\"elementor elementor-4395\" data-elementor-post-type=\"page\">\n\t\t\t\t<div class=\"elementor-element elementor-element-898fb81 e-flex e-con-boxed e-con e-parent\" data-id=\"898fb81\" data-element_type=\"container\" data-settings=\"{&quot;background_background&quot;:&quot;classic&quot;}\">\n\t\t\t\t\t<div class=\"e-con-inner\">\n\t\t\t\t<div class=\"elementor-element elementor-element-9d66397 elementor-invisible elementor-widget elementor-widget-heading\" data-id=\"9d66397\" data-element_type=\"widget\" data-settings=\"{&quot;_animation&quot;:&quot;fadeInUp&quot;}\" data-widget_type=\"heading.default\">\n\t\t\t\t<div class=\"elementor-widget-container\">\n\t\t\t\t\t<h1 class=\"elementor-heading-title elementor-size-default\">Elevador para cabina de pintura aeroespacial<\/h1>\t\t\t\t<\/div>\n\t\t\t\t<\/div>\n\t\t\t\t\t<\/div>\n\t\t\t\t<\/div>\n\t\t<div class=\"elementor-element elementor-element-3e0a3dc e-flex e-con-boxed e-con e-parent\" data-id=\"3e0a3dc\" data-element_type=\"container\" data-settings=\"{&quot;background_background&quot;:&quot;classic&quot;}\">\n\t\t\t\t\t<div class=\"e-con-inner\">\n\t\t<div class=\"elementor-element elementor-element-de84409 e-con-full e-flex e-con e-child\" data-id=\"de84409\" data-element_type=\"container\">\n\t\t<div class=\"elementor-element elementor-element-074aedc e-con-full e-flex e-con e-child\" data-id=\"074aedc\" data-element_type=\"container\">\n\t\t\t\t<div class=\"elementor-element elementor-element-af0f36e elementor-widget__width-initial elementor-invisible elementor-widget elementor-widget-text-editor\" data-id=\"af0f36e\" data-element_type=\"widget\" data-settings=\"{&quot;_animation&quot;:&quot;fadeInUp&quot;,&quot;_animation_delay&quot;:200}\" data-widget_type=\"text-editor.default\">\n\t\t\t\t<div class=\"elementor-widget-container\">\n\t\t\t\t\t\t\t\t\t<p><strong><span style=\"color: #000000;\">Elevador para cabina de pintura dise\u00f1ado con caracter\u00edsticas personalizadas para la industria aeroespacial.<\/span><\/strong><\/p><ul class=\"list technical-details\"><li>Elevador neum\u00e1tico de personal guiado por rieles de 3 ejes<\/li><li>Plataforma de aluminio es est\u00e1ndar<\/li><li>Dimensiones de la plataforma principal: 96 in. de ancho x 44 in. de profundidad<\/li><li>La plataforma tiene capacidad para 2 operadores y el equipo necesario<\/li><li>Barandilla frontal abatible: Elevaci\u00f3n y descenso motorizado de la barandilla.<\/li><li>Capacidad de plataforma aumentada de 750 lb.<\/li><li>Dise\u00f1ado para m\u00e1ximo acceso a las secciones del fuselaje durante los trabajos de preparaci\u00f3n y las operaciones de pintura<\/li><li>El elevador cuenta con un riel frontal abatible que permite un alcance extendido hasta 5.33 m (17 pies y 6 pulgadas) desde la pared de la cabina.<\/li><li>El sistema de parachoques de contacto de seguridad detiene el movimiento del elevador si se activa<\/li><li>Cuenta con 2 formas de control: plataforma principal y controles colgantes<\/li><li>Altura de la plataforma: Hasta 28 pies y 3 pulgadas \/ Bajada: 41 pulgadas.<\/li><li>Alcance extendido (desde la pared): 13 pies y 4 pulgadas (punta hacia abajo levantada) y 16 pies y 7 pulgadas (punta hacia abajo bajada)<\/li><li>Eje X (izquierda\/derecha) velocidades variables Hasta 80 pies\/min.<\/li><li>Velocidades del eje Y (entrada\/salida) no variables Hasta 13 pies\/min.<\/li><li>Velocidades no variables del eje Z (arriba\/abajo). Hasta 18 pies\/min.<\/li><li>Sistema de traba de seguridad del eje Z para asegurar la plataforma elevadora al m\u00e1stil si se detecta una p\u00e9rdida de tensi\u00f3n del tornillo en cualquier momento.<\/li><\/ul>\t\t\t\t\t\t\t\t<\/div>\n\t\t\t\t<\/div>\n\t\t\t\t<\/div>\n\t\t<div class=\"elementor-element elementor-element-7c29d67 e-con-full e-flex e-con e-child\" data-id=\"7c29d67\" data-element_type=\"container\">\n\t\t\t\t<div class=\"elementor-element elementor-element-f457d0c elementor-invisible elementor-widget elementor-widget-image\" data-id=\"f457d0c\" data-element_type=\"widget\" data-settings=\"{&quot;_animation&quot;:&quot;fadeInRight&quot;}\" data-widget_type=\"image.default\">\n\t\t\t\t<div class=\"elementor-widget-container\">\n\t\t\t\t\t\t\t\t\t\t\t\t\t\t\t<img fetchpriority=\"high\" decoding=\"async\" width=\"1280\" height=\"872\" src=\"https:\/\/www.paintbooth.com\/wp-content\/uploads\/2024\/05\/aerospace_paint_booth_man_lift_1-min-1.jpg\" class=\"attachment-full size-full wp-image-7481\" alt=\"Trabajador utilizando una plataforma elevadora a\u00e9rea para mantenimiento industrial.\" srcset=\"https:\/\/www.paintbooth.com\/wp-content\/uploads\/2024\/05\/aerospace_paint_booth_man_lift_1-min-1.jpg 1280w, https:\/\/www.paintbooth.com\/wp-content\/uploads\/2024\/05\/aerospace_paint_booth_man_lift_1-min-1-300x204.jpg 300w, https:\/\/www.paintbooth.com\/wp-content\/uploads\/2024\/05\/aerospace_paint_booth_man_lift_1-min-1-1024x698.jpg 1024w, https:\/\/www.paintbooth.com\/wp-content\/uploads\/2024\/05\/aerospace_paint_booth_man_lift_1-min-1-768x523.jpg 768w\" sizes=\"(max-width: 1280px) 100vw, 1280px\" \/>\t\t\t\t\t\t\t\t\t\t\t\t\t\t\t<\/div>\n\t\t\t\t<\/div>\n\t\t\t\t<\/div>\n\t\t\t\t<\/div>\n\t\t\t\t\t<\/div>\n\t\t\t\t<\/div>\n\t\t<div class=\"elementor-element elementor-element-6b24625 e-flex e-con-boxed e-con e-parent\" data-id=\"6b24625\" data-element_type=\"container\" data-settings=\"{&quot;background_background&quot;:&quot;classic&quot;}\">\n\t\t\t\t\t<div class=\"e-con-inner\">\n\t\t<div class=\"elementor-element elementor-element-9afd8ed e-con-full e-flex e-con e-child\" data-id=\"9afd8ed\" data-element_type=\"container\">\n\t\t<div class=\"elementor-element elementor-element-a0c80ea e-con-full e-flex e-con e-child\" data-id=\"a0c80ea\" data-element_type=\"container\">\n\t\t\t\t<div class=\"elementor-element elementor-element-5f3d84c elementor-widget elementor-widget-video\" data-id=\"5f3d84c\" data-element_type=\"widget\" data-settings=\"{&quot;youtube_url&quot;:&quot;https:\\\/\\\/www.youtube.com\\\/watch?v=xIH3O440eNg&quot;,&quot;video_type&quot;:&quot;youtube&quot;,&quot;controls&quot;:&quot;yes&quot;}\" data-widget_type=\"video.default\">\n\t\t\t\t<div class=\"elementor-widget-container\">\n\t\t\t\t\t\t\t<div class=\"elementor-wrapper elementor-open-inline\">\n\t\t\t<div class=\"elementor-video\"><\/div>\t\t<\/div>\n\t\t\t\t\t\t<\/div>\n\t\t\t\t<\/div>\n\t\t\t\t<\/div>\n\t\t<div class=\"elementor-element elementor-element-673e273 e-con-full e-flex e-con e-child\" data-id=\"673e273\" data-element_type=\"container\">\n\t\t\t\t<div class=\"elementor-element elementor-element-51d248d elementor-widget elementor-widget-accordion\" data-id=\"51d248d\" data-element_type=\"widget\" data-widget_type=\"accordion.default\">\n\t\t\t\t<div class=\"elementor-widget-container\">\n\t\t\t\t\t\t\t<div class=\"elementor-accordion\">\n\t\t\t\t\t\t\t<div class=\"elementor-accordion-item\">\n\t\t\t\t\t<h2 id=\"elementor-tab-title-8571\" class=\"elementor-tab-title\" data-tab=\"1\" role=\"button\" aria-controls=\"elementor-tab-content-8571\" aria-expanded=\"false\">\n\t\t\t\t\t\t\t\t\t\t\t\t\t<span class=\"elementor-accordion-icon elementor-accordion-icon-right\" aria-hidden=\"true\">\n\t\t\t\t\t\t\t\t\t\t\t\t\t\t\t<span class=\"elementor-accordion-icon-closed\"><svg class=\"e-font-icon-svg e-fas-plus\" viewbox=\"0 0 448 512\" xmlns=\"http:\/\/www.w3.org\/2000\/svg\"><path d=\"M416 208H272V64c0-17.67-14.33-32-32-32h-32c-17.67 0-32 14.33-32 32v144H32c-17.67 0-32 14.33-32 32v32c0 17.67 14.33 32 32 32h144v144c0 17.67 14.33 32 32 32h32c17.67 0 32-14.33 32-32V304h144c17.67 0 32-14.33 32-32v-32c0-17.67-14.33-32-32-32z\"><\/path><\/svg><\/span>\n\t\t\t\t\t\t\t\t<span class=\"elementor-accordion-icon-opened\"><svg class=\"e-font-icon-svg e-fas-minus\" viewbox=\"0 0 448 512\" xmlns=\"http:\/\/www.w3.org\/2000\/svg\"><path d=\"M416 208H32c-17.67 0-32 14.33-32 32v32c0 17.67 14.33 32 32 32h384c17.67 0 32-14.33 32-32v-32c0-17.67-14.33-32-32-32z\"><\/path><\/svg><\/span>\n\t\t\t\t\t\t\t\t\t\t\t\t\t\t<\/span>\n\t\t\t\t\t\t\t\t\t\t\t\t<a class=\"elementor-accordion-title\" tabindex=\"0\">Opciones de producto disponibles<\/a>\n\t\t\t\t\t<\/h2>\n\t\t\t\t\t<div id=\"elementor-tab-content-8571\" class=\"elementor-tab-content elementor-clearfix\" data-tab=\"1\" role=\"region\" aria-labelledby=\"elementor-tab-title-8571\"><ul class=\"list technical-details\"><li>L\u00edneas de suministro de aire respirable fresco<\/li><li>Plomer\u00eda de aire de aplicaci\u00f3n y proceso a plataforma<\/li><li>Fontaner\u00eda de agua a la plataforma<\/li><li>Opciones de alcance extendido disponibles: llame<\/li><li>Opciones de altura extendida disponibles. Llama<\/li><\/ul><\/div>\n\t\t\t\t<\/div>\n\t\t\t\t\t\t\t<div class=\"elementor-accordion-item\">\n\t\t\t\t\t<h2 id=\"elementor-tab-title-8572\" class=\"elementor-tab-title\" data-tab=\"2\" role=\"button\" aria-controls=\"elementor-tab-content-8572\" aria-expanded=\"false\">\n\t\t\t\t\t\t\t\t\t\t\t\t\t<span class=\"elementor-accordion-icon elementor-accordion-icon-right\" aria-hidden=\"true\">\n\t\t\t\t\t\t\t\t\t\t\t\t\t\t\t<span class=\"elementor-accordion-icon-closed\"><svg class=\"e-font-icon-svg e-fas-plus\" viewbox=\"0 0 448 512\" xmlns=\"http:\/\/www.w3.org\/2000\/svg\"><path d=\"M416 208H272V64c0-17.67-14.33-32-32-32h-32c-17.67 0-32 14.33-32 32v144H32c-17.67 0-32 14.33-32 32v32c0 17.67 14.33 32 32 32h144v144c0 17.67 14.33 32 32 32h32c17.67 0 32-14.33 32-32V304h144c17.67 0 32-14.33 32-32v-32c0-17.67-14.33-32-32-32z\"><\/path><\/svg><\/span>\n\t\t\t\t\t\t\t\t<span class=\"elementor-accordion-icon-opened\"><svg class=\"e-font-icon-svg e-fas-minus\" viewbox=\"0 0 448 512\" xmlns=\"http:\/\/www.w3.org\/2000\/svg\"><path d=\"M416 208H32c-17.67 0-32 14.33-32 32v32c0 17.67 14.33 32 32 32h384c17.67 0 32-14.33 32-32v-32c0-17.67-14.33-32-32-32z\"><\/path><\/svg><\/span>\n\t\t\t\t\t\t\t\t\t\t\t\t\t\t<\/span>\n\t\t\t\t\t\t\t\t\t\t\t\t<a class=\"elementor-accordion-title\" tabindex=\"0\">Aplicaciones de elevaci\u00f3n<\/a>\n\t\t\t\t\t<\/h2>\n\t\t\t\t\t<div id=\"elementor-tab-content-8572\" class=\"elementor-tab-content elementor-clearfix\" data-tab=\"2\" role=\"region\" aria-labelledby=\"elementor-tab-title-8572\"><ul class=\"list application-list\"><li>Acabado de pintura<\/li><li>Preparaci\u00f3n de la superficie<\/li><li>Lavado<\/li><li>Lijado<\/li><li>Fabricaci\u00f3n<\/li><li>Prevenci\u00f3n de ca\u00eddas \/ Seguridad<\/li><li>Mantenimiento<\/li><\/ul><\/div>\n\t\t\t\t<\/div>\n\t\t\t\t\t\t\t\t<\/div>\n\t\t\t\t\t\t<\/div>\n\t\t\t\t<\/div>\n\t\t\t\t<\/div>\n\t\t\t\t<\/div>\n\t\t\t\t\t<\/div>\n\t\t\t\t<\/div>\n\t\t<div class=\"elementor-element elementor-element-8cbf551 e-flex e-con-boxed e-con e-parent\" data-id=\"8cbf551\" data-element_type=\"container\" data-settings=\"{&quot;background_background&quot;:&quot;classic&quot;}\">\n\t\t\t\t\t<div class=\"e-con-inner\">\n\t\t<div class=\"elementor-element elementor-element-5fa78b4 e-con-full e-flex e-con e-child\" data-id=\"5fa78b4\" data-element_type=\"container\">\n\t\t<div class=\"elementor-element elementor-element-64f0396 e-con-full e-flex e-con e-child\" data-id=\"64f0396\" data-element_type=\"container\">\n\t\t\t\t<div class=\"elementor-element elementor-element-317f201 elementor-invisible elementor-widget elementor-widget-heading\" data-id=\"317f201\" data-element_type=\"widget\" data-settings=\"{&quot;_animation&quot;:&quot;fadeInUp&quot;}\" data-widget_type=\"heading.default\">\n\t\t\t\t<div class=\"elementor-widget-container\">\n\t\t\t\t\t<h2 class=\"elementor-heading-title elementor-size-default\">Elevadores de personas<\/h2>\t\t\t\t<\/div>\n\t\t\t\t<\/div>\n\t\t\t\t<div class=\"elementor-element elementor-element-12777a8 disflex elementor-invisible elementor-widget elementor-widget-text-editor\" data-id=\"12777a8\" data-element_type=\"widget\" data-settings=\"{&quot;_animation&quot;:&quot;fadeInUp&quot;,&quot;_animation_delay&quot;:200}\" data-widget_type=\"text-editor.default\">\n\t\t\t\t<div class=\"elementor-widget-container\">\n\t\t\t\t\t\t\t\t\t<p><a href=\"https:\/\/www.paintbooth.com\/es\/elevadores-de-personas\/\">Elevadores de personas<\/a><\/p><p><a href=\"https:\/\/www.paintbooth.com\/es\/elevadores-de-personas\/elevador-de-mastil-de-2-ejes\/\">Elevador de m\u00e1stil de 2 ejes<\/a><\/p><p><a href=\"https:\/\/www.paintbooth.com\/es\/elevadores-de-personas\/elevador-de-cabina-de-pintura-de-3-ejes\/\">Elevador de cabina de pintura de 3 ejes<\/a><\/p><p><a href=\"https:\/\/www.paintbooth.com\/es\/elevadores-de-personas\/elevador-de-mastil-de-4-ejes\/\">Elevador de m\u00e1stil de 4 ejes<\/a><\/p><p><a href=\"https:\/\/www.paintbooth.com\/es\/elevadores-de-personas\/plataforma-elevadora-para-cabina-de-pintura-aeroespacial\/\" aria-current=\"page\">Elevador para cabina de pintura aeroespacial<\/a><\/p><p><a href=\"https:\/\/www.paintbooth.com\/es\/elevadores-de-personas\/elevador-neumatico-autopropulsado\/\">Elevador neum\u00e1tico autopropulsado Boost<\/a><\/p><p><a href=\"https:\/\/www.paintbooth.com\/es\/elevadores-de-personas\/elevador-de-mastil-de-alcance-extendido\/\">Elevador de m\u00e1stil de alcance extendido<\/a><\/p><p><a href=\"https:\/\/www.paintbooth.com\/es\/elevadores-de-personas\/elevadores-de-mastil-de-altura-vertical-extendida\/\">Elevadores de m\u00e1stil de altura vertical extendida<\/a><\/p><p><a href=\"https:\/\/www.paintbooth.com\/es\/elevadores-de-personas\/elevador-de-pintura-con-alto-contenido-en-solidos\/\">Eliminaci\u00f3n de pintura con alto contenido en s\u00f3lidos<\/a><\/p><p><a href=\"https:\/\/www.paintbooth.com\/es\/elevadores-de-personas\/plataforma-de-trabajo-horizontal-montada-en-la-pared\/\">Plataforma de trabajo horizontal \u2013 Montaje en pared<\/a><\/p><p><a href=\"https:\/\/www.paintbooth.com\/es\/elevadores-de-personas\/plataforma-aerea-guiada-por-rieles\/\">Plataforma a\u00e9rea guiada por rieles<\/a><\/p><p><a href=\"https:\/\/www.paintbooth.com\/es\/elevadores-de-personas\/elevador-de-cabina-de-pintura-en-polvo-de-un-solo-eje\/\">Elevador de cabina de pintura\/polvo de un solo eje<\/a><\/p><p><a href=\"https:\/\/www.paintbooth.com\/es\/elevadores-de-personas\/pasarela-ajustable-verticalmente\/\">Pasarela ajustable verticalmente<\/a><\/p>\t\t\t\t\t\t\t\t<\/div>\n\t\t\t\t<\/div>\n\t\t\t\t<\/div>\n\t\t\t\t<\/div>\n\t\t\t\t\t<\/div>\n\t\t\t\t<\/div>\n\t\t\t\t<\/div>","protected":false},"excerpt":{"rendered":"<p>Aerospace Paint Booth Man Lift Paint Booth man lift designed with custom features for the aerospace industry. 3-Axis pneumatic, rail guided personnel lift Aluminum Platform is Standard Primary Platform Dimensions:\u00a0 96in. wide x 44 in. deep Platform accommodates 2 operators and equipment needed Tip-down front railing:\u00a0 Powered raising and lowering of rail. Increased Platform capacity [&hellip;]<\/p>","protected":false},"author":4,"featured_media":0,"parent":84,"menu_order":0,"comment_status":"closed","ping_status":"closed","template":"elementor_header_footer","meta":{"footnotes":""},"class_list":["post-4395","page","type-page","status-publish","hentry"],"yoast_head":"<!-- This site is optimized with the Yoast SEO plugin v26.9 - https:\/\/yoast.com\/product\/yoast-seo-wordpress\/ -->\n<title>Aerospace Paint Booth Man Lift | Paint Booth<\/title>\n<meta name=\"description\" content=\"Explore aerospace paint booth man lift from Paint Booth. Review system details, application fit, and request a quote for a solution built around your workflow.\" \/>\n<meta name=\"robots\" content=\"index, follow, max-snippet:-1, max-image-preview:large, max-video-preview:-1\" \/>\n<link rel=\"canonical\" href=\"https:\/\/www.paintbooth.com\/es\/elevadores-de-personas\/plataforma-elevadora-para-cabina-de-pintura-aeroespacial\/\" \/>\n<meta property=\"og:locale\" content=\"es_MX\" \/>\n<meta property=\"og:type\" content=\"article\" \/>\n<meta property=\"og:title\" content=\"Aerospace Paint Booth Man Lift | Paint Booth\" \/>\n<meta property=\"og:description\" content=\"Explore aerospace paint booth man lift from Paint Booth. Review system details, application fit, and request a quote for a solution built around your workflow.\" \/>\n<meta property=\"og:url\" content=\"https:\/\/www.paintbooth.com\/es\/elevadores-de-personas\/plataforma-elevadora-para-cabina-de-pintura-aeroespacial\/\" \/>\n<meta property=\"og:site_name\" content=\"Paintbooth.com\" \/>\n<meta property=\"article:publisher\" content=\"https:\/\/www.facebook.com\/paintspraybooths\/\" \/>\n<meta property=\"article:modified_time\" content=\"2026-03-24T10:43:11+00:00\" \/>\n<meta property=\"og:image\" content=\"https:\/\/www.paintbooth.com\/wp-content\/uploads\/2024\/05\/aerospace_paint_booth_man_lift_1-min-1.jpg\" \/>\n\t<meta property=\"og:image:width\" content=\"1280\" \/>\n\t<meta property=\"og:image:height\" content=\"872\" \/>\n\t<meta property=\"og:image:type\" content=\"image\/jpeg\" \/>\n<meta name=\"twitter:card\" content=\"summary_large_image\" \/>\n<meta name=\"twitter:site\" content=\"@PaintBooth\" \/>\n<meta name=\"twitter:label1\" content=\"Tiempo de lectura\" \/>\n\t<meta name=\"twitter:data1\" content=\"2 minutos\" \/>\n<script type=\"application\/ld+json\" class=\"yoast-schema-graph\">{\"@context\":\"https:\/\/schema.org\",\"@graph\":[{\"@type\":\"WebPage\",\"@id\":\"https:\/\/www.paintbooth.com\/man-lifts\/aerospace-paint-booth-man-lift\/\",\"url\":\"https:\/\/www.paintbooth.com\/man-lifts\/aerospace-paint-booth-man-lift\/\",\"name\":\"Aerospace Paint Booth Man Lift | Paint Booth\",\"isPartOf\":{\"@id\":\"https:\/\/www.paintbooth.com\/#website\"},\"primaryImageOfPage\":{\"@id\":\"https:\/\/www.paintbooth.com\/man-lifts\/aerospace-paint-booth-man-lift\/#primaryimage\"},\"image\":{\"@id\":\"https:\/\/www.paintbooth.com\/man-lifts\/aerospace-paint-booth-man-lift\/#primaryimage\"},\"thumbnailUrl\":\"https:\/\/www.paintbooth.com\/wp-content\/uploads\/2024\/05\/aerospace_paint_booth_man_lift_1-min-1.jpg\",\"datePublished\":\"2023-05-01T07:05:00+00:00\",\"dateModified\":\"2026-03-24T10:43:11+00:00\",\"description\":\"Explore aerospace paint booth man lift from Paint Booth. Review system details, application fit, and request a quote for a solution built around your workflow.\",\"breadcrumb\":{\"@id\":\"https:\/\/www.paintbooth.com\/man-lifts\/aerospace-paint-booth-man-lift\/#breadcrumb\"},\"inLanguage\":\"es\",\"potentialAction\":[{\"@type\":\"ReadAction\",\"target\":[\"https:\/\/www.paintbooth.com\/man-lifts\/aerospace-paint-booth-man-lift\/\"]}]},{\"@type\":\"ImageObject\",\"inLanguage\":\"es\",\"@id\":\"https:\/\/www.paintbooth.com\/man-lifts\/aerospace-paint-booth-man-lift\/#primaryimage\",\"url\":\"https:\/\/www.paintbooth.com\/wp-content\/uploads\/2024\/05\/aerospace_paint_booth_man_lift_1-min-1.jpg\",\"contentUrl\":\"https:\/\/www.paintbooth.com\/wp-content\/uploads\/2024\/05\/aerospace_paint_booth_man_lift_1-min-1.jpg\"},{\"@type\":\"BreadcrumbList\",\"@id\":\"https:\/\/www.paintbooth.com\/man-lifts\/aerospace-paint-booth-man-lift\/#breadcrumb\",\"itemListElement\":[{\"@type\":\"ListItem\",\"position\":1,\"name\":\"Home\",\"item\":\"https:\/\/www.paintbooth.com\/\"},{\"@type\":\"ListItem\",\"position\":2,\"name\":\"Man Lifts\",\"item\":\"https:\/\/www.paintbooth.com\/man-lifts\/\"},{\"@type\":\"ListItem\",\"position\":3,\"name\":\"Aerospace Paint Booth Man Lift\"}]},{\"@type\":\"WebSite\",\"@id\":\"https:\/\/www.paintbooth.com\/#website\",\"url\":\"https:\/\/www.paintbooth.com\/\",\"name\":\"Paintbooth.com\",\"description\":\"Affordable Quality Paint Booths-Finishing Equipment\",\"potentialAction\":[{\"@type\":\"SearchAction\",\"target\":{\"@type\":\"EntryPoint\",\"urlTemplate\":\"https:\/\/www.paintbooth.com\/?s={search_term_string}\"},\"query-input\":{\"@type\":\"PropertyValueSpecification\",\"valueRequired\":true,\"valueName\":\"search_term_string\"}}],\"inLanguage\":\"es\"}]}<\/script>\n<!-- \/ Yoast SEO plugin. -->","yoast_head_json":{"title":"Elevador para cabina de pintura aeroespacial | Cabina de pintura","description":"Explore la plataforma elevadora para cabinas de pintura aeroespacial de Paint Booth. Revise los detalles del sistema, la idoneidad de la aplicaci\u00f3n y solicite un presupuesto para una soluci\u00f3n adaptada a su flujo de trabajo.","robots":{"index":"index","follow":"follow","max-snippet":"max-snippet:-1","max-image-preview":"max-image-preview:large","max-video-preview":"max-video-preview:-1"},"canonical":"https:\/\/www.paintbooth.com\/es\/elevadores-de-personas\/plataforma-elevadora-para-cabina-de-pintura-aeroespacial\/","og_locale":"es_MX","og_type":"article","og_title":"Aerospace Paint Booth Man Lift | Paint Booth","og_description":"Explore aerospace paint booth man lift from Paint Booth. Review system details, application fit, and request a quote for a solution built around your workflow.","og_url":"https:\/\/www.paintbooth.com\/es\/elevadores-de-personas\/plataforma-elevadora-para-cabina-de-pintura-aeroespacial\/","og_site_name":"Paintbooth.com","article_publisher":"https:\/\/www.facebook.com\/paintspraybooths\/","article_modified_time":"2026-03-24T10:43:11+00:00","og_image":[{"width":1280,"height":872,"url":"https:\/\/www.paintbooth.com\/wp-content\/uploads\/2024\/05\/aerospace_paint_booth_man_lift_1-min-1.jpg","type":"image\/jpeg"}],"twitter_card":"summary_large_image","twitter_site":"@PaintBooth","twitter_misc":{"Tiempo de lectura":"2 minutos"},"schema":{"@context":"https:\/\/schema.org","@graph":[{"@type":"WebPage","@id":"https:\/\/www.paintbooth.com\/man-lifts\/aerospace-paint-booth-man-lift\/","url":"https:\/\/www.paintbooth.com\/man-lifts\/aerospace-paint-booth-man-lift\/","name":"Elevador para cabina de pintura aeroespacial | Cabina de pintura","isPartOf":{"@id":"https:\/\/www.paintbooth.com\/#website"},"primaryImageOfPage":{"@id":"https:\/\/www.paintbooth.com\/man-lifts\/aerospace-paint-booth-man-lift\/#primaryimage"},"image":{"@id":"https:\/\/www.paintbooth.com\/man-lifts\/aerospace-paint-booth-man-lift\/#primaryimage"},"thumbnailUrl":"https:\/\/www.paintbooth.com\/wp-content\/uploads\/2024\/05\/aerospace_paint_booth_man_lift_1-min-1.jpg","datePublished":"2023-05-01T07:05:00+00:00","dateModified":"2026-03-24T10:43:11+00:00","description":"Explore la plataforma elevadora para cabinas de pintura aeroespacial de Paint Booth. Revise los detalles del sistema, la idoneidad de la aplicaci\u00f3n y solicite un presupuesto para una soluci\u00f3n adaptada a su flujo de trabajo.","breadcrumb":{"@id":"https:\/\/www.paintbooth.com\/man-lifts\/aerospace-paint-booth-man-lift\/#breadcrumb"},"inLanguage":"es","potentialAction":[{"@type":"ReadAction","target":["https:\/\/www.paintbooth.com\/man-lifts\/aerospace-paint-booth-man-lift\/"]}]},{"@type":"ImageObject","inLanguage":"es","@id":"https:\/\/www.paintbooth.com\/man-lifts\/aerospace-paint-booth-man-lift\/#primaryimage","url":"https:\/\/www.paintbooth.com\/wp-content\/uploads\/2024\/05\/aerospace_paint_booth_man_lift_1-min-1.jpg","contentUrl":"https:\/\/www.paintbooth.com\/wp-content\/uploads\/2024\/05\/aerospace_paint_booth_man_lift_1-min-1.jpg"},{"@type":"BreadcrumbList","@id":"https:\/\/www.paintbooth.com\/man-lifts\/aerospace-paint-booth-man-lift\/#breadcrumb","itemListElement":[{"@type":"ListItem","position":1,"name":"Home","item":"https:\/\/www.paintbooth.com\/"},{"@type":"ListItem","position":2,"name":"Man Lifts","item":"https:\/\/www.paintbooth.com\/man-lifts\/"},{"@type":"ListItem","position":3,"name":"Aerospace Paint Booth Man Lift"}]},{"@type":"WebSite","@id":"https:\/\/www.paintbooth.com\/#website","url":"https:\/\/www.paintbooth.com\/","name":"Paintbooth.com","description":"Cabinas de pintura de calidad asequibles: equipos de acabado","potentialAction":[{"@type":"SearchAction","target":{"@type":"EntryPoint","urlTemplate":"https:\/\/www.paintbooth.com\/?s={search_term_string}"},"query-input":{"@type":"PropertyValueSpecification","valueRequired":true,"valueName":"search_term_string"}}],"inLanguage":"es"}]}},"_links":{"self":[{"href":"https:\/\/www.paintbooth.com\/es\/wp-json\/wp\/v2\/pages\/4395","targetHints":{"allow":["GET"]}}],"collection":[{"href":"https:\/\/www.paintbooth.com\/es\/wp-json\/wp\/v2\/pages"}],"about":[{"href":"https:\/\/www.paintbooth.com\/es\/wp-json\/wp\/v2\/types\/page"}],"author":[{"embeddable":true,"href":"https:\/\/www.paintbooth.com\/es\/wp-json\/wp\/v2\/users\/4"}],"replies":[{"embeddable":true,"href":"https:\/\/www.paintbooth.com\/es\/wp-json\/wp\/v2\/comments?post=4395"}],"version-history":[{"count":20,"href":"https:\/\/www.paintbooth.com\/es\/wp-json\/wp\/v2\/pages\/4395\/revisions"}],"predecessor-version":[{"id":7624,"href":"https:\/\/www.paintbooth.com\/es\/wp-json\/wp\/v2\/pages\/4395\/revisions\/7624"}],"up":[{"embeddable":true,"href":"https:\/\/www.paintbooth.com\/es\/wp-json\/wp\/v2\/pages\/84"}],"wp:attachment":[{"href":"https:\/\/www.paintbooth.com\/es\/wp-json\/wp\/v2\/media?parent=4395"}],"curies":[{"name":"wp","href":"https:\/\/api.w.org\/{rel}","templated":true}]}}