{"id":4404,"date":"2023-05-01T05:12:06","date_gmt":"2023-05-01T09:12:06","guid":{"rendered":"https:\/\/www.paintbooth.com\/?page_id=4404"},"modified":"2026-03-24T06:43:09","modified_gmt":"2026-03-24T10:43:09","slug":"elevador-de-mastil-de-2-ejes","status":"publish","type":"page","link":"https:\/\/www.paintbooth.com\/es\/elevadores-de-personas\/elevador-de-mastil-de-2-ejes\/","title":{"rendered":"Elevador de m\u00e1stil de 2 ejes"},"content":{"rendered":"<div data-elementor-type=\"wp-page\" data-elementor-id=\"4404\" class=\"elementor elementor-4404\" data-elementor-post-type=\"page\">\n\t\t\t\t<div class=\"elementor-element elementor-element-ad3ece6 e-flex e-con-boxed e-con e-parent\" data-id=\"ad3ece6\" data-element_type=\"container\" data-settings=\"{&quot;background_background&quot;:&quot;classic&quot;}\">\n\t\t\t\t\t<div class=\"e-con-inner\">\n\t\t\t\t<div class=\"elementor-element elementor-element-31f23db elementor-invisible elementor-widget elementor-widget-heading\" data-id=\"31f23db\" data-element_type=\"widget\" data-settings=\"{&quot;_animation&quot;:&quot;fadeInUp&quot;}\" data-widget_type=\"heading.default\">\n\t\t\t\t<div class=\"elementor-widget-container\">\n\t\t\t\t\t<h1 class=\"elementor-heading-title elementor-size-default\">Elevador de m\u00e1stil de 2 ejes<\/h1>\t\t\t\t<\/div>\n\t\t\t\t<\/div>\n\t\t\t\t\t<\/div>\n\t\t\t\t<\/div>\n\t\t<div class=\"elementor-element elementor-element-ed45d23 e-flex e-con-boxed e-con e-parent\" data-id=\"ed45d23\" data-element_type=\"container\" data-settings=\"{&quot;background_background&quot;:&quot;classic&quot;}\">\n\t\t\t\t\t<div class=\"e-con-inner\">\n\t\t<div class=\"elementor-element elementor-element-a8756e9 e-con-full e-flex e-con e-child\" data-id=\"a8756e9\" data-element_type=\"container\">\n\t\t<div class=\"elementor-element elementor-element-1eeb92b e-con-full e-flex e-con e-child\" data-id=\"1eeb92b\" data-element_type=\"container\">\n\t\t\t\t<div class=\"elementor-element elementor-element-87c4770 elementor-widget__width-initial elementor-invisible elementor-widget elementor-widget-text-editor\" data-id=\"87c4770\" data-element_type=\"widget\" data-settings=\"{&quot;_animation&quot;:&quot;fadeInUp&quot;,&quot;_animation_delay&quot;:200}\" data-widget_type=\"text-editor.default\">\n\t\t\t\t<div class=\"elementor-widget-container\">\n\t\t\t\t\t\t\t\t\t<p><span style=\"color: #000000;\"><strong>Elevadores de personal de 2 ejes dise\u00f1ados para aplicaciones en cabinas de pintura.<\/strong><\/span><\/p><ul class=\"list technical-details\"><li>Dise\u00f1ado para utilizarse con dos direcciones de desplazamiento al mismo tiempo (ejes X, Y, Z).<\/li><li>Recorrido del eje X: izquierda\/derecha igual a la longitud de su cabina<\/li><li>Recorrido del eje Y: entrada\/salida<\/li><li>Recorrido del eje Z: arriba\/abajo<\/li><li>Neum\u00e1tico (para la mayor\u00eda de aplicaciones de pintura) o el\u00e9ctrico<\/li><\/ul>\t\t\t\t\t\t\t\t<\/div>\n\t\t\t\t<\/div>\n\t\t\t\t<div class=\"elementor-element elementor-element-38e3fd7 elementor-widget elementor-widget-accordion\" data-id=\"38e3fd7\" data-element_type=\"widget\" data-widget_type=\"accordion.default\">\n\t\t\t\t<div class=\"elementor-widget-container\">\n\t\t\t\t\t\t\t<div class=\"elementor-accordion\">\n\t\t\t\t\t\t\t<div class=\"elementor-accordion-item\">\n\t\t\t\t\t<h2 id=\"elementor-tab-title-5961\" class=\"elementor-tab-title\" data-tab=\"1\" role=\"button\" aria-controls=\"elementor-tab-content-5961\" aria-expanded=\"false\">\n\t\t\t\t\t\t\t\t\t\t\t\t\t<span class=\"elementor-accordion-icon elementor-accordion-icon-right\" aria-hidden=\"true\">\n\t\t\t\t\t\t\t\t\t\t\t\t\t\t\t<span class=\"elementor-accordion-icon-closed\"><svg class=\"e-font-icon-svg e-fas-plus\" viewbox=\"0 0 448 512\" xmlns=\"http:\/\/www.w3.org\/2000\/svg\"><path d=\"M416 208H272V64c0-17.67-14.33-32-32-32h-32c-17.67 0-32 14.33-32 32v144H32c-17.67 0-32 14.33-32 32v32c0 17.67 14.33 32 32 32h144v144c0 17.67 14.33 32 32 32h32c17.67 0 32-14.33 32-32V304h144c17.67 0 32-14.33 32-32v-32c0-17.67-14.33-32-32-32z\"><\/path><\/svg><\/span>\n\t\t\t\t\t\t\t\t<span class=\"elementor-accordion-icon-opened\"><svg class=\"e-font-icon-svg e-fas-minus\" viewbox=\"0 0 448 512\" xmlns=\"http:\/\/www.w3.org\/2000\/svg\"><path d=\"M416 208H32c-17.67 0-32 14.33-32 32v32c0 17.67 14.33 32 32 32h384c17.67 0 32-14.33 32-32v-32c0-17.67-14.33-32-32-32z\"><\/path><\/svg><\/span>\n\t\t\t\t\t\t\t\t\t\t\t\t\t\t<\/span>\n\t\t\t\t\t\t\t\t\t\t\t\t<a class=\"elementor-accordion-title\" tabindex=\"0\">Opciones del producto<\/a>\n\t\t\t\t\t<\/h2>\n\t\t\t\t\t<div id=\"elementor-tab-content-5961\" class=\"elementor-tab-content elementor-clearfix\" data-tab=\"1\" role=\"region\" aria-labelledby=\"elementor-tab-title-5961\"><ul class=\"list technical-details\"><li>Nuestros dise\u00f1os pueden guiarse por rieles para permitir el movimiento lateral y la elevaci\u00f3n.<\/li><li>Se pueden dise\u00f1ar plataformas con tama\u00f1os personalizados para adaptarse a su aplicaci\u00f3n.<\/li><li>Algunas utilidades pueden incorporarse a la plataforma elevadora.<\/li><\/ul><\/div>\n\t\t\t\t<\/div>\n\t\t\t\t\t\t\t<div class=\"elementor-accordion-item\">\n\t\t\t\t\t<h2 id=\"elementor-tab-title-5962\" class=\"elementor-tab-title\" data-tab=\"2\" role=\"button\" aria-controls=\"elementor-tab-content-5962\" aria-expanded=\"false\">\n\t\t\t\t\t\t\t\t\t\t\t\t\t<span class=\"elementor-accordion-icon elementor-accordion-icon-right\" aria-hidden=\"true\">\n\t\t\t\t\t\t\t\t\t\t\t\t\t\t\t<span class=\"elementor-accordion-icon-closed\"><svg class=\"e-font-icon-svg e-fas-plus\" viewbox=\"0 0 448 512\" xmlns=\"http:\/\/www.w3.org\/2000\/svg\"><path d=\"M416 208H272V64c0-17.67-14.33-32-32-32h-32c-17.67 0-32 14.33-32 32v144H32c-17.67 0-32 14.33-32 32v32c0 17.67 14.33 32 32 32h144v144c0 17.67 14.33 32 32 32h32c17.67 0 32-14.33 32-32V304h144c17.67 0 32-14.33 32-32v-32c0-17.67-14.33-32-32-32z\"><\/path><\/svg><\/span>\n\t\t\t\t\t\t\t\t<span class=\"elementor-accordion-icon-opened\"><svg class=\"e-font-icon-svg e-fas-minus\" viewbox=\"0 0 448 512\" xmlns=\"http:\/\/www.w3.org\/2000\/svg\"><path d=\"M416 208H32c-17.67 0-32 14.33-32 32v32c0 17.67 14.33 32 32 32h384c17.67 0 32-14.33 32-32v-32c0-17.67-14.33-32-32-32z\"><\/path><\/svg><\/span>\n\t\t\t\t\t\t\t\t\t\t\t\t\t\t<\/span>\n\t\t\t\t\t\t\t\t\t\t\t\t<a class=\"elementor-accordion-title\" tabindex=\"0\">Solicitudes<\/a>\n\t\t\t\t\t<\/h2>\n\t\t\t\t\t<div id=\"elementor-tab-content-5962\" class=\"elementor-tab-content elementor-clearfix\" data-tab=\"2\" role=\"region\" aria-labelledby=\"elementor-tab-title-5962\"><ul class=\"list application-list\"><li>Excelente medio para la prevenci\u00f3n de ca\u00eddas \/ Seguridad<\/li><li>Dise\u00f1ado para un posicionamiento ergon\u00f3mico<\/li><li>Posibles usos Pintura \/ Preparaci\u00f3n \/ Lavado \/ Acabado<\/li><li>Fabricaci\u00f3n \/ Soldadura \/ Ensamblaje<\/li><\/ul><\/div>\n\t\t\t\t<\/div>\n\t\t\t\t\t\t\t\t<\/div>\n\t\t\t\t\t\t<\/div>\n\t\t\t\t<\/div>\n\t\t\t\t<\/div>\n\t\t<div class=\"elementor-element elementor-element-5cb72e4 e-con-full e-flex e-con e-child\" data-id=\"5cb72e4\" data-element_type=\"container\">\n\t\t\t\t<div class=\"elementor-element elementor-element-132cf63 elementor-invisible elementor-widget elementor-widget-image\" data-id=\"132cf63\" data-element_type=\"widget\" data-settings=\"{&quot;_animation&quot;:&quot;fadeInRight&quot;}\" data-widget_type=\"image.default\">\n\t\t\t\t<div class=\"elementor-widget-container\">\n\t\t\t\t\t\t\t\t\t\t\t\t\t\t\t<img fetchpriority=\"high\" decoding=\"async\" width=\"1280\" height=\"872\" src=\"https:\/\/www.paintbooth.com\/wp-content\/uploads\/2024\/05\/aerospace_paint_booth_man_lift_1-min-1.jpg\" class=\"attachment-full size-full wp-image-7481\" alt=\"Trabajador utilizando una plataforma elevadora a\u00e9rea para mantenimiento industrial.\" srcset=\"https:\/\/www.paintbooth.com\/wp-content\/uploads\/2024\/05\/aerospace_paint_booth_man_lift_1-min-1.jpg 1280w, https:\/\/www.paintbooth.com\/wp-content\/uploads\/2024\/05\/aerospace_paint_booth_man_lift_1-min-1-300x204.jpg 300w, https:\/\/www.paintbooth.com\/wp-content\/uploads\/2024\/05\/aerospace_paint_booth_man_lift_1-min-1-1024x698.jpg 1024w, https:\/\/www.paintbooth.com\/wp-content\/uploads\/2024\/05\/aerospace_paint_booth_man_lift_1-min-1-768x523.jpg 768w\" sizes=\"(max-width: 1280px) 100vw, 1280px\" \/>\t\t\t\t\t\t\t\t\t\t\t\t\t\t\t<\/div>\n\t\t\t\t<\/div>\n\t\t\t\t<\/div>\n\t\t\t\t<\/div>\n\t\t\t\t\t<\/div>\n\t\t\t\t<\/div>\n\t\t<div class=\"elementor-element elementor-element-2f6ee37 e-flex e-con-boxed e-con e-parent\" data-id=\"2f6ee37\" data-element_type=\"container\" data-settings=\"{&quot;background_background&quot;:&quot;classic&quot;}\">\n\t\t\t\t\t<div class=\"e-con-inner\">\n\t\t<div class=\"elementor-element elementor-element-141e4b7 e-con-full e-flex e-con e-child\" data-id=\"141e4b7\" data-element_type=\"container\">\n\t\t<div class=\"elementor-element elementor-element-2b98042 e-con-full e-flex e-con e-child\" data-id=\"2b98042\" data-element_type=\"container\">\n\t\t\t\t<div class=\"elementor-element elementor-element-66605df elementor-invisible elementor-widget elementor-widget-heading\" data-id=\"66605df\" data-element_type=\"widget\" data-settings=\"{&quot;_animation&quot;:&quot;fadeInUp&quot;}\" data-widget_type=\"heading.default\">\n\t\t\t\t<div class=\"elementor-widget-container\">\n\t\t\t\t\t<h2 class=\"elementor-heading-title elementor-size-default\">Elevadores de personas<\/h2>\t\t\t\t<\/div>\n\t\t\t\t<\/div>\n\t\t\t\t<div class=\"elementor-element elementor-element-aca0c92 disflex elementor-invisible elementor-widget elementor-widget-text-editor\" data-id=\"aca0c92\" data-element_type=\"widget\" data-settings=\"{&quot;_animation&quot;:&quot;fadeInUp&quot;,&quot;_animation_delay&quot;:200}\" data-widget_type=\"text-editor.default\">\n\t\t\t\t<div class=\"elementor-widget-container\">\n\t\t\t\t\t\t\t\t\t<p><a href=\"https:\/\/www.paintbooth.com\/es\/elevadores-de-personas\/\">Elevadores de personas<\/a><\/p><p><a href=\"https:\/\/www.paintbooth.com\/es\/elevadores-de-personas\/elevador-de-mastil-de-2-ejes\/\" aria-current=\"page\">Elevador de m\u00e1stil de 2 ejes<\/a><\/p><p><a href=\"https:\/\/www.paintbooth.com\/es\/elevadores-de-personas\/elevador-de-cabina-de-pintura-de-3-ejes\/\">Elevador de cabina de pintura de 3 ejes<\/a><\/p><p><a href=\"https:\/\/www.paintbooth.com\/es\/elevadores-de-personas\/elevador-de-mastil-de-4-ejes\/\">Elevador de m\u00e1stil de 4 ejes<\/a><\/p><p><a href=\"https:\/\/www.paintbooth.com\/es\/elevadores-de-personas\/plataforma-elevadora-para-cabina-de-pintura-aeroespacial\/\">Elevador para cabina de pintura aeroespacial<\/a><\/p><p><a href=\"https:\/\/www.paintbooth.com\/es\/elevadores-de-personas\/elevador-neumatico-autopropulsado\/\">Elevador neum\u00e1tico autopropulsado Boost<\/a><\/p><p><a href=\"https:\/\/www.paintbooth.com\/es\/elevadores-de-personas\/elevador-de-mastil-de-alcance-extendido\/\">Elevador de m\u00e1stil de alcance extendido<\/a><\/p><p><a href=\"https:\/\/www.paintbooth.com\/es\/elevadores-de-personas\/elevadores-de-mastil-de-altura-vertical-extendida\/\">Elevadores de m\u00e1stil de altura vertical extendida<\/a><\/p><p><a href=\"https:\/\/www.paintbooth.com\/es\/elevadores-de-personas\/elevador-de-pintura-con-alto-contenido-en-solidos\/\">Eliminaci\u00f3n de pintura con alto contenido en s\u00f3lidos<\/a><\/p><p><a href=\"https:\/\/www.paintbooth.com\/es\/elevadores-de-personas\/plataforma-de-trabajo-horizontal-montada-en-la-pared\/\">Plataforma de trabajo horizontal \u2013 Montaje en pared<\/a><\/p><p><a href=\"https:\/\/www.paintbooth.com\/es\/elevadores-de-personas\/plataforma-aerea-guiada-por-rieles\/\">Plataforma a\u00e9rea guiada por rieles<\/a><\/p><p><a href=\"https:\/\/www.paintbooth.com\/es\/elevadores-de-personas\/elevador-de-cabina-de-pintura-en-polvo-de-un-solo-eje\/\">Elevador de cabina de pintura\/polvo de un solo eje<\/a><\/p><p><a href=\"https:\/\/www.paintbooth.com\/es\/elevadores-de-personas\/pasarela-ajustable-verticalmente\/\">Pasarela ajustable verticalmente<\/a><\/p>\t\t\t\t\t\t\t\t<\/div>\n\t\t\t\t<\/div>\n\t\t\t\t<\/div>\n\t\t\t\t<\/div>\n\t\t\t\t\t<\/div>\n\t\t\t\t<\/div>\n\t\t\t\t<\/div>","protected":false},"excerpt":{"rendered":"<p>2-Axis Mast Lift 2-Axis Personnel Lifts designed for Paint Booth applications Designed to be used with 2 directions of travel at same time (X,Y,Z axis) X axis travel: left\/right equal to the length of your booth Y axis travel: in\/out Z axis travel: up\/down Pneumatic (for most paint applications) or Electric Powered Product Options Our [&hellip;]<\/p>","protected":false},"author":4,"featured_media":0,"parent":84,"menu_order":0,"comment_status":"closed","ping_status":"closed","template":"elementor_header_footer","meta":{"footnotes":""},"class_list":["post-4404","page","type-page","status-publish","hentry"],"yoast_head":"<!-- This site is optimized with the Yoast SEO plugin v26.9 - https:\/\/yoast.com\/product\/yoast-seo-wordpress\/ -->\n<title>2-Axis Mast Lift | Paint Booth<\/title>\n<meta name=\"description\" content=\"Explore 2-axis mast lift from Paint Booth. Review system details, application fit, and request a quote for a solution built around your workflow.\" \/>\n<meta name=\"robots\" content=\"index, follow, max-snippet:-1, max-image-preview:large, max-video-preview:-1\" \/>\n<link rel=\"canonical\" href=\"https:\/\/www.paintbooth.com\/es\/elevadores-de-personas\/elevador-de-mastil-de-2-ejes\/\" \/>\n<meta property=\"og:locale\" content=\"es_MX\" \/>\n<meta property=\"og:type\" content=\"article\" \/>\n<meta property=\"og:title\" content=\"2-Axis Mast Lift | Paint Booth\" \/>\n<meta property=\"og:description\" content=\"Explore 2-axis mast lift from Paint Booth. Review system details, application fit, and request a quote for a solution built around your workflow.\" \/>\n<meta property=\"og:url\" content=\"https:\/\/www.paintbooth.com\/es\/elevadores-de-personas\/elevador-de-mastil-de-2-ejes\/\" \/>\n<meta property=\"og:site_name\" content=\"Paintbooth.com\" \/>\n<meta property=\"article:publisher\" content=\"https:\/\/www.facebook.com\/paintspraybooths\/\" \/>\n<meta property=\"article:modified_time\" content=\"2026-03-24T10:43:09+00:00\" \/>\n<meta property=\"og:image\" content=\"https:\/\/www.paintbooth.com\/wp-content\/uploads\/2024\/05\/aerospace_paint_booth_man_lift_1-min-1.jpg\" \/>\n\t<meta property=\"og:image:width\" content=\"1280\" \/>\n\t<meta property=\"og:image:height\" content=\"872\" \/>\n\t<meta property=\"og:image:type\" content=\"image\/jpeg\" \/>\n<meta name=\"twitter:card\" content=\"summary_large_image\" \/>\n<meta name=\"twitter:site\" content=\"@PaintBooth\" \/>\n<meta name=\"twitter:label1\" content=\"Tiempo de lectura\" \/>\n\t<meta name=\"twitter:data1\" content=\"1 minuto\" \/>\n<script type=\"application\/ld+json\" class=\"yoast-schema-graph\">{\"@context\":\"https:\/\/schema.org\",\"@graph\":[{\"@type\":\"WebPage\",\"@id\":\"https:\/\/www.paintbooth.com\/man-lifts\/2-axis-mast-lift\/\",\"url\":\"https:\/\/www.paintbooth.com\/man-lifts\/2-axis-mast-lift\/\",\"name\":\"2-Axis Mast Lift | Paint Booth\",\"isPartOf\":{\"@id\":\"https:\/\/www.paintbooth.com\/#website\"},\"primaryImageOfPage\":{\"@id\":\"https:\/\/www.paintbooth.com\/man-lifts\/2-axis-mast-lift\/#primaryimage\"},\"image\":{\"@id\":\"https:\/\/www.paintbooth.com\/man-lifts\/2-axis-mast-lift\/#primaryimage\"},\"thumbnailUrl\":\"https:\/\/www.paintbooth.com\/wp-content\/uploads\/2024\/05\/aerospace_paint_booth_man_lift_1-min-1.jpg\",\"datePublished\":\"2023-05-01T09:12:06+00:00\",\"dateModified\":\"2026-03-24T10:43:09+00:00\",\"description\":\"Explore 2-axis mast lift from Paint Booth. Review system details, application fit, and request a quote for a solution built around your workflow.\",\"breadcrumb\":{\"@id\":\"https:\/\/www.paintbooth.com\/man-lifts\/2-axis-mast-lift\/#breadcrumb\"},\"inLanguage\":\"es\",\"potentialAction\":[{\"@type\":\"ReadAction\",\"target\":[\"https:\/\/www.paintbooth.com\/man-lifts\/2-axis-mast-lift\/\"]}]},{\"@type\":\"ImageObject\",\"inLanguage\":\"es\",\"@id\":\"https:\/\/www.paintbooth.com\/man-lifts\/2-axis-mast-lift\/#primaryimage\",\"url\":\"https:\/\/www.paintbooth.com\/wp-content\/uploads\/2024\/05\/aerospace_paint_booth_man_lift_1-min-1.jpg\",\"contentUrl\":\"https:\/\/www.paintbooth.com\/wp-content\/uploads\/2024\/05\/aerospace_paint_booth_man_lift_1-min-1.jpg\"},{\"@type\":\"BreadcrumbList\",\"@id\":\"https:\/\/www.paintbooth.com\/man-lifts\/2-axis-mast-lift\/#breadcrumb\",\"itemListElement\":[{\"@type\":\"ListItem\",\"position\":1,\"name\":\"Home\",\"item\":\"https:\/\/www.paintbooth.com\/\"},{\"@type\":\"ListItem\",\"position\":2,\"name\":\"Man Lifts\",\"item\":\"https:\/\/www.paintbooth.com\/man-lifts\/\"},{\"@type\":\"ListItem\",\"position\":3,\"name\":\"2-Axis Mast Lift\"}]},{\"@type\":\"WebSite\",\"@id\":\"https:\/\/www.paintbooth.com\/#website\",\"url\":\"https:\/\/www.paintbooth.com\/\",\"name\":\"Paintbooth.com\",\"description\":\"Affordable Quality Paint Booths-Finishing Equipment\",\"potentialAction\":[{\"@type\":\"SearchAction\",\"target\":{\"@type\":\"EntryPoint\",\"urlTemplate\":\"https:\/\/www.paintbooth.com\/?s={search_term_string}\"},\"query-input\":{\"@type\":\"PropertyValueSpecification\",\"valueRequired\":true,\"valueName\":\"search_term_string\"}}],\"inLanguage\":\"es\"}]}<\/script>\n<!-- \/ Yoast SEO plugin. -->","yoast_head_json":{"title":"Elevador de m\u00e1stil de 2 ejes | Cabina de pintura","description":"Explore el elevador de m\u00e1stil de 2 ejes de Paint Booth. Revise los detalles del sistema, la idoneidad de la aplicaci\u00f3n y solicite un presupuesto para una soluci\u00f3n adaptada a su flujo de trabajo.","robots":{"index":"index","follow":"follow","max-snippet":"max-snippet:-1","max-image-preview":"max-image-preview:large","max-video-preview":"max-video-preview:-1"},"canonical":"https:\/\/www.paintbooth.com\/es\/elevadores-de-personas\/elevador-de-mastil-de-2-ejes\/","og_locale":"es_MX","og_type":"article","og_title":"2-Axis Mast Lift | Paint Booth","og_description":"Explore 2-axis mast lift from Paint Booth. Review system details, application fit, and request a quote for a solution built around your workflow.","og_url":"https:\/\/www.paintbooth.com\/es\/elevadores-de-personas\/elevador-de-mastil-de-2-ejes\/","og_site_name":"Paintbooth.com","article_publisher":"https:\/\/www.facebook.com\/paintspraybooths\/","article_modified_time":"2026-03-24T10:43:09+00:00","og_image":[{"width":1280,"height":872,"url":"https:\/\/www.paintbooth.com\/wp-content\/uploads\/2024\/05\/aerospace_paint_booth_man_lift_1-min-1.jpg","type":"image\/jpeg"}],"twitter_card":"summary_large_image","twitter_site":"@PaintBooth","twitter_misc":{"Tiempo de lectura":"1 minuto"},"schema":{"@context":"https:\/\/schema.org","@graph":[{"@type":"WebPage","@id":"https:\/\/www.paintbooth.com\/man-lifts\/2-axis-mast-lift\/","url":"https:\/\/www.paintbooth.com\/man-lifts\/2-axis-mast-lift\/","name":"Elevador de m\u00e1stil de 2 ejes | Cabina de pintura","isPartOf":{"@id":"https:\/\/www.paintbooth.com\/#website"},"primaryImageOfPage":{"@id":"https:\/\/www.paintbooth.com\/man-lifts\/2-axis-mast-lift\/#primaryimage"},"image":{"@id":"https:\/\/www.paintbooth.com\/man-lifts\/2-axis-mast-lift\/#primaryimage"},"thumbnailUrl":"https:\/\/www.paintbooth.com\/wp-content\/uploads\/2024\/05\/aerospace_paint_booth_man_lift_1-min-1.jpg","datePublished":"2023-05-01T09:12:06+00:00","dateModified":"2026-03-24T10:43:09+00:00","description":"Explore el elevador de m\u00e1stil de 2 ejes de Paint Booth. Revise los detalles del sistema, la idoneidad de la aplicaci\u00f3n y solicite un presupuesto para una soluci\u00f3n adaptada a su flujo de trabajo.","breadcrumb":{"@id":"https:\/\/www.paintbooth.com\/man-lifts\/2-axis-mast-lift\/#breadcrumb"},"inLanguage":"es","potentialAction":[{"@type":"ReadAction","target":["https:\/\/www.paintbooth.com\/man-lifts\/2-axis-mast-lift\/"]}]},{"@type":"ImageObject","inLanguage":"es","@id":"https:\/\/www.paintbooth.com\/man-lifts\/2-axis-mast-lift\/#primaryimage","url":"https:\/\/www.paintbooth.com\/wp-content\/uploads\/2024\/05\/aerospace_paint_booth_man_lift_1-min-1.jpg","contentUrl":"https:\/\/www.paintbooth.com\/wp-content\/uploads\/2024\/05\/aerospace_paint_booth_man_lift_1-min-1.jpg"},{"@type":"BreadcrumbList","@id":"https:\/\/www.paintbooth.com\/man-lifts\/2-axis-mast-lift\/#breadcrumb","itemListElement":[{"@type":"ListItem","position":1,"name":"Home","item":"https:\/\/www.paintbooth.com\/"},{"@type":"ListItem","position":2,"name":"Man Lifts","item":"https:\/\/www.paintbooth.com\/man-lifts\/"},{"@type":"ListItem","position":3,"name":"2-Axis Mast Lift"}]},{"@type":"WebSite","@id":"https:\/\/www.paintbooth.com\/#website","url":"https:\/\/www.paintbooth.com\/","name":"Paintbooth.com","description":"Cabinas de pintura de calidad asequibles: equipos de acabado","potentialAction":[{"@type":"SearchAction","target":{"@type":"EntryPoint","urlTemplate":"https:\/\/www.paintbooth.com\/?s={search_term_string}"},"query-input":{"@type":"PropertyValueSpecification","valueRequired":true,"valueName":"search_term_string"}}],"inLanguage":"es"}]}},"_links":{"self":[{"href":"https:\/\/www.paintbooth.com\/es\/wp-json\/wp\/v2\/pages\/4404","targetHints":{"allow":["GET"]}}],"collection":[{"href":"https:\/\/www.paintbooth.com\/es\/wp-json\/wp\/v2\/pages"}],"about":[{"href":"https:\/\/www.paintbooth.com\/es\/wp-json\/wp\/v2\/types\/page"}],"author":[{"embeddable":true,"href":"https:\/\/www.paintbooth.com\/es\/wp-json\/wp\/v2\/users\/4"}],"replies":[{"embeddable":true,"href":"https:\/\/www.paintbooth.com\/es\/wp-json\/wp\/v2\/comments?post=4404"}],"version-history":[{"count":20,"href":"https:\/\/www.paintbooth.com\/es\/wp-json\/wp\/v2\/pages\/4404\/revisions"}],"predecessor-version":[{"id":7576,"href":"https:\/\/www.paintbooth.com\/es\/wp-json\/wp\/v2\/pages\/4404\/revisions\/7576"}],"up":[{"embeddable":true,"href":"https:\/\/www.paintbooth.com\/es\/wp-json\/wp\/v2\/pages\/84"}],"wp:attachment":[{"href":"https:\/\/www.paintbooth.com\/es\/wp-json\/wp\/v2\/media?parent=4404"}],"curies":[{"name":"wp","href":"https:\/\/api.w.org\/{rel}","templated":true}]}}