{"id":4424,"date":"2023-05-01T05:47:56","date_gmt":"2023-05-01T09:47:56","guid":{"rendered":"https:\/\/www.paintbooth.com\/?page_id=4424"},"modified":"2026-03-24T06:43:04","modified_gmt":"2026-03-24T10:43:04","slug":"elevador-de-mastil-de-alcance-extendido","status":"publish","type":"page","link":"https:\/\/www.paintbooth.com\/es\/elevadores-de-personas\/elevador-de-mastil-de-alcance-extendido\/","title":{"rendered":"Elevador de m\u00e1stil de alcance extendido"},"content":{"rendered":"<div data-elementor-type=\"wp-page\" data-elementor-id=\"4424\" class=\"elementor elementor-4424\" data-elementor-post-type=\"page\">\n\t\t\t\t<div class=\"elementor-element elementor-element-b824eb1 e-flex e-con-boxed e-con e-parent\" data-id=\"b824eb1\" data-element_type=\"container\" data-settings=\"{&quot;background_background&quot;:&quot;classic&quot;}\">\n\t\t\t\t\t<div class=\"e-con-inner\">\n\t\t\t\t<div class=\"elementor-element elementor-element-9d70e05 elementor-invisible elementor-widget elementor-widget-heading\" data-id=\"9d70e05\" data-element_type=\"widget\" data-settings=\"{&quot;_animation&quot;:&quot;fadeInUp&quot;}\" data-widget_type=\"heading.default\">\n\t\t\t\t<div class=\"elementor-widget-container\">\n\t\t\t\t\t<h1 class=\"elementor-heading-title elementor-size-default\">Elevador de m\u00e1stil de alcance extendido<\/h1>\t\t\t\t<\/div>\n\t\t\t\t<\/div>\n\t\t\t\t\t<\/div>\n\t\t\t\t<\/div>\n\t\t<div class=\"elementor-element elementor-element-7f60503 e-flex e-con-boxed e-con e-parent\" data-id=\"7f60503\" data-element_type=\"container\" data-settings=\"{&quot;background_background&quot;:&quot;classic&quot;}\">\n\t\t\t\t\t<div class=\"e-con-inner\">\n\t\t<div class=\"elementor-element elementor-element-caf88f2 e-con-full e-flex e-con e-child\" data-id=\"caf88f2\" data-element_type=\"container\">\n\t\t<div class=\"elementor-element elementor-element-12c1ed4 e-con-full e-flex e-con e-child\" data-id=\"12c1ed4\" data-element_type=\"container\">\n\t\t\t\t<div class=\"elementor-element elementor-element-7063b55 elementor-widget__width-initial elementor-invisible elementor-widget elementor-widget-text-editor\" data-id=\"7063b55\" data-element_type=\"widget\" data-settings=\"{&quot;_animation&quot;:&quot;fadeInUp&quot;,&quot;_animation_delay&quot;:200}\" data-widget_type=\"text-editor.default\">\n\t\t\t\t<div class=\"elementor-widget-container\">\n\t\t\t\t\t\t\t\t\t<p><span style=\"color: #000000;\"><strong>Elevador de personal multieje con alcance horizontal ampliado<\/strong><\/span><\/p><ul class=\"list technical-details\"><li>Dise\u00f1ado con las mismas caracter\u00edsticas operativas que nuestros elevadores est\u00e1ndar para chorro (BL) y pintura (LP2).<\/li><li>Elevaci\u00f3n ampliada de pintura LP2: 4,27 m desde la pared de la cabina hasta la parte delantera de la plataforma.<\/li><li>Elevador BL ampliado: 3,96 m desde la pared de la cabina hasta la parte delantera de la plataforma.<\/li><li>Incorpora un mecanismo de doble tijera en la extensi\u00f3n del eje Y que permite un mayor alcance.<\/li><li>Hay disponibles plataformas personalizadas con barandillas delanteras abatibles.<\/li><li>Las plataformas se pueden personalizar con diferentes opciones de puertas y barandillas.<\/li><li>El elevador puede ser neum\u00e1tico, el\u00e9ctrico o hidr\u00e1ulico.<\/li><\/ul>\t\t\t\t\t\t\t\t<\/div>\n\t\t\t\t<\/div>\n\t\t\t\t<\/div>\n\t\t<div class=\"elementor-element elementor-element-3ef1d8b e-con-full e-flex e-con e-child\" data-id=\"3ef1d8b\" data-element_type=\"container\">\n\t\t\t\t<div class=\"elementor-element elementor-element-220290d elementor-pagination-position-outside elementor-widget elementor-widget-image-carousel\" data-id=\"220290d\" data-element_type=\"widget\" data-settings=\"{&quot;slides_to_show&quot;:&quot;1&quot;,&quot;navigation&quot;:&quot;dots&quot;,&quot;autoplay&quot;:&quot;yes&quot;,&quot;pause_on_hover&quot;:&quot;yes&quot;,&quot;pause_on_interaction&quot;:&quot;yes&quot;,&quot;autoplay_speed&quot;:5000,&quot;infinite&quot;:&quot;yes&quot;,&quot;effect&quot;:&quot;slide&quot;,&quot;speed&quot;:500}\" data-widget_type=\"image-carousel.default\">\n\t\t\t\t<div class=\"elementor-widget-container\">\n\t\t\t\t\t\t\t<div class=\"elementor-image-carousel-wrapper swiper\" role=\"region\" aria-roledescription=\"carousel\" aria-label=\"Carrusel de im\u00e1genes\" dir=\"ltr\">\n\t\t\t<div class=\"elementor-image-carousel swiper-wrapper\" aria-live=\"off\">\n\t\t\t\t\t\t\t\t<div class=\"swiper-slide\" role=\"group\" aria-roledescription=\"slide\" aria-label=\"1 de 2\"><figure class=\"swiper-slide-inner\"><img decoding=\"async\" class=\"swiper-slide-image\" src=\"https:\/\/www.paintbooth.com\/wp-content\/uploads\/2024\/05\/extended_reach_mast_lift_1-min.jpg\" alt=\"Trabajador industrial utilizando una plataforma elevadora dentro de una cabina de pintura.\" \/><\/figure><\/div><div class=\"swiper-slide\" role=\"group\" aria-roledescription=\"slide\" aria-label=\"2 de 2\"><figure class=\"swiper-slide-inner\"><img decoding=\"async\" class=\"swiper-slide-image\" src=\"https:\/\/www.paintbooth.com\/wp-content\/uploads\/2024\/05\/extended_reach_mast_lift_2-min.jpg\" alt=\"Elevador de tijera en cabina de pintura industrial con trabajador.\" \/><\/figure><\/div>\t\t\t<\/div>\n\t\t\t\t\t\t\t\n\t\t\t\t\t\t\t\t\t<div class=\"swiper-pagination\"><\/div>\n\t\t\t\t\t\t\t\t\t<\/div>\n\t\t\t\t\t\t<\/div>\n\t\t\t\t<\/div>\n\t\t\t\t<\/div>\n\t\t\t\t<\/div>\n\t\t\t\t\t<\/div>\n\t\t\t\t<\/div>\n\t\t<div class=\"elementor-element elementor-element-28e8c67 e-flex e-con-boxed e-con e-parent\" data-id=\"28e8c67\" data-element_type=\"container\" data-settings=\"{&quot;background_background&quot;:&quot;classic&quot;}\">\n\t\t\t\t\t<div class=\"e-con-inner\">\n\t\t<div class=\"elementor-element elementor-element-299bc32 e-con-full e-flex e-con e-child\" data-id=\"299bc32\" data-element_type=\"container\">\n\t\t<div class=\"elementor-element elementor-element-b0b7b56 e-con-full e-flex e-con e-child\" data-id=\"b0b7b56\" data-element_type=\"container\">\n\t\t\t\t<div class=\"elementor-element elementor-element-5308679 elementor-widget elementor-widget-video\" data-id=\"5308679\" data-element_type=\"widget\" data-settings=\"{&quot;youtube_url&quot;:&quot;https:\\\/\\\/www.youtube.com\\\/watch?v=ENVy9T-depU&quot;,&quot;video_type&quot;:&quot;youtube&quot;,&quot;controls&quot;:&quot;yes&quot;}\" data-widget_type=\"video.default\">\n\t\t\t\t<div class=\"elementor-widget-container\">\n\t\t\t\t\t\t\t<div class=\"elementor-wrapper elementor-open-inline\">\n\t\t\t<div class=\"elementor-video\"><\/div>\t\t<\/div>\n\t\t\t\t\t\t<\/div>\n\t\t\t\t<\/div>\n\t\t\t\t<\/div>\n\t\t<div class=\"elementor-element elementor-element-6a8c0d1 e-con-full e-flex e-con e-child\" data-id=\"6a8c0d1\" data-element_type=\"container\">\n\t\t\t\t<div class=\"elementor-element elementor-element-b6b3531 elementor-widget elementor-widget-accordion\" data-id=\"b6b3531\" data-element_type=\"widget\" data-widget_type=\"accordion.default\">\n\t\t\t\t<div class=\"elementor-widget-container\">\n\t\t\t\t\t\t\t<div class=\"elementor-accordion\">\n\t\t\t\t\t\t\t<div class=\"elementor-accordion-item\">\n\t\t\t\t\t<h2 id=\"elementor-tab-title-1911\" class=\"elementor-tab-title\" data-tab=\"1\" role=\"button\" aria-controls=\"elementor-tab-content-1911\" aria-expanded=\"false\">\n\t\t\t\t\t\t\t\t\t\t\t\t\t<span class=\"elementor-accordion-icon elementor-accordion-icon-right\" aria-hidden=\"true\">\n\t\t\t\t\t\t\t\t\t\t\t\t\t\t\t<span class=\"elementor-accordion-icon-closed\"><svg class=\"e-font-icon-svg e-fas-plus\" viewbox=\"0 0 448 512\" xmlns=\"http:\/\/www.w3.org\/2000\/svg\"><path d=\"M416 208H272V64c0-17.67-14.33-32-32-32h-32c-17.67 0-32 14.33-32 32v144H32c-17.67 0-32 14.33-32 32v32c0 17.67 14.33 32 32 32h144v144c0 17.67 14.33 32 32 32h32c17.67 0 32-14.33 32-32V304h144c17.67 0 32-14.33 32-32v-32c0-17.67-14.33-32-32-32z\"><\/path><\/svg><\/span>\n\t\t\t\t\t\t\t\t<span class=\"elementor-accordion-icon-opened\"><svg class=\"e-font-icon-svg e-fas-minus\" viewbox=\"0 0 448 512\" xmlns=\"http:\/\/www.w3.org\/2000\/svg\"><path d=\"M416 208H32c-17.67 0-32 14.33-32 32v32c0 17.67 14.33 32 32 32h384c17.67 0 32-14.33 32-32v-32c0-17.67-14.33-32-32-32z\"><\/path><\/svg><\/span>\n\t\t\t\t\t\t\t\t\t\t\t\t\t\t<\/span>\n\t\t\t\t\t\t\t\t\t\t\t\t<a class=\"elementor-accordion-title\" tabindex=\"0\">Opciones del producto<\/a>\n\t\t\t\t\t<\/h2>\n\t\t\t\t\t<div id=\"elementor-tab-content-1911\" class=\"elementor-tab-content elementor-clearfix\" data-tab=\"1\" role=\"region\" aria-labelledby=\"elementor-tab-title-1911\"><ul><li>Ofrecemos dise\u00f1os personalizados para aumentar el alcance.<\/li><\/ul><\/div>\n\t\t\t\t<\/div>\n\t\t\t\t\t\t\t<div class=\"elementor-accordion-item\">\n\t\t\t\t\t<h2 id=\"elementor-tab-title-1912\" class=\"elementor-tab-title\" data-tab=\"2\" role=\"button\" aria-controls=\"elementor-tab-content-1912\" aria-expanded=\"false\">\n\t\t\t\t\t\t\t\t\t\t\t\t\t<span class=\"elementor-accordion-icon elementor-accordion-icon-right\" aria-hidden=\"true\">\n\t\t\t\t\t\t\t\t\t\t\t\t\t\t\t<span class=\"elementor-accordion-icon-closed\"><svg class=\"e-font-icon-svg e-fas-plus\" viewbox=\"0 0 448 512\" xmlns=\"http:\/\/www.w3.org\/2000\/svg\"><path d=\"M416 208H272V64c0-17.67-14.33-32-32-32h-32c-17.67 0-32 14.33-32 32v144H32c-17.67 0-32 14.33-32 32v32c0 17.67 14.33 32 32 32h144v144c0 17.67 14.33 32 32 32h32c17.67 0 32-14.33 32-32V304h144c17.67 0 32-14.33 32-32v-32c0-17.67-14.33-32-32-32z\"><\/path><\/svg><\/span>\n\t\t\t\t\t\t\t\t<span class=\"elementor-accordion-icon-opened\"><svg class=\"e-font-icon-svg e-fas-minus\" viewbox=\"0 0 448 512\" xmlns=\"http:\/\/www.w3.org\/2000\/svg\"><path d=\"M416 208H32c-17.67 0-32 14.33-32 32v32c0 17.67 14.33 32 32 32h384c17.67 0 32-14.33 32-32v-32c0-17.67-14.33-32-32-32z\"><\/path><\/svg><\/span>\n\t\t\t\t\t\t\t\t\t\t\t\t\t\t<\/span>\n\t\t\t\t\t\t\t\t\t\t\t\t<a class=\"elementor-accordion-title\" tabindex=\"0\">Documentos del producto<\/a>\n\t\t\t\t\t<\/h2>\n\t\t\t\t\t<div id=\"elementor-tab-content-1912\" class=\"elementor-tab-content elementor-clearfix\" data-tab=\"2\" role=\"region\" aria-labelledby=\"elementor-tab-title-1912\"><ul class=\"list product-documents\"><li><a class=\"document-btn\" title=\"LP2 Alcance ampliado - P\u00e1gina del cat\u00e1logo\" href=\"https:\/\/www.paintbooth.com\/wp-content\/uploads\/2023\/05\/lp2-extended-reach.pdf\" target=\"_blank\" rel=\"noopener\">LP2 Alcance extendido \u2013 P\u00e1gina del cat\u00e1logo<\/a><\/li><\/ul><\/div>\n\t\t\t\t<\/div>\n\t\t\t\t\t\t\t<div class=\"elementor-accordion-item\">\n\t\t\t\t\t<h2 id=\"elementor-tab-title-1913\" class=\"elementor-tab-title\" data-tab=\"3\" role=\"button\" aria-controls=\"elementor-tab-content-1913\" aria-expanded=\"false\">\n\t\t\t\t\t\t\t\t\t\t\t\t\t<span class=\"elementor-accordion-icon elementor-accordion-icon-right\" aria-hidden=\"true\">\n\t\t\t\t\t\t\t\t\t\t\t\t\t\t\t<span class=\"elementor-accordion-icon-closed\"><svg class=\"e-font-icon-svg e-fas-plus\" viewbox=\"0 0 448 512\" xmlns=\"http:\/\/www.w3.org\/2000\/svg\"><path d=\"M416 208H272V64c0-17.67-14.33-32-32-32h-32c-17.67 0-32 14.33-32 32v144H32c-17.67 0-32 14.33-32 32v32c0 17.67 14.33 32 32 32h144v144c0 17.67 14.33 32 32 32h32c17.67 0 32-14.33 32-32V304h144c17.67 0 32-14.33 32-32v-32c0-17.67-14.33-32-32-32z\"><\/path><\/svg><\/span>\n\t\t\t\t\t\t\t\t<span class=\"elementor-accordion-icon-opened\"><svg class=\"e-font-icon-svg e-fas-minus\" viewbox=\"0 0 448 512\" xmlns=\"http:\/\/www.w3.org\/2000\/svg\"><path d=\"M416 208H32c-17.67 0-32 14.33-32 32v32c0 17.67 14.33 32 32 32h384c17.67 0 32-14.33 32-32v-32c0-17.67-14.33-32-32-32z\"><\/path><\/svg><\/span>\n\t\t\t\t\t\t\t\t\t\t\t\t\t\t<\/span>\n\t\t\t\t\t\t\t\t\t\t\t\t<a class=\"elementor-accordion-title\" tabindex=\"0\">Solicitudes<\/a>\n\t\t\t\t\t<\/h2>\n\t\t\t\t\t<div id=\"elementor-tab-content-1913\" class=\"elementor-tab-content elementor-clearfix\" data-tab=\"3\" role=\"region\" aria-labelledby=\"elementor-tab-title-1913\"><ul class=\"list application-list\"><li>Prevenci\u00f3n de ca\u00eddas \/ Seguridad<\/li><li>Posicionamiento ergon\u00f3mico<\/li><li>Preparaci\u00f3n \/ Lijado \/ Enmascaramiento<\/li><li>Recubrimiento en polvo y acabado con pintura<\/li><li>Cabinas de chorro de arena (elevadores de la serie BL)<\/li><li>Fabricaci\u00f3n \/ Soldadura \/ Producci\u00f3n<\/li><\/ul><\/div>\n\t\t\t\t<\/div>\n\t\t\t\t\t\t\t\t<\/div>\n\t\t\t\t\t\t<\/div>\n\t\t\t\t<\/div>\n\t\t\t\t<\/div>\n\t\t\t\t<\/div>\n\t\t\t\t\t<\/div>\n\t\t\t\t<\/div>\n\t\t<div class=\"elementor-element elementor-element-de62e73 e-flex e-con-boxed e-con e-parent\" data-id=\"de62e73\" data-element_type=\"container\" data-settings=\"{&quot;background_background&quot;:&quot;classic&quot;}\">\n\t\t\t\t\t<div class=\"e-con-inner\">\n\t\t<div class=\"elementor-element elementor-element-cebaf2e e-con-full e-flex e-con e-child\" data-id=\"cebaf2e\" data-element_type=\"container\">\n\t\t<div class=\"elementor-element elementor-element-f4a6a5c e-con-full e-flex e-con e-child\" data-id=\"f4a6a5c\" data-element_type=\"container\">\n\t\t\t\t<div class=\"elementor-element elementor-element-2c4eec2 elementor-invisible elementor-widget elementor-widget-heading\" data-id=\"2c4eec2\" data-element_type=\"widget\" data-settings=\"{&quot;_animation&quot;:&quot;fadeInUp&quot;}\" data-widget_type=\"heading.default\">\n\t\t\t\t<div class=\"elementor-widget-container\">\n\t\t\t\t\t<h2 class=\"elementor-heading-title elementor-size-default\">Elevadores de personas<\/h2>\t\t\t\t<\/div>\n\t\t\t\t<\/div>\n\t\t\t\t<div class=\"elementor-element elementor-element-11a7619 disflex elementor-invisible elementor-widget elementor-widget-text-editor\" data-id=\"11a7619\" data-element_type=\"widget\" data-settings=\"{&quot;_animation&quot;:&quot;fadeInUp&quot;,&quot;_animation_delay&quot;:200}\" data-widget_type=\"text-editor.default\">\n\t\t\t\t<div class=\"elementor-widget-container\">\n\t\t\t\t\t\t\t\t\t<p><a href=\"https:\/\/www.paintbooth.com\/es\/elevadores-de-personas\/\">Elevadores de personas<\/a><\/p><p><a href=\"https:\/\/www.paintbooth.com\/es\/elevadores-de-personas\/elevador-de-mastil-de-2-ejes\/\">Elevador de m\u00e1stil de 2 ejes<\/a><\/p><p><a href=\"https:\/\/www.paintbooth.com\/es\/elevadores-de-personas\/elevador-de-cabina-de-pintura-de-3-ejes\/\">Elevador de cabina de pintura de 3 ejes<\/a><\/p><p><a href=\"https:\/\/www.paintbooth.com\/es\/elevadores-de-personas\/elevador-de-mastil-de-4-ejes\/\">Elevador de m\u00e1stil de 4 ejes<\/a><\/p><p><a href=\"https:\/\/www.paintbooth.com\/es\/elevadores-de-personas\/plataforma-elevadora-para-cabina-de-pintura-aeroespacial\/\" aria-current=\"page\">Elevador para cabina de pintura aeroespacial<\/a><\/p><p><a href=\"https:\/\/www.paintbooth.com\/es\/elevadores-de-personas\/elevador-neumatico-autopropulsado\/\">Elevador neum\u00e1tico autopropulsado Boost<\/a><\/p><p><a href=\"https:\/\/www.paintbooth.com\/es\/elevadores-de-personas\/elevador-de-mastil-de-alcance-extendido\/\">Elevador de m\u00e1stil de alcance extendido<\/a><\/p><p><a href=\"https:\/\/www.paintbooth.com\/es\/elevadores-de-personas\/elevadores-de-mastil-de-altura-vertical-extendida\/\">Elevadores de m\u00e1stil de altura vertical extendida<\/a><\/p><p><a href=\"https:\/\/www.paintbooth.com\/es\/elevadores-de-personas\/elevador-de-pintura-con-alto-contenido-en-solidos\/\">Eliminaci\u00f3n de pintura con alto contenido en s\u00f3lidos<\/a><\/p><p><a href=\"https:\/\/www.paintbooth.com\/es\/elevadores-de-personas\/plataforma-de-trabajo-horizontal-montada-en-la-pared\/\">Plataforma de trabajo horizontal \u2013 Montaje en pared<\/a><\/p><p><a href=\"https:\/\/www.paintbooth.com\/es\/elevadores-de-personas\/plataforma-aerea-guiada-por-rieles\/\">Plataforma a\u00e9rea guiada por rieles<\/a><\/p><p><a href=\"https:\/\/www.paintbooth.com\/es\/elevadores-de-personas\/elevador-de-cabina-de-pintura-en-polvo-de-un-solo-eje\/\">Elevador de cabina de pintura\/polvo de un solo eje<\/a><\/p><p><a href=\"https:\/\/www.paintbooth.com\/es\/elevadores-de-personas\/pasarela-ajustable-verticalmente\/\">Pasarela ajustable verticalmente<\/a><\/p>\t\t\t\t\t\t\t\t<\/div>\n\t\t\t\t<\/div>\n\t\t\t\t<\/div>\n\t\t\t\t<\/div>\n\t\t\t\t\t<\/div>\n\t\t\t\t<\/div>\n\t\t\t\t<\/div>","protected":false},"excerpt":{"rendered":"<p>Extended Reach Mast Lift Multi-Axis Personnel Lift with Extended Horizontal Reach Modeled off the same operational Features as our standard blast (BL) and paint lifts (LP2) Extended LP2 Paint Lift:\u00a0 14 ft. from booth wall to front of platform Extended BL Blast Lift: 13 ft. from booth wall to front of platform Incorporates a double [&hellip;]<\/p>","protected":false},"author":4,"featured_media":0,"parent":84,"menu_order":0,"comment_status":"closed","ping_status":"closed","template":"elementor_header_footer","meta":{"footnotes":""},"class_list":["post-4424","page","type-page","status-publish","hentry"],"yoast_head":"<!-- This site is optimized with the Yoast SEO plugin v26.9 - https:\/\/yoast.com\/product\/yoast-seo-wordpress\/ -->\n<title>Extended Reach Mast Lift | Paint Booth<\/title>\n<meta name=\"description\" content=\"Explore extended reach mast lift from Paint Booth. Review system details, application fit, and request a quote for a solution built around your workflow.\" \/>\n<meta name=\"robots\" content=\"index, follow, max-snippet:-1, max-image-preview:large, max-video-preview:-1\" \/>\n<link rel=\"canonical\" href=\"https:\/\/www.paintbooth.com\/es\/elevadores-de-personas\/elevador-de-mastil-de-alcance-extendido\/\" \/>\n<meta property=\"og:locale\" content=\"es_MX\" \/>\n<meta property=\"og:type\" content=\"article\" \/>\n<meta property=\"og:title\" content=\"Extended Reach Mast Lift | Paint Booth\" \/>\n<meta property=\"og:description\" content=\"Explore extended reach mast lift from Paint Booth. Review system details, application fit, and request a quote for a solution built around your workflow.\" \/>\n<meta property=\"og:url\" content=\"https:\/\/www.paintbooth.com\/es\/elevadores-de-personas\/elevador-de-mastil-de-alcance-extendido\/\" \/>\n<meta property=\"og:site_name\" content=\"Paintbooth.com\" \/>\n<meta property=\"article:publisher\" content=\"https:\/\/www.facebook.com\/paintspraybooths\/\" \/>\n<meta property=\"article:modified_time\" content=\"2026-03-24T10:43:04+00:00\" \/>\n<meta property=\"og:image\" content=\"https:\/\/www.paintbooth.com\/wp-content\/uploads\/2024\/05\/extended_reach_mast_lift_1-min.jpg\" \/>\n<meta name=\"twitter:card\" content=\"summary_large_image\" \/>\n<meta name=\"twitter:site\" content=\"@PaintBooth\" \/>\n<meta name=\"twitter:label1\" content=\"Tiempo de lectura\" \/>\n\t<meta name=\"twitter:data1\" content=\"2 minutos\" \/>\n<script type=\"application\/ld+json\" class=\"yoast-schema-graph\">{\"@context\":\"https:\/\/schema.org\",\"@graph\":[{\"@type\":\"WebPage\",\"@id\":\"https:\/\/www.paintbooth.com\/man-lifts\/extended-reach-mast-lift\/\",\"url\":\"https:\/\/www.paintbooth.com\/man-lifts\/extended-reach-mast-lift\/\",\"name\":\"Extended Reach Mast Lift | Paint Booth\",\"isPartOf\":{\"@id\":\"https:\/\/www.paintbooth.com\/#website\"},\"primaryImageOfPage\":{\"@id\":\"https:\/\/www.paintbooth.com\/man-lifts\/extended-reach-mast-lift\/#primaryimage\"},\"image\":{\"@id\":\"https:\/\/www.paintbooth.com\/man-lifts\/extended-reach-mast-lift\/#primaryimage\"},\"thumbnailUrl\":\"https:\/\/www.paintbooth.com\/wp-content\/uploads\/2024\/05\/extended_reach_mast_lift_1-min.jpg\",\"datePublished\":\"2023-05-01T09:47:56+00:00\",\"dateModified\":\"2026-03-24T10:43:04+00:00\",\"description\":\"Explore extended reach mast lift from Paint Booth. Review system details, application fit, and request a quote for a solution built around your workflow.\",\"breadcrumb\":{\"@id\":\"https:\/\/www.paintbooth.com\/man-lifts\/extended-reach-mast-lift\/#breadcrumb\"},\"inLanguage\":\"es\",\"potentialAction\":[{\"@type\":\"ReadAction\",\"target\":[\"https:\/\/www.paintbooth.com\/man-lifts\/extended-reach-mast-lift\/\"]}]},{\"@type\":\"ImageObject\",\"inLanguage\":\"es\",\"@id\":\"https:\/\/www.paintbooth.com\/man-lifts\/extended-reach-mast-lift\/#primaryimage\",\"url\":\"https:\/\/www.paintbooth.com\/wp-content\/uploads\/2024\/05\/extended_reach_mast_lift_1-min.jpg\",\"contentUrl\":\"https:\/\/www.paintbooth.com\/wp-content\/uploads\/2024\/05\/extended_reach_mast_lift_1-min.jpg\"},{\"@type\":\"BreadcrumbList\",\"@id\":\"https:\/\/www.paintbooth.com\/man-lifts\/extended-reach-mast-lift\/#breadcrumb\",\"itemListElement\":[{\"@type\":\"ListItem\",\"position\":1,\"name\":\"Home\",\"item\":\"https:\/\/www.paintbooth.com\/\"},{\"@type\":\"ListItem\",\"position\":2,\"name\":\"Man Lifts\",\"item\":\"https:\/\/www.paintbooth.com\/man-lifts\/\"},{\"@type\":\"ListItem\",\"position\":3,\"name\":\"Extended Reach Mast Lift\"}]},{\"@type\":\"WebSite\",\"@id\":\"https:\/\/www.paintbooth.com\/#website\",\"url\":\"https:\/\/www.paintbooth.com\/\",\"name\":\"Paintbooth.com\",\"description\":\"Affordable Quality Paint Booths-Finishing Equipment\",\"potentialAction\":[{\"@type\":\"SearchAction\",\"target\":{\"@type\":\"EntryPoint\",\"urlTemplate\":\"https:\/\/www.paintbooth.com\/?s={search_term_string}\"},\"query-input\":{\"@type\":\"PropertyValueSpecification\",\"valueRequired\":true,\"valueName\":\"search_term_string\"}}],\"inLanguage\":\"es\"}]}<\/script>\n<!-- \/ Yoast SEO plugin. -->","yoast_head_json":{"title":"Elevador de m\u00e1stil de alcance extendido | Cabina de pintura","description":"Explore la plataforma elevadora de alcance extendido de Paint Booth. Revise los detalles del sistema, la idoneidad de la aplicaci\u00f3n y solicite un presupuesto para una soluci\u00f3n adaptada a su flujo de trabajo.","robots":{"index":"index","follow":"follow","max-snippet":"max-snippet:-1","max-image-preview":"max-image-preview:large","max-video-preview":"max-video-preview:-1"},"canonical":"https:\/\/www.paintbooth.com\/es\/elevadores-de-personas\/elevador-de-mastil-de-alcance-extendido\/","og_locale":"es_MX","og_type":"article","og_title":"Extended Reach Mast Lift | Paint Booth","og_description":"Explore extended reach mast lift from Paint Booth. Review system details, application fit, and request a quote for a solution built around your workflow.","og_url":"https:\/\/www.paintbooth.com\/es\/elevadores-de-personas\/elevador-de-mastil-de-alcance-extendido\/","og_site_name":"Paintbooth.com","article_publisher":"https:\/\/www.facebook.com\/paintspraybooths\/","article_modified_time":"2026-03-24T10:43:04+00:00","og_image":[{"url":"https:\/\/www.paintbooth.com\/wp-content\/uploads\/2024\/05\/extended_reach_mast_lift_1-min.jpg","type":"","width":"","height":""}],"twitter_card":"summary_large_image","twitter_site":"@PaintBooth","twitter_misc":{"Tiempo de lectura":"2 minutos"},"schema":{"@context":"https:\/\/schema.org","@graph":[{"@type":"WebPage","@id":"https:\/\/www.paintbooth.com\/man-lifts\/extended-reach-mast-lift\/","url":"https:\/\/www.paintbooth.com\/man-lifts\/extended-reach-mast-lift\/","name":"Elevador de m\u00e1stil de alcance extendido | Cabina de pintura","isPartOf":{"@id":"https:\/\/www.paintbooth.com\/#website"},"primaryImageOfPage":{"@id":"https:\/\/www.paintbooth.com\/man-lifts\/extended-reach-mast-lift\/#primaryimage"},"image":{"@id":"https:\/\/www.paintbooth.com\/man-lifts\/extended-reach-mast-lift\/#primaryimage"},"thumbnailUrl":"https:\/\/www.paintbooth.com\/wp-content\/uploads\/2024\/05\/extended_reach_mast_lift_1-min.jpg","datePublished":"2023-05-01T09:47:56+00:00","dateModified":"2026-03-24T10:43:04+00:00","description":"Explore la plataforma elevadora de alcance extendido de Paint Booth. Revise los detalles del sistema, la idoneidad de la aplicaci\u00f3n y solicite un presupuesto para una soluci\u00f3n adaptada a su flujo de trabajo.","breadcrumb":{"@id":"https:\/\/www.paintbooth.com\/man-lifts\/extended-reach-mast-lift\/#breadcrumb"},"inLanguage":"es","potentialAction":[{"@type":"ReadAction","target":["https:\/\/www.paintbooth.com\/man-lifts\/extended-reach-mast-lift\/"]}]},{"@type":"ImageObject","inLanguage":"es","@id":"https:\/\/www.paintbooth.com\/man-lifts\/extended-reach-mast-lift\/#primaryimage","url":"https:\/\/www.paintbooth.com\/wp-content\/uploads\/2024\/05\/extended_reach_mast_lift_1-min.jpg","contentUrl":"https:\/\/www.paintbooth.com\/wp-content\/uploads\/2024\/05\/extended_reach_mast_lift_1-min.jpg"},{"@type":"BreadcrumbList","@id":"https:\/\/www.paintbooth.com\/man-lifts\/extended-reach-mast-lift\/#breadcrumb","itemListElement":[{"@type":"ListItem","position":1,"name":"Home","item":"https:\/\/www.paintbooth.com\/"},{"@type":"ListItem","position":2,"name":"Man Lifts","item":"https:\/\/www.paintbooth.com\/man-lifts\/"},{"@type":"ListItem","position":3,"name":"Extended Reach Mast Lift"}]},{"@type":"WebSite","@id":"https:\/\/www.paintbooth.com\/#website","url":"https:\/\/www.paintbooth.com\/","name":"Paintbooth.com","description":"Cabinas de pintura de calidad asequibles: equipos de acabado","potentialAction":[{"@type":"SearchAction","target":{"@type":"EntryPoint","urlTemplate":"https:\/\/www.paintbooth.com\/?s={search_term_string}"},"query-input":{"@type":"PropertyValueSpecification","valueRequired":true,"valueName":"search_term_string"}}],"inLanguage":"es"}]}},"_links":{"self":[{"href":"https:\/\/www.paintbooth.com\/es\/wp-json\/wp\/v2\/pages\/4424","targetHints":{"allow":["GET"]}}],"collection":[{"href":"https:\/\/www.paintbooth.com\/es\/wp-json\/wp\/v2\/pages"}],"about":[{"href":"https:\/\/www.paintbooth.com\/es\/wp-json\/wp\/v2\/types\/page"}],"author":[{"embeddable":true,"href":"https:\/\/www.paintbooth.com\/es\/wp-json\/wp\/v2\/users\/4"}],"replies":[{"embeddable":true,"href":"https:\/\/www.paintbooth.com\/es\/wp-json\/wp\/v2\/comments?post=4424"}],"version-history":[{"count":20,"href":"https:\/\/www.paintbooth.com\/es\/wp-json\/wp\/v2\/pages\/4424\/revisions"}],"predecessor-version":[{"id":9719,"href":"https:\/\/www.paintbooth.com\/es\/wp-json\/wp\/v2\/pages\/4424\/revisions\/9719"}],"up":[{"embeddable":true,"href":"https:\/\/www.paintbooth.com\/es\/wp-json\/wp\/v2\/pages\/84"}],"wp:attachment":[{"href":"https:\/\/www.paintbooth.com\/es\/wp-json\/wp\/v2\/media?parent=4424"}],"curies":[{"name":"wp","href":"https:\/\/api.w.org\/{rel}","templated":true}]}}