{"id":4436,"date":"2023-05-01T06:01:43","date_gmt":"2023-05-01T10:01:43","guid":{"rendered":"https:\/\/www.paintbooth.com\/?page_id=4436"},"modified":"2026-03-24T06:43:02","modified_gmt":"2026-03-24T10:43:02","slug":"elevadores-de-mastil-de-altura-vertical-extendida","status":"publish","type":"page","link":"https:\/\/www.paintbooth.com\/es\/elevadores-de-personas\/elevadores-de-mastil-de-altura-vertical-extendida\/","title":{"rendered":"Elevadores de m\u00e1stil de altura vertical extendida"},"content":{"rendered":"<div data-elementor-type=\"wp-page\" data-elementor-id=\"4436\" class=\"elementor elementor-4436\" data-elementor-post-type=\"page\">\n\t\t\t\t<div class=\"elementor-element elementor-element-8425612 e-flex e-con-boxed e-con e-parent\" data-id=\"8425612\" data-element_type=\"container\" data-settings=\"{&quot;background_background&quot;:&quot;classic&quot;}\">\n\t\t\t\t\t<div class=\"e-con-inner\">\n\t\t\t\t<div class=\"elementor-element elementor-element-1e0fe3b elementor-invisible elementor-widget elementor-widget-heading\" data-id=\"1e0fe3b\" data-element_type=\"widget\" data-settings=\"{&quot;_animation&quot;:&quot;fadeInUp&quot;}\" data-widget_type=\"heading.default\">\n\t\t\t\t<div class=\"elementor-widget-container\">\n\t\t\t\t\t<h1 class=\"elementor-heading-title elementor-size-default\">Elevadores de m\u00e1stil de altura vertical extendida<\/h1>\t\t\t\t<\/div>\n\t\t\t\t<\/div>\n\t\t\t\t\t<\/div>\n\t\t\t\t<\/div>\n\t\t<div class=\"elementor-element elementor-element-147ea76 e-flex e-con-boxed e-con e-parent\" data-id=\"147ea76\" data-element_type=\"container\" data-settings=\"{&quot;background_background&quot;:&quot;classic&quot;}\">\n\t\t\t\t\t<div class=\"e-con-inner\">\n\t\t<div class=\"elementor-element elementor-element-637ac8c e-con-full e-flex e-con e-child\" data-id=\"637ac8c\" data-element_type=\"container\">\n\t\t<div class=\"elementor-element elementor-element-48389a7 e-con-full e-flex e-con e-child\" data-id=\"48389a7\" data-element_type=\"container\">\n\t\t\t\t<div class=\"elementor-element elementor-element-69081e8 elementor-widget__width-initial elementor-invisible elementor-widget elementor-widget-text-editor\" data-id=\"69081e8\" data-element_type=\"widget\" data-settings=\"{&quot;_animation&quot;:&quot;fadeInUp&quot;,&quot;_animation_delay&quot;:200}\" data-widget_type=\"text-editor.default\">\n\t\t\t\t<div class=\"elementor-widget-container\">\n\t\t\t\t\t\t\t\t\t<p><span style=\"color: #000000;\"><strong>Elevadores de m\u00e1stil con recorrido vertical ampliado<\/strong><\/span><\/p><ul class=\"list technical-details\"><li>Las plataformas elevadoras verticales alcanzan alturas de hasta 12 metros.<\/li><li>La altura de las plataformas elevadoras puede alcanzar los 14,6 metros.\u2019<\/li><li>Elevadores de 1, 2 o 3 ejes, dependiendo del proceso y la estructura.<\/li><li>Los elevadores pueden utilizar unidades de energ\u00eda neum\u00e1tica o el\u00e9ctrica\/hidr\u00e1ulica.<\/li><li>Podemos dise\u00f1ar plataformas a la medida para adaptarlas a aplicaciones espec\u00edficas.<\/li><li>Se pueden instalar servicios p\u00fablicos en la plataforma: electricidad, aire, comunicaciones e iluminaci\u00f3n.<\/li><li>Utilice tapetes de contacto para un funcionamiento m\u00e1s seguro.<\/li><\/ul>\t\t\t\t\t\t\t\t<\/div>\n\t\t\t\t<\/div>\n\t\t\t\t<div class=\"elementor-element elementor-element-159ddd6 elementor-widget elementor-widget-accordion\" data-id=\"159ddd6\" data-element_type=\"widget\" data-widget_type=\"accordion.default\">\n\t\t\t\t<div class=\"elementor-widget-container\">\n\t\t\t\t\t\t\t<div class=\"elementor-accordion\">\n\t\t\t\t\t\t\t<div class=\"elementor-accordion-item\">\n\t\t\t\t\t<h2 id=\"elementor-tab-title-2261\" class=\"elementor-tab-title\" data-tab=\"1\" role=\"button\" aria-controls=\"elementor-tab-content-2261\" aria-expanded=\"false\">\n\t\t\t\t\t\t\t\t\t\t\t\t\t<span class=\"elementor-accordion-icon elementor-accordion-icon-right\" aria-hidden=\"true\">\n\t\t\t\t\t\t\t\t\t\t\t\t\t\t\t<span class=\"elementor-accordion-icon-closed\"><svg class=\"e-font-icon-svg e-fas-plus\" viewbox=\"0 0 448 512\" xmlns=\"http:\/\/www.w3.org\/2000\/svg\"><path d=\"M416 208H272V64c0-17.67-14.33-32-32-32h-32c-17.67 0-32 14.33-32 32v144H32c-17.67 0-32 14.33-32 32v32c0 17.67 14.33 32 32 32h144v144c0 17.67 14.33 32 32 32h32c17.67 0 32-14.33 32-32V304h144c17.67 0 32-14.33 32-32v-32c0-17.67-14.33-32-32-32z\"><\/path><\/svg><\/span>\n\t\t\t\t\t\t\t\t<span class=\"elementor-accordion-icon-opened\"><svg class=\"e-font-icon-svg e-fas-minus\" viewbox=\"0 0 448 512\" xmlns=\"http:\/\/www.w3.org\/2000\/svg\"><path d=\"M416 208H32c-17.67 0-32 14.33-32 32v32c0 17.67 14.33 32 32 32h384c17.67 0 32-14.33 32-32v-32c0-17.67-14.33-32-32-32z\"><\/path><\/svg><\/span>\n\t\t\t\t\t\t\t\t\t\t\t\t\t\t<\/span>\n\t\t\t\t\t\t\t\t\t\t\t\t<a class=\"elementor-accordion-title\" tabindex=\"0\">Solicitudes<\/a>\n\t\t\t\t\t<\/h2>\n\t\t\t\t\t<div id=\"elementor-tab-content-2261\" class=\"elementor-tab-content elementor-clearfix\" data-tab=\"1\" role=\"region\" aria-labelledby=\"elementor-tab-title-2261\"><ul class=\"list application-list\"><li>Prevenci\u00f3n de ca\u00eddas \/ Seguridad<\/li><li>Posicionamiento ergon\u00f3mico<\/li><li>Mantenimiento<\/li><li>Sala limpia<\/li><li>Preparaci\u00f3n de la pintura \/ Lijado \/ Enmascaramiento<\/li><li>Medios de chorro \/ Cabinas de chorro<\/li><\/ul><\/div>\n\t\t\t\t<\/div>\n\t\t\t\t\t\t\t\t<\/div>\n\t\t\t\t\t\t<\/div>\n\t\t\t\t<\/div>\n\t\t\t\t<\/div>\n\t\t<div class=\"elementor-element elementor-element-08375e5 e-con-full e-flex e-con e-child\" data-id=\"08375e5\" data-element_type=\"container\">\n\t\t\t\t<div class=\"elementor-element elementor-element-116b1ae elementor-pagination-position-outside elementor-widget elementor-widget-image-carousel\" data-id=\"116b1ae\" data-element_type=\"widget\" data-settings=\"{&quot;slides_to_show&quot;:&quot;1&quot;,&quot;navigation&quot;:&quot;dots&quot;,&quot;autoplay&quot;:&quot;yes&quot;,&quot;pause_on_hover&quot;:&quot;yes&quot;,&quot;pause_on_interaction&quot;:&quot;yes&quot;,&quot;autoplay_speed&quot;:5000,&quot;infinite&quot;:&quot;yes&quot;,&quot;effect&quot;:&quot;slide&quot;,&quot;speed&quot;:500}\" data-widget_type=\"image-carousel.default\">\n\t\t\t\t<div class=\"elementor-widget-container\">\n\t\t\t\t\t\t\t<div class=\"elementor-image-carousel-wrapper swiper\" role=\"region\" aria-roledescription=\"carousel\" aria-label=\"Carrusel de im\u00e1genes\" dir=\"ltr\">\n\t\t\t<div class=\"elementor-image-carousel swiper-wrapper\" aria-live=\"off\">\n\t\t\t\t\t\t\t\t<div class=\"swiper-slide\" role=\"group\" aria-roledescription=\"slide\" aria-label=\"1 de 2\"><figure class=\"swiper-slide-inner\"><img decoding=\"async\" class=\"swiper-slide-image\" src=\"https:\/\/www.paintbooth.com\/wp-content\/uploads\/2024\/05\/extended_vertical_height_mast_lifts_1-e1715859030405.jpg\" alt=\"Elevador industrial de tijera dentro de una gran cabina de pintura.\" \/><\/figure><\/div><div class=\"swiper-slide\" role=\"group\" aria-roledescription=\"slide\" aria-label=\"2 de 2\"><figure class=\"swiper-slide-inner\"><img decoding=\"async\" class=\"swiper-slide-image\" src=\"https:\/\/www.paintbooth.com\/wp-content\/uploads\/2024\/05\/extended_vertical_height_mast_lifts_2-e1715859052929.jpg\" alt=\"Dentro de una gran cabina de pintura industrial con trabajadores en elevadores.\" \/><\/figure><\/div>\t\t\t<\/div>\n\t\t\t\t\t\t\t\n\t\t\t\t\t\t\t\t\t<div class=\"swiper-pagination\"><\/div>\n\t\t\t\t\t\t\t\t\t<\/div>\n\t\t\t\t\t\t<\/div>\n\t\t\t\t<\/div>\n\t\t\t\t<\/div>\n\t\t\t\t<\/div>\n\t\t\t\t\t<\/div>\n\t\t\t\t<\/div>\n\t\t<div class=\"elementor-element elementor-element-fe8a0a5 e-flex e-con-boxed e-con e-parent\" data-id=\"fe8a0a5\" data-element_type=\"container\" data-settings=\"{&quot;background_background&quot;:&quot;classic&quot;}\">\n\t\t\t\t\t<div class=\"e-con-inner\">\n\t\t<div class=\"elementor-element elementor-element-f35cfec e-con-full e-flex e-con e-child\" data-id=\"f35cfec\" data-element_type=\"container\">\n\t\t<div class=\"elementor-element elementor-element-79a1377 e-con-full e-flex e-con e-child\" data-id=\"79a1377\" data-element_type=\"container\">\n\t\t\t\t<div class=\"elementor-element elementor-element-65fd89d elementor-invisible elementor-widget elementor-widget-heading\" data-id=\"65fd89d\" data-element_type=\"widget\" data-settings=\"{&quot;_animation&quot;:&quot;fadeInUp&quot;}\" data-widget_type=\"heading.default\">\n\t\t\t\t<div class=\"elementor-widget-container\">\n\t\t\t\t\t<h2 class=\"elementor-heading-title elementor-size-default\">Elevadores de personas<\/h2>\t\t\t\t<\/div>\n\t\t\t\t<\/div>\n\t\t\t\t<div class=\"elementor-element elementor-element-b5798d5 disflex elementor-invisible elementor-widget elementor-widget-text-editor\" data-id=\"b5798d5\" data-element_type=\"widget\" data-settings=\"{&quot;_animation&quot;:&quot;fadeInUp&quot;,&quot;_animation_delay&quot;:200}\" data-widget_type=\"text-editor.default\">\n\t\t\t\t<div class=\"elementor-widget-container\">\n\t\t\t\t\t\t\t\t\t<p><a href=\"https:\/\/www.paintbooth.com\/es\/elevadores-de-personas\/\">Elevadores de personas<\/a><\/p><p><a href=\"https:\/\/www.paintbooth.com\/es\/elevadores-de-personas\/elevador-de-mastil-de-2-ejes\/\">Elevador de m\u00e1stil de 2 ejes<\/a><\/p><p><a href=\"https:\/\/www.paintbooth.com\/es\/elevadores-de-personas\/elevador-de-cabina-de-pintura-de-3-ejes\/\">Elevador de cabina de pintura de 3 ejes<\/a><\/p><p><a href=\"https:\/\/www.paintbooth.com\/es\/elevadores-de-personas\/elevador-de-mastil-de-4-ejes\/\">Elevador de m\u00e1stil de 4 ejes<\/a><\/p><p><a href=\"https:\/\/www.paintbooth.com\/es\/elevadores-de-personas\/plataforma-elevadora-para-cabina-de-pintura-aeroespacial\/\" aria-current=\"page\">Elevador para cabina de pintura aeroespacial<\/a><\/p><p><a href=\"https:\/\/www.paintbooth.com\/es\/elevadores-de-personas\/elevador-neumatico-autopropulsado\/\">Elevador neum\u00e1tico autopropulsado Boost<\/a><\/p><p><a href=\"https:\/\/www.paintbooth.com\/es\/elevadores-de-personas\/elevador-de-mastil-de-alcance-extendido\/\">Elevador de m\u00e1stil de alcance extendido<\/a><\/p><p><a href=\"https:\/\/www.paintbooth.com\/es\/elevadores-de-personas\/elevadores-de-mastil-de-altura-vertical-extendida\/\">Elevadores de m\u00e1stil de altura vertical extendida<\/a><\/p><p><a href=\"https:\/\/www.paintbooth.com\/es\/elevadores-de-personas\/elevador-de-pintura-con-alto-contenido-en-solidos\/\">Eliminaci\u00f3n de pintura con alto contenido en s\u00f3lidos<\/a><\/p><p><a href=\"https:\/\/www.paintbooth.com\/es\/elevadores-de-personas\/plataforma-de-trabajo-horizontal-montada-en-la-pared\/\">Plataforma de trabajo horizontal \u2013 Montaje en pared<\/a><\/p><p><a href=\"https:\/\/www.paintbooth.com\/es\/elevadores-de-personas\/plataforma-aerea-guiada-por-rieles\/\">Plataforma a\u00e9rea guiada por rieles<\/a><\/p><p><a href=\"https:\/\/www.paintbooth.com\/es\/elevadores-de-personas\/elevador-de-cabina-de-pintura-en-polvo-de-un-solo-eje\/\">Elevador de cabina de pintura\/polvo de un solo eje<\/a><\/p><p><a href=\"https:\/\/www.paintbooth.com\/es\/elevadores-de-personas\/pasarela-ajustable-verticalmente\/\">Pasarela ajustable verticalmente<\/a><\/p>\t\t\t\t\t\t\t\t<\/div>\n\t\t\t\t<\/div>\n\t\t\t\t<\/div>\n\t\t\t\t<\/div>\n\t\t\t\t\t<\/div>\n\t\t\t\t<\/div>\n\t\t\t\t<\/div>","protected":false},"excerpt":{"rendered":"<p>Extended Vertical Height Mast Lifts Mast Lifts with extended vertical travel Vertical Mast Lifts Reach Heights of up to 40 ft. Raise platforms heights can go up to 48\u2019 1, 2, or 3-Axis Lifts depending on the process and structure Lifts can utilize Pneumatic or electric\/ hydraulic power units We can Custom design the platforms [&hellip;]<\/p>","protected":false},"author":4,"featured_media":0,"parent":84,"menu_order":0,"comment_status":"closed","ping_status":"closed","template":"elementor_header_footer","meta":{"footnotes":""},"class_list":["post-4436","page","type-page","status-publish","hentry"],"yoast_head":"<!-- This site is optimized with the Yoast SEO plugin v26.9 - https:\/\/yoast.com\/product\/yoast-seo-wordpress\/ -->\n<title>Extended Vertical Height Mast Lifts | Paint Booth<\/title>\n<meta name=\"description\" content=\"Explore extended vertical height mast lifts from Paint Booth. Review system details, application fit, and request a quote for a solution built around your workflow.\" \/>\n<meta name=\"robots\" content=\"index, follow, max-snippet:-1, max-image-preview:large, max-video-preview:-1\" \/>\n<link rel=\"canonical\" href=\"https:\/\/www.paintbooth.com\/es\/elevadores-de-personas\/elevadores-de-mastil-de-altura-vertical-extendida\/\" \/>\n<meta property=\"og:locale\" content=\"es_MX\" \/>\n<meta property=\"og:type\" content=\"article\" \/>\n<meta property=\"og:title\" content=\"Extended Vertical Height Mast Lifts | Paint Booth\" \/>\n<meta property=\"og:description\" content=\"Explore extended vertical height mast lifts from Paint Booth. Review system details, application fit, and request a quote for a solution built around your workflow.\" \/>\n<meta property=\"og:url\" content=\"https:\/\/www.paintbooth.com\/es\/elevadores-de-personas\/elevadores-de-mastil-de-altura-vertical-extendida\/\" \/>\n<meta property=\"og:site_name\" content=\"Paintbooth.com\" \/>\n<meta property=\"article:publisher\" content=\"https:\/\/www.facebook.com\/paintspraybooths\/\" \/>\n<meta property=\"article:modified_time\" content=\"2026-03-24T10:43:02+00:00\" \/>\n<meta property=\"og:image\" content=\"https:\/\/www.paintbooth.com\/wp-content\/uploads\/2024\/05\/extended_vertical_height_mast_lifts_1-e1715859030405.jpg\" \/>\n<meta name=\"twitter:card\" content=\"summary_large_image\" \/>\n<meta name=\"twitter:site\" content=\"@PaintBooth\" \/>\n<meta name=\"twitter:label1\" content=\"Tiempo de lectura\" \/>\n\t<meta name=\"twitter:data1\" content=\"2 minutos\" \/>\n<script type=\"application\/ld+json\" class=\"yoast-schema-graph\">{\"@context\":\"https:\/\/schema.org\",\"@graph\":[{\"@type\":\"WebPage\",\"@id\":\"https:\/\/www.paintbooth.com\/man-lifts\/extended-vertical-height-mast-lifts\/\",\"url\":\"https:\/\/www.paintbooth.com\/man-lifts\/extended-vertical-height-mast-lifts\/\",\"name\":\"Extended Vertical Height Mast Lifts | Paint Booth\",\"isPartOf\":{\"@id\":\"https:\/\/www.paintbooth.com\/#website\"},\"primaryImageOfPage\":{\"@id\":\"https:\/\/www.paintbooth.com\/man-lifts\/extended-vertical-height-mast-lifts\/#primaryimage\"},\"image\":{\"@id\":\"https:\/\/www.paintbooth.com\/man-lifts\/extended-vertical-height-mast-lifts\/#primaryimage\"},\"thumbnailUrl\":\"https:\/\/www.paintbooth.com\/wp-content\/uploads\/2024\/05\/extended_vertical_height_mast_lifts_1-e1715859030405.jpg\",\"datePublished\":\"2023-05-01T10:01:43+00:00\",\"dateModified\":\"2026-03-24T10:43:02+00:00\",\"description\":\"Explore extended vertical height mast lifts from Paint Booth. Review system details, application fit, and request a quote for a solution built around your workflow.\",\"breadcrumb\":{\"@id\":\"https:\/\/www.paintbooth.com\/man-lifts\/extended-vertical-height-mast-lifts\/#breadcrumb\"},\"inLanguage\":\"es\",\"potentialAction\":[{\"@type\":\"ReadAction\",\"target\":[\"https:\/\/www.paintbooth.com\/man-lifts\/extended-vertical-height-mast-lifts\/\"]}]},{\"@type\":\"ImageObject\",\"inLanguage\":\"es\",\"@id\":\"https:\/\/www.paintbooth.com\/man-lifts\/extended-vertical-height-mast-lifts\/#primaryimage\",\"url\":\"https:\/\/www.paintbooth.com\/wp-content\/uploads\/2024\/05\/extended_vertical_height_mast_lifts_1-e1715859030405.jpg\",\"contentUrl\":\"https:\/\/www.paintbooth.com\/wp-content\/uploads\/2024\/05\/extended_vertical_height_mast_lifts_1-e1715859030405.jpg\"},{\"@type\":\"BreadcrumbList\",\"@id\":\"https:\/\/www.paintbooth.com\/man-lifts\/extended-vertical-height-mast-lifts\/#breadcrumb\",\"itemListElement\":[{\"@type\":\"ListItem\",\"position\":1,\"name\":\"Home\",\"item\":\"https:\/\/www.paintbooth.com\/\"},{\"@type\":\"ListItem\",\"position\":2,\"name\":\"Man Lifts\",\"item\":\"https:\/\/www.paintbooth.com\/man-lifts\/\"},{\"@type\":\"ListItem\",\"position\":3,\"name\":\"Extended Vertical Height Mast Lifts\"}]},{\"@type\":\"WebSite\",\"@id\":\"https:\/\/www.paintbooth.com\/#website\",\"url\":\"https:\/\/www.paintbooth.com\/\",\"name\":\"Paintbooth.com\",\"description\":\"Affordable Quality Paint Booths-Finishing Equipment\",\"potentialAction\":[{\"@type\":\"SearchAction\",\"target\":{\"@type\":\"EntryPoint\",\"urlTemplate\":\"https:\/\/www.paintbooth.com\/?s={search_term_string}\"},\"query-input\":{\"@type\":\"PropertyValueSpecification\",\"valueRequired\":true,\"valueName\":\"search_term_string\"}}],\"inLanguage\":\"es\"}]}<\/script>\n<!-- \/ Yoast SEO plugin. -->","yoast_head_json":{"title":"Elevadores de m\u00e1stil de altura vertical extendida | Cabina de pintura","description":"Explore los elevadores de m\u00e1stil de altura vertical extendida de Paint Booth. Revise los detalles del sistema, la idoneidad de la aplicaci\u00f3n y solicite un presupuesto para una soluci\u00f3n adaptada a su flujo de trabajo.","robots":{"index":"index","follow":"follow","max-snippet":"max-snippet:-1","max-image-preview":"max-image-preview:large","max-video-preview":"max-video-preview:-1"},"canonical":"https:\/\/www.paintbooth.com\/es\/elevadores-de-personas\/elevadores-de-mastil-de-altura-vertical-extendida\/","og_locale":"es_MX","og_type":"article","og_title":"Extended Vertical Height Mast Lifts | Paint Booth","og_description":"Explore extended vertical height mast lifts from Paint Booth. Review system details, application fit, and request a quote for a solution built around your workflow.","og_url":"https:\/\/www.paintbooth.com\/es\/elevadores-de-personas\/elevadores-de-mastil-de-altura-vertical-extendida\/","og_site_name":"Paintbooth.com","article_publisher":"https:\/\/www.facebook.com\/paintspraybooths\/","article_modified_time":"2026-03-24T10:43:02+00:00","og_image":[{"url":"https:\/\/www.paintbooth.com\/wp-content\/uploads\/2024\/05\/extended_vertical_height_mast_lifts_1-e1715859030405.jpg","type":"","width":"","height":""}],"twitter_card":"summary_large_image","twitter_site":"@PaintBooth","twitter_misc":{"Tiempo de lectura":"2 minutos"},"schema":{"@context":"https:\/\/schema.org","@graph":[{"@type":"WebPage","@id":"https:\/\/www.paintbooth.com\/man-lifts\/extended-vertical-height-mast-lifts\/","url":"https:\/\/www.paintbooth.com\/man-lifts\/extended-vertical-height-mast-lifts\/","name":"Elevadores de m\u00e1stil de altura vertical extendida | Cabina de pintura","isPartOf":{"@id":"https:\/\/www.paintbooth.com\/#website"},"primaryImageOfPage":{"@id":"https:\/\/www.paintbooth.com\/man-lifts\/extended-vertical-height-mast-lifts\/#primaryimage"},"image":{"@id":"https:\/\/www.paintbooth.com\/man-lifts\/extended-vertical-height-mast-lifts\/#primaryimage"},"thumbnailUrl":"https:\/\/www.paintbooth.com\/wp-content\/uploads\/2024\/05\/extended_vertical_height_mast_lifts_1-e1715859030405.jpg","datePublished":"2023-05-01T10:01:43+00:00","dateModified":"2026-03-24T10:43:02+00:00","description":"Explore los elevadores de m\u00e1stil de altura vertical extendida de Paint Booth. Revise los detalles del sistema, la idoneidad de la aplicaci\u00f3n y solicite un presupuesto para una soluci\u00f3n adaptada a su flujo de trabajo.","breadcrumb":{"@id":"https:\/\/www.paintbooth.com\/man-lifts\/extended-vertical-height-mast-lifts\/#breadcrumb"},"inLanguage":"es","potentialAction":[{"@type":"ReadAction","target":["https:\/\/www.paintbooth.com\/man-lifts\/extended-vertical-height-mast-lifts\/"]}]},{"@type":"ImageObject","inLanguage":"es","@id":"https:\/\/www.paintbooth.com\/man-lifts\/extended-vertical-height-mast-lifts\/#primaryimage","url":"https:\/\/www.paintbooth.com\/wp-content\/uploads\/2024\/05\/extended_vertical_height_mast_lifts_1-e1715859030405.jpg","contentUrl":"https:\/\/www.paintbooth.com\/wp-content\/uploads\/2024\/05\/extended_vertical_height_mast_lifts_1-e1715859030405.jpg"},{"@type":"BreadcrumbList","@id":"https:\/\/www.paintbooth.com\/man-lifts\/extended-vertical-height-mast-lifts\/#breadcrumb","itemListElement":[{"@type":"ListItem","position":1,"name":"Home","item":"https:\/\/www.paintbooth.com\/"},{"@type":"ListItem","position":2,"name":"Man Lifts","item":"https:\/\/www.paintbooth.com\/man-lifts\/"},{"@type":"ListItem","position":3,"name":"Extended Vertical Height Mast Lifts"}]},{"@type":"WebSite","@id":"https:\/\/www.paintbooth.com\/#website","url":"https:\/\/www.paintbooth.com\/","name":"Paintbooth.com","description":"Cabinas de pintura de calidad asequibles: equipos de acabado","potentialAction":[{"@type":"SearchAction","target":{"@type":"EntryPoint","urlTemplate":"https:\/\/www.paintbooth.com\/?s={search_term_string}"},"query-input":{"@type":"PropertyValueSpecification","valueRequired":true,"valueName":"search_term_string"}}],"inLanguage":"es"}]}},"_links":{"self":[{"href":"https:\/\/www.paintbooth.com\/es\/wp-json\/wp\/v2\/pages\/4436","targetHints":{"allow":["GET"]}}],"collection":[{"href":"https:\/\/www.paintbooth.com\/es\/wp-json\/wp\/v2\/pages"}],"about":[{"href":"https:\/\/www.paintbooth.com\/es\/wp-json\/wp\/v2\/types\/page"}],"author":[{"embeddable":true,"href":"https:\/\/www.paintbooth.com\/es\/wp-json\/wp\/v2\/users\/4"}],"replies":[{"embeddable":true,"href":"https:\/\/www.paintbooth.com\/es\/wp-json\/wp\/v2\/comments?post=4436"}],"version-history":[{"count":20,"href":"https:\/\/www.paintbooth.com\/es\/wp-json\/wp\/v2\/pages\/4436\/revisions"}],"predecessor-version":[{"id":7756,"href":"https:\/\/www.paintbooth.com\/es\/wp-json\/wp\/v2\/pages\/4436\/revisions\/7756"}],"up":[{"embeddable":true,"href":"https:\/\/www.paintbooth.com\/es\/wp-json\/wp\/v2\/pages\/84"}],"wp:attachment":[{"href":"https:\/\/www.paintbooth.com\/es\/wp-json\/wp\/v2\/media?parent=4436"}],"curies":[{"name":"wp","href":"https:\/\/api.w.org\/{rel}","templated":true}]}}